{"id":231700,"date":"2021-12-21T04:06:47","date_gmt":"2021-12-21T03:06:47","guid":{"rendered":"https:\/\/halyarduk.wpengine.com\/wie-man-bestellt\/"},"modified":"2025-11-18T09:40:19","modified_gmt":"2025-11-18T08:40:19","slug":"wie-man-bestellt","status":"publish","type":"page","link":"https:\/\/halyardhealth.eu\/de\/wie-man-bestellt\/","title":{"rendered":"Wie man bestellt"},"content":{"rendered":"<div class=\"wpb-content-wrapper\"><p>[vc_row row_type=&#8220;page-hero&#8220; row_text_color=&#8220;text-light&#8220; full_width=&#8220;stretch_row&#8220;][vc_column]<div class=''><h1 class='text-white    display-1  ' style='max-width: 100%; display:inline-block;' >Wie Sie Halyard*-Produkte bestellen k\u00f6nnen<\/h1><\/div><div class=''><h3 class='text-white      ' style='max-width: 100%; display:inline-block;' >Um Produkte im Vereinigten K\u00f6nigreich, Deutschland, Frankreich, den Niederlanden, S\u00fcdafrika und Belgien zu bestellen, wenden Sie sich bitte an unser Kundendienstteam.<\/h3><\/div>[\/vc_column][\/vc_row][vc_row][vc_column]<div class=''><h1 class='      ' style='max-width: 100%; display:inline-block;' >Kundenbetreuung<\/h1><\/div><hr class=''>[vc_column_text css=&#8220;&#8220;]<strong>Belgien<\/strong><br \/>\nTel: 0800 890 13<br \/>\nTelefax: 0800 117 33<br \/>\nE-Mail: <a href=\"kundenservice.bnl@owens-minor.com\">kundenservice.bnl@owens-minor.com<\/a><\/p>\n<p><strong>Frankreich<\/strong><br \/>\nTel: 0805 54 27 51<br \/>\nTelefax: 0805 37 36 12<br \/>\nE-Mail: <a href=\"serviceclient@owens-minor.com\">serviceclient@owens-minor.com<\/a><\/p>\n<p><strong>Luxemburg<\/strong><br \/>\nTel: 0800 852 66<br \/>\nTelefax: 0800 266 56<br \/>\nE-Mail: <a href=\"serviceclient@owens-minor.com\">serviceclient@owens-minor.com<\/a><\/p>\n<p><strong>Deutschland<\/strong><br \/>\nTel: 0800 071 35 52<br \/>\nTelefax: 0800 100 68 14<br \/>\nE-Mail: <a href=\"kundendienst@owens-minor.com\">kundendienst@owens-minor.com<\/a><\/p>\n<p><strong>Die Niederlande<\/strong><br \/>\nTel: 0800 020 17 33<br \/>\nTelefax: 0800 022 75 49<br \/>\nE-Mail: <a href=\"kundenservice.bnl@owens-minor.com\">kundenservice.bnl@owens-minor.com<\/a><\/p>\n<p><strong>Vereinigtes K\u00f6nigreich<\/strong><br \/>\nTel: 0800 085 82 04<br \/>\nTelefax: 0800 066 91 06<br \/>\nE-Mail: <a href=\"kundenservice.uk@owens-minor.com\">kundenservice.uk@owens-minor.com<\/a>[\/vc_column_text][\/vc_column][\/vc_row][vc_row][vc_column]<div class=''><h1 class='      ' style='max-width: 100%; display:inline-block;' >Andere L\u00e4nder - H\u00e4ndlernetz<\/h1><\/div><hr class=''>[vc_column_text css=&#8220;&#8220;]In den anderen europ\u00e4ischen L\u00e4ndern, dem Nahen Osten und Afrika verf\u00fcgt O&amp;M Halyard \u00fcber ein umfangreiches Vertriebsnetz.<\/p>\n<p>Tel: +32 2 585 51 14<br \/>\nFax: +32 2 897 00 95<\/p>\n<p>E-Mail: <a href=\"mailto:customerservice.export@hyh.com\">kundenservice.export@owens-minor.com<\/a>[\/vc_column_text][\/vc_column][\/vc_row]<\/p>\n<\/div>","protected":false},"excerpt":{"rendered":"<p>[vc_row row_type=&#8220;page-hero&#8220; row_text_color=&#8220;text-light&#8220; full_width=&#8220;stretch_row&#8220;][vc_column][\/vc_column][\/vc_row][vc_row][vc_column][vc_column_text css=&#8220;&#8220;]Belgien Tel: 0800 890 13 Telefax: 0800 117 33 E-Mail: [&hellip;]<\/p>\n","protected":false},"author":9,"featured_media":0,"parent":0,"menu_order":0,"comment_status":"closed","ping_status":"closed","template":"","meta":{"_acf_changed":false,"inline_featured_image":false,"footnotes":""},"class_list":["post-231700","page","type-page","status-publish","hentry"],"acf":[],"publishpress_future_action":{"enabled":false,"date":"2026-04-17 12:16:44","action":"change-status","newStatus":"draft","terms":[],"taxonomy":"translation_priority","extraData":[]},"publishpress_future_workflow_manual_trigger":{"enabledWorkflows":[]},"_links":{"self":[{"href":"https:\/\/halyardhealth.eu\/de\/wp-json\/wp\/v2\/pages\/231700","targetHints":{"allow":["GET"]}}],"collection":[{"href":"https:\/\/halyardhealth.eu\/de\/wp-json\/wp\/v2\/pages"}],"about":[{"href":"https:\/\/halyardhealth.eu\/de\/wp-json\/wp\/v2\/types\/page"}],"author":[{"embeddable":true,"href":"https:\/\/halyardhealth.eu\/de\/wp-json\/wp\/v2\/users\/9"}],"replies":[{"embeddable":true,"href":"https:\/\/halyardhealth.eu\/de\/wp-json\/wp\/v2\/comments?post=231700"}],"version-history":[{"count":0,"href":"https:\/\/halyardhealth.eu\/de\/wp-json\/wp\/v2\/pages\/231700\/revisions"}],"wp:attachment":[{"href":"https:\/\/halyardhealth.eu\/de\/wp-json\/wp\/v2\/media?parent=231700"}],"curies":[{"name":"wp","href":"https:\/\/api.w.org\/{rel}","templated":true}]}}