{"id":231745,"date":"2020-07-30T20:52:20","date_gmt":"2020-07-30T18:52:20","guid":{"rendered":"https:\/\/halyarduk.wpengine.com\/rechtliche-aussage\/"},"modified":"2025-11-18T09:40:37","modified_gmt":"2025-11-18T08:40:37","slug":"rechtliche-aussage","status":"publish","type":"page","link":"https:\/\/halyardhealth.eu\/de\/rechtliche-aussage\/","title":{"rendered":"Rechtliche Hinweise"},"content":{"rendered":"<div class=\"wpb-content-wrapper\"><p>[vc_row][vc_column]<div class=''><h1 class='      ' style='max-width: 100%; display:inline-block;' >Rechtliche Hinweise<\/h1><\/div>[vc_column_text]Rechtliche Hinweise<\/p>\n<p>WICHTIG! BITTE LESEN SIE DIESE RECHTLICHEN HINWEISE SORGF\u00c4LTIG DURCH, BEVOR SIE DIESE WEBSITE NUTZEN. Der Zugriff auf und die Nutzung der Website unterliegt den folgenden Bedingungen sowie allen geltenden Gesetzen, Regeln und Vorschriften. Durch das Betreten dieser Website erkl\u00e4ren Sie, dass Sie diese Allgemeinen Gesch\u00e4ftsbedingungen gelesen und sich damit einverstanden erkl\u00e4rt haben, an diese Allgemeinen Gesch\u00e4ftsbedingungen gebunden zu sein:   <\/p>\n<p>&nbsp;<\/p>\n<p>Eigentum \u2013 Diese Website ist Eigentum von OWENS &amp; MINOR, wird von OWENS &amp; MOLL betrieben und gepflegt. (&#8222;Owens &amp; Minor&#8220;) und wurde zu Ihrer Information, Bildung, Unterhaltung und Kommunikation erstellt. Diese Website und alle wahrnehmbaren Bestandteile davon, einschlie\u00dflich, aber nicht beschr\u00e4nkt auf Texte, Bilder und Audiodateien, unterliegen dem Urheberrecht von Owens &amp; Minor.  <\/p>\n<p>&nbsp;<\/p>\n<p>Nutzungseinschr\u00e4nkungen \u2013 Diese Website ist nur f\u00fcr Ihren pers\u00f6nlichen, nicht kommerziellen Gebrauch verf\u00fcgbar. Es ist Ihnen nicht gestattet, diese Website ganz oder teilweise zu kopieren, zu reproduzieren, neu zu ver\u00f6ffentlichen, zu posten, zu verteilen, zu \u00fcbertragen oder in irgendeiner Weise zu modifizieren. <\/p>\n<p>&nbsp;<\/p>\n<p>Markenhinweis \u2013 Alle Namen, Logos und Marken sind Eigentum von Owens &amp; Minor, Owens &amp; Minor, Inc. und\/oder deren verbundenen Unternehmen, und Sie d\u00fcrfen solche Materialien ohne die ausdr\u00fcckliche schriftliche Zustimmung von Owens &amp; Minor nicht f\u00fcr irgendeinen Zweck verwenden.<\/p>\n<p>&nbsp;<\/p>\n<p>Unaufgeforderte Ideen \u2013 Owens &amp; Minor freut sich auf Ihre Kommentare und Antworten auf Ihre Fragen zu unseren Produkten und unserem Unternehmen. Wir suchen jedoch nicht nach unaufgeforderten Ideen, Vorschl\u00e4gen oder Materialien im Zusammenhang mit der Entwicklung, dem Design, der Herstellung oder der Vermarktung unserer Produkte und k\u00f6nnen diese auch nicht annehmen. Durch die Einhaltung dieser Richtlinie hoffen wir, sp\u00e4tere Missverst\u00e4ndnisse in der \u00d6ffentlichkeit zu vermeiden, die Kommentare oder Ideen zu Produkten oder Konzepten einreichen, die von Mitarbeitern von Owens &amp; Minor entwickelt wurden.  <\/p>\n<p>&nbsp;<\/p>\n<p>Sollten Sie bei Owens &amp; Minor angestellt werden, stellt keines der auf dieser Website bereitgestellten Materialien einen Arbeitsvertrag dar oder sollte als Teil oder Gesamtheit eines Arbeitsvertrags betrachtet werden. Dar\u00fcber hinaus stellen die abgegebenen Zusicherungen keine Garantien oder Verpflichtungen seitens Owens &amp; Minor dar, die eine willk\u00fcrliche Beziehung zu ihren Mitarbeitern unterh\u00e4lt. <\/p>\n<p>&nbsp;<\/p>\n<p>Offenlegung und Verwendung Ihrer Mitteilungen \u2013 Ver\u00f6ffentlichungen auf dieser Website und E-Mails, die an Owens &amp; Minor \u00fcbermittelt werden, sind nicht vertraulich und Owens &amp; Minor haftet nicht f\u00fcr deren Verwendung oder Offenlegung. Alle Mitteilungen und sonstigen Materialien (einschlie\u00dflich, aber nicht beschr\u00e4nkt auf unaufgeforderte Ideen, Vorschl\u00e4ge oder Materialien), die Sie an diese Website oder per E-Mail an Owens &amp; Minor senden, sind und bleiben das alleinige und ausschlie\u00dfliche Eigentum von Owens &amp; Minor und k\u00f6nnen von Owens &amp; Minor f\u00fcr jeden Zweck, ob kommerziell oder anderweitig, ohne Verg\u00fctung verwendet werden. <\/p>\n<p>&nbsp;<\/p>\n<p>Gerichtsstand \u2013 Die Produkte, auf die hier Bezug genommen wird, sind in Ihrem Land m\u00f6glicherweise nicht erh\u00e4ltlich. Diese Website wird von Owens &amp; Minor aus den Vereinigten Staaten kontrolliert und betrieben, und Owens &amp; Minor gibt keine Zusicherung, dass die Informationen und Materialien auf dieser Website, einschlie\u00dflich, aber nicht beschr\u00e4nkt auf die Informationen und andere Materialien, die f\u00fcr die hierin genannten Produkte werben, f\u00fcr die Verwendung an anderen Orten geeignet oder verf\u00fcgbar sind. <\/p>\n<p>&nbsp;<\/p>\n<p>GEW\u00c4HRLEISTUNGSAUSSCHLUSS \u2013 OWENS &amp; MINOR GIBT KEINE ZUSICHERUNGEN ODER GEW\u00c4HRLEISTUNGEN HINSICHTLICH DER GENAUIGKEIT, ZUVERL\u00c4SSIGKEIT ODER VOLLST\u00c4NDIGKEIT DES INHALTS (TEXT UND BILDER) DIESER WEBSITE. SOWEIT GESETZLICH ZUL\u00c4SSIG, LEHNT OWENS &amp; MINOR ALLE AUSDR\u00dcCKLICHEN ODER STILLSCHWEIGENDEN GEW\u00c4HRLEISTUNGEN AB, EINSCHLIESSLICH, ABER NICHT BESCHR\u00c4NKT AUF STILLSCHWEIGENDE GEW\u00c4HRLEISTUNGEN DER MARKTG\u00c4NGIGKEIT UND EIGNUNG F\u00dcR EINEN BESTIMMTEN ZWECK. DAR\u00dcBER HINAUS GARANTIERT OWENS &amp; MINOR NICHT, DASS DIESE WEBSITE ODER DER SERVER, DER SIE ZUR VERF\u00dcGUNG STELLT, FREI VON COMPUTERVIREN SIND.  <\/p>\n<p>&nbsp;<\/p>\n<p>Haftungsbeschr\u00e4nkung \u2013 Owens &amp; Minor haftet nicht f\u00fcr Sch\u00e4den jeglicher Art, einschlie\u00dflich, aber nicht beschr\u00e4nkt auf besondere oder Folgesch\u00e4den, die sich aus Ihrem Zugriff auf diese Website oder der Unm\u00f6glichkeit des Zugriffs auf diese Website oder Ihrer Nutzung oder Ihrem Vertrauen auf diese Website oder deren Inhalt ergeben. Dar\u00fcber hinaus ist Owens &amp; Minor nicht verpflichtet, diese Website oder deren Inhalt zu aktualisieren, und Owens &amp; Minor haftet nicht f\u00fcr die Nichtaktualisierung dieser Informationen. Dar\u00fcber hinaus kann diese Website mit anderen Websites verlinkt sein, die nicht von Owens &amp; Minor unterhalten werden. Die Aufnahme eines Links zu solchen Websites impliziert keine Billigung, F\u00f6rderung oder Empfehlung der Websites durch Owens &amp; Minor. Owens &amp; Minor ist weder verantwortlich noch haftbar f\u00fcr Ihre Nutzung anderer Websites, auf die Sie \u00fcber bestimmte Links auf dieser Website zugreifen k\u00f6nnen. Diese Links und andere &#8222;Ressourcen&#8220;, auf die auf dieser Website verwiesen wird, werden lediglich als \u00f6ffentlicher Service f\u00fcr Benutzer des World Wide Web zur Verf\u00fcgung gestellt, und die Aufnahme in unsere Website stellt keine Billigung oder Zugeh\u00f6rigkeit zu Owens &amp; Minor dar. Owens &amp; Minor lehnt jede Haftung f\u00fcr Links ab: (i) von einer anderen Website zu Owens &amp; Minor; und (ii) auf eine andere Website von Owens &amp; Minor.        <\/p>\n<p>Die Informationen, die wir sammeln &#8211; Owens &amp; Minor kann verschiedene Arten von Informationen von Website-Besuchern sammeln. Der Webserver von Owens &amp; Minor sammelt allgemeine Daten \u00fcber jeden Website-Besucher, einschlie\u00dflich der IP-Adresse, des Domainnamens, der Webseite, der Verweildauer auf der Website und der Seiten, die w\u00e4hrend des Besuchs der Website aufgerufen werden. Diese Informationen werden unter anderem gesammelt, um statistische Informationen zu aggregieren, die Systemadministration zu erleichtern und den Inhalt der Website zu verbessern. Owens &amp; Minor kann auch den Inhalt der Mitteilungen aufbewahren, die an die Kundendienstmitarbeiter von Owens &amp; Minor gesendet werden. Diese Informationen helfen Owens &amp; Minor, die Anfragen der Besucher bez\u00fcglich der Website zu verbessern\/zu beantworten.    <\/p>\n<p>Sonstiges \u2013 Owens &amp; Minor beh\u00e4lt sich nach eigenem Ermessen das Recht vor: (1) diesen rechtlichen Hinweis zu \u00e4ndern, (2) Beitr\u00e4ge zu \u00fcberwachen und zu entfernen und (3) die Verf\u00fcgbarkeit der Website jederzeit ohne Vorank\u00fcndigung einzustellen. Sollte sich eine Bestimmung, Bedingung oder Bestimmung dieser rechtlichen Erkl\u00e4rung als rechtswidrig, ung\u00fcltig, nichtig oder aus irgendeinem Grund nicht durchsetzbar erweisen, so wird die G\u00fcltigkeit und Durchsetzbarkeit der \u00fcbrigen Bedingungen und Bestimmungen dadurch in keiner Weise ber\u00fchrt oder beeintr\u00e4chtigt. Diese rechtliche Erkl\u00e4rung stellt die gesamte Vereinbarung zwischen Ihnen und Owens &amp; Minor in Bezug auf den hierin enthaltenen Gegenstand dar.  <\/p>\n<p>&nbsp;<\/p>\n<p>Fragen zur rechtlichen Erkl\u00e4rung &#8211; Fragen zur rechtlichen Erkl\u00e4rung von Owens &amp; Minor richten Sie bitte an <a href=\"mailto:gm-privacy@owens-minor.com\">gm-privacy@owens-minor.com<\/a> .<\/p>\n<p>Durch die Nutzung dieser Website best\u00e4tigen Sie Ihre Zustimmung zu den vorstehenden Bedingungen. WENN SIE MIT DIESEN ALLGEMEINEN GESCH\u00c4FTSBEDINGUNGEN NICHT EINVERSTANDEN SIND, D\u00dcRFEN SIE DIESE WEBSITE NICHT NUTZEN. [\/vc_column_text][\/vc_column][\/vc_row]<\/p>\n<\/div>","protected":false},"excerpt":{"rendered":"<p>[vc_row][vc_column][vc_column_text]Rechtliche Hinweise WICHTIG! BITTE LESEN SIE DIESE RECHTLICHEN HINWEISE SORGF\u00c4LTIG DURCH, BEVOR SIE DIESE [&hellip;]<\/p>\n","protected":false},"author":2,"featured_media":0,"parent":0,"menu_order":0,"comment_status":"closed","ping_status":"closed","template":"","meta":{"_acf_changed":false,"inline_featured_image":false,"footnotes":""},"class_list":["post-231745","page","type-page","status-publish","hentry"],"acf":[],"publishpress_future_action":{"enabled":false,"date":"2026-04-27 10:18:45","action":"change-status","newStatus":"draft","terms":[],"taxonomy":"translation_priority","extraData":[]},"publishpress_future_workflow_manual_trigger":{"enabledWorkflows":[]},"_links":{"self":[{"href":"https:\/\/halyardhealth.eu\/de\/wp-json\/wp\/v2\/pages\/231745","targetHints":{"allow":["GET"]}}],"collection":[{"href":"https:\/\/halyardhealth.eu\/de\/wp-json\/wp\/v2\/pages"}],"about":[{"href":"https:\/\/halyardhealth.eu\/de\/wp-json\/wp\/v2\/types\/page"}],"author":[{"embeddable":true,"href":"https:\/\/halyardhealth.eu\/de\/wp-json\/wp\/v2\/users\/2"}],"replies":[{"embeddable":true,"href":"https:\/\/halyardhealth.eu\/de\/wp-json\/wp\/v2\/comments?post=231745"}],"version-history":[{"count":0,"href":"https:\/\/halyardhealth.eu\/de\/wp-json\/wp\/v2\/pages\/231745\/revisions"}],"wp:attachment":[{"href":"https:\/\/halyardhealth.eu\/de\/wp-json\/wp\/v2\/media?parent=231745"}],"curies":[{"name":"wp","href":"https:\/\/api.w.org\/{rel}","templated":true}]}}