{"id":231841,"date":"2020-12-22T17:31:08","date_gmt":"2020-12-22T16:31:08","guid":{"rendered":"https:\/\/halyarduk.wpengine.com\/rueckgabedokument-fuer-ueberbestaende\/"},"modified":"2025-08-12T15:34:38","modified_gmt":"2025-08-12T13:34:38","slug":"rueckgabedokument-fuer-ueberbestaende","status":"publish","type":"page","link":"https:\/\/halyardhealth.eu\/de\/rueckgabedokument-fuer-ueberbestaende\/","title":{"rendered":"R\u00fcckgabedokument f\u00fcr \u00dcberbest\u00e4nde"},"content":{"rendered":"<div class=\"wpb-content-wrapper\"><p>[vc_row row_type=&#8220;bg-overlay&#8220; row_text_color=&#8220;text-light&#8220; full_width=&#8220;stretch_row&#8220; content_placement=&#8220;middle&#8220; css=&#8220;.vc_custom_1608730398814{background-image: url(https:\/\/www.halyardhealth.eu\/wp-content\/uploads\/2020\/08\/placeholder-red.jpg?id=556) !important;}&#8220;][vc_column]<div class=''><h1 class='text-white mb-1   display-1  ' style='max-width: 100%; display:inline-block;' >Overstock-Retouren<\/h1><\/div>[\/vc_column][\/vc_row][vc_section][vc_row][vc_column][vc_column_text]Dieses Formular dient zur Dokumentation von R\u00fcckgabeanfragen f\u00fcr \u00dcberbest\u00e4nde. Geben Sie Ihre Unternehmensinformationen und die erforderlichen Informationen in die gekennzeichneten Felder ein.<\/p>\n<ul>\n<li>Die Ausstellung dieses Formulars garantiert weder die Annahme noch das Kreditversprechen. <a href=\"https:\/\/www.halyardhealth.eu\/media\/534877\/OM-Halyard-RETURN-Policy-08_2019.pdf\" target=\"_blank\" rel=\"noopener noreferrer\">R\u00fcckgaberecht bei \u00dcberbest\u00e4nden<\/a><\/li>\n<li>F\u00fcr R\u00fccksendungen unter 10 Kisten wird eine Wiedereinlagerungsgeb\u00fchr von 25 % erhoben.<\/li>\n<\/ul>\n<p>F\u00fcr zuk\u00fcnftige Anspr\u00fcche senden Sie uns bitte eine E-Mail mit dem ausgef\u00fcllten Formular:[\/vc_column_text][\/vc_column][\/vc_row][\/vc_section]<\/p>\n<\/div>","protected":false},"excerpt":{"rendered":"<p>[vc_row row_type=&#8220;bg-overlay&#8220; row_text_color=&#8220;text-light&#8220; full_width=&#8220;stretch_row&#8220; content_placement=&#8220;middle&#8220; css=&#8220;.vc_custom_1608730398814{background-image: url(https:\/\/www.halyardhealth.eu\/wp-content\/uploads\/2020\/08\/placeholder-red.jpg?id=556) !important;}&#8220;][vc_column][\/vc_column][\/vc_row][vc_section][vc_row][vc_column][vc_column_text]Dieses Formular dient zur Dokumentation von R\u00fcckgabeanfragen [&hellip;]<\/p>\n","protected":false},"author":2,"featured_media":0,"parent":0,"menu_order":0,"comment_status":"closed","ping_status":"closed","template":"","meta":{"_acf_changed":false,"inline_featured_image":false,"footnotes":""},"class_list":["post-231841","page","type-page","status-publish","hentry"],"acf":[],"publishpress_future_action":{"enabled":false,"date":"2026-05-10 10:08:55","action":"change-status","newStatus":"draft","terms":[],"taxonomy":"translation_priority","extraData":[]},"publishpress_future_workflow_manual_trigger":{"enabledWorkflows":[]},"_links":{"self":[{"href":"https:\/\/halyardhealth.eu\/de\/wp-json\/wp\/v2\/pages\/231841","targetHints":{"allow":["GET"]}}],"collection":[{"href":"https:\/\/halyardhealth.eu\/de\/wp-json\/wp\/v2\/pages"}],"about":[{"href":"https:\/\/halyardhealth.eu\/de\/wp-json\/wp\/v2\/types\/page"}],"author":[{"embeddable":true,"href":"https:\/\/halyardhealth.eu\/de\/wp-json\/wp\/v2\/users\/2"}],"replies":[{"embeddable":true,"href":"https:\/\/halyardhealth.eu\/de\/wp-json\/wp\/v2\/comments?post=231841"}],"version-history":[{"count":0,"href":"https:\/\/halyardhealth.eu\/de\/wp-json\/wp\/v2\/pages\/231841\/revisions"}],"wp:attachment":[{"href":"https:\/\/halyardhealth.eu\/de\/wp-json\/wp\/v2\/media?parent=231841"}],"curies":[{"name":"wp","href":"https:\/\/api.w.org\/{rel}","templated":true}]}}