{"id":231945,"date":"2020-12-09T19:11:45","date_gmt":"2020-12-09T18:11:45","guid":{"rendered":"https:\/\/halyarduk.wpengine.com\/cookie-informationen\/"},"modified":"2025-08-18T13:38:16","modified_gmt":"2025-08-18T11:38:16","slug":"cookie-informationen","status":"publish","type":"page","link":"https:\/\/halyardhealth.eu\/de\/cookie-informationen\/","title":{"rendered":"Cookie-Informationen"},"content":{"rendered":"<div class=\"wpb-content-wrapper\"><p>[vc_row][vc_column]<div class=''><h2 class='      ' style='max-width: 100%; display:inline-block;' >Cookie-Informationen<\/h2><\/div>[vc_column_text]Wie jede andere Website im Internet verwendet auch unsere Website von Halyard Health Cookies. Auf dieser Seite erhalten Sie weitere Informationen dar\u00fcber, was Cookies sind, warum wir sie verwenden, welche wir verwenden und wie Sie sie deaktivieren k\u00f6nnen, falls Sie dies w\u00fcnschen.<\/p>\n<p>Bitte beachten Sie, dass wir auf unserer Website keine personenbezogenen Daten von Ihnen erfassen, es sei denn, Sie stellen uns diese freiwillig und wissentlich zur Verf\u00fcgung.<\/p>\n<p>Unsere vollst\u00e4ndige <a title=\"Datenschutzerkl\u00e4rung\" href=\"https:\/\/www.owens-minor.com\/privacy-policy\/\" target=\"_blank\" rel=\"noopener noreferrer\">Datenschutzrichtlinie<\/a> bietet ausf\u00fchrlichere Informationen.<\/p>\n<h3>Was sind Cookies?<\/h3>\n<p>Cookies sind sehr kleine Textdateien, die eine bestimmte Information \u00fcber eine bestimmte Website enthalten. Sie werden auf Ihren Computer heruntergeladen, wenn Sie eine Website besuchen, und werden dann aufgerufen, wenn Sie diese Website in Zukunft erneut besuchen.<\/p>\n<p>Cookies k\u00f6nnen auf keine anderen Informationen auf Ihrem Computer zugreifen, diese lesen oder bearbeiten.<\/p>\n<h3>Warum verwenden wir Cookies?<\/h3>\n<p>Wir verwenden Cookies haupts\u00e4chlich aus zwei Gr\u00fcnden \u2013 damit bestimmte Teile unserer Website funktionieren und um die Benutzererfahrung f\u00fcr Sie zu verbessern.<\/p>\n<p>Ohne einige Cookies w\u00fcrden einige Funktionen nicht richtig funktionieren und ihr einziger Zweck besteht darin, sicherzustellen, dass dies funktioniert.<\/p>\n<p>Andere Cookies, die wir verwenden, \u00fcberwachen, ob Sie die Website zum ersten Mal besuchen und was Sie sich ansehen, w\u00e4hrend Sie hier sind. So k\u00f6nnen wir verstehen, woran unsere Besucher interessiert sind, und letztendlich relevantere Inhalte bereitstellen, wodurch die Erfahrung jedes Benutzers verbessert wird.<\/p>\n<h3>Welche Cookies verwenden wir?<\/h3>\n<p>Weitere Einzelheiten zu den von uns verwendeten Cookies finden Sie in unserer vollst\u00e4ndigen <a title=\"Datenschutzerkl\u00e4rung\" href=\"https:\/\/www.owens-minor.com\/privacy-policy\/\" target=\"_blank\" rel=\"noopener noreferrer\">Datenschutzerkl\u00e4rung<\/a> .<\/p>\n<p>Sie sollten sich auch dar\u00fcber im Klaren sein, dass Sie AddThis erlauben, anonyme Informationen \u00fcber Ihre Nutzung unserer Website in Form eines Cookies zu sammeln, wenn Sie die Lesezeichen- und Freigabefunktion von AddThis auf unserer Website verwenden. Wir haben keine Kontrolle dar\u00fcber, wie sie diese Informationen verwenden, aber Sie k\u00f6nnen <a href=\"http:\/\/www.addthis.com\/privacy?utm_source=mf&amp;utm_medium=link&amp;utm_content=AT_privacy_MF15PC&amp;utm_campaign=AT_privacy\" target=\"_blank\" rel=\"noopener noreferrer\">hier<\/a> mehr lesen und sich ausdr\u00fccklich von AddThis abmelden.<\/p>\n<h3>Wie deaktiviere ich Cookies?<\/h3>\n<p>Das Deaktivieren von Cookies mit Ihrem Browser ist einfach. Anleitungen dazu finden Sie f\u00fcr die g\u00e4ngigsten Browser auf deren Webseiten unten:<\/p>\n<p><a href=\"http:\/\/windows.microsoft.com\/en-GB\/windows7\/Block-enable-or-allow-cookies\" target=\"_blank\" rel=\"noopener noreferrer\">Internet Explorer<\/a><\/p>\n<p><a href=\"http:\/\/support.mozilla.org\/en-US\/kb\/Blocking%20cookies\" target=\"_blank\" rel=\"noopener noreferrer\">Mozilla-Firefox<\/a><\/p>\n<p><a href=\"http:\/\/www.google.co.uk\/url?sa=t&amp;rct=j&amp;q=chrome%20block%20cookies&amp;source=web&amp;cd=1&amp;ved=0CF4QFjAA&amp;url=https%3A%2F%2Fsupport.google.com%2Fchrome%2F%3Fp%3Dcpn_cookies&amp;ei=bPmoT9neFoSQ9gTh_ojEAw&amp;usg=AFQjCNGo3Xlz0QLx9XnvpVvD7h6RDJOigA&amp;cad=rja\" target=\"_blank\" rel=\"noopener noreferrer\">Google Chrome<\/a><\/p>\n<p><a href=\"http:\/\/support.apple.com\/kb\/index?page=search&amp;src=support_site.home.search&amp;locale=en_US&amp;q=safari%20cookies\" target=\"_blank\" rel=\"noopener noreferrer\">Safari<\/a><\/p>\n<p>Bitte beachten Sie, dass Sie, wenn Sie Cookies deaktivieren und feststellen, dass ein Bereich der Website nicht richtig funktioniert, zu dieser Website zur\u00fcckkehren k\u00f6nnen, um herauszufinden, wie Sie Cookies wieder aktivieren k\u00f6nnen.[\/vc_column_text][\/vc_column][\/vc_row]<\/p>\n<\/div>","protected":false},"excerpt":{"rendered":"<p>[vc_row][vc_column][vc_column_text]Wie jede andere Website im Internet verwendet auch unsere Website von Halyard Health Cookies. [&hellip;]<\/p>\n","protected":false},"author":2,"featured_media":0,"parent":0,"menu_order":0,"comment_status":"closed","ping_status":"closed","template":"","meta":{"_acf_changed":false,"inline_featured_image":false,"footnotes":""},"class_list":["post-231945","page","type-page","status-publish","hentry"],"acf":[],"publishpress_future_action":{"enabled":false,"date":"2026-04-23 04:50:32","action":"change-status","newStatus":"draft","terms":[],"taxonomy":"translation_priority","extraData":[]},"publishpress_future_workflow_manual_trigger":{"enabledWorkflows":[]},"_links":{"self":[{"href":"https:\/\/halyardhealth.eu\/de\/wp-json\/wp\/v2\/pages\/231945","targetHints":{"allow":["GET"]}}],"collection":[{"href":"https:\/\/halyardhealth.eu\/de\/wp-json\/wp\/v2\/pages"}],"about":[{"href":"https:\/\/halyardhealth.eu\/de\/wp-json\/wp\/v2\/types\/page"}],"author":[{"embeddable":true,"href":"https:\/\/halyardhealth.eu\/de\/wp-json\/wp\/v2\/users\/2"}],"replies":[{"embeddable":true,"href":"https:\/\/halyardhealth.eu\/de\/wp-json\/wp\/v2\/comments?post=231945"}],"version-history":[{"count":0,"href":"https:\/\/halyardhealth.eu\/de\/wp-json\/wp\/v2\/pages\/231945\/revisions"}],"wp:attachment":[{"href":"https:\/\/halyardhealth.eu\/de\/wp-json\/wp\/v2\/media?parent=231945"}],"curies":[{"name":"wp","href":"https:\/\/api.w.org\/{rel}","templated":true}]}}