{"id":232345,"date":"2020-07-16T17:34:08","date_gmt":"2020-07-16T15:34:08","guid":{"rendered":"https:\/\/halyarduk.wpengine.com\/ressourcen\/"},"modified":"2025-08-12T15:34:33","modified_gmt":"2025-08-12T13:34:33","slug":"ressourcen","status":"publish","type":"page","link":"https:\/\/halyardhealth.eu\/de\/ressourcen\/","title":{"rendered":"Ressourcen"},"content":{"rendered":"<div class=\"wpb-content-wrapper\"><p>[vc_row row_type=&#8220;page-hero&#8220; hero_size=&#8220;small&#8220; css=&#8220;.vc_custom_1595255598032{background-image: url(https:\/\/www.halyardhealth.eu\/wp-content\/uploads\/2020\/07\/knowledge-network-hero-bg.png?id=234) !important;}&#8220;][vc_column width=&#8220;7\/12&#8243;]<div class=''><h1 class='      ' style='max-width: 100%; display:inline-block;' >Ressourcen<\/h1><\/div><h2>Kategorien: Alle Kategorien<\/h2>[\/vc_column][vc_column width=&#8220;5\/12&#8243;][\/vc_column][\/vc_row][vc_row row_type=&#8220;bg-solid&#8220; row_bg_color=&#8220;bg-brightblue&#8220; row_padding_top=&#8220;pt-3&#8243; row_padding_bottom=&#8220;pb-3&#8243; full_width=&#8220;stretch_row&#8220;][vc_column][vc_column_text el_class=&#8220;pb-0&#8243;][\/vc_column_text][\/vc_column][\/vc_row][vc_row row_padding_top=&#8220;pt-3&#8243;][vc_column][vc_column_text]<div class=\"search-filter-results\" id=\"search-filter-results-245687\">\n<div class='row my-3'>    <div class=\"col-md-4 pb-4\">\n      <div class=\"featured-card\">\n                  <a class=\"full-link\" href=\"https:\/\/halyardhealth.eu\/de\/?post_type=articles&p=237518\"><\/a>\n                <div class=\"card-img lazyload\" style=\"background-image:inherit;\" data-bg-image=\"url(https:\/\/halyardhealth.eu\/wp-content\/uploads\/2020\/07\/holiday-stress-300x92.jpg)\">\n          <div class=\"card-tag\">Featured<\/div>\n        <\/div>\n        <div class=\"card-content\">\n          <div class=\"card-taxonomy\">\n            <!--              -->          <\/div>\n\n          <div class=\"card-title h3\">Der Urlaubsstress bei der Arbeit in einem Krankenhaus<\/div>\n          <div class=\"card-description\">\n            Die Arbeit in einem Krankenhaus w\u00e4hrend der Feiertage bedeutet zus\u00e4tzlichen Stress. Diese Tipps zur Bew\u00e4ltigung k\u00f6nnen dazu beitragen, den Stress,...          <\/div>\n        <\/div>\n        <div class=\"read-more-link\">\n          <span class=\"link-text-auto-hide\">READ MORE<\/span>&nbsp;<i class=\"fas fa-arrow-right\" aria-hidden=\"true\"><\/i>\n        <\/div>\n      <\/div>\n    <\/div>\n\n\n  <\/div>  <div class='search-filter-results-list' data-search-filter-action='infinite-scroll-end'>\n    <span>End of Results<\/span>\n  <\/div>\n<\/div>[\/vc_column_text][\/vc_column][\/vc_row]<\/p>\n<\/div>","protected":false},"excerpt":{"rendered":"<p>[vc_row row_type=&#8220;page-hero&#8220; hero_size=&#8220;small&#8220; css=&#8220;.vc_custom_1595255598032{background-image: url(https:\/\/www.halyardhealth.eu\/wp-content\/uploads\/2020\/07\/knowledge-network-hero-bg.png?id=234) !important;}&#8220;][vc_column width=&#8220;7\/12&#8243;][\/vc_column][vc_column width=&#8220;5\/12&#8243;][\/vc_column][\/vc_row][vc_row row_type=&#8220;bg-solid&#8220; row_bg_color=&#8220;bg-brightblue&#8220; row_padding_top=&#8220;pt-3&#8243; row_padding_bottom=&#8220;pb-3&#8243; full_width=&#8220;stretch_row&#8220;][vc_column][vc_column_text el_class=&#8220;pb-0&#8243;][\/vc_column_text][\/vc_column][\/vc_row][vc_row [&hellip;]<\/p>\n","protected":false},"author":2,"featured_media":0,"parent":0,"menu_order":65,"comment_status":"closed","ping_status":"closed","template":"","meta":{"_acf_changed":false,"inline_featured_image":false,"footnotes":""},"class_list":["post-232345","page","type-page","status-publish","hentry"],"acf":[],"publishpress_future_action":{"enabled":false,"date":"2026-04-23 04:01:24","action":"change-status","newStatus":"draft","terms":[],"taxonomy":"translation_priority","extraData":[]},"publishpress_future_workflow_manual_trigger":{"enabledWorkflows":[]},"_links":{"self":[{"href":"https:\/\/halyardhealth.eu\/de\/wp-json\/wp\/v2\/pages\/232345","targetHints":{"allow":["GET"]}}],"collection":[{"href":"https:\/\/halyardhealth.eu\/de\/wp-json\/wp\/v2\/pages"}],"about":[{"href":"https:\/\/halyardhealth.eu\/de\/wp-json\/wp\/v2\/types\/page"}],"author":[{"embeddable":true,"href":"https:\/\/halyardhealth.eu\/de\/wp-json\/wp\/v2\/users\/2"}],"replies":[{"embeddable":true,"href":"https:\/\/halyardhealth.eu\/de\/wp-json\/wp\/v2\/comments?post=232345"}],"version-history":[{"count":0,"href":"https:\/\/halyardhealth.eu\/de\/wp-json\/wp\/v2\/pages\/232345\/revisions"}],"wp:attachment":[{"href":"https:\/\/halyardhealth.eu\/de\/wp-json\/wp\/v2\/media?parent=232345"}],"curies":[{"name":"wp","href":"https:\/\/api.w.org\/{rel}","templated":true}]}}