{"id":232474,"date":"2020-07-02T05:00:46","date_gmt":"2020-07-02T03:00:46","guid":{"rendered":"https:\/\/halyarduk.wpengine.com\/fall-gesamtwert\/"},"modified":"2025-11-18T09:40:51","modified_gmt":"2025-11-18T08:40:51","slug":"fall-gesamtwert","status":"publish","type":"page","link":"https:\/\/halyardhealth.eu\/de\/fall-gesamtwert\/","title":{"rendered":"Fall-Gesamtwert"},"content":{"rendered":"<div class=\"wpb-content-wrapper\"><p>[vc_row row_type=&#8220;page-hero&#8220; row_text_color=&#8220;text-light&#8220; full_width=&#8220;stretch_row&#8220; content_placement=&#8220;middle&#8220; css=&#8220;.vc_custom_1593659487778{background-image: url(https:\/\/www.halyardhealth.eu\/wp-content\/uploads\/2020\/07\/total-value-hero.png?id=149) !important;}&#8220;][vc_column]<div class=''><h3 class='text-white    h3  ' style='max-width: 100%; display:inline-block;' >HALYARD* Gesamtwert<\/h3><\/div><div class=''><h1 class='text-white    display-1  ' style='max-width: 100%; display:inline-block;' >Ein Katalysator, um die Pflege voranzubringen<br \/>\n<\/h1><\/div>[vc_column_text]<\/p>\n<h4 class=\"text-white\">Seit fast 150 Jahren haben wir unseren Fokus kontinuierlich gesch\u00e4rft, um die Bed\u00fcrfnisse unserer Kunden zu<br \/>\nerf\u00fcllen und zu \u00fcbertreffen.<\/h4>\n<p>[\/vc_column_text]<div class='wpb_content_element text-left btn-container'>\n  <a class='btn btn-primary   '\n    href='https:\/\/www.halyardhealth.eu\/contact-a-sales-rep\/' target='' data-toggle=''>\n    <span>Questions? Contact a Rep<\/span>\n  <\/a><\/div>\n[\/vc_column][\/vc_row][vc_row row_padding_top=&#8220;pt-3&#8243; row_padding_bottom=&#8220;pb-3&#8243; full_width=&#8220;stretch_row&#8220; css=&#8220;.vc_custom_1605812522627{background-color: #f7f7f7 !important;}&#8220;][vc_column]<div class='text-center'><h1 class='text-navyblue      ' style='max-width: 100%; display:inline-block;' >Unsere Wertes\u00e4ulen<\/h1><\/div>[\/vc_column][\/vc_row][vc_row row_type=&#8220;split-row&#8220; full_width=&#8220;stretch_row_content&#8220; content_placement=&#8220;middle&#8220;][vc_column width=&#8220;1\/2&#8243; css=&#8220;.vc_custom_1608654036442{background-image: url(https:\/\/www.halyardhealth.eu\/wp-content\/uploads\/Shipping-GettyImages-1280&#215;1280-1.jpg?id=5411) !important;}&#8220; offset=&#8220;vc_hidden-sm vc_hidden-xs&#8220;][\/vc_column][vc_column width=&#8220;1\/2&#8243;][vc_icon icon_fontawesome=&#8220;fas fa-shield-alt&#8220; color=&#8220;white&#8220; background_style=&#8220;rounded&#8220; background_color=&#8220;custom&#8220; align=&#8220;right&#8220; custom_background_color=&#8220;#0085ad&#8220; el_class=&#8220;text-center&#8220;]<div class='text-center'><h1 class='    h2  ' style='max-width: 100%; display:inline-block;' >Verl\u00e4sslichkeit<\/h1><\/div><div class='text-center'><h1 class='text-navyblue    lead  ' style='max-width: 100%; display:inline-block;' >Unterbrechungen der Lieferkette und Produktm\u00e4ngel k\u00f6nnen eine echte Bedrohung f\u00fcr die Gesundheit Ihres Unternehmens darstellen. Wenn Ihre Lieferkette unzuverl\u00e4ssig ist oder Sie eine schlechte Produktleistung erleben, entstehen messbare Kosten \u2013 sowohl menschliche als auch finanzielle.<\/h1><\/div><div class='wpb_content_element text-center btn-container'>\n  <a class='btn btn-transparent-primary   btn-arrow '\n    href='https:\/\/www.halyardhealth.eu\/halyard-total-value\/reliability\/' target='' data-toggle=''>\n    <span>LEARN MORE<\/span>\n  <\/a><\/div>\n[\/vc_column][\/vc_row][vc_row row_type=&#8220;split-row&#8220; full_width=&#8220;stretch_row_content_no_spaces&#8220; content_placement=&#8220;middle&#8220; css=&#8220;.vc_custom_1605013724049{border-bottom-width: 0px !important;border-bottom-style: solid !important;}&#8220;][vc_column width=&#8220;1\/2&#8243;][vc_icon icon_fontawesome=&#8220;fas fa-graduation-cap&#8220; color=&#8220;white&#8220; background_style=&#8220;rounded&#8220; background_color=&#8220;custom&#8220; align=&#8220;center&#8220; custom_background_color=&#8220;#0085ad&#8220; el_class=&#8220;text-center&#8220;]<div class='text-center'><h1 class='    h2  ' style='max-width: 100%; display:inline-block;' >Wissen &amp; Expertise<\/h1><\/div><div class='text-center'><h1 class='text-navyblue    lead  ' style='max-width: 100%; display:inline-block;' >Zur Vorbeugung von Infektionen geh\u00f6rt weit mehr als die Auswahl der richtigen Produkte. Sie erfordert ein Bewusstsein f\u00fcr Risikobereiche und die Bereitschaft, neue Wege zur Verringerung dieser Risiken zu erlernen.<\/h1><\/div><div class='wpb_content_element text-center btn-container'>\n  <a class='btn btn-transparent-primary   btn-arrow '\n    href='https:\/\/www.halyardhealth.eu\/halyard-total-value\/knowledge-and-expertise\/' target='' data-toggle=''>\n    <span>LEARN MORE<\/span>\n  <\/a><\/div>\n[\/vc_column][vc_column width=&#8220;1\/2&#8243; col_padding=&#8220;col-pad-double&#8220; css=&#8220;.vc_custom_1608580633010{background-image: url(https:\/\/www.halyardhealth.eu\/wp-content\/uploads\/Hero-Image-Knowledge-Experience-copy-scaled.jpg?id=5384) !important;}&#8220; offset=&#8220;vc_hidden-sm vc_hidden-xs&#8220;][\/vc_column][\/vc_row][vc_row row_type=&#8220;split-row&#8220; full_width=&#8220;stretch_row_content&#8220; content_placement=&#8220;middle&#8220; css=&#8220;.vc_custom_1605013627332{border-bottom-width: 10px !important;padding-top: 0px !important;border-bottom-color: #0085ad !important;border-bottom-style: solid !important;}&#8220;][vc_column width=&#8220;1\/2&#8243; col_padding=&#8220;col-pad-double&#8220; css=&#8220;.vc_custom_1608580678148{background-image: url(https:\/\/www.halyardhealth.eu\/wp-content\/uploads\/Hero-Image-Standardization-copy-scaled.jpg?id=5386) !important;}&#8220; offset=&#8220;vc_hidden-sm vc_hidden-xs&#8220;][\/vc_column][vc_column width=&#8220;1\/2&#8243;][vc_icon icon_fontawesome=&#8220;fas fa-clipboard-check&#8220; color=&#8220;white&#8220; background_style=&#8220;rounded&#8220; background_color=&#8220;custom&#8220; align=&#8220;right&#8220; custom_background_color=&#8220;#0085ad&#8220; el_class=&#8220;text-center&#8220;]<div class='text-center'><h1 class='    h2  ' style='max-width: 100%; display:inline-block;' >Standardisierung<\/h1><\/div><div class='text-center'><h1 class='text-navyblue    lead  ' style='max-width: 100%; display:inline-block;' >Die Einrichtungen des Gesundheitswesens stehen heute mehr denn je unter dem Druck, ihre Prozesse zu vereinfachen, zu standardisieren und effizienter zu gestalten, um ihre finanzielle Situation zu verbessern. Halyard kann Ihnen dabei helfen, Zeit- und Geldverschwendung zu vermeiden.<\/h1><\/div><div class='wpb_content_element text-center btn-container'>\n  <a class='btn btn-transparent-primary   btn-arrow '\n    href='https:\/\/www.halyardhealth.eu\/halyard-total-value\/standardization\/' target='' data-toggle=''>\n    <span>LEARN MORE<\/span>\n  <\/a><\/div>\n[\/vc_column][\/vc_row][vc_row el_id=&#8220;Kontakt&#8220;][vc_column]<div class=''><h2 class='text-navyblue      ' style='max-width: 100%; display:inline-block;' >Kontakt aufnehmen<\/h2><\/div>[vc_column_text]<script src=\"\/\/info.halyardhealth.com\/js\/forms2\/js\/forms2.min.js\"><\/script><\/p>\n<form id=\"mktoForm_1694\"><\/form>\n<p><script>MktoForms2.loadForm(\"\/\/info.halyardhealth.com\", \"798-LUK-731\", 1694);<\/script>[\/vc_column_text][\/vc_column][\/vc_row]<\/p>\n<\/div>","protected":false},"excerpt":{"rendered":"<p>[vc_row row_type=&#8220;page-hero&#8220; row_text_color=&#8220;text-light&#8220; full_width=&#8220;stretch_row&#8220; content_placement=&#8220;middle&#8220; css=&#8220;.vc_custom_1593659487778{background-image: url(https:\/\/www.halyardhealth.eu\/wp-content\/uploads\/2020\/07\/total-value-hero.png?id=149) !important;}&#8220;][vc_column][vc_column_text] Seit fast 150 Jahren haben wir [&hellip;]<\/p>\n","protected":false},"author":2,"featured_media":0,"parent":0,"menu_order":71,"comment_status":"closed","ping_status":"closed","template":"","meta":{"_acf_changed":false,"inline_featured_image":false,"footnotes":""},"class_list":["post-232474","page","type-page","status-publish","hentry"],"acf":[],"publishpress_future_action":{"enabled":false,"date":"2026-04-24 13:26:34","action":"change-status","newStatus":"draft","terms":[],"taxonomy":"translation_priority","extraData":[]},"publishpress_future_workflow_manual_trigger":{"enabledWorkflows":[]},"_links":{"self":[{"href":"https:\/\/halyardhealth.eu\/de\/wp-json\/wp\/v2\/pages\/232474","targetHints":{"allow":["GET"]}}],"collection":[{"href":"https:\/\/halyardhealth.eu\/de\/wp-json\/wp\/v2\/pages"}],"about":[{"href":"https:\/\/halyardhealth.eu\/de\/wp-json\/wp\/v2\/types\/page"}],"author":[{"embeddable":true,"href":"https:\/\/halyardhealth.eu\/de\/wp-json\/wp\/v2\/users\/2"}],"replies":[{"embeddable":true,"href":"https:\/\/halyardhealth.eu\/de\/wp-json\/wp\/v2\/comments?post=232474"}],"version-history":[{"count":0,"href":"https:\/\/halyardhealth.eu\/de\/wp-json\/wp\/v2\/pages\/232474\/revisions"}],"wp:attachment":[{"href":"https:\/\/halyardhealth.eu\/de\/wp-json\/wp\/v2\/media?parent=232474"}],"curies":[{"name":"wp","href":"https:\/\/api.w.org\/{rel}","templated":true}]}}