{"id":232575,"date":"2020-07-21T16:31:16","date_gmt":"2020-07-21T14:31:16","guid":{"rendered":"https:\/\/halyarduk.wpengine.com\/ressourcen\/artikel\/"},"modified":"2025-11-18T09:40:45","modified_gmt":"2025-11-18T08:40:45","slug":"artikel","status":"publish","type":"page","link":"https:\/\/halyardhealth.eu\/de\/ressourcen\/artikel\/","title":{"rendered":"Artikel"},"content":{"rendered":"<div class=\"wpb-content-wrapper\"><p>[vc_row row_type=&#8220;page-hero&#8220; hero_size=&#8220;small&#8220; css=&#8220;.vc_custom_1595255598032{background-image: url(https:\/\/www.halyardhealth.eu\/wp-content\/uploads\/2020\/07\/knowledge-network-hero-bg.png?id=234) !important;}&#8220;][vc_column width=&#8220;7\/12&#8243;]<div class=''><h1 class='      ' style='max-width: 100%; display:inline-block;' >Artikel<\/h1><\/div><h2>Kategorien: Alle Kategorien<\/h2>[\/vc_column][vc_column width=&#8220;5\/12&#8243;][\/vc_column][\/vc_row][vc_row row_type=&#8220;bg-solid&#8220; row_bg_color=&#8220;bg-brightblue&#8220; row_padding_top=&#8220;pt-3&#8243; row_padding_bottom=&#8220;pb-3&#8243; full_width=&#8220;stretch_row&#8220;][vc_column][vc_column_text][\/vc_column_text][\/vc_column][\/vc_row][vc_row row_padding_top=&#8220;pt-3&#8243;][vc_column][vc_column_text]<div class=\"search-filter-results\" id=\"search-filter-results-245688\">\n<div class='row my-3'>    <div class=\"col-md-4 pb-4\">\n      <div class=\"featured-card\">\n                  <a class=\"full-link\" href=\"https:\/\/halyardhealth.eu\/de\/?post_type=articles&p=237518\"><\/a>\n                <div class=\"card-img lazyload\" style=\"background-image:inherit;\" data-bg-image=\"url(https:\/\/halyardhealth.eu\/wp-content\/uploads\/2020\/07\/holiday-stress-300x92.jpg)\">\n          <div class=\"card-tag\">Featured<\/div>\n        <\/div>\n        <div class=\"card-content\">\n          <div class=\"card-taxonomy\">\n            <!--              -->          <\/div>\n\n          <div class=\"card-title h3\">Der Urlaubsstress bei der Arbeit in einem Krankenhaus<\/div>\n          <div class=\"card-description\">\n            Die Arbeit in einem Krankenhaus w\u00e4hrend der Feiertage bedeutet zus\u00e4tzlichen Stress. Diese Tipps zur Bew\u00e4ltigung k\u00f6nnen dazu beitragen, den Stress,...          <\/div>\n        <\/div>\n        <div class=\"read-more-link\">\n          <span class=\"link-text-auto-hide\">READ MORE<\/span>&nbsp;<i class=\"fas fa-arrow-right\" aria-hidden=\"true\"><\/i>\n        <\/div>\n      <\/div>\n    <\/div>\n\n\n      <div class=\"col-md-4 pb-4\">\n      <div class=\"featured-card\">\n                  <a class=\"full-link\" href=\"https:\/\/halyardhealth.eu\/de\/articles\/pandemie-de\/10-fragen-die-sie-sich-stellen-sollten-bevor-sie-einen-vorrat-anlegen\/\"><\/a>\n                <div class=\"card-img lazyload\" style=\"background-image:inherit;\" data-bg-image=\"url(https:\/\/halyardhealth.eu\/wp-content\/uploads\/stockpile-300x141.jpg)\">\n          <div class=\"card-tag\">Featured<\/div>\n        <\/div>\n        <div class=\"card-content\">\n          <div class=\"card-taxonomy\">\n            <!--              -->          <\/div>\n\n          <div class=\"card-title h3\">10 Fragen, die Sie sich stellen sollten, bevor Sie einen Vorrat anlegen<\/div>\n          <div class=\"card-description\">\n            [vc_row full_width=&#8220;stretch_row&#8220;][vc_column][vc_row_inner][vc_column_inner el_class=&#8220;pr-md-5&#8243; offset=&#8220;vc_col-lg-8 vc_col-md-12 vc_col-xs-12&#8243;][vc_column_text]Auf den folgenden Seiten m\u00f6chten wir Ihnen gen\u00fcgend Informationen [&hellip;]          <\/div>\n        <\/div>\n        <div class=\"read-more-link\">\n          <span class=\"link-text-auto-hide\">READ MORE<\/span>&nbsp;<i class=\"fas fa-arrow-right\" aria-hidden=\"true\"><\/i>\n        <\/div>\n      <\/div>\n    <\/div>\n\n\n      <div class=\"col-md-4 pb-4\">\n      <div class=\"featured-card\">\n                  <a class=\"full-link\" href=\"https:\/\/halyardhealth.eu\/de\/articles\/chemotherapie-de\/5-dinge-die-sie-wissen-muessen-um-sich-vor-chemotherapie-medikamenten-zu-schuetzen\/\"><\/a>\n                <div class=\"card-img lazyload\" style=\"background-image:inherit;\" data-bg-image=\"url(https:\/\/halyardhealth.eu\/wp-content\/uploads\/chemotherapy-300x200.jpg)\">\n          <div class=\"card-tag\">Featured<\/div>\n        <\/div>\n        <div class=\"card-content\">\n          <div class=\"card-taxonomy\">\n            <!--              -->          <\/div>\n\n          <div class=\"card-title h3\">5 Dinge, die Sie wissen m\u00fcssen, um sich vor Chemotherapie-Medikamenten zu sch\u00fctzen<\/div>\n          <div class=\"card-description\">\n            [vc_row full_width=&#8220;stretch_row&#8220;][vc_column][vc_row_inner][vc_column_inner el_class=&#8220;pr-md-5&#8243; offset=&#8220;vc_col-lg-8 vc_col-md-12 vc_col-xs-12&#8243;][vc_column_text]Der Schutz des Personals im Gesundheitswesen vor gef\u00e4hrlichen Arzneimitteln [&hellip;]          <\/div>\n        <\/div>\n        <div class=\"read-more-link\">\n          <span class=\"link-text-auto-hide\">READ MORE<\/span>&nbsp;<i class=\"fas fa-arrow-right\" aria-hidden=\"true\"><\/i>\n        <\/div>\n      <\/div>\n    <\/div>\n\n\n  <\/div>  <div class='search-filter-results-list' data-search-filter-action='infinite-scroll-end'>\n    <span>End of Results<\/span>\n  <\/div>\n<\/div>[\/vc_column_text][\/vc_column][\/vc_row]<\/p>\n<\/div>","protected":false},"excerpt":{"rendered":"<p>[vc_row row_type=&#8220;page-hero&#8220; hero_size=&#8220;small&#8220; css=&#8220;.vc_custom_1595255598032{background-image: url(https:\/\/www.halyardhealth.eu\/wp-content\/uploads\/2020\/07\/knowledge-network-hero-bg.png?id=234) !important;}&#8220;][vc_column width=&#8220;7\/12&#8243;][\/vc_column][vc_column width=&#8220;5\/12&#8243;][\/vc_column][\/vc_row][vc_row row_type=&#8220;bg-solid&#8220; row_bg_color=&#8220;bg-brightblue&#8220; row_padding_top=&#8220;pt-3&#8243; row_padding_bottom=&#8220;pb-3&#8243; full_width=&#8220;stretch_row&#8220;][vc_column][vc_column_text][\/vc_column_text][\/vc_column][\/vc_row][vc_row row_padding_top=&#8220;pt-3&#8243;][vc_column][vc_column_text][\/vc_column_text][\/vc_column][\/vc_row]<\/p>\n","protected":false},"author":2,"featured_media":0,"parent":232345,"menu_order":64,"comment_status":"closed","ping_status":"closed","template":"","meta":{"_acf_changed":false,"inline_featured_image":false,"footnotes":""},"class_list":["post-232575","page","type-page","status-publish","hentry"],"acf":[],"publishpress_future_action":{"enabled":false,"date":"2026-04-28 11:33:41","action":"change-status","newStatus":"draft","terms":[],"taxonomy":"translation_priority","extraData":[]},"publishpress_future_workflow_manual_trigger":{"enabledWorkflows":[]},"_links":{"self":[{"href":"https:\/\/halyardhealth.eu\/de\/wp-json\/wp\/v2\/pages\/232575","targetHints":{"allow":["GET"]}}],"collection":[{"href":"https:\/\/halyardhealth.eu\/de\/wp-json\/wp\/v2\/pages"}],"about":[{"href":"https:\/\/halyardhealth.eu\/de\/wp-json\/wp\/v2\/types\/page"}],"author":[{"embeddable":true,"href":"https:\/\/halyardhealth.eu\/de\/wp-json\/wp\/v2\/users\/2"}],"replies":[{"embeddable":true,"href":"https:\/\/halyardhealth.eu\/de\/wp-json\/wp\/v2\/comments?post=232575"}],"version-history":[{"count":0,"href":"https:\/\/halyardhealth.eu\/de\/wp-json\/wp\/v2\/pages\/232575\/revisions"}],"up":[{"embeddable":true,"href":"https:\/\/halyardhealth.eu\/de\/wp-json\/wp\/v2\/pages\/232345"}],"wp:attachment":[{"href":"https:\/\/halyardhealth.eu\/de\/wp-json\/wp\/v2\/media?parent=232575"}],"curies":[{"name":"wp","href":"https:\/\/api.w.org\/{rel}","templated":true}]}}