{"id":232712,"date":"2020-08-05T19:38:31","date_gmt":"2020-08-05T17:38:31","guid":{"rendered":"https:\/\/halyarduk.wpengine.com\/fall-gesamtwert\/wissen-expertise\/"},"modified":"2025-11-18T09:40:40","modified_gmt":"2025-11-18T08:40:40","slug":"wissen-expertise","status":"publish","type":"page","link":"https:\/\/halyardhealth.eu\/de\/fall-gesamtwert\/wissen-expertise\/","title":{"rendered":"Wissen &amp; Expertise"},"content":{"rendered":"<div class=\"wpb-content-wrapper\"><p>[vc_row row_type=&#8220;bg-overlay&#8220; row_text_color=&#8220;text-light&#8220; full_width=&#8220;stretch_row&#8220; content_placement=&#8220;middle&#8220; css=&#8220;.vc_custom_1646949547857{background-image: url(https:\/\/www.halyardhealth.eu\/wp-content\/uploads\/Hero-Image-Knowledge-Experience-copy-scaled.jpg?id=5384) !important;}&#8220;][vc_column width=&#8220;1\/2&#8243;]<div class=''><h3 class='text-white  mt-4  h3  ' style='max-width: 100%; display:inline-block;' >Unser Gesamtwert<\/h3><\/div><div class=''><h1 class='text-white    display-1  ' style='max-width: 100%; display:inline-block;' >Wissen &amp; Expertise<\/h1><\/div>[vc_column_text]<\/p>\n<div>Bei Owens &amp; Minor lernen wir st\u00e4ndig dazu und erweitern unsere kollektive Wissensbasis. Wenn wir dieses Wissen teilen und<\/div>\n<div>Know-how mit unseren Kunden, wir alle lernen und wachsen.<\/div>\n<div><\/div>\n<p>[\/vc_column_text]<div class='wpb_content_element text-left btn-container'>\n  <a class='btn btn-primary   '\n    href='https:\/\/staging.halyardhealth.de\/kontakt-aufnehmen\/' target='' data-toggle=''>\n    <span>Noch Fragen? Kontakt zu einem Vertreter<\/span>\n  <\/a><\/div>\n[\/vc_column][vc_column width=&#8220;1\/2&#8243;][\/vc_column][\/vc_row][vc_row row_type=&#8220;split-row&#8220; row_text_color=&#8220;text-dark&#8220; full_width=&#8220;stretch_row_content&#8220; content_placement=&#8220;middle&#8220; css=&#8220;.vc_custom_1593696051065{background-color: #f7f7f7 !important;}&#8220;][vc_column width=&#8220;1\/2&#8243;]<div class=''><p class='text-navyblue   font-weight-bold lead  ' style='max-width: 100%; display:inline-block;' >Lernen ist wichtig, wenn es um die Pr\u00e4vention von Infektionen geht.<\/p><\/div>[\/vc_column][vc_column width=&#8220;1\/2&#8243; css=&#8220;.vc_custom_1609525390530{background-image: url(https:\/\/www.halyardhealth.eu\/wp-content\/uploads\/2020\/12\/live-presentation.jpg?id=1887) !important;}&#8220;][\/vc_column][\/vc_row][vc_section][vc_row row_text_color=&#8220;text-dark&#8220; row_padding_top=&#8220;pt-1&#8243; full_width=&#8220;stretch_row&#8220; content_placement=&#8220;middle&#8220;][vc_column column_type=&#8220;bg-solid&#8220; col_bg_color=&#8220;bg-navyblue&#8220; width=&#8220;1\/2&#8243;]<div class='text-center'><h2 class='text-brightgreen    h2  ' style='max-width: 100%; display:inline-block;' >Owens &amp; Minor ist viel mehr als ein Lieferant<\/h2><\/div>[vc_column_text]<\/p>\n<h3>Wir setzen uns daf\u00fcr ein, Sie und Ihre Mitarbeiter in die Lage zu versetzen, Infektionen im gesamten Versorgungskontinuum zu reduzieren und zu verhindern.<\/h3>\n<p>[\/vc_column_text][\/vc_column][vc_column width=&#8220;1\/2&#8243;][vc_column_text el_class=&#8220;bullets-green&#8220;]<\/p>\n<div>Von HALYARD* finanzierte Untersuchungen ergaben, dass erstaunliche 87 % der sterilisierten Instrumentenbeh\u00e4lter die Sterilit\u00e4t nicht bis zum Zeitpunkt der Verwendung aufrechterhalten, wodurch chirurgische Patienten einem Infektionsrisiko durch kontaminierte Instrumente ausgesetzt sind. (In HALYARD* Sterilisationsfolie eingewickelte Instrumente blieben in dieser Studie zu 100 % steril.)<\/div>\n<p>&nbsp;<\/p>\n<div>Unsere Forschung hat sich auch auf die Risiken einer Flusenkontamination in der Chirurgie konzentriert. Der Wechsel von gewebtem Leinen und Spunbond-Stoffen zu Polypropylen-Vorh\u00e4ngen und -M\u00e4nteln ist eine bew\u00e4hrte Methode, um dieses Risiko zu verringern.<\/div>\n<p>&nbsp;<\/p>\n<div>Indem wir SSIs aus mehreren Blickwinkeln angreifen, k\u00f6nnen wir Sie mit den Informationen und dem Fachwissen ausstatten, das Sie ben\u00f6tigen, um Infektionen in Ihrer Einrichtung zu reduzieren.<\/div>\n<p>[\/vc_column_text][\/vc_column][\/vc_row][\/vc_section][vc_row full_width=&#8220;stretch_row&#8220; el_class=&#8220;pb-0&#8243;][vc_column]<div class='text-center'><h2 class='text-navyblue    h2 ruled ' style='max-width: 100%; display:inline-block;' >Unsere Mitarbeiter zeichnen uns aus.<\/h2><\/div><div class='text-center'><h4 class='text-navyblue    h4  ' style='max-width: 100%; display:inline-block;' >Unser Team bei Owens &amp; Minor Halyard steht Ihnen als Partner zur Seite und unterst\u00fctzt Sie.<\/h4><\/div>[vc_empty_space][\/vc_column][\/vc_row][vc_row full_width=&#8220;stretch_row&#8220; el_class=&#8220;pt-0&#8243;][vc_column width=&#8220;1\/2&#8243;][vc_single_image image=&#8220;232719&#8243; img_size=&#8220;large&#8220; alignment=&#8220;center&#8220;][\/vc_column][vc_column width=&#8220;1\/2&#8243;][vc_column_text]<\/p>\n<div class=\"\">\n<ul>\n<li class=\" \">Unser Verkaufspersonal ist erfahren, im Krankenhaus ausgebildet und zertifiziert<\/li>\n<li class=\" \">Unser Personal ist fest angestellt. 30 % unseres Teams sind seit mehr als 15 Jahren bei uns.<\/li>\n<li class=\" \">Wir bieten In-Service-Schulungen und Support vor Ort<\/li>\n<li class=\" \">Unsere Mitarbeiter beteiligen sich proaktiv an Gespr\u00e4chen \u00fcber sich entwickelnde Standards.<\/li>\n<\/ul>\n<\/div>\n<p>[\/vc_column_text][\/vc_column][\/vc_row]<\/p>\n<\/div>","protected":false},"excerpt":{"rendered":"<p>[vc_row row_type=&#8220;bg-overlay&#8220; row_text_color=&#8220;text-light&#8220; full_width=&#8220;stretch_row&#8220; content_placement=&#8220;middle&#8220; css=&#8220;.vc_custom_1646949547857{background-image: url(https:\/\/www.halyardhealth.eu\/wp-content\/uploads\/Hero-Image-Knowledge-Experience-copy-scaled.jpg?id=5384) !important;}&#8220;][vc_column width=&#8220;1\/2&#8243;][vc_column_text] Bei Owens &amp; Minor lernen [&hellip;]<\/p>\n","protected":false},"author":2,"featured_media":232715,"parent":232474,"menu_order":48,"comment_status":"closed","ping_status":"closed","template":"","meta":{"_acf_changed":false,"inline_featured_image":false,"footnotes":""},"class_list":["post-232712","page","type-page","status-publish","has-post-thumbnail","hentry"],"acf":[],"publishpress_future_action":{"enabled":false,"date":"2026-04-27 12:58:57","action":"change-status","newStatus":"draft","terms":[],"taxonomy":"translation_priority","extraData":[]},"publishpress_future_workflow_manual_trigger":{"enabledWorkflows":[]},"_links":{"self":[{"href":"https:\/\/halyardhealth.eu\/de\/wp-json\/wp\/v2\/pages\/232712","targetHints":{"allow":["GET"]}}],"collection":[{"href":"https:\/\/halyardhealth.eu\/de\/wp-json\/wp\/v2\/pages"}],"about":[{"href":"https:\/\/halyardhealth.eu\/de\/wp-json\/wp\/v2\/types\/page"}],"author":[{"embeddable":true,"href":"https:\/\/halyardhealth.eu\/de\/wp-json\/wp\/v2\/users\/2"}],"replies":[{"embeddable":true,"href":"https:\/\/halyardhealth.eu\/de\/wp-json\/wp\/v2\/comments?post=232712"}],"version-history":[{"count":0,"href":"https:\/\/halyardhealth.eu\/de\/wp-json\/wp\/v2\/pages\/232712\/revisions"}],"up":[{"embeddable":true,"href":"https:\/\/halyardhealth.eu\/de\/wp-json\/wp\/v2\/pages\/232474"}],"wp:featuredmedia":[{"embeddable":true,"href":"https:\/\/halyardhealth.eu\/de\/wp-json\/wp\/v2\/media\/232715"}],"wp:attachment":[{"href":"https:\/\/halyardhealth.eu\/de\/wp-json\/wp\/v2\/media?parent=232712"}],"curies":[{"name":"wp","href":"https:\/\/api.w.org\/{rel}","templated":true}]}}