{"id":232982,"date":"2020-06-24T19:31:10","date_gmt":"2020-06-24T17:31:10","guid":{"rendered":"https:\/\/halyarduk.wpengine.com\/loesungen\/"},"modified":"2025-11-18T09:40:52","modified_gmt":"2025-11-18T08:40:52","slug":"loesungen","status":"publish","type":"page","link":"https:\/\/halyardhealth.eu\/de\/loesungen\/","title":{"rendered":"L\u00f6sungen"},"content":{"rendered":"<div class=\"wpb-content-wrapper\"><p>[vc_row row_type=&#8220;page-hero&#8220; hero_size=&#8220;medium&#8220; full_width=&#8220;stretch_row&#8220; content_placement=&#8220;middle&#8220; css=&#8220;.vc_custom_1608314417360{background-image: url(https:\/\/www.halyardhealth.eu\/wp-content\/uploads\/Hero-Image-Solutions-copy-scaled.jpg?id=5385) !important;background-position: center !important;background-repeat: no-repeat !important;background-size: cover !important;}&#8220;][vc_column]<div class='text-center'><h1 class='split-whitegreen    display-1  ' style='max-width: 100%; display:inline-block;' >L\u00f6sungen f\u00fcr<br \/>\ndie Herausforderungen von heute<\/h1><\/div>[\/vc_column][\/vc_row][vc_row full_width=&#8220;stretch_row&#8220; css=&#8220;.vc_custom_1593550941636{background-position: 0 0 !important;background-repeat: no-repeat !important;}&#8220;][vc_column][vc_column_text]    <div class=\"d-flex justify-content-between align-items-center mb-0 mb-md-3\">\n      <h2 class=\"ruled\">Ausgew\u00e4hlte L\u00f6sungen<\/h2>\n              <a class=\"d-none d-md-block btn btn-primary\" href=\"https:\/\/halyardhealth.eu\/solutions\/\">See All Solutions<\/a>\n          <\/div>\n\n\n<div class=\"solutions-slider\">\n    <div>\n\n    <div class=\"image-card lazyload\" style=\"background-image:inherit\" data-bg-image=\"url(&#039;https:\/\/halyardhealth.eu\/wp-content\/uploads\/Cleanroom.png&#039;)\">\n      <a class=\"full-link\" href=\"https:\/\/halyardhealth.eu\/de\/kontrollierte-umgebung\/\" aria-labelledby=\"label-69e369de63083\" aria-describedby=\"description-69e369de63083\"><\/a>\n      <div class=\"card-content\">\n        <div class=\"card-type\">\n                  <\/div>\n        <h3 class=\"card-title\" id=\"description-69e369de63083\">Kontrollierte Umgebung<\/h3>\n        <div class=\"card-description\">[vc_row row_type=&#8220;page-hero&#8220; row_text_color=&#8220;text-light&#8220; full_width=&#8220;stretch_row&#8220; content_placement=&#8220;middle&#8220; css=&#8220;.vc_custom_1640254713959{background-image: url(https:\/\/www.halyardhealth.com\/wp-content\/uploads\/purezero-clearnroom-gloves-hdr.jpg?id=205503) !important;}&#8220;][vc_column][vc_column_text] HALYARD* bietet ein beschleunigerfreies1-Portfolio aus drei [&hellip;]<\/div>\n      <\/div>\n      <div class=\"read-more-link\">\n        <span class=\"link-text-auto-hide\" id=\"label-69e369de63083\">READ MORE<\/span>&nbsp;<i class=\"fas fa-arrow-right\" aria-hidden=\"true\"><\/i>\n      <\/div>\n\n    <\/div>\n  <\/div>\n    <div>\n\n    <div class=\"image-card lazyload\" style=\"background-image:inherit\" data-bg-image=\"url(&#039;https:\/\/halyardhealth.eu\/wp-content\/uploads\/2020\/08\/OR-Delay-1-1024x614.jpg&#039;)\">\n      <a class=\"full-link\" href=\"https:\/\/halyardhealth.eu\/de\/effizienz-im-operationssaal\/\" aria-labelledby=\"label-69e369de64a19\" aria-describedby=\"description-69e369de64a19\"><\/a>\n      <div class=\"card-content\">\n        <div class=\"card-type\">\n                  <\/div>\n        <h3 class=\"card-title\" id=\"description-69e369de64a19\">Effizienz im Operationssaal<\/h3>\n        <div class=\"card-description\">Im heutigen wertbasierten Erstattungsmodell ist das Verst\u00e4ndnis und die Minderung von \u201eKostenlecks\u201c in Ihrem OP ein ertragreicher Ausgangspunkt f\u00fcr die...<\/div>\n      <\/div>\n      <div class=\"read-more-link\">\n        <span class=\"link-text-auto-hide\" id=\"label-69e369de64a19\">READ MORE<\/span>&nbsp;<i class=\"fas fa-arrow-right\" aria-hidden=\"true\"><\/i>\n      <\/div>\n\n    <\/div>\n  <\/div>\n    <div>\n\n    <div class=\"image-card lazyload\" style=\"background-image:inherit\" data-bg-image=\"url(&#039;https:\/\/halyardhealth.eu\/wp-content\/uploads\/PPE-Preparedness-hero-image.png&#039;)\">\n      <a class=\"full-link\" href=\"https:\/\/halyardhealth.eu\/de\/pandemievorsorge\/\" aria-labelledby=\"label-69e369de659e5\" aria-describedby=\"description-69e369de659e5\"><\/a>\n      <div class=\"card-content\">\n        <div class=\"card-type\">\n                  <\/div>\n        <h3 class=\"card-title\" id=\"description-69e369de659e5\">Vorbereitung auf eine Pandemie<\/h3>\n        <div class=\"card-description\">Die COVID-19-Pandemie wird nicht der letzte Ausbruch sein, dem sich Ihr Krankenhaus stellen muss. Halyard h\u00e4lt Pandemievorr\u00e4te von in Amerika...<\/div>\n      <\/div>\n      <div class=\"read-more-link\">\n        <span class=\"link-text-auto-hide\" id=\"label-69e369de659e5\">READ MORE<\/span>&nbsp;<i class=\"fas fa-arrow-right\" aria-hidden=\"true\"><\/i>\n      <\/div>\n\n    <\/div>\n  <\/div>\n    <div>\n\n    <div class=\"image-card lazyload\" style=\"background-image:inherit\" data-bg-image=\"url(&#039;https:\/\/halyardhealth.eu\/wp-content\/uploads\/om2023_esg-report-thumb-1024x622.png&#039;)\">\n      <a class=\"full-link\" href=\"https:\/\/halyardhealth.eu\/de\/?page_id=232227\" aria-labelledby=\"label-69e369de67343\" aria-describedby=\"description-69e369de67343\"><\/a>\n      <div class=\"card-content\">\n        <div class=\"card-type\">\n                  <\/div>\n        <h3 class=\"card-title\" id=\"description-69e369de67343\">Privat: Umwelt-, Sozial- und Governance-Bericht<\/h3>\n        <div class=\"card-description\">5,9 Millionen Tonnen Abfall werden jedes Jahr allein in den USA von mehr als 5000 Krankenh\u00e4usern erzeugt. Mit Blue Renew...<\/div>\n      <\/div>\n      <div class=\"read-more-link\">\n        <span class=\"link-text-auto-hide\" id=\"label-69e369de67343\">READ MORE<\/span>&nbsp;<i class=\"fas fa-arrow-right\" aria-hidden=\"true\"><\/i>\n      <\/div>\n\n    <\/div>\n  <\/div>\n    <div>\n\n    <div class=\"image-card lazyload\" style=\"background-image:inherit\" data-bg-image=\"url(&#039;https:\/\/halyardhealth.eu\/wp-content\/uploads\/chemotherapy-protection-1-1024x640.jpg&#039;)\">\n      <a class=\"full-link\" href=\"https:\/\/halyardhealth.eu\/de\/?page_id=232817\" aria-labelledby=\"label-69e369de67e4e\" aria-describedby=\"description-69e369de67e4e\"><\/a>\n      <div class=\"card-content\">\n        <div class=\"card-type\">\n                  <\/div>\n        <h3 class=\"card-title\" id=\"description-69e369de67e4e\">Privat: Chemotherapie-Schutz<\/h3>\n        <div class=\"card-description\">Die Exposition gegen\u00fcber gef\u00e4hrlichen Chemotherapeutika erh\u00f6ht das Risiko von Chromosomensch\u00e4den, unerw\u00fcnschten reproduktiven Ergebnissen und Krebs f\u00fcr das medizinische Personal. Mit...<\/div>\n      <\/div>\n      <div class=\"read-more-link\">\n        <span class=\"link-text-auto-hide\" id=\"label-69e369de67e4e\">READ MORE<\/span>&nbsp;<i class=\"fas fa-arrow-right\" aria-hidden=\"true\"><\/i>\n      <\/div>\n\n    <\/div>\n  <\/div>\n    <div>\n\n    <div class=\"image-card lazyload\" style=\"background-image:inherit\" data-bg-image=\"url(&#039;https:\/\/halyardhealth.eu\/wp-content\/uploads\/centrile-sterile-processing-1024x864.jpg&#039;)\">\n      <a class=\"full-link\" href=\"https:\/\/halyardhealth.eu\/de\/loesungen\/klinische-loesungen\/zentrale-sterile-aufbereitung\/\" aria-labelledby=\"label-69e369de6900e\" aria-describedby=\"description-69e369de6900e\"><\/a>\n      <div class=\"card-content\">\n        <div class=\"card-type\">\n                  <\/div>\n        <h3 class=\"card-title\" id=\"description-69e369de6900e\">Zentrale sterile Aufbereitung<\/h3>\n        <div class=\"card-description\">Finden Sie heraus, wie der ganzheitliche Ansatz von Halyard von der Zentralsterilisation bis zum Operationssaal dazu beitragen kann, Kosten zu...<\/div>\n      <\/div>\n      <div class=\"read-more-link\">\n        <span class=\"link-text-auto-hide\" id=\"label-69e369de6900e\">READ MORE<\/span>&nbsp;<i class=\"fas fa-arrow-right\" aria-hidden=\"true\"><\/i>\n      <\/div>\n\n    <\/div>\n  <\/div>\n    <div>\n\n    <div class=\"image-card lazyload\" style=\"background-image:inherit\" data-bg-image=\"url(&#039;https:\/\/halyardhealth.eu\/wp-content\/uploads\/2020\/11\/Bedside-Nurse-Website-Image-1280px-1024x489.jpg&#039;)\">\n      <a class=\"full-link\" href=\"https:\/\/halyardhealth.eu\/de\/loesungen\/klinische-loesungen\/personalschutz\/\" aria-labelledby=\"label-69e369de6a374\" aria-describedby=\"description-69e369de6a374\"><\/a>\n      <div class=\"card-content\">\n        <div class=\"card-type\">\n                  <\/div>\n        <h3 class=\"card-title\" id=\"description-69e369de6a374\">Personalschutz<\/h3>\n        <div class=\"card-description\">Leitf\u00e4den und Produkte zur pers\u00f6nlichen Schutzausr\u00fcstung f\u00fcr Mitarbeiter an vorderster Front, um das Infektionsrisiko zu verringern. Erfahren Sie, wie HALYARD...<\/div>\n      <\/div>\n      <div class=\"read-more-link\">\n        <span class=\"link-text-auto-hide\" id=\"label-69e369de6a374\">READ MORE<\/span>&nbsp;<i class=\"fas fa-arrow-right\" aria-hidden=\"true\"><\/i>\n      <\/div>\n\n    <\/div>\n  <\/div>\n  <\/div>\n  <a class=\"d-block d-md-none my-3 btn btn-primary\" href=\"https:\/\/halyardhealth.eu\/solutions\/\">See All Solutions<\/a>\n\n[\/vc_column_text][\/vc_column][\/vc_row][vc_row full_width=&#8220;stretch_row&#8220; css=&#8220;.vc_custom_1593546690364{background-color: #f7f7f7 !important;}&#8220;][vc_column][vc_column_text]    <div class=\"d-flex justify-content-between align-items-center mb-0 mb-md-3\">\n      <h2 class=\"ruled\">Alle L\u00f6sungen<\/h2>\n              <a class=\"d-none d-md-block btn btn-primary\" href=\"https:\/\/halyardhealth.eu\/solutions\/\">See All Solutions<\/a>\n          <\/div>\n\n\n<div class=\"solutions-slider\">\n    <div>\n\n    <div class=\"image-card lazyload\" style=\"background-image:inherit\" data-bg-image=\"url(&#039;https:\/\/halyardhealth.eu\/wp-content\/uploads\/Cleanroom.png&#039;)\">\n      <a class=\"full-link\" href=\"https:\/\/halyardhealth.eu\/de\/kontrollierte-umgebung\/\" aria-labelledby=\"label-69e369de6b44e\" aria-describedby=\"description-69e369de6b44e\"><\/a>\n      <div class=\"card-content\">\n        <div class=\"card-type\">\n                  <\/div>\n        <h3 class=\"card-title\" id=\"description-69e369de6b44e\">Kontrollierte Umgebung<\/h3>\n        <div class=\"card-description\">[vc_row row_type=&#8220;page-hero&#8220; row_text_color=&#8220;text-light&#8220; full_width=&#8220;stretch_row&#8220; content_placement=&#8220;middle&#8220; css=&#8220;.vc_custom_1640254713959{background-image: url(https:\/\/www.halyardhealth.com\/wp-content\/uploads\/purezero-clearnroom-gloves-hdr.jpg?id=205503) !important;}&#8220;][vc_column][vc_column_text] HALYARD* bietet ein beschleunigerfreies1-Portfolio aus drei [&hellip;]<\/div>\n      <\/div>\n      <div class=\"read-more-link\">\n        <span class=\"link-text-auto-hide\" id=\"label-69e369de6b44e\">READ MORE<\/span>&nbsp;<i class=\"fas fa-arrow-right\" aria-hidden=\"true\"><\/i>\n      <\/div>\n\n    <\/div>\n  <\/div>\n    <div>\n\n    <div class=\"image-card lazyload\" style=\"background-image:inherit\" data-bg-image=\"url(&#039;https:\/\/halyardhealth.eu\/wp-content\/uploads\/2020\/08\/OR-Delay-1-1024x614.jpg&#039;)\">\n      <a class=\"full-link\" href=\"https:\/\/halyardhealth.eu\/de\/effizienz-im-operationssaal\/\" aria-labelledby=\"label-69e369de6bfa2\" aria-describedby=\"description-69e369de6bfa2\"><\/a>\n      <div class=\"card-content\">\n        <div class=\"card-type\">\n                  <\/div>\n        <h3 class=\"card-title\" id=\"description-69e369de6bfa2\">Effizienz im Operationssaal<\/h3>\n        <div class=\"card-description\">Im heutigen wertbasierten Erstattungsmodell ist das Verst\u00e4ndnis und die Minderung von \u201eKostenlecks\u201c in Ihrem OP ein ertragreicher Ausgangspunkt f\u00fcr die...<\/div>\n      <\/div>\n      <div class=\"read-more-link\">\n        <span class=\"link-text-auto-hide\" id=\"label-69e369de6bfa2\">READ MORE<\/span>&nbsp;<i class=\"fas fa-arrow-right\" aria-hidden=\"true\"><\/i>\n      <\/div>\n\n    <\/div>\n  <\/div>\n    <div>\n\n    <div class=\"image-card lazyload\" style=\"background-image:inherit\" data-bg-image=\"url(&#039;https:\/\/halyardhealth.eu\/wp-content\/uploads\/PPE-Preparedness-hero-image.png&#039;)\">\n      <a class=\"full-link\" href=\"https:\/\/halyardhealth.eu\/de\/pandemievorsorge\/\" aria-labelledby=\"label-69e369de6c3d6\" aria-describedby=\"description-69e369de6c3d6\"><\/a>\n      <div class=\"card-content\">\n        <div class=\"card-type\">\n                  <\/div>\n        <h3 class=\"card-title\" id=\"description-69e369de6c3d6\">Vorbereitung auf eine Pandemie<\/h3>\n        <div class=\"card-description\">Die COVID-19-Pandemie wird nicht der letzte Ausbruch sein, dem sich Ihr Krankenhaus stellen muss. Halyard h\u00e4lt Pandemievorr\u00e4te von in Amerika...<\/div>\n      <\/div>\n      <div class=\"read-more-link\">\n        <span class=\"link-text-auto-hide\" id=\"label-69e369de6c3d6\">READ MORE<\/span>&nbsp;<i class=\"fas fa-arrow-right\" aria-hidden=\"true\"><\/i>\n      <\/div>\n\n    <\/div>\n  <\/div>\n    <div>\n\n    <div class=\"image-card lazyload\" style=\"background-image:inherit\" data-bg-image=\"url(&#039;https:\/\/halyardhealth.eu\/wp-content\/uploads\/om2023_esg-report-thumb-1024x622.png&#039;)\">\n      <a class=\"full-link\" href=\"https:\/\/halyardhealth.eu\/de\/?page_id=232227\" aria-labelledby=\"label-69e369de6c72c\" aria-describedby=\"description-69e369de6c72c\"><\/a>\n      <div class=\"card-content\">\n        <div class=\"card-type\">\n                  <\/div>\n        <h3 class=\"card-title\" id=\"description-69e369de6c72c\">Privat: Umwelt-, Sozial- und Governance-Bericht<\/h3>\n        <div class=\"card-description\">5,9 Millionen Tonnen Abfall werden jedes Jahr allein in den USA von mehr als 5000 Krankenh\u00e4usern erzeugt. Mit Blue Renew...<\/div>\n      <\/div>\n      <div class=\"read-more-link\">\n        <span class=\"link-text-auto-hide\" id=\"label-69e369de6c72c\">READ MORE<\/span>&nbsp;<i class=\"fas fa-arrow-right\" aria-hidden=\"true\"><\/i>\n      <\/div>\n\n    <\/div>\n  <\/div>\n    <div>\n\n    <div class=\"image-card lazyload\" style=\"background-image:inherit\" data-bg-image=\"url(&#039;https:\/\/halyardhealth.eu\/wp-content\/uploads\/chemotherapy-protection-1-1024x640.jpg&#039;)\">\n      <a class=\"full-link\" href=\"https:\/\/halyardhealth.eu\/de\/?page_id=232817\" aria-labelledby=\"label-69e369de6cad1\" aria-describedby=\"description-69e369de6cad1\"><\/a>\n      <div class=\"card-content\">\n        <div class=\"card-type\">\n                  <\/div>\n        <h3 class=\"card-title\" id=\"description-69e369de6cad1\">Privat: Chemotherapie-Schutz<\/h3>\n        <div class=\"card-description\">Die Exposition gegen\u00fcber gef\u00e4hrlichen Chemotherapeutika erh\u00f6ht das Risiko von Chromosomensch\u00e4den, unerw\u00fcnschten reproduktiven Ergebnissen und Krebs f\u00fcr das medizinische Personal. Mit...<\/div>\n      <\/div>\n      <div class=\"read-more-link\">\n        <span class=\"link-text-auto-hide\" id=\"label-69e369de6cad1\">READ MORE<\/span>&nbsp;<i class=\"fas fa-arrow-right\" aria-hidden=\"true\"><\/i>\n      <\/div>\n\n    <\/div>\n  <\/div>\n    <div>\n\n    <div class=\"image-card lazyload\" style=\"background-image:inherit\" data-bg-image=\"url(&#039;https:\/\/halyardhealth.eu\/wp-content\/uploads\/centrile-sterile-processing-1024x864.jpg&#039;)\">\n      <a class=\"full-link\" href=\"https:\/\/halyardhealth.eu\/de\/loesungen\/klinische-loesungen\/zentrale-sterile-aufbereitung\/\" aria-labelledby=\"label-69e369de6cecc\" aria-describedby=\"description-69e369de6cecc\"><\/a>\n      <div class=\"card-content\">\n        <div class=\"card-type\">\n                  <\/div>\n        <h3 class=\"card-title\" id=\"description-69e369de6cecc\">Zentrale sterile Aufbereitung<\/h3>\n        <div class=\"card-description\">Finden Sie heraus, wie der ganzheitliche Ansatz von Halyard von der Zentralsterilisation bis zum Operationssaal dazu beitragen kann, Kosten zu...<\/div>\n      <\/div>\n      <div class=\"read-more-link\">\n        <span class=\"link-text-auto-hide\" id=\"label-69e369de6cecc\">READ MORE<\/span>&nbsp;<i class=\"fas fa-arrow-right\" aria-hidden=\"true\"><\/i>\n      <\/div>\n\n    <\/div>\n  <\/div>\n    <div>\n\n    <div class=\"image-card lazyload\" style=\"background-image:inherit\" data-bg-image=\"url(&#039;https:\/\/halyardhealth.eu\/wp-content\/uploads\/2020\/11\/Bedside-Nurse-Website-Image-1280px-1024x489.jpg&#039;)\">\n      <a class=\"full-link\" href=\"https:\/\/halyardhealth.eu\/de\/loesungen\/klinische-loesungen\/personalschutz\/\" aria-labelledby=\"label-69e369de6d2ba\" aria-describedby=\"description-69e369de6d2ba\"><\/a>\n      <div class=\"card-content\">\n        <div class=\"card-type\">\n                  <\/div>\n        <h3 class=\"card-title\" id=\"description-69e369de6d2ba\">Personalschutz<\/h3>\n        <div class=\"card-description\">Leitf\u00e4den und Produkte zur pers\u00f6nlichen Schutzausr\u00fcstung f\u00fcr Mitarbeiter an vorderster Front, um das Infektionsrisiko zu verringern. Erfahren Sie, wie HALYARD...<\/div>\n      <\/div>\n      <div class=\"read-more-link\">\n        <span class=\"link-text-auto-hide\" id=\"label-69e369de6d2ba\">READ MORE<\/span>&nbsp;<i class=\"fas fa-arrow-right\" aria-hidden=\"true\"><\/i>\n      <\/div>\n\n    <\/div>\n  <\/div>\n  <\/div>\n  <a class=\"d-block d-md-none my-3 btn btn-primary\" href=\"https:\/\/halyardhealth.eu\/solutions\/\">See All Solutions<\/a>\n\n[\/vc_column_text][\/vc_column][\/vc_row][vc_row row_type=&#8220;bg-overlay&#8220; row_text_color=&#8220;text-light&#8220; full_width=&#8220;stretch_row&#8220; content_placement=&#8220;middle&#8220; css=&#8220;.vc_custom_1593688269292{background-image: url(https:\/\/www.halyardhealth.eu\/wp-content\/uploads\/2020\/07\/HYH_83403926_20_HCW.png?id=133) !important;}&#8220;][vc_column width=&#8220;1\/6&#8243;][\/vc_column][vc_column width=&#8220;1\/6&#8243;][\/vc_column][\/vc_row]<\/p>\n<\/div>","protected":false},"excerpt":{"rendered":"<p>[vc_row row_type=&#8220;page-hero&#8220; hero_size=&#8220;medium&#8220; full_width=&#8220;stretch_row&#8220; content_placement=&#8220;middle&#8220; css=&#8220;.vc_custom_1608314417360{background-image: url(https:\/\/www.halyardhealth.eu\/wp-content\/uploads\/Hero-Image-Solutions-copy-scaled.jpg?id=5385) !important;background-position: center !important;background-repeat: no-repeat !important;background-size: cover !important;}&#8220;][vc_column][\/vc_column][\/vc_row][vc_row [&hellip;]<\/p>\n","protected":false},"author":2,"featured_media":0,"parent":0,"menu_order":72,"comment_status":"closed","ping_status":"closed","template":"","meta":{"_acf_changed":false,"inline_featured_image":false,"footnotes":""},"class_list":["post-232982","page","type-page","status-publish","hentry"],"acf":[],"publishpress_future_action":{"enabled":false,"date":"2026-04-25 13:24:14","action":"change-status","newStatus":"draft","terms":[],"taxonomy":"translation_priority","extraData":[]},"publishpress_future_workflow_manual_trigger":{"enabledWorkflows":[]},"_links":{"self":[{"href":"https:\/\/halyardhealth.eu\/de\/wp-json\/wp\/v2\/pages\/232982","targetHints":{"allow":["GET"]}}],"collection":[{"href":"https:\/\/halyardhealth.eu\/de\/wp-json\/wp\/v2\/pages"}],"about":[{"href":"https:\/\/halyardhealth.eu\/de\/wp-json\/wp\/v2\/types\/page"}],"author":[{"embeddable":true,"href":"https:\/\/halyardhealth.eu\/de\/wp-json\/wp\/v2\/users\/2"}],"replies":[{"embeddable":true,"href":"https:\/\/halyardhealth.eu\/de\/wp-json\/wp\/v2\/comments?post=232982"}],"version-history":[{"count":0,"href":"https:\/\/halyardhealth.eu\/de\/wp-json\/wp\/v2\/pages\/232982\/revisions"}],"wp:attachment":[{"href":"https:\/\/halyardhealth.eu\/de\/wp-json\/wp\/v2\/media?parent=232982"}],"curies":[{"name":"wp","href":"https:\/\/api.w.org\/{rel}","templated":true}]}}