{"id":233285,"date":"2020-11-23T14:13:15","date_gmt":"2020-11-23T13:13:15","guid":{"rendered":"https:\/\/halyarduk.wpengine.com\/loesungen\/lieferungsketten-loesungen\/"},"modified":"2025-11-18T09:40:30","modified_gmt":"2025-11-18T08:40:30","slug":"lieferungsketten-loesungen","status":"publish","type":"page","link":"https:\/\/halyardhealth.eu\/de\/loesungen\/lieferungsketten-loesungen\/","title":{"rendered":"Lieferungsketten-L\u00f6sungen"},"content":{"rendered":"<div class=\"wpb-content-wrapper\"><p>[vc_row row_type=&#8220;page-hero&#8220; full_width=&#8220;stretch_row&#8220; content_placement=&#8220;middle&#8220; css=&#8220;.vc_custom_1611325724085{background-image: url(https:\/\/www.halyardhealth.eu\/wp-content\/uploads\/om-halyard-supply-chain.jpg?id=5602) !important;background-position: center !important;background-repeat: no-repeat !important;background-size: cover !important;}&#8220;][vc_column width=&#8220;2\/3&#8243;]<div class=''><h1 class='text-white    display-1  ' style='max-width: 100%; display:inline-block;' >Optimieren Sie<br \/>\nIhre Lieferkette im Krankenhaus<br \/>\n<\/h1><\/div><div class=''><p class='text-white    lead  ' style='max-width: 100%; display:inline-block;' >Die Reduzierung der Kosten und die Steigerung der Effizienz Ihrer Krankenhausversorgungskette sind unerl\u00e4sslich, um eine qualitativ hochwertige, patientenorientierte Versorgung zu gew\u00e4hrleisten. Sehen Sie, wie HALYARD* helfen kann.<\/p><\/div><div class='wpb_content_element text-left btn-container'>\n  <a class='btn btn-primary   '\n    href='https:\/\/halyardhealth.eu\/de\/kontakt-aufnehmen\/' target='' data-toggle=''>\n    <span>Questions? Contact a Rep<\/span>\n  <\/a><\/div>\n[\/vc_column][vc_column width=&#8220;1\/3&#8243;][\/vc_column][\/vc_row][vc_section][vc_row row_padding_bottom=&#8220;pb-3&#8243; full_width=&#8220;stretch_row&#8220;][vc_column width=&#8220;1\/6&#8243;][\/vc_column][vc_column width=&#8220;2\/3&#8243;]<div class='text-center'><h2 class='     ruled ' style='max-width: 100%; display:inline-block;' >Sicherstellung der Ressourcen, die Ihre Mitarbeiter im Gesundheitswesen ben\u00f6tigen, um ihre Arbeit zu erledigen<\/h2><\/div>[vc_column_text]<\/p>\n<p style=\"text-align: center;\">Die Steigerung der Effizienz und die Senkung der Kosten in den Lieferketten von Krankenh\u00e4usern erm\u00f6glichen es den Mitarbeitern des Gesundheitswesens, mehr Zeit mit den Patienten zu verbringen und eine qualitativ hochwertigere Versorgung zu leisten. Die richtigen Lieferkettenstrategien und Produktauswahl werden immer wichtiger, um Ressourcen zu maximieren, Verz\u00f6gerungen zu reduzieren und die Rentabilit\u00e4t zu verbessern.<\/p>\n<p style=\"text-align: center;\"><strong>Mit HALYARD* Supply Chain Solutions erhalten Sie die richtigen Produkte zur richtigen Zeit.<\/strong><\/p>\n<p>[\/vc_column_text][\/vc_column][vc_column width=&#8220;1\/6&#8243;][\/vc_column][\/vc_row][vc_row][vc_column width=&#8220;1\/3&#8243;]<div class=\"product-card\">\n  <a class=\"full-link\"  href='\/solutions\/health-care-supply-chain\/or-efficiency\/' target='' aria-labelledby=\"label-69eb7363bca85\" aria-describedby=\"description-69eb7363bca85\"><span class=\"sr-only\" id=\"description-69eb7363bca85\">Effizienz im Operationssaal<\/span><\/a>\n  <div class=\"card-img lazyload\" style=\"background-image:inherit;\" data-bg-image=\"url(https:\/\/halyardhealth.eu\/wp-content\/uploads\/2020\/08\/OR-Delay-1.jpg)\">\n    <span class=\"sr-only\" role=\"img\" aria-label=\"Effizienz im Operationssaal thumbnail\"> <\/span>\n\n  <\/div>\n  <div class=\"card-content\">\n    <h3 class=\"card-title\">Effizienz im Operationssaal<\/h3>\n    <div class=\"card-description\">\n      Der Operationssaal bietet den Krankenh\u00e4usern zahlreiche M\u00f6glichkeiten f\u00fcr Kosteneinsparungen. Sehen Sie, wie Halyard helfen kann.    <\/div>\n  <\/div>\n  <div class=\"read-more-link text-uppercase\">\n    <span class=\"auto-hide-text\" id=\"label-69eb7363bca85\">Learn More<\/span><i class=\"fas fa-arrow-right\" aria-hidden=\"true\"><\/i>\n  <\/div>\n<\/div>\n[\/vc_column][vc_column width=&#8220;1\/3&#8243;]<div class=\"product-card\">\n  <a class=\"full-link\"  href='\/solutions\/health-care-supply-chain\/pandemic-preparedness\/' target='' aria-labelledby=\"label-69eb7363bd2b6\" aria-describedby=\"description-69eb7363bd2b6\"><span class=\"sr-only\" id=\"description-69eb7363bd2b6\">Vorbereitung auf eine Pandemie<\/span><\/a>\n  <div class=\"card-img lazyload\" style=\"background-image:inherit;\" data-bg-image=\"url(https:\/\/halyardhealth.eu\/wp-content\/uploads\/2020\/11\/106495168-1587230386433gettyimages-1219387859.jpeg)\">\n    <span class=\"sr-only\" role=\"img\" aria-label=\"Vorbereitung auf eine Pandemie thumbnail\"> <\/span>\n\n  <\/div>\n  <div class=\"card-content\">\n    <h3 class=\"card-title\">Vorbereitung auf eine Pandemie<\/h3>\n    <div class=\"card-description\">\n      Unser amerikanischer Produktionsstandort tr\u00e4gt dazu bei, die zuverl\u00e4ssige Versorgung mit wichtiger PSA auch in Krisenzeiten zu gew\u00e4hrleisten.    <\/div>\n  <\/div>\n  <div class=\"read-more-link text-uppercase\">\n    <span class=\"auto-hide-text\" id=\"label-69eb7363bd2b6\">Learn More<\/span><i class=\"fas fa-arrow-right\" aria-hidden=\"true\"><\/i>\n  <\/div>\n<\/div>\n[\/vc_column][vc_column width=&#8220;1\/3&#8243;]<div class=\"product-card\">\n  <a class=\"full-link\"  href='\/solutions\/health-care-supply-chain\/sustainability\/' target='' aria-labelledby=\"label-69eb7363bd7c3\" aria-describedby=\"description-69eb7363bd7c3\"><span class=\"sr-only\" id=\"description-69eb7363bd7c3\">Nachhaltigkeit<\/span><\/a>\n  <div class=\"card-img lazyload\" style=\"background-image:inherit;\" data-bg-image=\"url(https:\/\/halyardhealth.eu\/wp-content\/uploads\/Belintra_Shelves_1280.jpg)\">\n    <span class=\"sr-only\" role=\"img\" aria-label=\"Nachhaltigkeit thumbnail\"> <\/span>\n\n  <\/div>\n  <div class=\"card-content\">\n    <h3 class=\"card-title\">Nachhaltigkeit<\/h3>\n    <div class=\"card-description\">\n      Medizinische Einrichtungen in den Vereinigten Staaten recyceln ihre gebrauchten, sauberen HALYARD* WRAP. Sehen Sie, wie Halyard Ihnen helfen kann, Ihre Nachhaltigkeitsziele mit BLUE RENEW* zu erreichen.    <\/div>\n  <\/div>\n  <div class=\"read-more-link text-uppercase\">\n    <span class=\"auto-hide-text\" id=\"label-69eb7363bd7c3\">Learn More<\/span><i class=\"fas fa-arrow-right\" aria-hidden=\"true\"><\/i>\n  <\/div>\n<\/div>\n[\/vc_column][\/vc_row][\/vc_section][vc_row row_type=&#8220;split-row&#8220; full_width=&#8220;stretch_row_content&#8220; content_placement=&#8220;middle&#8220;][vc_column column_type=&#8220;bg-solid&#8220; col_bg_color=&#8220;bg-navyblue&#8220; width=&#8220;1\/2&#8243; col_padding_left=&#8220;pl-0&#8243; col_padding_right=&#8220;pr-0&#8243; css=&#8220;.vc_custom_1611326376934{background-image: url(https:\/\/www.halyardhealth.eu\/wp-content\/uploads\/om-halyard-sales-team.jpg?id=5605) !important;}&#8220;]<div class='text-center'><p class='text-navyblue  mt-4  h3  ' style='max-width: 100%; display:inline-block;' >Erfahren, krankenhausgeschult und qualifiziert<\/p><\/div><div class='text-center'><h2 class='text-navyblue    display-1  ' style='max-width: 100%; display:inline-block;' >15 Jahre<\/h2><\/div><div class='text-center'><h5 class='text-navyblue      ' style='max-width: 100%; display:inline-block;' >30 % des Verkaufsteams von Owens &amp; Minor Global Products sind seit mehr als 15 Jahren im Unternehmen t\u00e4tig.<\/h5><\/div><div class='wpb_content_element text-center btn-container'>\n  <a class='btn btn-secondary   '\n    href='https:\/\/www.halyardhealth.eu\/contact-a-sales-rep\/' target='_blank' data-toggle=''>\n    <span>Contact A Sales Rep<\/span>\n  <\/a><\/div>\n[\/vc_column][vc_column width=&#8220;1\/2&#8243; el_class=&#8220;bg-lightgray&#8220;]<div class='text-center'><h2 class='     ruled ' style='max-width: 100%; display:inline-block;' >Produkte<\/h2><\/div><div class='text-center'><p class='text-navyblue    lead  ' style='max-width: 100%; display:inline-block;' >Mit mehr als 5.000 Produkten von Halyard, MediChoice und Medical Action bietet Owens &amp; Minor Global Products die Verbrauchsmaterialien und Dienstleistungen, die Sie ben\u00f6tigen, um Ihr Personal zu sch\u00fctzen und Ihren Betrieb effizient zu f\u00fchren.<\/p><\/div><div class='wpb_content_element text-center btn-container'>\n  <a class='btn btn-primary   '\n    href='https:\/\/products.halyardhealth.com\/' target='_blank' data-toggle=''>\n    <span>View Product Catalog<\/span>\n  <\/a><\/div>\n[\/vc_column][\/vc_row][vc_row full_width=&#8220;stretch_row&#8220;][vc_column width=&#8220;2\/3&#8243;]<div class=''><h2 class='     ruled ' style='max-width: 100%; display:inline-block;' >Neueste Artikel und Ressourcen<\/h2><\/div><div class=\"links-list post-list\">\n    <div class=\"post-list-item\">\n      <a class=\"full-link\" href=\"\/articles\/supply-chain\/dig-deeper-into-your-gpo-relationship\/\" target=\"\"><\/a>\n      <div class=\"py-2\">\n        <div class=\"post-title h3 mb-0\">Dig Deeper Into Your GPO Relationship: 8 Tips To Maximize Your Contract<\/div>\n      <\/div>\n      <div class=\"read-more-link\">\n        <i class=\"fas fa-arrow-right\" aria-hidden=\"true\"><\/i>\n      <\/div>\n    <\/div>\n\n  \n    <div class=\"post-list-item\">\n      <a class=\"full-link\" href=\"\/articles\/or-efficiency\/how-to-operate-a-more-profitable-or\/\" target=\"\"><\/a>\n      <div class=\"py-2\">\n        <div class=\"post-title h3 mb-0\">How to Operate a More Profitable O.R.<\/div>\n      <\/div>\n      <div class=\"read-more-link\">\n        <i class=\"fas fa-arrow-right\" aria-hidden=\"true\"><\/i>\n      <\/div>\n    <\/div>\n\n  <\/div>[\/vc_column][vc_column width=&#8220;1\/3&#8243;]<div class=\"image-link-card\">\n  <a class=\"full-link\" href=\"https:\/\/www.cdc.gov\/cpr\/readiness\/healthcare\/SupplyChainDisasterPreparednessManual.htm\" target=\"_blank\"><\/a>\n  <div class=\"card-image lazyload\" style=\"background-image:inherit\" data-bg-image=\"url(https:\/\/halyardhealth.eu\/wp-content\/uploads\/2020\/11\/SupplyChain-200x180.jpg)\"><\/div>\n  <div class=\"d-flex align-items-center justify-content-between pt-1\">\n  <div class=\"h6 card-title my-0\">Supply Chain Disaster Preparedness Manual<\/div>\n  <div class=\"read-more-link text-brightblue\">\n    <i class=\"fas fa-arrow-right\" aria-hidden=\"true\"><\/i>\n  <\/div>\n  <\/div>\n<\/div>\n[\/vc_column][\/vc_row][vc_row row_type=&#8220;bg-solid&#8220; row_bg_color=&#8220;bg-marks&#8220; full_width=&#8220;stretch_row&#8220; el_class=&#8220;bg-navyblue&#8220;][vc_column]<div class='text-center'><h2 class='     ruled ' style='max-width: 100%; display:inline-block;' >Ausgew\u00e4hlte Produkte<\/h2><\/div>[vc_row_inner equal_height=&#8220;yes&#8220;][vc_column_inner width=&#8220;1\/4&#8243;]<div class=\"product-card\">\n  <a class=\"full-link\"  href='https:\/\/products.halyardhealth.com\/surgical-solutions\/sterilization-solutions\/sterilization-wraps\/halyard-smart-fold-sterilization-wrap.html' target='_blank' aria-labelledby=\"label-69eb7363be55f\" aria-describedby=\"description-69eb7363be55f\"><span class=\"sr-only\" id=\"description-69eb7363be55f\">SMART-FOLD* Sterilisationsfolie<\/span><\/a>\n  <div class=\"card-img lazyload\" style=\"background-image:inherit;\" data-bg-image=\"url(https:\/\/halyardhealth.eu\/wp-content\/uploads\/2020\/11\/14271_kimguard_smart-fold_4-2.jpg)\">\n    <span class=\"sr-only\" role=\"img\" aria-label=\"SMART-FOLD* Sterilisationsfolie thumbnail\"> <\/span>\n\n  <\/div>\n  <div class=\"card-content\">\n    <h3 class=\"card-title\">SMART-FOLD* Sterilisationsfolie<\/h3>\n    <div class=\"card-description\">\n      Verf\u00fcgt \u00fcber die POWERGUARD*-Technologie f\u00fcr die h\u00f6chste Wirksamkeit der bakteriellen Filterung - 99,9 %.    <\/div>\n  <\/div>\n  <div class=\"read-more-link text-uppercase\">\n    <span class=\"auto-hide-text\" id=\"label-69eb7363be55f\">View Product<\/span><i class=\"fas fa-arrow-right\" aria-hidden=\"true\"><\/i>\n  <\/div>\n<\/div>\n[\/vc_column_inner][vc_column_inner width=&#8220;1\/4&#8243;]<div class=\"product-card\">\n  <a class=\"full-link\"  href='https:\/\/products.halyardhealth.com\/infection-prevention\/facial-respiratory-protection\/masks-respirators\/fluidshield-n95-particulate-filter-respirator-and-surgical-mask.html' target='_blank' aria-labelledby=\"label-69eb7363beb2c\" aria-describedby=\"description-69eb7363beb2c\"><span class=\"sr-only\" id=\"description-69eb7363beb2c\">FLUIDSHIELD* Chirurgische N95-Atemschutzmaske<\/span><\/a>\n  <div class=\"card-img lazyload\" style=\"background-image:inherit;\" data-bg-image=\"url(https:\/\/halyardhealth.eu\/wp-content\/uploads\/2020\/11\/fluidshield__n95_particulate_filter_respirator_and_surgical_mask.jpg)\">\n    <span class=\"sr-only\" role=\"img\" aria-label=\"FLUIDSHIELD* Chirurgische N95-Atemschutzmaske thumbnail\"> <\/span>\n\n  <\/div>\n  <div class=\"card-content\">\n    <h3 class=\"card-title\">FLUIDSHIELD* Chirurgische N95-Atemschutzmaske<\/h3>\n    <div class=\"card-description\">\n      H\u00f6chste verf\u00fcgbare Spritzwasserbest\u00e4ndigkeit, bakterielle Filtrationseffizienz von ? 99%    <\/div>\n  <\/div>\n  <div class=\"read-more-link text-uppercase\">\n    <span class=\"auto-hide-text\" id=\"label-69eb7363beb2c\">View Product<\/span><i class=\"fas fa-arrow-right\" aria-hidden=\"true\"><\/i>\n  <\/div>\n<\/div>\n[\/vc_column_inner][vc_column_inner width=&#8220;1\/4&#8243;]<div class=\"product-card\">\n  <a class=\"full-link\"  href='https:\/\/products.halyardhealth.com\/infection-prevention\/protective-apparel\/protective-gowns\/halyard-basics-tri-layer-aami2-over-the-head-isolation-gown.html?sku=43008' target='_blank' aria-labelledby=\"label-69eb7363bef45\" aria-describedby=\"description-69eb7363bef45\"><span class=\"sr-only\" id=\"description-69eb7363bef45\">HALYARD* BASICS* Dreilagiger AAMI2 \u00dcber-Kopf-Isolierkittel<\/span><\/a>\n  <div class=\"card-img lazyload\" style=\"background-image:inherit;\" data-bg-image=\"url(https:\/\/halyardhealth.eu\/wp-content\/uploads\/2020\/11\/halyard__basics__tri-layer_aami2_over-the-head_isolation_gown_1_2.jpg)\">\n    <span class=\"sr-only\" role=\"img\" aria-label=\"HALYARD* BASICS* Dreilagiger AAMI2 \u00dcber-Kopf-Isolierkittel thumbnail\"> <\/span>\n\n  <\/div>\n  <div class=\"card-content\">\n    <h3 class=\"card-title\">HALYARD* BASICS* Dreilagiger AAMI2 \u00dcber-Kopf-Isolierkittel<\/h3>\n    <div class=\"card-description\">\n      Bietet den \u00c4rzten den Schutz und den Komfort, den sie f\u00fcr die bestm\u00f6gliche Patientenversorgung ben\u00f6tigen.    <\/div>\n  <\/div>\n  <div class=\"read-more-link text-uppercase\">\n    <span class=\"auto-hide-text\" id=\"label-69eb7363bef45\">View Product<\/span><i class=\"fas fa-arrow-right\" aria-hidden=\"true\"><\/i>\n  <\/div>\n<\/div>\n[\/vc_column_inner][vc_column_inner width=&#8220;1\/4&#8243;]<div class=\"product-card\">\n  <a class=\"full-link\"  href='https:\/\/products.halyardhealth.com\/infection-prevention\/medical-exam-gloves\/nitrile\/purple-nitrile-xtra-exam-glove.html' target='_blank' aria-labelledby=\"label-69eb7363bf127\" aria-describedby=\"description-69eb7363bf127\"><span class=\"sr-only\" id=\"description-69eb7363bf127\">LILA NITRILE-XTRA* Untersuchungshandschuh<\/span><\/a>\n  <div class=\"card-img lazyload\" style=\"background-image:inherit;\" data-bg-image=\"url(https:\/\/halyardhealth.eu\/wp-content\/uploads\/Untitled-design-1.png)\">\n    <span class=\"sr-only\" role=\"img\" aria-label=\"LILA NITRILE-XTRA* Untersuchungshandschuh thumbnail\"> <\/span>\n\n  <\/div>\n  <div class=\"card-content\">\n    <h3 class=\"card-title\">LILA NITRILE-XTRA* Untersuchungshandschuh<\/h3>\n    <div class=\"card-description\">\n      H\u00e4ufig der Handschuh der Wahl f\u00fcr Besch\u00e4ftigte im Gesundheitswesen, die einen hervorragenden Barriereschutz ben\u00f6tigen.    <\/div>\n  <\/div>\n  <div class=\"read-more-link text-uppercase\">\n    <span class=\"auto-hide-text\" id=\"label-69eb7363bf127\">View Product<\/span><i class=\"fas fa-arrow-right\" aria-hidden=\"true\"><\/i>\n  <\/div>\n<\/div>\n[\/vc_column_inner][\/vc_row_inner][\/vc_column][\/vc_row][vc_row full_width=&#8220;stretch_row&#8220;][vc_column]<div class='text-center mx-auto'><h2 class='     ruled ' style='max-width: 100%; display:inline-block;' >Habe Fragen?<\/h2><\/div>[vc_column_text]<\/p>\n<p style=\"text-align: center;\">Einer unserer Vertreter hilft Ihnen gerne dabei, noch heute mit der L\u00f6sung Ihrer Anforderungen in der Lieferkette zu beginnen.<\/p>\n<p>[\/vc_column_text]<div class='wpb_content_element text-center btn-container'>\n  <a class='btn btn-primary   '\n    href='https:\/\/halyardhealth.eu\/de\/kontakt-aufnehmen\/' target='' data-toggle=''>\n    <span>Contact a Rep<\/span>\n  <\/a><\/div>\n[\/vc_column][\/vc_row][vc_row disable_element=&#8220;yes&#8220; css=&#8220;.vc_custom_1606146961207{background-color: #ebebef !important;}&#8220;][vc_column]<div class=''><h2 class='     ruled ' style='max-width: 100%; display:inline-block;' >Quellen<\/h2><\/div>[\/vc_column][\/vc_row]<\/p>\n<\/div>","protected":false},"excerpt":{"rendered":"<p>Lorem IIpusm Auszug<\/p>\n","protected":false},"author":2,"featured_media":0,"parent":232982,"menu_order":0,"comment_status":"closed","ping_status":"closed","template":"","meta":{"_acf_changed":false,"inline_featured_image":false,"footnotes":""},"class_list":["post-233285","page","type-page","status-publish","hentry"],"acf":[],"publishpress_future_action":{"enabled":false,"date":"2026-05-01 15:42:59","action":"change-status","newStatus":"draft","terms":[],"taxonomy":"translation_priority","extraData":[]},"publishpress_future_workflow_manual_trigger":{"enabledWorkflows":[]},"_links":{"self":[{"href":"https:\/\/halyardhealth.eu\/de\/wp-json\/wp\/v2\/pages\/233285","targetHints":{"allow":["GET"]}}],"collection":[{"href":"https:\/\/halyardhealth.eu\/de\/wp-json\/wp\/v2\/pages"}],"about":[{"href":"https:\/\/halyardhealth.eu\/de\/wp-json\/wp\/v2\/types\/page"}],"author":[{"embeddable":true,"href":"https:\/\/halyardhealth.eu\/de\/wp-json\/wp\/v2\/users\/2"}],"replies":[{"embeddable":true,"href":"https:\/\/halyardhealth.eu\/de\/wp-json\/wp\/v2\/comments?post=233285"}],"version-history":[{"count":0,"href":"https:\/\/halyardhealth.eu\/de\/wp-json\/wp\/v2\/pages\/233285\/revisions"}],"up":[{"embeddable":true,"href":"https:\/\/halyardhealth.eu\/de\/wp-json\/wp\/v2\/pages\/232982"}],"wp:attachment":[{"href":"https:\/\/halyardhealth.eu\/de\/wp-json\/wp\/v2\/media?parent=233285"}],"curies":[{"name":"wp","href":"https:\/\/api.w.org\/{rel}","templated":true}]}}