{"id":233404,"date":"2020-07-02T15:03:04","date_gmt":"2020-07-02T13:03:04","guid":{"rendered":"https:\/\/halyarduk.wpengine.com\/fall-gesamtwert\/verlaesslichkeit\/"},"modified":"2025-11-18T09:40:46","modified_gmt":"2025-11-18T08:40:46","slug":"verlaesslichkeit","status":"publish","type":"page","link":"https:\/\/halyardhealth.eu\/de\/fall-gesamtwert\/verlaesslichkeit\/","title":{"rendered":"Verl\u00e4sslichkeit"},"content":{"rendered":"<div class=\"wpb-content-wrapper\"><p>[vc_row row_type=&#8220;bg-overlay&#8220; row_text_color=&#8220;text-light&#8220; full_width=&#8220;stretch_row&#8220; content_placement=&#8220;middle&#8220; css=&#8220;.vc_custom_1610128041187{background-image: url(https:\/\/www.halyardhealth.eu\/wp-content\/uploads\/om-halyard-reliability.jpg?id=5507) !important;}&#8220;][vc_column]<div class=''><h3 class='text-white  mt-4  h3  ' style='max-width: 100%; display:inline-block;' >Unser Gesamtwert<\/h3><\/div><div class=''><h1 class='text-white    display-1  ' style='max-width: 100%; display:inline-block;' >ZUVERL\u00c4SSIGKEIT<\/h1><\/div>[vc_column_text]<\/p>\n<h5>Unterbrechungen der Lieferkette und Produktm\u00e4ngel k\u00f6nnen echte Bedrohungen f\u00fcr die Gesundheit Ihres Unternehmens darstellen. Wenn Ihre Lieferkette unzuverl\u00e4ssig ist oder Sie eine schlechte Produktleistung erleben, entstehen messbare Kosten \u2013 sowohl menschliche als auch finanzielle.<\/h5>\n<p>[\/vc_column_text]<div class='wpb_content_element text-left btn-container'>\n  <a class='btn btn-primary   '\n    href='https:\/\/staging.halyardhealth.de\/kontakt-aufnehmen\/' target='' data-toggle=''>\n    <span>Noch Fragen? Kontakt zu einem Vertreter<\/span>\n  <\/a><\/div>\n[\/vc_column][\/vc_row][vc_section][vc_row row_text_color=&#8220;text-dark&#8220; full_width=&#8220;stretch_row&#8220; content_placement=&#8220;middle&#8220;][vc_column width=&#8220;1\/2&#8243;]<div class=''><h2 class='text-navyblue    h2  ' style='max-width: 100%; display:inline-block;' >Unser vertikal integriertes<br \/>\nLieferkette macht unsere<br \/>\nProzess zu verbessern.<\/h2><\/div>[\/vc_column][vc_column width=&#8220;1\/2&#8243;][vc_column_text el_class=&#8220;bullets-green&#8220;]<\/p>\n<ul>\n<li>Entwerfen Sie Produkte und ihre Spezifikationen, um die Angemessenheit f\u00fcr die Verwendung sicherzustellen<\/li>\n<li>W\u00e4hlen Sie die besten Rohstoffe aus<\/li>\n<li>Die meisten unserer Produkte stellen wir selbst her<\/li>\n<li>Wenden Sie hohe Qualit\u00e4tsstandards an<\/li>\n<li>Verf\u00fcgen Sie \u00fcber strategisch g\u00fcnstig gelegene Vertriebszentren in EMEA f\u00fcr eine schnelle Bereitstellung<\/li>\n<\/ul>\n<p>[\/vc_column_text][\/vc_column][\/vc_row][vc_row row_padding_bottom=&#8220;pb-0&#8243; full_width=&#8220;stretch_row&#8220;][vc_column][vc_single_image image=&#8220;233418&#8243; img_size=&#8220;full&#8220; alignment=&#8220;center&#8220;][\/vc_column][\/vc_row][\/vc_section][vc_row row_type=&#8220;split-row&#8220; row_padding_top=&#8220;pt-0&#8243; full_width=&#8220;stretch_row&#8220; content_placement=&#8220;middle&#8220; css=&#8220;.vc_custom_1646949487927{background-color: #f7f7f7 !important;}&#8220;][vc_column width=&#8220;1\/2&#8243;]<div class=''><h2 class='text-navyblue    h2  ' style='max-width: 100%; display:inline-block;' >Wir k\u00f6nnen Ihnen helfen, sich auf das Unerwartete vorzubereiten<\/h2><\/div><div class=''><p class='text-navyblue    lead  ' style='max-width: 100%; display:inline-block;' >Zuverl\u00e4ssigkeit bedeutet, besser auf folgende Situationen vorbereitet zu sein<br \/>\nDinge, die wir nicht kontrollieren k\u00f6nnen.<\/p><\/div>[\/vc_column][vc_column width=&#8220;1\/2&#8243;][vc_single_image image=&#8220;233414&#8243; img_size=&#8220;full&#8220; el_class=&#8220;pt-3 pb-4&#8243;][\/vc_column][\/vc_row][vc_row full_width=&#8220;stretch_row&#8220; disable_element=&#8220;yes&#8220; el_class=&#8220;pb-0&#8243;][vc_column]<div class='text-center'><h2 class='text-navyblue    h2  ' style='max-width: 100%; display:inline-block;' >Wir halten uns an h\u00f6here Standards.<\/h2><\/div><div class='text-center'><h5 class='text-navyblue    h5  ' style='max-width: 100%; display:inline-block;' ><\/h5><\/div>[\/vc_column][\/vc_row][vc_row full_width=&#8220;stretch_row&#8220; el_class=&#8220;pb-0&#8243;][vc_column el_class=&#8220;pb-0&#8243;]<div class=''><h2 class='text-navyblue    h2  ' style='max-width: 100%; display:inline-block;' >Zuverl\u00e4ssigkeit beginnt damit, dass sie sorgf\u00e4ltig hergestellt wird.<\/h2><\/div>[\/vc_column][\/vc_row][vc_row full_width=&#8220;stretch_row&#8220; el_class=&#8220;pt-0&#8243;][vc_column width=&#8220;1\/3&#8243;]<div class=''><h2 class='text-brightgreen    h4  ' style='max-width: 100%; display:inline-block;' >Zuverl\u00e4ssige Einrichtungen<\/h2><\/div>[vc_column_text el_class=&#8220;bullets-green&#8220;]<\/p>\n<ul>\n<li>Standardisierte, propriet\u00e4re Prozesse<\/li>\n<li>Standort\u00fcbergreifende Zuverl\u00e4ssigkeit<\/li>\n<\/ul>\n<p>[\/vc_column_text][\/vc_column][vc_column width=&#8220;1\/3&#8243;]<div class=''><h2 class='text-brightgreen    h4  ' style='max-width: 100%; display:inline-block;' >Klinisch \u00fcberlegene Produkte<\/h2><\/div>[vc_column_text el_class=&#8220;bullets-green&#8220;]<\/p>\n<ul>\n<li>Patentierte, propriet\u00e4re Produkte<\/li>\n<li>Kontrolle \u00fcber die Rohstoffauswahl<\/li>\n<li>Zahlreiche Qualit\u00e4tskontrollpunkte<\/li>\n<li>Zuverl\u00e4ssigkeit in jeder Produktkategorie<\/li>\n<\/ul>\n<p>[\/vc_column_text][\/vc_column][vc_column width=&#8220;1\/3&#8243;]<div class=''><h2 class='text-brightgreen    h4  ' style='max-width: 100%; display:inline-block;' >Engagierte Arbeitskr\u00e4fte<\/h2><\/div>[vc_column_text el_class=&#8220;bullets-green&#8220;]<\/p>\n<ul>\n<li>Hauseigene Arbeitskr\u00e4fte<\/li>\n<li>Mitarbeiterinitiativen konzentrierten sich auf Sicherheit, Nachhaltigkeit und gesellschaftliches Engagement<\/li>\n<li>Verl\u00e4sslichkeit durch eine stabile Belegschaft<\/li>\n<\/ul>\n<p>[\/vc_column_text][\/vc_column][\/vc_row][vc_row full_width=&#8220;stretch_row&#8220; el_class=&#8220;pb-0&#8243;][vc_column]<div class='text-center'><h2 class='text-navyblue    h2  ' style='max-width: 100%; display:inline-block;' >Die Zuverl\u00e4ssigkeit von O&amp;M Global Products gibt Ihnen absolute Sicherheit<br \/>\nohne Sie mehr zu kosten.<\/h2><\/div>[\/vc_column][\/vc_row]<\/p>\n<\/div>","protected":false},"excerpt":{"rendered":"<p>[vc_row row_type=&#8220;bg-overlay&#8220; row_text_color=&#8220;text-light&#8220; full_width=&#8220;stretch_row&#8220; content_placement=&#8220;middle&#8220; css=&#8220;.vc_custom_1610128041187{background-image: url(https:\/\/www.halyardhealth.eu\/wp-content\/uploads\/om-halyard-reliability.jpg?id=5507) !important;}&#8220;][vc_column][vc_column_text] Unterbrechungen der Lieferkette und Produktm\u00e4ngel k\u00f6nnen [&hellip;]<\/p>\n","protected":false},"author":2,"featured_media":233422,"parent":232474,"menu_order":68,"comment_status":"closed","ping_status":"closed","template":"","meta":{"_acf_changed":false,"inline_featured_image":false,"footnotes":""},"class_list":["post-233404","page","type-page","status-publish","has-post-thumbnail","hentry"],"acf":[],"publishpress_future_action":{"enabled":false,"date":"2026-04-28 14:31:39","action":"change-status","newStatus":"draft","terms":[],"taxonomy":"translation_priority","extraData":[]},"publishpress_future_workflow_manual_trigger":{"enabledWorkflows":[]},"_links":{"self":[{"href":"https:\/\/halyardhealth.eu\/de\/wp-json\/wp\/v2\/pages\/233404","targetHints":{"allow":["GET"]}}],"collection":[{"href":"https:\/\/halyardhealth.eu\/de\/wp-json\/wp\/v2\/pages"}],"about":[{"href":"https:\/\/halyardhealth.eu\/de\/wp-json\/wp\/v2\/types\/page"}],"author":[{"embeddable":true,"href":"https:\/\/halyardhealth.eu\/de\/wp-json\/wp\/v2\/users\/2"}],"replies":[{"embeddable":true,"href":"https:\/\/halyardhealth.eu\/de\/wp-json\/wp\/v2\/comments?post=233404"}],"version-history":[{"count":0,"href":"https:\/\/halyardhealth.eu\/de\/wp-json\/wp\/v2\/pages\/233404\/revisions"}],"up":[{"embeddable":true,"href":"https:\/\/halyardhealth.eu\/de\/wp-json\/wp\/v2\/pages\/232474"}],"wp:featuredmedia":[{"embeddable":true,"href":"https:\/\/halyardhealth.eu\/de\/wp-json\/wp\/v2\/media\/233422"}],"wp:attachment":[{"href":"https:\/\/halyardhealth.eu\/de\/wp-json\/wp\/v2\/media?parent=233404"}],"curies":[{"name":"wp","href":"https:\/\/api.w.org\/{rel}","templated":true}]}}