{"id":235526,"date":"2020-06-10T21:12:52","date_gmt":"2020-06-10T19:12:52","guid":{"rendered":"https:\/\/halyarduk.wpengine.com\/innovative-loesungen-fuer-das-gesundheitswesen\/"},"modified":"2026-04-15T08:16:53","modified_gmt":"2026-04-15T06:16:53","slug":"innovative-loesungen-fuer-das-gesundheitswesen","status":"publish","type":"page","link":"https:\/\/halyardhealth.eu\/de\/","title":{"rendered":"Innovative Gesundheitsl\u00f6sungen"},"content":{"rendered":"<div class=\"wpb-content-wrapper\"><p>[vc_row row_type=&#8220;page-hero&#8220; full_width=&#8220;stretch_row&#8220; content_placement=&#8220;middle&#8220; bg_blur=&#8220;true&#8220; css=&#8220;.vc_custom_1760017787850{background-image: url(https:\/\/halyardhealth.eu\/wp-content\/uploads\/Hero-Image-Knowledge-Experience-copy-scaled.jpg?id=5384) !important;}&#8220;][vc_column][vc_single_image image=&#8220;240104&#8243; img_size=&#8220;full&#8220; alignment=&#8220;center&#8220; css=&#8220;&#8220;][\/vc_column][\/vc_row][vc_row full_width=&#8220;stretch_row&#8220;][vc_column][vc_column_text]    <div class=\"d-flex justify-content-between align-items-center mb-0 mb-md-3\">\n      <h2 class=\"ruled\">L\u00f6sungen<\/h2>\n              <a class=\"d-none d-md-block btn btn-primary\" href=\"https:\/\/halyardhealth.eu\/solutions\/\">See All Solutions<\/a>\n          <\/div>\n\n\n<div class=\"solutions-slider\">\n    <div>\n\n    <div class=\"image-card lazyload\" style=\"background-image:inherit\" data-bg-image=\"url(&#039;https:\/\/halyardhealth.eu\/wp-content\/uploads\/Cleanroom.png&#039;)\">\n      <a class=\"full-link\" href=\"https:\/\/halyardhealth.eu\/de\/kontrollierte-umgebung\/\" aria-labelledby=\"label-69ede26c46017\" aria-describedby=\"description-69ede26c46017\"><\/a>\n      <div class=\"card-content\">\n        <div class=\"card-type\">\n                  <\/div>\n        <h3 class=\"card-title\" id=\"description-69ede26c46017\">Kontrollierte Umgebung<\/h3>\n        <div class=\"card-description\">[vc_row row_type=&#8220;page-hero&#8220; row_text_color=&#8220;text-light&#8220; full_width=&#8220;stretch_row&#8220; content_placement=&#8220;middle&#8220; css=&#8220;.vc_custom_1640254713959{background-image: url(https:\/\/www.halyardhealth.com\/wp-content\/uploads\/purezero-clearnroom-gloves-hdr.jpg?id=205503) !important;}&#8220;][vc_column][vc_column_text] HALYARD* bietet ein beschleunigerfreies1-Portfolio aus drei [&hellip;]<\/div>\n      <\/div>\n      <div class=\"read-more-link\">\n        <span class=\"link-text-auto-hide\" id=\"label-69ede26c46017\">READ MORE<\/span>&nbsp;<i class=\"fas fa-arrow-right\" aria-hidden=\"true\"><\/i>\n      <\/div>\n\n    <\/div>\n  <\/div>\n    <div>\n\n    <div class=\"image-card lazyload\" style=\"background-image:inherit\" data-bg-image=\"url(&#039;https:\/\/halyardhealth.eu\/wp-content\/uploads\/2020\/08\/OR-Delay-1-1024x614.jpg&#039;)\">\n      <a class=\"full-link\" href=\"https:\/\/halyardhealth.eu\/de\/effizienz-im-operationssaal\/\" aria-labelledby=\"label-69ede26c477d5\" aria-describedby=\"description-69ede26c477d5\"><\/a>\n      <div class=\"card-content\">\n        <div class=\"card-type\">\n                  <\/div>\n        <h3 class=\"card-title\" id=\"description-69ede26c477d5\">Effizienz im Operationssaal<\/h3>\n        <div class=\"card-description\">Im heutigen wertbasierten Erstattungsmodell ist das Verst\u00e4ndnis und die Minderung von \u201eKostenlecks\u201c in Ihrem OP ein ertragreicher Ausgangspunkt f\u00fcr die...<\/div>\n      <\/div>\n      <div class=\"read-more-link\">\n        <span class=\"link-text-auto-hide\" id=\"label-69ede26c477d5\">READ MORE<\/span>&nbsp;<i class=\"fas fa-arrow-right\" aria-hidden=\"true\"><\/i>\n      <\/div>\n\n    <\/div>\n  <\/div>\n    <div>\n\n    <div class=\"image-card lazyload\" style=\"background-image:inherit\" data-bg-image=\"url(&#039;https:\/\/halyardhealth.eu\/wp-content\/uploads\/PPE-Preparedness-hero-image.png&#039;)\">\n      <a class=\"full-link\" href=\"https:\/\/halyardhealth.eu\/de\/pandemievorsorge\/\" aria-labelledby=\"label-69ede26c47fea\" aria-describedby=\"description-69ede26c47fea\"><\/a>\n      <div class=\"card-content\">\n        <div class=\"card-type\">\n                  <\/div>\n        <h3 class=\"card-title\" id=\"description-69ede26c47fea\">Vorbereitung auf eine Pandemie<\/h3>\n        <div class=\"card-description\">Die COVID-19-Pandemie wird nicht der letzte Ausbruch sein, dem sich Ihr Krankenhaus stellen muss. Halyard h\u00e4lt Pandemievorr\u00e4te von in Amerika...<\/div>\n      <\/div>\n      <div class=\"read-more-link\">\n        <span class=\"link-text-auto-hide\" id=\"label-69ede26c47fea\">READ MORE<\/span>&nbsp;<i class=\"fas fa-arrow-right\" aria-hidden=\"true\"><\/i>\n      <\/div>\n\n    <\/div>\n  <\/div>\n    <div>\n\n    <div class=\"image-card lazyload\" style=\"background-image:inherit\" data-bg-image=\"url(&#039;https:\/\/halyardhealth.eu\/wp-content\/uploads\/centrile-sterile-processing-1024x864.jpg&#039;)\">\n      <a class=\"full-link\" href=\"https:\/\/halyardhealth.eu\/de\/loesungen\/klinische-loesungen\/zentrale-sterile-aufbereitung\/\" aria-labelledby=\"label-69ede26c48a2c\" aria-describedby=\"description-69ede26c48a2c\"><\/a>\n      <div class=\"card-content\">\n        <div class=\"card-type\">\n                  <\/div>\n        <h3 class=\"card-title\" id=\"description-69ede26c48a2c\">Zentrale sterile Aufbereitung<\/h3>\n        <div class=\"card-description\">Finden Sie heraus, wie der ganzheitliche Ansatz von Halyard von der Zentralsterilisation bis zum Operationssaal dazu beitragen kann, Kosten zu...<\/div>\n      <\/div>\n      <div class=\"read-more-link\">\n        <span class=\"link-text-auto-hide\" id=\"label-69ede26c48a2c\">READ MORE<\/span>&nbsp;<i class=\"fas fa-arrow-right\" aria-hidden=\"true\"><\/i>\n      <\/div>\n\n    <\/div>\n  <\/div>\n    <div>\n\n    <div class=\"image-card lazyload\" style=\"background-image:inherit\" data-bg-image=\"url(&#039;https:\/\/halyardhealth.eu\/wp-content\/uploads\/55083_Long-silver-Nitrile-Xtra-Exam-Glove.psd-1024x1016.png&#039;)\">\n      <a class=\"full-link\" href=\"https:\/\/halyardhealth.eu\/de\/loesungen\/klinische-loesungen\/chemotherapie-schutz-2\/\" aria-labelledby=\"label-69ede26c493af\" aria-describedby=\"description-69ede26c493af\"><\/a>\n      <div class=\"card-content\">\n        <div class=\"card-type\">\n                  <\/div>\n        <h3 class=\"card-title\" id=\"description-69ede26c493af\">Chemotherapie-Schutz<\/h3>\n        <div class=\"card-description\">[vc_row row_type=&#8220;page-hero&#8220; row_text_color=&#8220;text-light&#8220; hero_size=&#8220;medium&#8220; row_padding_bottom=&#8220;pb-1&#8243; full_width=&#8220;stretch_row&#8220; content_placement=&#8220;middle&#8220; video_bg=&#8220;yes&#8220; video_bg_url=&#8220;https:\/\/www.youtube.com\/watch?v=k-OK8rHCkw8&#8243;][vc_column][vc_empty_space height=&#8220;32&#8243;][vc_empty_space height=&#8220;64&#8243;][\/vc_column][\/vc_row][vc_row row_padding_top=&#8220;pt-1&#8243; row_padding_bottom=&#8220;pb-2&#8243; full_width=&#8220;stretch_row_content&#8220;][vc_column][vc_empty_space [&hellip;]<\/div>\n      <\/div>\n      <div class=\"read-more-link\">\n        <span class=\"link-text-auto-hide\" id=\"label-69ede26c493af\">READ MORE<\/span>&nbsp;<i class=\"fas fa-arrow-right\" aria-hidden=\"true\"><\/i>\n      <\/div>\n\n    <\/div>\n  <\/div>\n  <\/div>\n  <a class=\"d-block d-md-none my-3 btn btn-primary\" href=\"https:\/\/halyardhealth.eu\/solutions\/\">See All Solutions<\/a>\n\n[\/vc_column_text][\/vc_column][\/vc_row][vc_row full_width=&#8220;stretch_row&#8220; css=&#8220;.vc_custom_1713874227195{background-image: url(https:\/\/www.halyardhealth.eu\/wp-content\/uploads\/2020\/07\/blur-bg.jpg?id=260) !important;}&#8220;][vc_column]<div class='text-center'><h2 class='  ruled-after    ' style='max-width: 100%; display:inline-block;' >Gesamtwert<\/h2><\/div><div class='text-center'><p class='text-navyblue mb-3   lead  ' style='max-width: 66%; display:inline-block;' >Wir wollen der strategische Partner sein, der Ihnen hilft, eine bessere und ges\u00fcndere Zukunft f\u00fcr unsere Welt zu schaffen. Wir sind darauf ausgerichtet, Sie bei der Bew\u00e4ltigung der komplexen Anforderungen des heutigen Gesundheitswesens zu unterst\u00fctzen.<\/p><\/div>[vc_row_inner equal_height=&#8220;yes&#8220;][vc_column_inner width=&#8220;1\/3&#8243;]<div class=\"icon-card card-vertical card-max-height linked\" style=\"position:relative;\">\n    <a class=\"full-link\" href=\"https:\/\/www.halyardhealth.eu\/halyard-total-value\/reliability\/\" target=\"\"><span class=\"sr-only\">Zuverl\u00e4ssigkeit<\/span><\/a>\n    <div class=\"icon-container shield\" style=\"background-image: url('')\"><\/div>\n  <h3 class=\"card-title\">Zuverl\u00e4ssigkeit<\/h3>\n  <div class=\"card-description\">St\u00f6rungen in der Lieferkette und Produktversagen k\u00f6nnen reale Bedrohungen f\u00fcr die Gesundheit Ihrer Organisation darstellen. Wenn Ihre Lieferkette unzuverl\u00e4ssig ist oder Sie eine schlechte Produktleistung erleben, gibt es messbare Kosten \u2013 sowohl menschliche als auch finanzielle.<\/div>\n<\/div>\n[\/vc_column_inner][vc_column_inner width=&#8220;1\/3&#8243;]<div class=\"icon-card card-vertical card-max-height linked\" style=\"position:relative;\">\n    <a class=\"full-link\" href=\"https:\/\/www.halyardhealth.eu\/halyard-total-value\/standardization\/\" target=\"\"><span class=\"sr-only\">Standardisierung<\/span><\/a>\n    <div class=\"icon-container clipboard\" style=\"background-image: url('')\"><\/div>\n  <h3 class=\"card-title\">Standardisierung<\/h3>\n  <div class=\"card-description\">Die Einrichtungen des Gesundheitswesens sehen sich heute mehr denn je mit dem Druck konfrontiert, ihre Prozesse zu vereinfachen, zu standardisieren und effizienter zu gestalten, um die finanzielle Situation des Krankenhauses insgesamt zu verbessern.<\/div>\n<\/div>\n[\/vc_column_inner][vc_column_inner width=&#8220;1\/3&#8243;]<div class=\"icon-card card-vertical card-max-height linked\" style=\"position:relative;\">\n    <a class=\"full-link\" href=\"https:\/\/www.halyardhealth.eu\/halyard-total-value\/knowledge-and-expertise\/\" target=\"\"><span class=\"sr-only\">Wissen &amp; Expertise<\/span><\/a>\n    <div class=\"icon-container graduation-cap\" style=\"background-image: url('')\"><\/div>\n  <h3 class=\"card-title\">Wissen &amp; Expertise<\/h3>\n  <div class=\"card-description\">Wir sind st\u00e4ndig damit besch\u00e4ftigt, zu lernen und unsere kollektive Wissensbasis zu erweitern. Wenn wir dieses Wissen und diese Erfahrung mit unseren Kunden teilen, lernen und wachsen wir alle.<\/div>\n<\/div>\n[\/vc_column_inner][\/vc_row_inner][\/vc_column][\/vc_row][vc_row row_type=&#8220;bg-solid&#8220; row_bg_color=&#8220;bg-lightgray&#8220; full_width=&#8220;stretch_row&#8220; el_class=&#8220;full-width&#8220;][vc_column]<div class='text-center'><h2 class='     ruled ' style='max-width: 100%; display:inline-block;' >Ausgew\u00e4hlte Produkte<\/h2><\/div>[vc_row_inner gap=&#8220;1&#8243;][vc_column_inner width=&#8220;1\/4&#8243;]<div class=\"product-card\">\n  <a class=\"full-link\"  href='https:\/\/halyardhealth.eu\/de\/products\/partikelfilter-respirator\/' target='_blank' aria-labelledby=\"label-69ede26c4aa08\" aria-describedby=\"description-69ede26c4aa08\"><span class=\"sr-only\" id=\"description-69ede26c4aa08\">FFP2 Atemschutzmasken<\/span><\/a>\n  <div class=\"card-img lazyload\" style=\"background-image:inherit;\" data-bg-image=\"url(https:\/\/halyardhealth.eu\/wp-content\/uploads\/Respirator-pic-1.png)\">\n    <span class=\"sr-only\" role=\"img\" aria-label=\"FFP2 Atemschutzmasken thumbnail\"> <\/span>\n\n  <\/div>\n  <div class=\"card-content\">\n    <h3 class=\"card-title\">FFP2 Atemschutzmasken<\/h3>\n    <div class=\"card-description\">\n      HALYARD* FFP2 Atemschutzmasken sind so konzipiert, dass sie einen effektiven Gesichtssitz bieten, wie er f\u00fcr einen angemessenen Atemschutz gegen luftgetragene Krankheitserreger erforderlich ist.    <\/div>\n  <\/div>\n  <div class=\"read-more-link text-uppercase\">\n    <span class=\"auto-hide-text\" id=\"label-69ede26c4aa08\">More<\/span><i class=\"fas fa-arrow-right\" aria-hidden=\"true\"><\/i>\n  <\/div>\n<\/div>\n[\/vc_column_inner][vc_column_inner width=&#8220;1\/4&#8243;]<div class=\"product-card\">\n  <a class=\"full-link\"  href='https:\/\/halyardhealth.eu\/de\/products\/smart-fold-sterilisationsfolie\/' target='_blank' aria-labelledby=\"label-69ede26c4afb9\" aria-describedby=\"description-69ede26c4afb9\"><span class=\"sr-only\" id=\"description-69ede26c4afb9\">SMART-FOLD<\/span><\/a>\n  <div class=\"card-img lazyload\" style=\"background-image:inherit;\" data-bg-image=\"url(https:\/\/halyardhealth.eu\/wp-content\/uploads\/SMART-FOLD-Sterilisation-Packaging-scaled.png)\">\n    <span class=\"sr-only\" role=\"img\" aria-label=\"SMART-FOLD thumbnail\"> <\/span>\n\n  <\/div>\n  <div class=\"card-content\">\n    <h3 class=\"card-title\">SMART-FOLD<\/h3>\n    <div class=\"card-description\">\n      SMART-FOLD*-Hochleistungsfolie ist 3-mal rei\u00dffester mit verst\u00e4rkten Zonen an Ecken und Kanten.    <\/div>\n  <\/div>\n  <div class=\"read-more-link text-uppercase\">\n    <span class=\"auto-hide-text\" id=\"label-69ede26c4afb9\">More<\/span><i class=\"fas fa-arrow-right\" aria-hidden=\"true\"><\/i>\n  <\/div>\n<\/div>\n[\/vc_column_inner][vc_column_inner width=&#8220;1\/4&#8243;]<div class=\"product-card\">\n  <a class=\"full-link\"  href='https:\/\/halyardhealth.eu\/de\/products\/halyard-benutzerdefinierte-behandlungsschalen\/' target='_blank' aria-labelledby=\"label-69ede26c4b1dc\" aria-describedby=\"description-69ede26c4b1dc\"><span class=\"sr-only\" id=\"description-69ede26c4b1dc\">AERO CHROME* Atmungsaktive Hochleistungs-Chirurgenm\u00e4ntel<\/span><\/a>\n  <div class=\"card-img lazyload\" style=\"background-image:inherit;\" data-bg-image=\"url(https:\/\/halyardhealth.eu\/wp-content\/uploads\/AERO-CHROME-Select-Sell-Sheet-1-pdf-1-1.png)\">\n    <span class=\"sr-only\" role=\"img\" aria-label=\"AERO CHROME* Atmungsaktive Hochleistungs-Chirurgenm\u00e4ntel thumbnail\"> <\/span>\n\n  <\/div>\n  <div class=\"card-content\">\n    <h3 class=\"card-title\">AERO CHROME* Atmungsaktive Hochleistungs-Chirurgenm\u00e4ntel<\/h3>\n    <div class=\"card-description\">\n      Kombinieren Sie beispiellosen Komfort, Weichheit und Atmungsaktivit\u00e4t mit maximalem Schutz vor Fl\u00fcssigkeiten und Krankheitserregern.    <\/div>\n  <\/div>\n  <div class=\"read-more-link text-uppercase\">\n    <span class=\"auto-hide-text\" id=\"label-69ede26c4b1dc\">More<\/span><i class=\"fas fa-arrow-right\" aria-hidden=\"true\"><\/i>\n  <\/div>\n<\/div>\n[\/vc_column_inner][vc_column_inner width=&#8220;1\/4&#8243;]<div class=\"product-card\">\n  <a class=\"full-link\"  href='https:\/\/halyardhealth.eu\/de\/nitrile-medical-exam-gloves\/' target='' aria-labelledby=\"label-69ede26c4b70e\" aria-describedby=\"description-69ede26c4b70e\"><span class=\"sr-only\" id=\"description-69ede26c4b70e\">HALYARD* PURPLE NITRILE* Untersuchungshandschuhe<\/span><\/a>\n  <div class=\"card-img lazyload\" style=\"background-image:inherit;\" data-bg-image=\"url(https:\/\/halyardhealth.eu\/wp-content\/uploads\/Purple-nitrile.png)\">\n    <span class=\"sr-only\" role=\"img\" aria-label=\"HALYARD* PURPLE NITRILE* Untersuchungshandschuhe thumbnail\"> <\/span>\n\n  <\/div>\n  <div class=\"card-content\">\n    <h3 class=\"card-title\">HALYARD* PURPLE NITRILE* Untersuchungshandschuhe<\/h3>\n    <div class=\"card-description\">\n      Hervorragende Wahl f\u00fcr medizinisches Fachpersonal, Rettungssanit\u00e4ter und Mitarbeiter der Notaufnahme, die nachweislich vor Bakterien, durch Blut \u00fcbertragbaren Viren und Chemikalien bei Verfahren gesch\u00fctzt werden m\u00fcssen, bei denen das Risiko einer Fl\u00fcssigkeitseinwirkung m\u00e4\u00dfig bis hoch ist.    <\/div>\n  <\/div>\n  <div class=\"read-more-link text-uppercase\">\n    <span class=\"auto-hide-text\" id=\"label-69ede26c4b70e\">More<\/span><i class=\"fas fa-arrow-right\" aria-hidden=\"true\"><\/i>\n  <\/div>\n<\/div>\n[\/vc_column_inner][\/vc_row_inner][\/vc_column][\/vc_row]<\/p>\n<\/div>","protected":false},"excerpt":{"rendered":"<p>[vc_row row_type=&#8220;page-hero&#8220; full_width=&#8220;stretch_row&#8220; content_placement=&#8220;middle&#8220; bg_blur=&#8220;true&#8220; css=&#8220;.vc_custom_1760017787850{background-image: url(https:\/\/halyardhealth.eu\/wp-content\/uploads\/Hero-Image-Knowledge-Experience-copy-scaled.jpg?id=5384) !important;}&#8220;][vc_column][vc_single_image image=&#8220;240104&#8243; img_size=&#8220;full&#8220; alignment=&#8220;center&#8220; css=&#8220;&#8220;][\/vc_column][\/vc_row][vc_row full_width=&#8220;stretch_row&#8220;][vc_column][vc_column_text][\/vc_column_text][\/vc_column][\/vc_row][vc_row full_width=&#8220;stretch_row&#8220; [&hellip;]<\/p>\n","protected":false},"author":2,"featured_media":234760,"parent":0,"menu_order":73,"comment_status":"closed","ping_status":"closed","template":"","meta":{"_acf_changed":false,"inline_featured_image":false,"footnotes":""},"class_list":["post-235526","page","type-page","status-publish","has-post-thumbnail","hentry"],"acf":[],"publishpress_future_action":{"enabled":false,"date":"2026-05-03 12:01:16","action":"change-status","newStatus":"draft","terms":[],"taxonomy":"translation_priority","extraData":[]},"publishpress_future_workflow_manual_trigger":{"enabledWorkflows":[]},"_links":{"self":[{"href":"https:\/\/halyardhealth.eu\/de\/wp-json\/wp\/v2\/pages\/235526","targetHints":{"allow":["GET"]}}],"collection":[{"href":"https:\/\/halyardhealth.eu\/de\/wp-json\/wp\/v2\/pages"}],"about":[{"href":"https:\/\/halyardhealth.eu\/de\/wp-json\/wp\/v2\/types\/page"}],"author":[{"embeddable":true,"href":"https:\/\/halyardhealth.eu\/de\/wp-json\/wp\/v2\/users\/2"}],"replies":[{"embeddable":true,"href":"https:\/\/halyardhealth.eu\/de\/wp-json\/wp\/v2\/comments?post=235526"}],"version-history":[{"count":0,"href":"https:\/\/halyardhealth.eu\/de\/wp-json\/wp\/v2\/pages\/235526\/revisions"}],"wp:featuredmedia":[{"embeddable":true,"href":"https:\/\/halyardhealth.eu\/de\/wp-json\/wp\/v2\/media\/234760"}],"wp:attachment":[{"href":"https:\/\/halyardhealth.eu\/de\/wp-json\/wp\/v2\/media?parent=235526"}],"curies":[{"name":"wp","href":"https:\/\/api.w.org\/{rel}","templated":true}]}}