{"id":239283,"date":"2024-04-23T14:51:13","date_gmt":"2024-04-23T12:51:13","guid":{"rendered":"https:\/\/halyardhealth.eu\/arcroyal\/"},"modified":"2026-04-15T08:20:47","modified_gmt":"2026-04-15T06:20:47","slug":"arcroyal","status":"publish","type":"page","link":"https:\/\/halyardhealth.eu\/de\/arcroyal\/","title":{"rendered":"ArcRoyal"},"content":{"rendered":"<div class=\"wpb-content-wrapper\"><p>[vc_row row_type=&#8220;page-hero&#8220; full_width=&#8220;stretch_row&#8220; css=&#8220;.vc_custom_1713873931654{background-image: url(https:\/\/halyardhealth.eu\/wp-content\/uploads\/CPT_logo.png?id=239265) !important;}&#8220;][vc_column]<div class='text-center'><h1 class='    display-1  ' style='max-width: 100%; display:inline-block;' >ArcRoyal<\/h1><\/div><div class='text-center'><h1 class='    display-1  ' style='max-width: 100%; display:inline-block;' >Bereitstellung herausragender, ma\u00dfgeschneiderter L\u00f6sungen<\/h1><\/div>[\/vc_column][\/vc_row][vc_row][vc_column]<div class=''><h1 class='      ' style='max-width: 100%; display:inline-block;' >ArcRoyal: Wer wir sind<\/h1><\/div>[vc_column_text css=&#8220;&#8220;]ArcRoyal, ein Unternehmen von Owens &amp; Minor, ist Marktf\u00fchrer im Bereich der Bereitstellung individueller Operationstabletts und einer breiten Palette wichtiger chirurgischer Produkte. Da wir uns in einem Cluster befinden, in dem acht der zehn weltweit gr\u00f6\u00dften Medizintechnikunternehmen ans\u00e4ssig sind, erm\u00f6glicht uns die strategische Lage unseres 14.000 m\u00b2 gro\u00dfen Betriebsgel\u00e4ndes in den irischen Midlands den Versand unserer Produkte in \u00fcber 30 L\u00e4nder.<\/p>\n<p>Die Produkte und Dienstleistungen von ArcRoyal erreichen \u00fcber unsere Unternehmenspartner, Vertriebsh\u00e4ndler und Vertreter t\u00e4glich Hunderte von Krankenh\u00e4usern in ganz Europa. Unsere ma\u00dfgefertigten Verfahrenstrays werden in einem ISO-Klasse-8-Reinraum hergestellt und nach dem Qualit\u00e4tsstandard ISO:13485 zertifiziert.[\/vc_column_text][\/vc_column][\/vc_row][vc_row disable_element=&#8220;yes&#8220;][vc_column width=&#8220;1\/6&#8243;][\/vc_column][vc_column width=&#8220;2\/3&#8243;]<div class=''><h1 class='      ' style='max-width: 100%; display:inline-block;' >ArcRoyal Produkte<\/h1><\/div><div class=\"product-card\">\n  <a class=\"full-link\"  href='https:\/\/halyardhealth.eu\/de\/documents\/arcroyal-produktkatalog\/' target='_blank' aria-labelledby=\"label-69e0e3934aef4\" aria-describedby=\"description-69e0e3934aef4\"><span class=\"sr-only\" id=\"description-69e0e3934aef4\">Product Catalogue<\/span><\/a>\n  <div class=\"card-img lazyload\" style=\"background-image:inherit;\" data-bg-image=\"url(https:\/\/halyardhealth.eu\/wp-content\/uploads\/Product-Catalogue-preview.jpg)\">\n    <span class=\"sr-only\" role=\"img\" aria-label=\"Product Catalogue thumbnail\"> <\/span>\n\n  <\/div>\n  <div class=\"card-content\">\n    <h3 class=\"card-title\">Product Catalogue<\/h3>\n    <div class=\"card-description\">\n      Produkte f\u00fcr chirurgische L\u00f6sungen    <\/div>\n  <\/div>\n  <div class=\"read-more-link text-uppercase\">\n    <span class=\"auto-hide-text\" id=\"label-69e0e3934aef4\">Product Catalogue<\/span><i class=\"fas fa-arrow-right\" aria-hidden=\"true\"><\/i>\n  <\/div>\n<\/div>\n[\/vc_column][vc_column width=&#8220;1\/6&#8243;][\/vc_column][\/vc_row][vc_row][vc_column]<div class=''><h1 class='      ' style='max-width: 100%; display:inline-block;' >Qualit\u00e4t<\/h1><\/div>[vc_column_text css=&#8220;&#8220;]Wir bei ArcRoyal sind bestrebt, unseren Kunden qualitativ hochwertige Produkte und Dienstleistungen zeitnah und kosteng\u00fcnstig bereitzustellen. Um dies zu erreichen, sind wir st\u00e4ndig bestrebt, die Qualit\u00e4t in allen Aspekten unseres Gesch\u00e4fts zu messen, zu analysieren und zu verbessern, und zwar durch die effektive Implementierung, den Betrieb, die Bewertung und die kontinuierliche Verbesserung eines umfassenden Qualit\u00e4tsmanagementsystems, das entwickelt wurde, um den Anforderungen der Norm ISO\/EN 13485:2016 zu entsprechen.<\/p>\n<p>ArcRoyal verpflichtet sich, w\u00e4hrend des gesamten Gesch\u00e4fts einen Qualit\u00e4ts- und Sicherheitsstandard aufrechtzuerhalten, der mit der Medizinprodukterichtlinie 93\/42\/EEC und der Medical Device Regulation 2017\/745 \u00fcbereinstimmt.<\/p>\n<p>Alle Mitarbeiter von ArcRoyal sind ernsthaft an die erkl\u00e4rten Qualit\u00e4tsziele gebunden, die im Einklang mit dieser Qualit\u00e4tspolitik und den im Qualit\u00e4tshandbuch beschriebenen Anforderungen entwickelt werden und jederzeit eingehalten werden m\u00fcssen. Unsere Qualit\u00e4tszertifikate k\u00f6nnen Sie unten herunterladen.[\/vc_column_text][\/vc_column][\/vc_row][vc_row][vc_column width=&#8220;1\/2&#8243;]<div class='wpb_content_element text-left btn-container'>\n  <a class='btn btn-primary   '\n    href='https:\/\/halyardhealth.eu\/de\/documents\/mdd-ce-zertifikat\/' target='_blank' data-toggle=''>\n    <span>MDD CE Cert<\/span>\n  <\/a><\/div>\n<div class='wpb_content_element text-left btn-container'>\n  <a class='btn btn-primary   '\n    href='https:\/\/halyardhealth.eu\/de\/documents\/iso-13485\/' target='_blank' data-toggle=''>\n    <span>ISO 13485<\/span>\n  <\/a><\/div>\n<div class='wpb_content_element text-left btn-container'>\n  <a class='btn btn-primary   '\n    href='https:\/\/halyardhealth.eu\/de\/documents\/allgemeine-geschaeftsbedingungen\/' target='_blank' data-toggle=''>\n    <span>Terms & Conditions of Purchase<\/span>\n  <\/a><\/div>\n[\/vc_column][vc_column width=&#8220;1\/2&#8243;]<div class='wpb_content_element text-left btn-container'>\n  <a class='btn btn-primary   '\n    href='https:\/\/halyardhealth.eu\/de\/documents\/bestaetigungsschreiben-der-benannten-stelle\/' target='_blank' data-toggle=''>\n    <span>Notified Body Confirmation Letter<\/span>\n  <\/a><\/div>\n<div class='wpb_content_element text-left btn-container'>\n  <a class='btn btn-primary   '\n    href='https:\/\/halyardhealth.eu\/de\/documents\/arcroyal-bericht-zum-geschlechtsspezifischen-lohngefaelle-2024\/' target='_blank' data-toggle=''>\n    <span>ArcRoyal Gender Pay Gap Report 2024<\/span>\n  <\/a><\/div>\n<div class='wpb_content_element text-left btn-container'>\n  <a class='btn btn-primary   '\n    href='https:\/\/halyardhealth.eu\/de\/documents\/arcroyal-gender-pay-gap-bericht-2025\/' target='_blank' data-toggle=''>\n    <span>ArcRoyal Gender Pay Gap Report 2025<\/span>\n  <\/a><\/div>\n<div class='wpb_content_element text-left btn-container'>\n  <a class='btn btn-primary   '\n    href='https:\/\/halyardhealth.eu\/de\/documents\/elektronische-sterilisationsanleitung\/' target='_blank' data-toggle=''>\n    <span>Electronic Sterilisation Instruction<\/span>\n  <\/a><\/div>\n[\/vc_column][\/vc_row]<\/p>\n<\/div>","protected":false},"excerpt":{"rendered":"<p>[vc_row row_type=&#8220;page-hero&#8220; full_width=&#8220;stretch_row&#8220; css=&#8220;.vc_custom_1713873931654{background-image: url(https:\/\/halyardhealth.eu\/wp-content\/uploads\/CPT_logo.png?id=239265) !important;}&#8220;][vc_column][\/vc_column][\/vc_row][vc_row][vc_column][vc_column_text css=&#8220;&#8220;]ArcRoyal, ein Unternehmen von Owens &amp; Minor, ist [&hellip;]<\/p>\n","protected":false},"author":9,"featured_media":232362,"parent":0,"menu_order":0,"comment_status":"closed","ping_status":"closed","template":"","meta":{"_acf_changed":false,"inline_featured_image":false,"footnotes":""},"class_list":["post-239283","page","type-page","status-publish","has-post-thumbnail","hentry"],"acf":[],"publishpress_future_action":{"enabled":false,"date":"2026-04-23 15:26:43","action":"change-status","newStatus":"draft","terms":[],"taxonomy":"translation_priority","extraData":[]},"publishpress_future_workflow_manual_trigger":{"enabledWorkflows":[]},"_links":{"self":[{"href":"https:\/\/halyardhealth.eu\/de\/wp-json\/wp\/v2\/pages\/239283","targetHints":{"allow":["GET"]}}],"collection":[{"href":"https:\/\/halyardhealth.eu\/de\/wp-json\/wp\/v2\/pages"}],"about":[{"href":"https:\/\/halyardhealth.eu\/de\/wp-json\/wp\/v2\/types\/page"}],"author":[{"embeddable":true,"href":"https:\/\/halyardhealth.eu\/de\/wp-json\/wp\/v2\/users\/9"}],"replies":[{"embeddable":true,"href":"https:\/\/halyardhealth.eu\/de\/wp-json\/wp\/v2\/comments?post=239283"}],"version-history":[{"count":0,"href":"https:\/\/halyardhealth.eu\/de\/wp-json\/wp\/v2\/pages\/239283\/revisions"}],"wp:featuredmedia":[{"embeddable":true,"href":"https:\/\/halyardhealth.eu\/de\/wp-json\/wp\/v2\/media\/232362"}],"wp:attachment":[{"href":"https:\/\/halyardhealth.eu\/de\/wp-json\/wp\/v2\/media?parent=239283"}],"curies":[{"name":"wp","href":"https:\/\/api.w.org\/{rel}","templated":true}]}}