{"id":239556,"date":"2024-08-19T13:39:30","date_gmt":"2024-08-19T11:39:30","guid":{"rendered":"https:\/\/halyardhealth.eu\/bekleidung\/"},"modified":"2025-04-08T16:28:12","modified_gmt":"2025-04-08T14:28:12","slug":"bekleidung","status":"publish","type":"page","link":"https:\/\/halyardhealth.eu\/de\/bekleidung\/","title":{"rendered":"Bekleidung"},"content":{"rendered":"<div class=\"wpb-content-wrapper\"><p>[vc_row row_type=&#8220;page-hero&#8220;][vc_column]<div class=''><h1 class='      ' style='max-width: 100%; display:inline-block;' >Infektionsschutz - Bekleidung<\/h1><\/div><div class=''><h1 class='      ' style='max-width: 100%; display:inline-block;' >Schutzkittel<\/h1><\/div>[\/vc_column][\/vc_row][vc_row][vc_column]<div class=''><h3 class='      ' style='max-width: 100%; display:inline-block;' >W\u00e4hlen Sie das richtige Schutzniveau f\u00fcr Ihre Situation<\/h3><\/div><div class='wpb_content_element text-left btn-container'>\n  <a class='btn btn-primary   '\n    href='https:\/\/halyardhealth.eu\/de\/documents\/bekleidung-kleider\/' target='_blank' data-toggle=''>\n    <span>Bekleidung Kleider<\/span>\n  <\/a><\/div>\n<div class='wpb_content_element text-left btn-container'>\n  <a class='btn btn-primary   '\n    href='https:\/\/halyardhealth.eu\/de\/documents\/fuer-die-chemotherapie-geeignete-persoenliche-schutzausruestung\/' target='_blank' data-toggle=''>\n    <span>F\u00fcr die Chemotherapie geeignete pers\u00f6nliche Schutzausr\u00fcstung<\/span>\n  <\/a><\/div>\n[\/vc_column][\/vc_row]<\/p>\n<\/div>","protected":false},"excerpt":{"rendered":"<p>[vc_row row_type=&#8220;page-hero&#8220;][vc_column][\/vc_column][\/vc_row][vc_row][vc_column][\/vc_column][\/vc_row]<\/p>\n","protected":false},"author":9,"featured_media":0,"parent":0,"menu_order":0,"comment_status":"closed","ping_status":"closed","template":"","meta":{"_acf_changed":false,"inline_featured_image":false,"footnotes":""},"class_list":["post-239556","page","type-page","status-publish","hentry"],"acf":[],"publishpress_future_action":{"enabled":false,"date":"2026-05-04 21:38:00","action":"change-status","newStatus":"draft","terms":[],"taxonomy":"translation_priority","extraData":[]},"publishpress_future_workflow_manual_trigger":{"enabledWorkflows":[]},"_links":{"self":[{"href":"https:\/\/halyardhealth.eu\/de\/wp-json\/wp\/v2\/pages\/239556","targetHints":{"allow":["GET"]}}],"collection":[{"href":"https:\/\/halyardhealth.eu\/de\/wp-json\/wp\/v2\/pages"}],"about":[{"href":"https:\/\/halyardhealth.eu\/de\/wp-json\/wp\/v2\/types\/page"}],"author":[{"embeddable":true,"href":"https:\/\/halyardhealth.eu\/de\/wp-json\/wp\/v2\/users\/9"}],"replies":[{"embeddable":true,"href":"https:\/\/halyardhealth.eu\/de\/wp-json\/wp\/v2\/comments?post=239556"}],"version-history":[{"count":0,"href":"https:\/\/halyardhealth.eu\/de\/wp-json\/wp\/v2\/pages\/239556\/revisions"}],"wp:attachment":[{"href":"https:\/\/halyardhealth.eu\/de\/wp-json\/wp\/v2\/media?parent=239556"}],"curies":[{"name":"wp","href":"https:\/\/api.w.org\/{rel}","templated":true}]}}