{"id":239754,"date":"2024-11-25T13:48:01","date_gmt":"2024-11-25T12:48:01","guid":{"rendered":"https:\/\/halyardhealth.eu\/schliessung-eines-suedafrikanischen-unternehmens\/"},"modified":"2025-11-18T10:47:44","modified_gmt":"2025-11-18T09:47:44","slug":"schliessung-eines-suedafrikanischen-unternehmens","status":"publish","type":"page","link":"https:\/\/halyardhealth.eu\/de\/schliessung-eines-suedafrikanischen-unternehmens\/","title":{"rendered":"Schlie\u00dfung eines s\u00fcdafrikanischen Unternehmens"},"content":{"rendered":"<div class=\"wpb-content-wrapper\"><p>[vc_row row_type=&#8220;page-hero&#8220; full_width=&#8220;stretch_row_content&#8220;][vc_column]<div class=''><h1 class='      ' style='max-width: 100%; display:inline-block;' >O&amp;M Halyard SA Unternehmensschlie\u00dfung<\/h1><\/div><div class=''><h2 class='      ' style='max-width: 100%; display:inline-block;' >ab 28. M\u00e4rz 2025<\/h2><\/div><div class='wpb_content_element text-left btn-container'>\n  <a class='btn btn-primary   '\n    href='https:\/\/halyardhealth.eu\/documents\/om-halyard-paia-manual\/' target='_blank' data-toggle=''>\n    <span>O&M Halyard PAIA Manual<\/span>\n  <\/a><\/div>\n[\/vc_column][\/vc_row][vc_row][vc_column]<div class=''><h3 class='      ' style='max-width: 100%; display:inline-block;' >Mitteilung 26. November 2024<\/h3><\/div>[vc_column_text css=&#8220;&#8220;]Sehr geehrter Kunde,<\/p>\n<p>Wir melden uns mit einem Update zur Schlie\u00dfung des O&amp;M Halyard-Unternehmens in S\u00fcdafrika mit Wirkung zum 28. M\u00e4rz 2025. Dieses Schreiben folgt auf unsere erste Mitteilung vom 23. Oktober (siehe unten). <\/p>\n<p>Wir freuen uns, Ihnen mitteilen zu k\u00f6nnen, dass ein lokaler Vertriebspartner gefunden wurde, der unser Gesch\u00e4ft f\u00fcr Gesichtsschutz, OP-Kittel, Patientenpflege, Untersuchungshandschuhe und Reinraumhandschuhe \u00fcbernimmt. Ab dem 1. M\u00e4rz 2025 sind die PTA-Agenturen Ihr neuer Partner f\u00fcr diese Produkte. <\/p>\n<p>Wir m\u00fcssen Ihnen jedoch leider mitteilen, dass kein Vertriebspartner f\u00fcr die Operationst\u00fccher, Operationspakete, Bekleidung und Sterilisationst\u00fccher von Halyard gefunden werden konnte. Daher werden diese Artikel nach dem 28. M\u00e4rz 2025 nicht mehr erh\u00e4ltlich sein. <\/p>\n<p>Dieses Schreiben ist das zweite in einer Reihe von Mitteilungen, die der Kl\u00e4rung praktischer Einzelheiten hinsichtlich Bestellung, Lieferung und Rechnungsstellung dienen.<\/p>\n<p><strong>Wichtige Informationen:<\/strong><\/p>\n<ul>\n<li><strong>Produktverf\u00fcgbarkeit:<\/strong> Wir versorgen Sie auch in den kommenden Monaten weiterhin mit unseren bew\u00e4hrten Produkten und streben eine Lieferverf\u00fcgbarkeit bis Ende M\u00e4rz 2025 an.<\/li>\n<li><strong>Sp\u00e4tester Bestelltermin:<\/strong> Wir nehmen Ihre Bestellungen bis zum 28. Februar 2025 entgegen, die Lieferung erfolgt im M\u00e4rz 2025.<\/li>\n<li><strong>Neuer Vertriebspartner ab 1. M\u00e4rz 2025:<\/strong> PTA Agencies, Unit 4 Tygerberg Station Park, Railway Street, Parrow, 7500. Wenn Sie unsere Produkte k\u00fcnftig bei PTA Agencies (Healthcare) kaufen m\u00f6chten, wenden Sie sich bitte an <span data-teams=\"true\"><a id=\"menurshb\" class=\"fui-Link ___1q1shib f2hkw1w f3rmtva f1ewtqcl fyind8e f1k6fduh f1w7gpdv fk6fouc fjoy568 figsok6 f1s184ao f1mk8lai fnbmjn9 f1o700av f13mvf36 f1cmlufx f9n3di6 f1ids18y f1tx3yz7 f1deo86v f1eh06m1 f1iescvh fhgqx19 f1olyrje f1p93eir f1nev41a f1h8hb77 f1lqvz6u f10aw75t fsle3fq f17ae5zn\" title=\"mailto:admin@ptaagencies.com\" href=\"mailto:admin@ptaagencies.com\" target=\"_blank\" rel=\"noreferrer noopener\" aria-label=\"Link admin@ptaagencies.com\"><\/a>Nolene Mollentze<\/span> <span data-teams=\"true\"><a id=\"menurshb\" class=\"fui-Link ___1q1shib f2hkw1w f3rmtva f1ewtqcl fyind8e f1k6fduh f1w7gpdv fk6fouc fjoy568 figsok6 f1s184ao f1mk8lai fnbmjn9 f1o700av f13mvf36 f1cmlufx f9n3di6 f1ids18y f1tx3yz7 f1deo86v f1eh06m1 f1iescvh fhgqx19 f1olyrje f1p93eir f1nev41a f1h8hb77 f1lqvz6u f10aw75t fsle3fq f17ae5zn\" title=\"mailto:admin@ptaagencies.com\" href=\"mailto:admin@ptaagencies.com\" target=\"_blank\" rel=\"noreferrer noopener\" aria-label=\"Link admin@ptaagencies.com\">admin@ptaagencies.com<\/a><\/span> <span data-teams=\"true\"><a id=\"menurshm\" class=\"fui-Link ___1q1shib f2hkw1w f3rmtva f1ewtqcl fyind8e f1k6fduh f1w7gpdv fk6fouc fjoy568 figsok6 f1s184ao f1mk8lai fnbmjn9 f1o700av f13mvf36 f1cmlufx f9n3di6 f1ids18y f1tx3yz7 f1deo86v f1eh06m1 f1iescvh fhgqx19 f1olyrje f1p93eir f1nev41a f1h8hb77 f1lqvz6u f10aw75t fsle3fq f17ae5zn\" title=\"mailto:customerservice@ptaagencies.com\" href=\"mailto:customerservice@ptaagencies.com\" target=\"_blank\" rel=\"noreferrer noopener\" aria-label=\"Link customerservice@ptaagencies.com\">customerservice@ptaagencies.com<\/a><\/span> oder unter <span data-teams=\"true\">076 958 4041 \/ 021 939 7635<\/span> . <\/li>\n<\/ul>\n<p>Vielen Dank f\u00fcr Ihre anhaltende Unterst\u00fctzung w\u00e4hrend dieser Umstellung. Unser Team steht Ihnen w\u00e4hrend dieser Zeit bei allen Fragen und Anliegen zur Seite. <\/p>\n<p>Beste gr\u00fc\u00dfe,<\/p>\n<p>Pierre Deschamps<\/p>\n<p>Vizepr\u00e4sident und General Manager EMEA<br \/>\n Owens &amp; Minor Produkte &amp; Gesundheitsdienstleistungen[\/vc_column_text][\/vc_column][\/vc_row][vc_row][vc_column]<div class=''><h3 class='      ' style='max-width: 100%; display:inline-block;' >Mitteilung 23. Oktober 2024<\/h3><\/div>[vc_column_text css=&#8220;&#8220;]Sehr geehrter Kunde,<\/p>\n<p>Mit diesem Schreiben m\u00f6chten wir Ihnen die Schlie\u00dfung des Gesch\u00e4ftsbereichs Chirurgie und Infektionspr\u00e4vention O&amp;M Halyard in S\u00fcdafrika zum 28. M\u00e4rz 2025 bekannt geben. Diese Entscheidung ist uns nicht leicht gefallen und wir bedauern zutiefst etwaige Unannehmlichkeiten, die dadurch f\u00fcr Sie entstehen.<\/p>\n<p>Wir hatten im Laufe der Jahre das Privileg, Sie zu betreuen und m\u00f6chten Ihnen unseren tiefsten Dank f\u00fcr das Vertrauen aussprechen, das Sie in unsere L\u00f6sungen aus den Bereichen Gesichtsschutz, Handschuhe, Operationst\u00fccher und Kittel von Halyard gesetzt haben.<\/p>\n<p>Dieser Brief ist der erste in einer Reihe von Mitteilungen, die dazu dienen, die praktischen Einzelheiten bez\u00fcglich Bestellung, Lieferung und Rechnungsstellung zu kl\u00e4ren.<\/p>\n<p><strong>Wichtige Informationen:<\/strong><\/p>\n<ul>\n<li><strong>Produktverf\u00fcgbarkeit:<\/strong> Wir versorgen Sie auch in den kommenden Monaten weiterhin mit unseren bew\u00e4hrten Produkten und streben eine Lieferverf\u00fcgbarkeit bis Ende M\u00e4rz 2025 an.<\/li>\n<li><strong>Sp\u00e4tester Bestelltermin:<\/strong> Wir nehmen Ihre Bestellungen bis zum 28. Februar 2025 entgegen, die Lieferung erfolgt im M\u00e4rz 2025.<\/li>\n<li>Alternative Beschaffung: Falls ein lokaler Vertriebsh\u00e4ndler gefunden werden kann, der das O&amp;M Halyard-Gesch\u00e4ft oder Teile davon \u00fcbernimmt, werden wir Sie so bald wie m\u00f6glich informieren.<\/li>\n<\/ul>\n<p>Wir verstehen, dass Neuigkeiten unerwartet sein k\u00f6nnen, und wir sind bestrebt, diesen \u00dcbergang f\u00fcr Sie so reibungslos wie m\u00f6glich zu gestalten. Unser Team steht Ihnen w\u00e4hrend dieser Zeit bei allen Fragen oder Anliegen zur Verf\u00fcgung. <\/p>\n<p>Vielen Dank, dass Sie ein gesch\u00e4tzter Kunde sind. Wir w\u00fcnschen Ihnen alles Gute f\u00fcr Ihre zuk\u00fcnftigen Bem\u00fchungen. <\/p>\n<p>Beste gr\u00fc\u00dfe,<\/p>\n<p>Pierre Deschamps<\/p>\n<p>Vizepr\u00e4sident und General Manager EMEA<br \/>\n Owens &amp; Minor Produkte und Gesundheitsdienstleistungen[\/vc_column_text][\/vc_column][\/vc_row]<\/p>\n<\/div>","protected":false},"excerpt":{"rendered":"<p>[vc_row row_type=&#8220;page-hero&#8220; full_width=&#8220;stretch_row_content&#8220;][vc_column][\/vc_column][\/vc_row][vc_row][vc_column][vc_column_text css=&#8220;&#8220;]Sehr geehrter Kunde, Wir melden uns mit einem Update zur Schlie\u00dfung [&hellip;]<\/p>\n","protected":false},"author":9,"featured_media":0,"parent":0,"menu_order":0,"comment_status":"closed","ping_status":"closed","template":"","meta":{"_acf_changed":false,"inline_featured_image":false,"footnotes":""},"class_list":["post-239754","page","type-page","status-publish","hentry"],"acf":[],"publishpress_future_action":{"enabled":false,"date":"2026-04-23 22:34:53","action":"change-status","newStatus":"draft","terms":[],"taxonomy":"translation_priority","extraData":[]},"publishpress_future_workflow_manual_trigger":{"enabledWorkflows":[]},"_links":{"self":[{"href":"https:\/\/halyardhealth.eu\/de\/wp-json\/wp\/v2\/pages\/239754","targetHints":{"allow":["GET"]}}],"collection":[{"href":"https:\/\/halyardhealth.eu\/de\/wp-json\/wp\/v2\/pages"}],"about":[{"href":"https:\/\/halyardhealth.eu\/de\/wp-json\/wp\/v2\/types\/page"}],"author":[{"embeddable":true,"href":"https:\/\/halyardhealth.eu\/de\/wp-json\/wp\/v2\/users\/9"}],"replies":[{"embeddable":true,"href":"https:\/\/halyardhealth.eu\/de\/wp-json\/wp\/v2\/comments?post=239754"}],"version-history":[{"count":0,"href":"https:\/\/halyardhealth.eu\/de\/wp-json\/wp\/v2\/pages\/239754\/revisions"}],"wp:attachment":[{"href":"https:\/\/halyardhealth.eu\/de\/wp-json\/wp\/v2\/media?parent=239754"}],"curies":[{"name":"wp","href":"https:\/\/api.w.org\/{rel}","templated":true}]}}