{"id":240992,"date":"2020-06-03T14:21:43","date_gmt":"2020-06-03T12:21:43","guid":{"rendered":"https:\/\/halyardhealth.eu\/datenschutzrichtlinie\/"},"modified":"2025-11-18T09:40:52","modified_gmt":"2025-11-18T08:40:52","slug":"datenschutzrichtlinie","status":"publish","type":"page","link":"https:\/\/halyardhealth.eu\/de\/datenschutzrichtlinie\/","title":{"rendered":"Datenschutzrichtlinie"},"content":{"rendered":"<div class=\"wpb-content-wrapper\"><p>[vc_row row_type=&#8220;bg-overlay&#8220; row_text_color=&#8220;text-light&#8220; full_width=&#8220;stretch_row&#8220; content_placement=&#8220;middle&#8220; css=&#8220;.vc_custom_1608671745488{background-image: url(https:\/\/www.halyardhealth.eu\/wp-content\/uploads\/2020\/08\/placeholder-red.jpg?id=556) !important;}&#8220;][vc_column]<div class=''><h1 class='text-white    h2  ' style='max-width: 100%; display:inline-block;' >Datenschutzrichtlinie<\/h1><\/div>[\/vc_column][\/vc_row][vc_section][vc_row][vc_column][vc_column_text]Die Datenschutzerkl\u00e4rung f\u00fcr HALYARD finden Sie auch unter <a href=\"https:\/\/www.owens-minor.com\/privacy-policy\/\" target=\"_blank\" rel=\"noopener\">https:\/\/www.owens-minor.com\/privacy-policy\/<\/a>[\/vc_column_text][vc_column_text]<\/p>\n<div id=\"page\" class=\"wrapper \">\n<div id=\"content\" class=\"site-content\">\n<section id=\"primary\" class=\"content-area\"><main id=\"main\" class=\"site-main\" role=\"main\"><\/p>\n<div class=\"container\">\n<article id=\"post-3\" class=\"post-3 page type-page status-publish hentry\">\n<div class=\"entry-content\">\n<section class=\"vc_section\">\n<div class=\"vc_row wpb_row vc_row-fluid pt-0\">\n<div class=\"wpb_column vc_column_container vc_col-sm-12\">\n<div class=\"vc_column-inner \">\n<div class=\"wpb_wrapper\">\n<div class=\"\">\n<p class=\" lead \">Owens &amp; Minor verpflichtet sich, die Datenschutzrechte aller Besucher unserer \u00f6ffentlichen Websites zu respektieren. Hinweis: F\u00fcr die Zwecke dieser Datenschutzrichtlinie umfasst der Begriff &#8222;Websites&#8220; sowohl diese Website als auch alle Online-Dienste, die von Owens &amp; Minor oder unseren verbundenen Unternehmen angeboten werden. Eine Website kann Webseiten, Webportale, Anwendungen oder andere Online-Tools enthalten, die von Owens &amp; Minor kontrolliert oder lizenziert werden. Die folgende Datenschutzerkl\u00e4rung (&#8222;Erkl\u00e4rung&#8220;) beschreibt die Informationspraktiken und die Entscheidungen, die Sie in Bezug auf die Art und Weise treffen k\u00f6nnen, wie Ihre personenbezogenen Daten auf unseren \u00f6ffentlichen Websites erfasst und verwendet werden. Diese Erkl\u00e4rung gilt nicht f\u00fcr Informationen, die wir offline oder \u00fcber andere Quellen sammeln und verwenden.    <\/p>\n<\/div>\n<div class=\"wpb_text_column wpb_content_element \">\n<div class=\"wpb_wrapper\">\n<p>G\u00fcltig ab 15.12.2019<\/p>\n<\/div>\n<\/div>\n<div class=\"\">\n<h1 class=\" h3 \">GELTUNGSBEREICH UND EINWILLIGUNG<\/h1>\n<\/div>\n<div class=\"wpb_text_column wpb_content_element \">\n<div class=\"wpb_wrapper\">\n<p>Durch den Besuch unserer Websites erkl\u00e4ren Sie sich damit einverstanden, die in dieser Erkl\u00e4rung beschriebenen Praktiken zu akzeptieren und der Erfassung, Nutzung, Offenlegung und Speicherung der von Ihnen bereitgestellten personenbezogenen Daten zuzustimmen.<\/p>\n<\/div>\n<\/div>\n<div class=\"\">\n<h1 class=\" h3 \">INFORMATIONEN, DIE WIR SAMMELN<\/h1>\n<\/div>\n<div class=\"wpb_text_column wpb_content_element \">\n<div class=\"wpb_wrapper\">\n<p>Owens &amp; Minor respektiert die Privatsph\u00e4re der Besucher unserer Website und daher k\u00f6nnen Sie auf unserer Website surfen, ohne personenbezogene Daten anzugeben. Wenn Sie sich entscheiden, uns zu kontaktieren oder \u00fcber unsere Website mit einer unserer Abteilungen zu kommunizieren, z. B. mit dem Kundendienst, dem Vertrieb oder dem technischen Service, werden Sie aufgefordert, bestimmte personenbezogene Daten anzugeben. Beispiele f\u00fcr die Art der Informationen, die angefordert werden k\u00f6nnen, sind Ihr Name, Ihr Alter, Ihr Firmenname, Ihre Adresse, Telefonnummer und E-Mail-Adresse.  <\/p>\n<p>Bei Bewerbern, die sich online f\u00fcr eine Stelle bei Owens &amp; Minor bewerben, werden personenbezogene Daten erfasst. Diese Informationen werden ausschlie\u00dflich zu dem Zweck verwendet, sie f\u00fcr die Stelle, auf die sie sich beworben haben, zu bewerten. Die Informationen, die Sie als Bewerber zur Verf\u00fcgung stellen, k\u00f6nnen von Owens &amp; Minor auch f\u00fcr einen Zeitraum aufbewahrt werden, der der geltenden gesetzlich vorgeschriebenen Aufbewahrungsfrist entspricht, jedoch nur zum Zweck der Ber\u00fccksichtigung des Bewerbers f\u00fcr aktuelle oder zuk\u00fcnftige Positionen.  <\/p>\n<\/div>\n<\/div>\n<div class=\"\">\n<h1 class=\" h3 \">AUTOMATISCHE INFORMATIONEN, DIE VON OWENS &amp; MINOR GESAMMELT WERDEN<\/h1>\n<\/div>\n<div class=\"wpb_text_column wpb_content_element \">\n<div class=\"wpb_wrapper\">\n<p>Owens &amp; Minor (oder Vertreter in unserem Auftrag) k\u00f6nnen anonyme Informationen von Besuchen auf unseren Websites durch die Verwendung von &#8222;Web Beacons&#8220; oder &#8222;Cookies&#8220; sammeln. Web Beacons sind Objekte, die in eine Webseite eingebettet sind und es einer Partei auf der Serverseite erm\u00f6glichen, zu erkennen, ob ein Benutzer eine bestimmte Webseite angesehen hat. Wir k\u00f6nnen diese Daten verwenden, um Trends und Statistiken zu analysieren, um Ihr Online-Erlebnis oder Ihren Kundenservice zu verbessern. Ein Cookie ist eine kleine Datei, die die Website zu zuk\u00fcnftigen Identifizierungszwecken auf Ihrem Computer ablegt. Durch die Verwendung von Cookies k\u00f6nnen wir auch die IP-Adresse erfassen und analysieren, die verwendet wird, um Ihren Computer mit dem Internet zu verbinden. Computer- und Verbindungsinformationen wie Ihr Browsertyp und Ihre Browserversion; Betriebssystem und Plattform; und Kaufhistorie Web Beacons und Cookies enthalten oder \u00fcbertragen keine personenbezogenen Daten von Ihrem Computer an unsere Website. Bitte beachten Sie, dass, wenn Sie personenbezogene Daten auf unserer Website angeben, unsere Systeme Ihre fr\u00fcheren Aktivit\u00e4ten auf der Website r\u00fcckwirkend mit den bereitgestellten personenbezogenen Daten verkn\u00fcpfen k\u00f6nnen.     <\/p>\n<\/div>\n<\/div>\n<div class=\"\">\n<h1 class=\" h3 \">KALIFORNISCHE &#8222;DO NOT TRACK&#8220;-OFFENLEGUNGEN<\/h1>\n<\/div>\n<div class=\"wpb_text_column wpb_content_element \">\n<div class=\"wpb_wrapper\">\n<p>Die meisten Browser sind so programmiert, dass sie Cookies oder andere \u00e4hnliche Technologien akzeptieren, um nicht personenbezogene Daten zu sammeln. Sie k\u00f6nnen Ihren Browser so einstellen, dass Sie benachrichtigt werden, wenn Sie ein Cookie erhalten, und Ihnen die M\u00f6glichkeit geben, es zu akzeptieren oder abzulehnen. Das Ablehnen eines Cookies oder einer \u00e4hnlichen Technologie kann Ihre F\u00e4higkeit beeintr\u00e4chtigen, bestimmte Funktionen unserer Dienste zu nutzen. Sie k\u00f6nnen die Annahme von Cookies von einer bestimmten Website beenden oder indem Sie die Einstellungen Ihres Browsers \u00e4ndern, die Sie normalerweise im Men\u00fc &#8222;Optionen&#8220; oder &#8222;Einstellungen&#8220; finden. Sie k\u00f6nnen auch AboutCookies.org besuchen, um Anweisungen zu erhalten, wie Sie die Einstellungen Ihrer Cookies in Ihrem Browser steuern k\u00f6nnen.    <\/p>\n<\/div>\n<\/div>\n<div class=\"\">\n<h1 class=\" h3 \">OFFENLEGUNG PERSONENBEZOGENER DATEN DURCH OWENS &amp; MINOR<\/h1>\n<\/div>\n<div class=\"wpb_text_column wpb_content_element \">\n<div class=\"wpb_wrapper\">\n<p>Owens &amp; Minor ist der alleinige Eigent\u00fcmer der auf unseren Websites gesammelten Informationen und wird die Informationen intern f\u00fcr Marketing- und Verwaltungszwecke, zur Erf\u00fcllung unserer Dienstleistungsverpflichtung Ihnen gegen\u00fcber, wie gesetzlich vorgeschrieben, und f\u00fcr jeden anderen Zweck, f\u00fcr den Sie uns personenbezogene Daten \u00fcbermittelt haben, verwenden. Owens &amp; Minor kann Ihre Daten an verbundene Unternehmen, Tochtergesellschaften und verbundene Unternehmen weitergeben, wenn dies zur Erf\u00fcllung der von Ihnen initiierten Transaktionen erforderlich ist oder wie anderweitig in dieser Erkl\u00e4rung beschrieben. Wir werden Ihre personenbezogenen Daten niemals an unabh\u00e4ngige Dritte verkaufen oder weitergeben, es sei denn, dies ist in dieser Erkl\u00e4rung beschrieben.  <\/p>\n<\/div>\n<\/div>\n<div class=\"\">\n<h1 class=\" h3 \">AUFTRAGNEHMER<\/h1>\n<\/div>\n<div class=\"wpb_text_column wpb_content_element \">\n<div class=\"wpb_wrapper\">\n<p>Owens &amp; Minor kann andere Unternehmen oder Einzelpersonen damit beauftragen, bestimmte Dienstleistungen f\u00fcr uns zu erbringen, wie z. B. die Analyse von Kundenlisten und -daten, die Bereitstellung von Marketingunterst\u00fctzung oder Beratungsdienste. Diese Dritten haben Zugang zu den Informationen, die zur Erf\u00fcllung ihrer Aufgaben erforderlich sind, k\u00f6nnen diese Informationen jedoch nicht f\u00fcr andere Zwecke verwenden. <\/p>\n<\/div>\n<\/div>\n<div class=\"\">\n<h1 class=\" h3 \">AGGREGIERTE INFORMATIONEN<\/h1>\n<\/div>\n<div class=\"wpb_text_column wpb_content_element \">\n<div class=\"wpb_wrapper\">\n<p>Owens &amp; Minor stellt einigen unserer Gesch\u00e4ftspartner aggregierte Informationen zur Verf\u00fcgung. Diese Informationen erm\u00f6glichen es ihnen nicht, Sie in irgendeiner Weise individuell zu identifizieren. <\/p>\n<\/div>\n<\/div>\n<div class=\"\">\n<h1 class=\" h3 \">STRAFVERFOLGUNG UND SCHUTZ DER NUTZER<\/h1>\n<\/div>\n<div class=\"wpb_text_column wpb_content_element \">\n<div class=\"wpb_wrapper\">\n<p>Owens &amp; Minor gibt personenbezogene Daten an Dritte und Organisationen weiter, wenn wir der Meinung sind, dass dies zur Einhaltung des Gesetzes angemessen ist. Wir werden dies auch tun, um mit Ermittlungen der Strafverfolgungsbeh\u00f6rden zusammenzuarbeiten, Gerichtsbeschl\u00fcssen oder Vorladungen nachzukommen und unsere gesetzlichen Rechte und die Rechte unserer Nutzer zu sch\u00fctzen, oder wenn wir der Meinung sind, dass dies zum Schutz vor Betrug und\/oder zur Verringerung des Kreditrisikos erforderlich ist. <\/p>\n<\/div>\n<\/div>\n<div class=\"\">\n<h1 class=\" h3 \">LINKS ZU WEBSITES DRITTER<\/h1>\n<\/div>\n<div class=\"wpb_text_column wpb_content_element \">\n<div class=\"wpb_wrapper\">\n<p>Die Websites von Owens &amp; Minor enthalten bestimmte Links zu Websites Dritter, wie z. B. Partnern und Nachrichtenorganisationen. Owens &amp; Minor ist nicht verantwortlich oder haftbar f\u00fcr die Datenschutzpraktiken oder Inhalte auf diesen Websites. Wir empfehlen Ihnen, die Datenschutzerkl\u00e4rung jeder Website, die Sie besuchen, zu \u00fcberpr\u00fcfen.  <\/p>\n<\/div>\n<\/div>\n<div class=\"\">\n<h1 class=\" h3 \">SICHERHEIT<\/h1>\n<\/div>\n<div class=\"wpb_text_column wpb_content_element \">\n<div class=\"wpb_wrapper\">\n<p>Owens &amp; Minor ergreift Vorsichtsma\u00dfnahmen, einschlie\u00dflich administrativer, technischer und physischer Ma\u00dfnahmen, um Ihre personenbezogenen Daten vor Diebstahl, Verlust und Missbrauch sowie vor unbefugtem Zugriff, Offenlegung, \u00c4nderung und Zerst\u00f6rung zu sch\u00fctzen.<\/p>\n<p>Ihre personenbezogenen Daten werden sicher in unseren propriet\u00e4ren Systemen hinter unserer Firewall und in unserem Customer-Relationship-Management-System gespeichert, das von einem Dritten betrieben wird. Bei der \u00dcbertragung personenbezogener Daten zwischen unseren Systemen und Systemen von Drittanbietern wird eine mindestens 128-Bit-Verschl\u00fcsselungstechnologie verwendet. <\/p>\n<\/div>\n<\/div>\n<div class=\"\">\n<h1 class=\" h3 \">UNSER ENGAGEMENT F\u00dcR DIE PRIVATSPH\u00c4RE VON KINDERN<\/h1>\n<\/div>\n<div class=\"wpb_text_column wpb_content_element \">\n<div class=\"wpb_wrapper\">\n<p>Diese Website ist nicht f\u00fcr die Nutzung durch Kinder unter 13 Jahren bestimmt. Niemand unter 13 Jahren darf Informationen auf unserer Website bereitstellen. Wir sammeln wissentlich keine personenbezogenen Daten von Kindern unter 13 Jahren. Wenn Sie unter 13 Jahre alt sind, d\u00fcrfen Sie diese Website nicht verwenden oder keine Informationen bereitstellen. Alle pers\u00f6nlichen Daten, die versehentlich von Kindern gesammelt wurden, werden unverz\u00fcglich gel\u00f6scht. Wenn wir erfahren, dass wir personenbezogene Daten von einem Kind unter 13 Jahren ohne \u00dcberpr\u00fcfung der elterlichen Zustimmung gesammelt oder erhalten haben, werden wir diese Daten l\u00f6schen. Wenn Sie glauben, dass wir Informationen von oder \u00fcber ein Kind unter 13 Jahren haben k\u00f6nnten, senden Sie bitte eine E-Mail <a href=\"mailto:GM-privacy@owens-minor.com\">an GM-privacy@owens-minor.com<\/a>.      <\/p>\n<\/div>\n<\/div>\n<div class=\"\">\n<h1 class=\" h3 \">ABMELDUNG<\/h1>\n<\/div>\n<div class=\"wpb_text_column wpb_content_element \">\n<div class=\"wpb_wrapper\">\n<p>Owens &amp; Minor bietet Ihnen die M\u00f6glichkeit, den Erhalt von Marketingmitteilungen von uns abzulehnen. Wenn Sie keine Mitteilungen mehr von uns erhalten m\u00f6chten, k\u00f6nnen Sie sich abmelden, indem Sie GM-privacy@owens-minor.com eine E-Mail an die E-Mail-Adresse senden, unter der Sie diese Mitteilungen nicht mehr erhalten m\u00f6chten, oder indem Sie an folgende Adresse schreiben: Owens &amp; Minor, Attn: Privacy Officer, 9120 Lockwood Boulevard, Mechanicsville, VA 23116. Bitte geben Sie an, welche Arten von Mitteilungen Sie nicht mehr erhalten m\u00f6chten (E-Mail, Telefon usw.).  <\/p>\n<\/div>\n<\/div>\n<div class=\"\">\n<h1 class=\" h3 \">\u00c4NDERUNGEN AN DIESER DATENSCHUTZERKL\u00c4RUNG<\/h1>\n<\/div>\n<div class=\"wpb_text_column wpb_content_element \">\n<div class=\"wpb_wrapper\">\n<p>Diese Datenschutzerkl\u00e4rung kann sich von Zeit zu Zeit \u00e4ndern, und die Verwendung von Informationen, die wir jetzt sammeln, unterliegt dieser Erkl\u00e4rung in der ge\u00e4nderten Fassung. Bitte \u00fcberpr\u00fcfen Sie diese Seite regelm\u00e4\u00dfig, w\u00e4hrend Sie unsere Website weiterhin nutzen, um zu sehen, ob \u00c4nderungen vorgenommen wurden. Wenn Sie unsere Website besuchen, unterliegen Ihr Besuch und alle Streitigkeiten \u00fcber den Datenschutz dieser Erkl\u00e4rung und unseren Nutzungsbedingungen.  <\/p>\n<\/div>\n<\/div>\n<div class=\"\">\n<h1 class=\" h3 \">FRAGEN ZUM DATENSCHUTZ<\/h1>\n<\/div>\n<div class=\"wpb_text_column wpb_content_element \">\n<div class=\"wpb_wrapper\">\n<p>Wenn Sie Fragen oder Bedenken bez\u00fcglich der Datenschutzrichtlinie oder der Datenverarbeitung von Owens &amp; Minor haben, verwenden Sie bitte die unten angegebene E-Mail-Adresse, um uns zu kontaktieren. Der Datenschutzbeauftragte von Owens &amp; Minor wird Ihre Anfrage innerhalb von 10 Werktagen beantworten. <\/p>\n<\/div>\n<\/div>\n<div class=\"\">\n<h1 class=\" h3 \">KONTAKTINFORMATIONEN<\/h1>\n<\/div>\n<div class=\"wpb_text_column wpb_content_element \">\n<div class=\"wpb_wrapper\">\n<p>Owens &amp; Minor<\/p>\n<p>Attn: Datenschutzbeauftragter<\/p>\n<p>9120 Lockwood Boulevard<br \/>\nMechanicsville, VA 23116-2015<\/p>\n<p>E-Mail: <a href=\"mailto:GM-privacy@owens-minor.com\">GM-privacy@owens-minor.com<\/a><\/p>\n<\/div>\n<\/div>\n<\/div>\n<\/div>\n<\/div>\n<\/div>\n<\/section>\n<\/div>\n<\/article>\n<\/div>\n<p>&nbsp;<\/p>\n<p>&nbsp;<\/p>\n<p><\/main><\/section>\n<\/div>\n<\/div>\n<footer id=\"colophon\" class=\"site-footer pt-2\" role=\"contentinfo\">\n<div class=\"divider my-2\"><\/div>\n<\/footer>\n<p>[\/vc_column_text][\/vc_column][\/vc_row][\/vc_section]<\/p>\n<\/div>","protected":false},"excerpt":{"rendered":"<p>[vc_row row_type=&#8220;bg-overlay&#8220; row_text_color=&#8220;text-light&#8220; full_width=&#8220;stretch_row&#8220; content_placement=&#8220;middle&#8220; css=&#8220;.vc_custom_1608671745488{background-image: url(https:\/\/www.halyardhealth.eu\/wp-content\/uploads\/2020\/08\/placeholder-red.jpg?id=556) !important;}&#8220;][vc_column][\/vc_column][\/vc_row][vc_section][vc_row][vc_column][vc_column_text]Die Datenschutzerkl\u00e4rung f\u00fcr HALYARD finden Sie auch [&hellip;]<\/p>\n","protected":false},"author":2,"featured_media":0,"parent":0,"menu_order":74,"comment_status":"closed","ping_status":"open","template":"","meta":{"_acf_changed":false,"inline_featured_image":false,"footnotes":""},"class_list":["post-240992","page","type-page","status-publish","hentry"],"acf":[],"publishpress_future_action":{"enabled":false,"date":"2026-05-07 03:09:44","action":"change-status","newStatus":"draft","terms":[],"taxonomy":"translation_priority","extraData":[]},"publishpress_future_workflow_manual_trigger":{"enabledWorkflows":[]},"_links":{"self":[{"href":"https:\/\/halyardhealth.eu\/de\/wp-json\/wp\/v2\/pages\/240992","targetHints":{"allow":["GET"]}}],"collection":[{"href":"https:\/\/halyardhealth.eu\/de\/wp-json\/wp\/v2\/pages"}],"about":[{"href":"https:\/\/halyardhealth.eu\/de\/wp-json\/wp\/v2\/types\/page"}],"author":[{"embeddable":true,"href":"https:\/\/halyardhealth.eu\/de\/wp-json\/wp\/v2\/users\/2"}],"replies":[{"embeddable":true,"href":"https:\/\/halyardhealth.eu\/de\/wp-json\/wp\/v2\/comments?post=240992"}],"version-history":[{"count":0,"href":"https:\/\/halyardhealth.eu\/de\/wp-json\/wp\/v2\/pages\/240992\/revisions"}],"wp:attachment":[{"href":"https:\/\/halyardhealth.eu\/de\/wp-json\/wp\/v2\/media?parent=240992"}],"curies":[{"name":"wp","href":"https:\/\/api.w.org\/{rel}","templated":true}]}}