{"id":231737,"date":"2020-12-09T19:11:45","date_gmt":"2020-12-09T18:11:45","guid":{"rendered":"https:\/\/halyarduk.wpengine.com\/informations-sur-les-cookies\/"},"modified":"2025-08-18T13:38:16","modified_gmt":"2025-08-18T11:38:16","slug":"informations-sur-les-cookies","status":"publish","type":"page","link":"https:\/\/halyardhealth.eu\/fr\/informations-sur-les-cookies\/","title":{"rendered":"Informations sur les cookies"},"content":{"rendered":"<div class=\"wpb-content-wrapper\"><p>[vc_row][vc_column]<div class=''><h2 class='      ' style='max-width: 100%; display:inline-block;' >Informations sur les cookies<\/h2><\/div>[vc_column_text]Comme tous les autres sites Web sur Internet, notre site Web Halyard Health utilise des cookies. Cette page vous donnera plus d&rsquo;informations sur ce que sont les cookies, pourquoi nous les utilisons, lesquels nous utilisons et comment les d\u00e9sactiver si vous le souhaitez.<\/p>\n<p>Veuillez noter que sur notre site Web, nous ne recueillons pas d&rsquo;informations personnellement identifiables \u00e0 moins que vous ne nous les fournissiez volontairement et en toute connaissance de cause.<\/p>\n<p>Notre <a title=\"D\u00e9claration de confidentialit\u00e9\" href=\"https:\/\/www.owens-minor.com\/privacy-policy\/\" target=\"_blank\" rel=\"noopener noreferrer\">politique de confidentialit\u00e9<\/a> compl\u00e8te offre des informations plus d\u00e9taill\u00e9es.<\/p>\n<h3>Que sont les cookies ?<\/h3>\n<p>Les cookies sont de tr\u00e8s petits fichiers texte qui contiennent une information sp\u00e9cifique sur un site Web sp\u00e9cifique. Ils sont t\u00e9l\u00e9charg\u00e9s sur votre ordinateur lorsque vous visitez un site, et sont ensuite accessibles lorsque vous visitez \u00e0 nouveau ce site \u00e0 l&rsquo;avenir.<\/p>\n<p>Les cookies ne peuvent pas acc\u00e9der, lire ou modifier toute autre information sur votre ordinateur.<\/p>\n<h3>Pourquoi utilisons-nous des cookies ?<\/h3>\n<p>Nous utilisons des cookies pour deux raisons principales&nbsp;: pour faire fonctionner certaines parties de notre site et pour am\u00e9liorer votre exp\u00e9rience utilisateur.<\/p>\n<p>Sans certains cookies, certaines fonctionnalit\u00e9s ne fonctionneraient pas correctement et leur seul but est de s&rsquo;assurer que cela fonctionne.<\/p>\n<p>D&rsquo;autres cookies que nous utilisons surveillent s&rsquo;il s&rsquo;agit de votre premi\u00e8re visite sur le site et ce que vous regardez pendant que vous \u00eates ici, ce qui nous permet de comprendre ce qui int\u00e9resse nos visiteurs et, en fin de compte, de fournir un contenu plus pertinent, am\u00e9liorant ainsi l&rsquo;exp\u00e9rience de chaque utilisateur.<\/p>\n<h3>Quels cookies utilisons-nous ?<\/h3>\n<p>Vous pouvez trouver plus de d\u00e9tails sur les cookies que nous utilisons dans notre <a title=\"D\u00e9claration de confidentialit\u00e9\" href=\"https:\/\/www.owens-minor.com\/privacy-policy\/\" target=\"_blank\" rel=\"noopener noreferrer\">politique de confidentialit\u00e9<\/a> compl\u00e8te.<\/p>\n<p>Vous devez \u00e9galement savoir que si vous utilisez la fonction de signet et de partage AddThis sur notre site, vous autorisez AddThis \u00e0 collecter des informations anonymes sur votre utilisation de notre site Web sous la forme d&rsquo;un cookie. Nous ne contr\u00f4lons pas la fa\u00e7on dont ils utilisent ces informations, mais vous pouvez en savoir plus et sp\u00e9cifiquement d\u00e9sactiver AddThis sur leur politique de confidentialit\u00e9 <a href=\"http:\/\/www.addthis.com\/privacy?utm_source=mf&amp;utm_medium=link&amp;utm_content=AT_privacy_MF15PC&amp;utm_campaign=AT_privacy\" target=\"_blank\" rel=\"noopener noreferrer\">ici<\/a> .<\/p>\n<h3>Comment d\u00e9sactiver les cookies ?<\/h3>\n<p>La d\u00e9sactivation des cookies \u00e0 l&rsquo;aide de votre navigateur est simple. Vous pouvez trouver des instructions sur la fa\u00e7on de proc\u00e9der pour les navigateurs les plus courants sur leurs sites Web ci-dessous&nbsp;:<\/p>\n<p><a href=\"http:\/\/windows.microsoft.com\/en-GB\/windows7\/Block-enable-or-allow-cookies\" target=\"_blank\" rel=\"noopener noreferrer\">Internet Explorer<\/a><\/p>\n<p><a href=\"http:\/\/support.mozilla.org\/en-US\/kb\/Blocking%20cookies\" target=\"_blank\" rel=\"noopener noreferrer\">MozillaFirefox<\/a><\/p>\n<p><a href=\"http:\/\/www.google.co.uk\/url?sa=t&amp;rct=j&amp;q=chrome%20block%20cookies&amp;source=web&amp;cd=1&amp;ved=0CF4QFjAA&amp;url=https%3A%2F%2Fsupport.google.com%2Fchrome%2F%3Fp%3Dcpn_cookies&amp;ei=bPmoT9neFoSQ9gTh_ojEAw&amp;usg=AFQjCNGo3Xlz0QLx9XnvpVvD7h6RDJOigA&amp;cad=rja\" target=\"_blank\" rel=\"noopener noreferrer\">Google Chrome<\/a><\/p>\n<p><a href=\"http:\/\/support.apple.com\/kb\/index?page=search&amp;src=support_site.home.search&amp;locale=en_US&amp;q=safari%20cookies\" target=\"_blank\" rel=\"noopener noreferrer\">Safari<\/a><\/p>\n<p>Veuillez noter que si vous d\u00e9sactivez les cookies et constatez qu&rsquo;une zone du site ne fonctionne pas correctement, vous pouvez revenir sur ce site pour savoir comment r\u00e9activer les cookies.[\/vc_column_text][\/vc_column][\/vc_row]<\/p>\n<\/div>","protected":false},"excerpt":{"rendered":"<p>[vc_row][vc_column][vc_column_text]Comme tous les autres sites Web sur Internet, notre site Web Halyard Health utilise [&hellip;]<\/p>\n","protected":false},"author":2,"featured_media":0,"parent":0,"menu_order":0,"comment_status":"closed","ping_status":"closed","template":"","meta":{"_acf_changed":false,"inline_featured_image":false,"footnotes":""},"class_list":["post-231737","page","type-page","status-publish","hentry"],"acf":[],"publishpress_future_action":{"enabled":false,"date":"2026-04-23 03:26:07","action":"change-status","newStatus":"draft","terms":[],"taxonomy":"translation_priority","extraData":[]},"publishpress_future_workflow_manual_trigger":{"enabledWorkflows":[]},"_links":{"self":[{"href":"https:\/\/halyardhealth.eu\/fr\/wp-json\/wp\/v2\/pages\/231737","targetHints":{"allow":["GET"]}}],"collection":[{"href":"https:\/\/halyardhealth.eu\/fr\/wp-json\/wp\/v2\/pages"}],"about":[{"href":"https:\/\/halyardhealth.eu\/fr\/wp-json\/wp\/v2\/types\/page"}],"author":[{"embeddable":true,"href":"https:\/\/halyardhealth.eu\/fr\/wp-json\/wp\/v2\/users\/2"}],"replies":[{"embeddable":true,"href":"https:\/\/halyardhealth.eu\/fr\/wp-json\/wp\/v2\/comments?post=231737"}],"version-history":[{"count":0,"href":"https:\/\/halyardhealth.eu\/fr\/wp-json\/wp\/v2\/pages\/231737\/revisions"}],"wp:attachment":[{"href":"https:\/\/halyardhealth.eu\/fr\/wp-json\/wp\/v2\/media?parent=231737"}],"curies":[{"name":"wp","href":"https:\/\/api.w.org\/{rel}","templated":true}]}}