{"id":231838,"date":"2020-07-30T20:52:20","date_gmt":"2020-07-30T18:52:20","guid":{"rendered":"https:\/\/halyarduk.wpengine.com\/mentions-legales\/"},"modified":"2025-11-18T09:40:37","modified_gmt":"2025-11-18T08:40:37","slug":"mentions-legales","status":"publish","type":"page","link":"https:\/\/halyardhealth.eu\/fr\/mentions-legales\/","title":{"rendered":"Mentions l\u00e9gales"},"content":{"rendered":"<div class=\"wpb-content-wrapper\"><p>[vc_row][vc_column]<div class=''><h1 class='      ' style='max-width: 100%; display:inline-block;' >Mentions l\u00e9gales<\/h1><\/div>[vc_column_text]Mentions l\u00e9gales<\/p>\n<p>IMPORTANT! VEUILLEZ LIRE ATTENTIVEMENT CETTE D\u00c9CLARATION L\u00c9GALE AVANT D\u2019UTILISER CE SITE. L\u2019acc\u00e8s et l\u2019utilisation du site Web sont r\u00e9gis par les conditions g\u00e9n\u00e9rales suivantes ainsi que par toutes les lois, r\u00e8gles et r\u00e9glementations applicables. En acc\u00e9dant \u00e0 ce site Web, vous indiquez que vous avez pris connaissance des pr\u00e9sentes conditions g\u00e9n\u00e9rales et que vous avez accept\u00e9 d\u2019\u00eatre li\u00e9 par ces conditions g\u00e9n\u00e9rales :   <\/p>\n<p>&nbsp;<\/p>\n<p>Propri\u00e9t\u00e9 \u2013 Ce site est d\u00e9tenu, exploit\u00e9 et maintenu par OWENS &amp; MINOR. (\u00ab Owens &amp; Minor \u00bb) et a \u00e9t\u00e9 cr\u00e9\u00e9 pour votre information, votre \u00e9ducation, votre divertissement et votre communication. Ce site et tous les \u00e9l\u00e9ments perceptibles de celui-ci, y compris, sans s\u2019y limiter, le texte, les images et l\u2019audio, sont prot\u00e9g\u00e9s par le droit d\u2019auteur d\u2019Owens &amp; Minor.  <\/p>\n<p>&nbsp;<\/p>\n<p>Restrictions d\u2019utilisation \u2013 Ce site n\u2019est disponible que pour votre usage personnel et non commercial. Vous ne pouvez pas copier, reproduire, republier, afficher, distribuer, transmettre ou modifier de quelque mani\u00e8re que ce soit tout ou partie de ce site. <\/p>\n<p>&nbsp;<\/p>\n<p>Avis sur les marques de commerce \u2013 Tous les noms, logos et marques de commerce sont la propri\u00e9t\u00e9 d\u2019Owens &amp; Minor, d\u2019Owens &amp; Minor, Inc. et\/ou de leurs soci\u00e9t\u00e9s affili\u00e9es, et vous ne pouvez pas utiliser ces documents \u00e0 quelque fin que ce soit sans l\u2019accord \u00e9crit expr\u00e8s d\u2019Owens &amp; Minor.<\/p>\n<p>&nbsp;<\/p>\n<p>Id\u00e9es non sollicit\u00e9es \u2013 Owens &amp; Minor est impatient de recevoir vos commentaires et de r\u00e9pondre \u00e0 vos questions sur nos produits et notre entreprise. Cependant, nous ne recherchons pas et ne pouvons pas accepter d\u2019id\u00e9es, de suggestions ou de documents non sollicit\u00e9s relatifs au d\u00e9veloppement, \u00e0 la conception, \u00e0 la fabrication ou \u00e0 la commercialisation de nos produits. En adh\u00e9rant \u00e0 cette politique, nous esp\u00e9rons \u00e9viter des malentendus ult\u00e9rieurs parmi les membres du public qui soumettent des commentaires ou des id\u00e9es concernant des produits ou des concepts d\u00e9velopp\u00e9s par les employ\u00e9s d\u2019Owens &amp; Minor.  <\/p>\n<p>&nbsp;<\/p>\n<p>Si vous devenez employ\u00e9 chez Owens &amp; Minor, aucun des documents fournis sur ce site ne constitue ou ne doit \u00eatre consid\u00e9r\u00e9 comme faisant partie ou totalit\u00e9 d\u2019un contrat de travail. De plus, les d\u00e9clarations faites ne constituent pas des garanties ou des obligations de la part d\u2019Owens &amp; Minor, qui entretient une relation \u00e0 volont\u00e9 avec ses employ\u00e9s. <\/p>\n<p>&nbsp;<\/p>\n<p>Divulgation et utilisation de vos communications \u2013 Les publications sur ce site et le courrier \u00e9lectronique livr\u00e9 \u00e0 Owens &amp; Minor ne sont pas confidentiels et Owens &amp; Minor ne peut \u00eatre tenu responsable de leur utilisation ou divulgation. Toutes les communications et autres documents (y compris, sans s\u2019y limiter, les id\u00e9es, suggestions ou documents non sollicit\u00e9s) que vous envoyez \u00e0 ce site ou \u00e0 Owens &amp; Minor par courrier \u00e9lectronique sont, et resteront, la propri\u00e9t\u00e9 unique et exclusive d\u2019Owens &amp; Minor et peuvent \u00eatre utilis\u00e9s par Owens &amp; Minor \u00e0 quelque fin que ce soit, commerciale ou autre, sans r\u00e9mun\u00e9ration. <\/p>\n<p>&nbsp;<\/p>\n<p>Juridiction \u2013 Les produits auxquels il est fait r\u00e9f\u00e9rence dans le pr\u00e9sent document peuvent ne pas \u00eatre disponibles dans votre pays. Ce site est contr\u00f4l\u00e9 et exploit\u00e9 par Owens &amp; Minor depuis les \u00c9tats-Unis, et Owens &amp; Minor ne fait aucune d\u00e9claration selon laquelle les informations et les documents de ce site, y compris, sans s\u2019y limiter, les informations et autres documents faisant la promotion des produits identifi\u00e9s dans le pr\u00e9sent document, sont appropri\u00e9s ou disponibles pour une utilisation dans d\u2019autres endroits. <\/p>\n<p>&nbsp;<\/p>\n<p>EXCLUSION DE GARANTIES \u2013 OWENS &amp; MINOR NE FAIT AUCUNE D\u00c9CLARATION OU GARANTIE CONCERNANT L\u2019EXACTITUDE, LA FIABILIT\u00c9 OU L\u2019EXHAUSTIVIT\u00c9 DU CONTENU (TEXTE ET IMAGES) DE CE SITE. DANS LA MESURE PERMISE PAR LA LOI, OWENS &amp; MINOR D\u00c9CLINE TOUTE GARANTIE, EXPRESSE OU IMPLICITE, Y COMPRIS, MAIS SANS S\u2019Y LIMITER, LES GARANTIES IMPLICITES DE QUALIT\u00c9 MARCHANDE ET D\u2019AD\u00c9QUATION \u00c0 UN USAGE PARTICULIER. DE PLUS, OWENS &amp; MINOR NE GARANTIT PAS QUE CE SITE OU LE SERVEUR QUI LE REND DISPONIBLE SONT EXEMPTS DE \u00ab VIRUS \u00bb INFORMATIQUES.  <\/p>\n<p>&nbsp;<\/p>\n<p>Limitation de responsabilit\u00e9 \u2013 Owens &amp; Minor ne sera pas responsable des dommages de quelque nature que ce soit, y compris, sans s\u2019y limiter, les dommages sp\u00e9ciaux ou cons\u00e9cutifs, d\u00e9coulant de votre acc\u00e8s ou de votre incapacit\u00e9 \u00e0 acc\u00e9der \u00e0 ce site ou de votre utilisation ou de votre confiance dans ce site ou dans son contenu. De plus, Owens &amp; Minor n\u2019a aucune obligation de mettre \u00e0 jour ce site ou le contenu de celui-ci, et Owens &amp; Minor ne sera pas responsable de tout d\u00e9faut de mise \u00e0 jour de ces informations. De plus, ce site Web peut \u00eatre li\u00e9 \u00e0 d\u2019autres sites Web qui ne sont pas g\u00e9r\u00e9s par Owens &amp; Minor. L\u2019inclusion d\u2019un lien vers de tels sites Web n\u2019implique pas l\u2019approbation, le parrainage ou la recommandation par Owens &amp; Minor des sites Web. Owens &amp; Minor n\u2019est pas responsable de votre utilisation d\u2019autres sites Web auxquels vous pouvez acc\u00e9der via certains liens au sein de ce site. Ces liens et autres \u00ab ressources \u00bb r\u00e9f\u00e9renc\u00e9es sur ce site sont fournis uniquement \u00e0 titre de service public aux utilisateurs du World Wide Web, et leur inclusion dans notre site ne constitue pas une approbation ou une affiliation avec Owens &amp; Minor. Owens &amp; Minor d\u00e9cline toute responsabilit\u00e9 pour les liens : (i) d\u2019un autre site web vers Owens &amp; Minor ; et (ii) \u00e0 un autre site Web d\u2019Owens &amp; Minor.        <\/p>\n<p>Les informations que nous recueillons &#8211; Owens &amp; Minor peut collecter divers types d\u2019informations aupr\u00e8s des visiteurs du site Web. Le serveur Web d\u2019Owens &amp; Minor collecte des donn\u00e9es g\u00e9n\u00e9rales relatives \u00e0 chaque visiteur du site Web, y compris l\u2019adresse IP, le nom de domaine, la page Web, le temps pass\u00e9 sur le site Web et les pages consult\u00e9es lors de la visite du site Web. Ces informations sont recueillies, entre autres, pour agr\u00e9ger des informations statistiques, faciliter l\u2019administration du syst\u00e8me et am\u00e9liorer le contenu du site Web. Owens &amp; Minor peut \u00e9galement conserver le contenu des communications qui sont envoy\u00e9es aux repr\u00e9sentants du service client\u00e8le d\u2019Owens &amp; Minor. Ces informations aident Owens &amp; Minor \u00e0 am\u00e9liorer et \u00e0 r\u00e9pondre aux demandes des visiteurs concernant le site Web.    <\/p>\n<p>Autres \u2013 Owens &amp; Minor, \u00e0 sa seule discr\u00e9tion, se r\u00e9serve le droit de : (1) modifier la pr\u00e9sente d\u00e9claration juridique, (2) surveiller et supprimer les publications, et (3) interrompre la disponibilit\u00e9 du site \u00e0 tout moment et sans pr\u00e9avis. Si l\u2019un des termes, conditions ou dispositions de la pr\u00e9sente d\u00e9claration juridique est jug\u00e9 ill\u00e9gal, invalide, nul ou inapplicable pour quelque raison que ce soit, la validit\u00e9 et l\u2019applicabilit\u00e9 des autres termes, conditions et dispositions n\u2019en seront en aucun cas affect\u00e9es ou compromises. Cette d\u00e9claration juridique constitue l\u2019int\u00e9gralit\u00e9 de l\u2019accord entre vous et Owens &amp; Minor concernant l\u2019objet des pr\u00e9sentes.  <\/p>\n<p>&nbsp;<\/p>\n<p>Questions concernant la d\u00e9claration juridique &#8211; Les questions concernant la d\u00e9claration juridique d\u2019Owens &amp; Minor doivent \u00eatre adress\u00e9es \u00e0 <a href=\"mailto:gm-privacy@owens-minor.com\">gm-privacy@owens-minor.com<\/a> .<\/p>\n<p>En utilisant ce site, vous reconnaissez votre consentement aux termes et conditions qui pr\u00e9c\u00e8dent. SI VOUS N\u2019\u00caTES PAS D\u2019ACCORD AVEC CES CONDITIONS G\u00c9N\u00c9RALES, N\u2019UTILISEZ PAS CE SITE. [\/vc_column_text][\/vc_column][\/vc_row]<\/p>\n<\/div>","protected":false},"excerpt":{"rendered":"<p>[vc_row][vc_column][vc_column_text]Mentions l\u00e9gales IMPORTANT! VEUILLEZ LIRE ATTENTIVEMENT CETTE D\u00c9CLARATION L\u00c9GALE AVANT D\u2019UTILISER CE SITE. L\u2019acc\u00e8s [&hellip;]<\/p>\n","protected":false},"author":2,"featured_media":0,"parent":0,"menu_order":0,"comment_status":"closed","ping_status":"closed","template":"","meta":{"_acf_changed":false,"inline_featured_image":false,"footnotes":""},"class_list":["post-231838","page","type-page","status-publish","hentry"],"acf":[],"publishpress_future_action":{"enabled":false,"date":"2026-04-11 08:35:54","action":"change-status","newStatus":"draft","terms":[],"taxonomy":"translation_priority","extraData":[]},"publishpress_future_workflow_manual_trigger":{"enabledWorkflows":[]},"_links":{"self":[{"href":"https:\/\/halyardhealth.eu\/fr\/wp-json\/wp\/v2\/pages\/231838","targetHints":{"allow":["GET"]}}],"collection":[{"href":"https:\/\/halyardhealth.eu\/fr\/wp-json\/wp\/v2\/pages"}],"about":[{"href":"https:\/\/halyardhealth.eu\/fr\/wp-json\/wp\/v2\/types\/page"}],"author":[{"embeddable":true,"href":"https:\/\/halyardhealth.eu\/fr\/wp-json\/wp\/v2\/users\/2"}],"replies":[{"embeddable":true,"href":"https:\/\/halyardhealth.eu\/fr\/wp-json\/wp\/v2\/comments?post=231838"}],"version-history":[{"count":0,"href":"https:\/\/halyardhealth.eu\/fr\/wp-json\/wp\/v2\/pages\/231838\/revisions"}],"wp:attachment":[{"href":"https:\/\/halyardhealth.eu\/fr\/wp-json\/wp\/v2\/media?parent=231838"}],"curies":[{"name":"wp","href":"https:\/\/api.w.org\/{rel}","templated":true}]}}