{"id":232456,"date":"2020-07-02T05:00:46","date_gmt":"2020-07-02T03:00:46","guid":{"rendered":"https:\/\/halyarduk.wpengine.com\/valeur-totale-de-la-drisse\/"},"modified":"2025-11-18T09:40:54","modified_gmt":"2025-11-18T08:40:54","slug":"valeur-totale-de-la-drisse","status":"publish","type":"page","link":"https:\/\/halyardhealth.eu\/fr\/valeur-totale-de-la-drisse\/","title":{"rendered":"Valeur totale de la drisse"},"content":{"rendered":"<div class=\"wpb-content-wrapper\"><p>[vc_row row_type=\u00a0\u00bbpage-hero\u00a0\u00bb row_text_color=\u00a0\u00bbtext-light\u00a0\u00bb full_width=\u00a0\u00bbstretch_row\u00a0\u00bb content_placement=\u00a0\u00bbmiddle\u00a0\u00bb css=\u00a0\u00bb.vc_custom_1593659487778{background-image: url(https:\/\/www.halyardhealth.eu\/wp-content\/uploads\/2020\/07\/total-value-hero.png?id=149) !important;}\u00a0\u00bb][vc_column]<div class=''><h3 class='text-white    h3  ' style='max-width: 100%; display:inline-block;' >HALYARD* Valeur totale<\/h3><\/div><div class=''><h1 class='text-white    display-1  ' style='max-width: 100%; display:inline-block;' >Un catalyseur pour faire avancer<br \/>\nles soins<\/h1><\/div>[vc_column_text]<\/p>\n<h4 class=\"text-white\">Depuis pr\u00e8s de 150 ans, nous n\u2019avons cess\u00e9 de nous concentrer sur la satisfaction et la d\u00e9passement des besoins de<br \/>\nnos clients.<\/h4>\n<p>[\/vc_column_text]<div class='wpb_content_element text-left btn-container'>\n  <a class='btn btn-primary   '\n    href='https:\/\/www.halyardhealth.eu\/contact-a-sales-rep\/' target='' data-toggle=''>\n    <span>Des questions ? Contactez un repr\u00e9sentant<\/span>\n  <\/a><\/div>\n[\/vc_column][\/vc_row][vc_row row_padding_top=\u00a0\u00bbpt-3&Prime; row_padding_bottom=\u00a0\u00bbpb-3&Prime; full_width=\u00a0\u00bbstretch_row\u00a0\u00bb css=\u00a0\u00bb.vc_custom_1605812522627{background-color: #f7f7f7 !important;}\u00a0\u00bb][vc_column]<div class='text-center'><h1 class='text-navyblue      ' style='max-width: 100%; display:inline-block;' >Nos piliers de valeur<\/h1><\/div>[\/vc_column][\/vc_row][vc_row row_type=\u00a0\u00bbsplit-row\u00a0\u00bb full_width=\u00a0\u00bbstretch_row_content\u00a0\u00bb content_placement=\u00a0\u00bbmiddle\u00a0\u00bb][vc_column width=\u00a0\u00bb1\/2&Prime; css=\u00a0\u00bb.vc_custom_1608654036442{background-image: url(https:\/\/www.halyardhealth.eu\/wp-content\/uploads\/Shipping-GettyImages-1280&#215;1280-1.jpg?id=5411) !important;}\u00a0\u00bb offset=\u00a0\u00bbvc_hidden-sm vc_hidden-xs\u00a0\u00bb][\/vc_column][vc_column width=\u00a0\u00bb1\/2&Prime;][vc_icon icon_fontawesome=\u00a0\u00bbfas fa-shield-alt\u00a0\u00bb color=\u00a0\u00bbwhite\u00a0\u00bb background_style=\u00a0\u00bbrounded\u00a0\u00bb background_color=\u00a0\u00bbcustom\u00a0\u00bb align=\u00a0\u00bbright\u00a0\u00bb custom_background_color=\u00a0\u00bb#0085ad\u00a0\u00bb el_class=\u00a0\u00bbtext-center\u00a0\u00bb]<div class='text-center'><h1 class='    h2  ' style='max-width: 100%; display:inline-block;' >Fiabilit\u00e9<\/h1><\/div><div class='text-center'><h1 class='text-navyblue    lead  ' style='max-width: 100%; display:inline-block;' >Les perturbations de la cha\u00eene d&#039;approvisionnement et les d\u00e9faillances de produits peuvent repr\u00e9senter de r\u00e9elles menaces pour la sant\u00e9 de votre organisation. Lorsque votre cha\u00eene d&#039;approvisionnement n&#039;est pas fiable ou que les performances de vos produits sont m\u00e9diocres, il y a des co\u00fbts mesurables, \u00e0 la fois humains et financiers.<\/h1><\/div><div class='wpb_content_element text-center btn-container'>\n  <a class='btn btn-transparent-primary   btn-arrow '\n    href='https:\/\/www.halyardhealth.eu\/halyard-total-value\/reliability\/' target='' data-toggle=''>\n    <span>APPRENDRE ENCORE PLUS<\/span>\n  <\/a><\/div>\n[\/vc_column][\/vc_row][vc_row row_type=\u00a0\u00bbsplit-row\u00a0\u00bb full_width=\u00a0\u00bbstretch_row_content_no_spaces\u00a0\u00bb content_placement=\u00a0\u00bbmiddle\u00a0\u00bb css=\u00a0\u00bb.vc_custom_1605013724049{border-bottom-width: 0px !important;border-bottom-style: solid !important;}\u00a0\u00bb][vc_column width=\u00a0\u00bb1\/2&Prime;][vc_icon icon_fontawesome=\u00a0\u00bbfas fa-graduation-cap\u00a0\u00bb color=\u00a0\u00bbwhite\u00a0\u00bb background_style=\u00a0\u00bbrounded\u00a0\u00bb background_color=\u00a0\u00bbcustom\u00a0\u00bb align=\u00a0\u00bbcenter\u00a0\u00bb custom_background_color=\u00a0\u00bb#0085ad\u00a0\u00bb el_class=\u00a0\u00bbtext-center\u00a0\u00bb]<div class='text-center'><h1 class='    h2  ' style='max-width: 100%; display:inline-block;' >Savoir &amp; Expertise<\/h1><\/div><div class='text-center'><h1 class='text-navyblue    lead  ' style='max-width: 100%; display:inline-block;' >Pour pr\u00e9venir les infections, il ne suffit pas de choisir les bons produits. Il faut \u00eatre conscient des zones \u00e0 risque et s&#039;engager \u00e0 apprendre de nouvelles fa\u00e7ons de r\u00e9duire ces risques.<\/h1><\/div><div class='wpb_content_element text-center btn-container'>\n  <a class='btn btn-transparent-primary   btn-arrow '\n    href='https:\/\/www.halyardhealth.eu\/halyard-total-value\/knowledge-and-expertise\/' target='' data-toggle=''>\n    <span>APPRENDRE ENCORE PLUS<\/span>\n  <\/a><\/div>\n[\/vc_column][vc_column width=\u00a0\u00bb1\/2&Prime; col_padding=\u00a0\u00bbcol-pad-double\u00a0\u00bb css=\u00a0\u00bb.vc_custom_1608580633010{background-image: url(https:\/\/www.halyardhealth.eu\/wp-content\/uploads\/Hero-Image-Knowledge-Experience-copy-scaled.jpg?id=5384) !important;}\u00a0\u00bb offset=\u00a0\u00bbvc_hidden-sm vc_hidden-xs\u00a0\u00bb][\/vc_column][\/vc_row][vc_row row_type=\u00a0\u00bbsplit-row\u00a0\u00bb full_width=\u00a0\u00bbstretch_row_content\u00a0\u00bb content_placement=\u00a0\u00bbmiddle\u00a0\u00bb css=\u00a0\u00bb.vc_custom_1605013627332{border-bottom-width: 10px !important;padding-top: 0px !important;border-bottom-color: #0085ad !important;border-bottom-style: solid !important;}\u00a0\u00bb][vc_column width=\u00a0\u00bb1\/2&Prime; col_padding=\u00a0\u00bbcol-pad-double\u00a0\u00bb css=\u00a0\u00bb.vc_custom_1608580678148{background-image: url(https:\/\/www.halyardhealth.eu\/wp-content\/uploads\/Hero-Image-Standardization-copy-scaled.jpg?id=5386) !important;}\u00a0\u00bb offset=\u00a0\u00bbvc_hidden-sm vc_hidden-xs\u00a0\u00bb][\/vc_column][vc_column width=\u00a0\u00bb1\/2&Prime;][vc_icon icon_fontawesome=\u00a0\u00bbfas fa-clipboard-check\u00a0\u00bb color=\u00a0\u00bbwhite\u00a0\u00bb background_style=\u00a0\u00bbrounded\u00a0\u00bb background_color=\u00a0\u00bbcustom\u00a0\u00bb align=\u00a0\u00bbright\u00a0\u00bb custom_background_color=\u00a0\u00bb#0085ad\u00a0\u00bb el_class=\u00a0\u00bbtext-center\u00a0\u00bb]<div class='text-center'><h1 class='    h2  ' style='max-width: 100%; display:inline-block;' >Standardisation<\/h1><\/div><div class='text-center'><h1 class='text-navyblue    lead  ' style='max-width: 100%; display:inline-block;' >Aujourd&#039;hui plus que jamais, les \u00e9tablissements de soins de sant\u00e9 sont confront\u00e9s \u00e0 des pressions croissantes pour simplifier, standardiser et accro\u00eetre l&#039;efficacit\u00e9 afin d&#039;am\u00e9liorer leur sant\u00e9 financi\u00e8re globale. Halyard peut vous aider \u00e0 trouver des moyens de r\u00e9duire les pertes de temps et d&#039;argent.<\/h1><\/div><div class='wpb_content_element text-center btn-container'>\n  <a class='btn btn-transparent-primary   btn-arrow '\n    href='https:\/\/www.halyardhealth.eu\/halyard-total-value\/standardization\/' target='' data-toggle=''>\n    <span>APPRENDRE ENCORE PLUS<\/span>\n  <\/a><\/div>\n[\/vc_column][\/vc_row][vc_row el_id=\u00a0\u00bbcontact\u00a0\u00bb][vc_column]<div class=''><h2 class='text-navyblue      ' style='max-width: 100%; display:inline-block;' >Contacter HALYARD<\/h2><\/div>[vc_column_text]<script src=\"\/\/info.halyardhealth.com\/js\/forms2\/js\/forms2.min.js\"><\/script><\/p>\n<form id=\"mktoForm_1694\"><\/form>\n<p><script>MktoForms2.loadForm(\"\/\/info.halyardhealth.com\", \"798-LUK-731\", 1694);<\/script>[\/vc_column_text][\/vc_column][\/vc_row]<\/p>\n<\/div>","protected":false},"excerpt":{"rendered":"<p>[vc_row row_type=\u00a0\u00bbpage-hero\u00a0\u00bb row_text_color=\u00a0\u00bbtext-light\u00a0\u00bb full_width=\u00a0\u00bbstretch_row\u00a0\u00bb content_placement=\u00a0\u00bbmiddle\u00a0\u00bb css=\u00a0\u00bb.vc_custom_1593659487778{background-image: url(https:\/\/www.halyardhealth.eu\/wp-content\/uploads\/2020\/07\/total-value-hero.png?id=149) !important;}\u00a0\u00bb][vc_column][vc_column_text] Depuis pr\u00e8s de 150 ans, nous [&hellip;]<\/p>\n","protected":false},"author":2,"featured_media":0,"parent":0,"menu_order":71,"comment_status":"closed","ping_status":"closed","template":"","meta":{"_acf_changed":false,"inline_featured_image":false,"footnotes":""},"class_list":["post-232456","page","type-page","status-publish","hentry"],"acf":[],"publishpress_future_action":{"enabled":false,"date":"2026-05-05 17:00:47","action":"change-status","newStatus":"draft","terms":[],"taxonomy":"translation_priority","extraData":[]},"publishpress_future_workflow_manual_trigger":{"enabledWorkflows":[]},"_links":{"self":[{"href":"https:\/\/halyardhealth.eu\/fr\/wp-json\/wp\/v2\/pages\/232456","targetHints":{"allow":["GET"]}}],"collection":[{"href":"https:\/\/halyardhealth.eu\/fr\/wp-json\/wp\/v2\/pages"}],"about":[{"href":"https:\/\/halyardhealth.eu\/fr\/wp-json\/wp\/v2\/types\/page"}],"author":[{"embeddable":true,"href":"https:\/\/halyardhealth.eu\/fr\/wp-json\/wp\/v2\/users\/2"}],"replies":[{"embeddable":true,"href":"https:\/\/halyardhealth.eu\/fr\/wp-json\/wp\/v2\/comments?post=232456"}],"version-history":[{"count":0,"href":"https:\/\/halyardhealth.eu\/fr\/wp-json\/wp\/v2\/pages\/232456\/revisions"}],"wp:attachment":[{"href":"https:\/\/halyardhealth.eu\/fr\/wp-json\/wp\/v2\/media?parent=232456"}],"curies":[{"name":"wp","href":"https:\/\/api.w.org\/{rel}","templated":true}]}}