{"id":232460,"date":"2020-07-21T16:31:16","date_gmt":"2020-07-21T14:31:16","guid":{"rendered":"https:\/\/halyarduk.wpengine.com\/ressources\/des-articles\/"},"modified":"2025-11-18T09:40:44","modified_gmt":"2025-11-18T08:40:44","slug":"des-articles","status":"publish","type":"page","link":"https:\/\/halyardhealth.eu\/fr\/ressources\/des-articles\/","title":{"rendered":"Des articles"},"content":{"rendered":"<div class=\"wpb-content-wrapper\"><p>[vc_row row_type=\u00a0\u00bbpage-hero\u00a0\u00bb hero_size=\u00a0\u00bbsmall\u00a0\u00bb css=\u00a0\u00bb.vc_custom_1595255598032{background-image: url(https:\/\/www.halyardhealth.eu\/wp-content\/uploads\/2020\/07\/knowledge-network-hero-bg.png?id=234) !important;}\u00a0\u00bb][vc_column width=\u00a0\u00bb7\/12&Prime;]<div class=''><h1 class='      ' style='max-width: 100%; display:inline-block;' >Des articles<\/h1><\/div><h2>Cat\u00e9gories: Toutes<\/h2>[\/vc_column][vc_column width=\u00a0\u00bb5\/12&Prime;][\/vc_column][\/vc_row][vc_row row_type=\u00a0\u00bbbg-solid\u00a0\u00bb row_bg_color=\u00a0\u00bbbg-brightblue\u00a0\u00bb row_padding_top=\u00a0\u00bbpt-3&Prime; row_padding_bottom=\u00a0\u00bbpb-3&Prime; full_width=\u00a0\u00bbstretch_row\u00a0\u00bb][vc_column][vc_column_text][\/vc_column_text][\/vc_column][\/vc_row][vc_row row_padding_top=\u00a0\u00bbpt-3&Prime;][vc_column][vc_column_text]<div class=\"search-filter-results\" id=\"search-filter-results-245686\">\n<div class='row my-3'>    <div class=\"col-md-4 pb-4\">\n      <div class=\"featured-card\">\n                  <a class=\"full-link\" href=\"https:\/\/halyardhealth.eu\/fr\/?post_type=articles&p=237517\"><\/a>\n                <div class=\"card-img lazyload\" style=\"background-image:inherit;\" data-bg-image=\"url(https:\/\/halyardhealth.eu\/wp-content\/uploads\/2020\/07\/holiday-stress-300x92.jpg)\">\n          <div class=\"card-tag\">Featured<\/div>\n        <\/div>\n        <div class=\"card-content\">\n          <div class=\"card-taxonomy\">\n            <!--              -->          <\/div>\n\n          <div class=\"card-title h3\">Le stress du travail \u00e0 l&rsquo;h\u00f4pital pendant les vacances<\/div>\n          <div class=\"card-description\">\n            Travailler dans un h\u00f4pital pendant les vacances ajoute une autre couche de stress. Ces conseils pour faire face \u00e0 la...          <\/div>\n        <\/div>\n        <div class=\"read-more-link\">\n          <span class=\"link-text-auto-hide\">READ MORE<\/span>&nbsp;<i class=\"fas fa-arrow-right\" aria-hidden=\"true\"><\/i>\n        <\/div>\n      <\/div>\n    <\/div>\n\n\n      <div class=\"col-md-4 pb-4\">\n      <div class=\"featured-card\">\n                  <a class=\"full-link\" href=\"https:\/\/halyardhealth.eu\/fr\/articles\/pandemie\/10-questions-a-poser-avant-de-faire-des-reserves\/\"><\/a>\n                <div class=\"card-img lazyload\" style=\"background-image:inherit;\" data-bg-image=\"url(https:\/\/halyardhealth.eu\/wp-content\/uploads\/stockpile-300x141.jpg)\">\n          <div class=\"card-tag\">Featured<\/div>\n        <\/div>\n        <div class=\"card-content\">\n          <div class=\"card-taxonomy\">\n            <!--              -->          <\/div>\n\n          <div class=\"card-title h3\">10 questions \u00e0 poser avant de faire des r\u00e9serves<\/div>\n          <div class=\"card-description\">\n            [vc_row full_width=\u00a0\u00bbstretch_row\u00a0\u00bb][vc_column][vc_row_inner][vc_column_inner el_class=\u00a0\u00bbpr-md-5&Prime; offset=\u00a0\u00bbvc_col-lg-8 vc_col-md-12 vc_col-xs-12&Prime;][vc_column_text]Dans les pages suivantes, nous avons l&rsquo;intention de vous [&hellip;]          <\/div>\n        <\/div>\n        <div class=\"read-more-link\">\n          <span class=\"link-text-auto-hide\">READ MORE<\/span>&nbsp;<i class=\"fas fa-arrow-right\" aria-hidden=\"true\"><\/i>\n        <\/div>\n      <\/div>\n    <\/div>\n\n\n      <div class=\"col-md-4 pb-4\">\n      <div class=\"featured-card\">\n                  <a class=\"full-link\" href=\"https:\/\/halyardhealth.eu\/fr\/articles\/chimiotherapie\/5-choses-a-savoir-pour-se-proteger-des-medicaments-de-chimiotherapie\/\"><\/a>\n                <div class=\"card-img lazyload\" style=\"background-image:inherit;\" data-bg-image=\"url(https:\/\/halyardhealth.eu\/wp-content\/uploads\/chemotherapy-300x200.jpg)\">\n          <div class=\"card-tag\">Featured<\/div>\n        <\/div>\n        <div class=\"card-content\">\n          <div class=\"card-taxonomy\">\n            <!--              -->          <\/div>\n\n          <div class=\"card-title h3\">5 choses \u00e0 savoir pour se prot\u00e9ger des m\u00e9dicaments de chimioth\u00e9rapie<\/div>\n          <div class=\"card-description\">\n            [vc_row full_width=\u00a0\u00bbstretch_row\u00a0\u00bb][vc_column][vc_row_inner][vc_column_inner el_class=\u00a0\u00bbpr-md-5&Prime; offset=\u00a0\u00bbvc_col-lg-8 vc_col-md-12 vc_col-xs-12&Prime;][vc_column_text]La protection du personnel de sant\u00e9 contre les m\u00e9dicaments [&hellip;]          <\/div>\n        <\/div>\n        <div class=\"read-more-link\">\n          <span class=\"link-text-auto-hide\">READ MORE<\/span>&nbsp;<i class=\"fas fa-arrow-right\" aria-hidden=\"true\"><\/i>\n        <\/div>\n      <\/div>\n    <\/div>\n\n\n  <\/div>  <div class='search-filter-results-list' data-search-filter-action='infinite-scroll-end'>\n    <span>End of Results<\/span>\n  <\/div>\n<\/div>[\/vc_column_text][\/vc_column][\/vc_row]<\/p>\n<\/div>","protected":false},"excerpt":{"rendered":"<p>[vc_row row_type=\u00a0\u00bbpage-hero\u00a0\u00bb hero_size=\u00a0\u00bbsmall\u00a0\u00bb css=\u00a0\u00bb.vc_custom_1595255598032{background-image: url(https:\/\/www.halyardhealth.eu\/wp-content\/uploads\/2020\/07\/knowledge-network-hero-bg.png?id=234) !important;}\u00a0\u00bb][vc_column width=\u00a0\u00bb7\/12&Prime;][\/vc_column][vc_column width=\u00a0\u00bb5\/12&Prime;][\/vc_column][\/vc_row][vc_row row_type=\u00a0\u00bbbg-solid\u00a0\u00bb row_bg_color=\u00a0\u00bbbg-brightblue\u00a0\u00bb row_padding_top=\u00a0\u00bbpt-3&Prime; row_padding_bottom=\u00a0\u00bbpb-3&Prime; full_width=\u00a0\u00bbstretch_row\u00a0\u00bb][vc_column][vc_column_text][\/vc_column_text][\/vc_column][\/vc_row][vc_row row_padding_top=\u00a0\u00bbpt-3&Prime;][vc_column][vc_column_text][\/vc_column_text][\/vc_column][\/vc_row]<\/p>\n","protected":false},"author":2,"featured_media":0,"parent":232272,"menu_order":64,"comment_status":"closed","ping_status":"closed","template":"","meta":{"_acf_changed":false,"inline_featured_image":false,"footnotes":""},"class_list":["post-232460","page","type-page","status-publish","hentry"],"acf":[],"publishpress_future_action":{"enabled":false,"date":"2026-04-25 10:48:19","action":"change-status","newStatus":"draft","terms":[],"taxonomy":"translation_priority","extraData":[]},"publishpress_future_workflow_manual_trigger":{"enabledWorkflows":[]},"_links":{"self":[{"href":"https:\/\/halyardhealth.eu\/fr\/wp-json\/wp\/v2\/pages\/232460","targetHints":{"allow":["GET"]}}],"collection":[{"href":"https:\/\/halyardhealth.eu\/fr\/wp-json\/wp\/v2\/pages"}],"about":[{"href":"https:\/\/halyardhealth.eu\/fr\/wp-json\/wp\/v2\/types\/page"}],"author":[{"embeddable":true,"href":"https:\/\/halyardhealth.eu\/fr\/wp-json\/wp\/v2\/users\/2"}],"replies":[{"embeddable":true,"href":"https:\/\/halyardhealth.eu\/fr\/wp-json\/wp\/v2\/comments?post=232460"}],"version-history":[{"count":0,"href":"https:\/\/halyardhealth.eu\/fr\/wp-json\/wp\/v2\/pages\/232460\/revisions"}],"up":[{"embeddable":true,"href":"https:\/\/halyardhealth.eu\/fr\/wp-json\/wp\/v2\/pages\/232272"}],"wp:attachment":[{"href":"https:\/\/halyardhealth.eu\/fr\/wp-json\/wp\/v2\/media?parent=232460"}],"curies":[{"name":"wp","href":"https:\/\/api.w.org\/{rel}","templated":true}]}}