{"id":232537,"date":"2020-07-02T12:31:48","date_gmt":"2020-07-02T10:31:48","guid":{"rendered":"https:\/\/halyarduk.wpengine.com\/a-propos-de-nous\/carrieres\/"},"modified":"2025-11-18T09:40:54","modified_gmt":"2025-11-18T08:40:54","slug":"carrieres","status":"publish","type":"page","link":"https:\/\/halyardhealth.eu\/fr\/a-propos-de-nous\/carrieres\/","title":{"rendered":"Carri\u00e8res"},"content":{"rendered":"<div class=\"wpb-content-wrapper\"><p>[vc_row row_type=\u00a0\u00bbpage-hero\u00a0\u00bb full_width=\u00a0\u00bbstretch_row\u00a0\u00bb row_style=\u00a0\u00bbpage-hero\u00a0\u00bb css=\u00a0\u00bb.vc_custom_1619701004785{background-image: url(https:\/\/www.owens-minor.com\/wp-content\/uploads\/2021\/01\/bPSIUrGg-scaled.jpeg?id=733) !important;background-position: center !important;background-repeat: no-repeat !important;background-size: cover !important;}\u00a0\u00bb][vc_column width=\u00a0\u00bb2\/3&Prime;]<div class=''><h1 class='      ' style='max-width: 100%; display:inline-block;' >Renforcer les soins de sant\u00e9. Vous donner les moyens d&#039;agir.<\/h1><\/div><div class=''><p class='    lead  ' style='max-width: 100%; display:inline-block;' >Faites partie d&#039;une \u00e9quipe enthousiaste qui se consacre \u00e0 l&#039;am\u00e9lioration des soins de sant\u00e9 dans le monde entier.<\/p><\/div><div class='wpb_content_element text-left btn-container'>\n  <a class='btn btn-primary   '\n    href='https:\/\/www.linkedin.com\/company\/o-and-m-halyard-emea\/jobs\/?viewAsMember=true' target='_blank' data-toggle=''>\n    <span>Apply Today<\/span>\n  <\/a><\/div>\n[\/vc_column][vc_column width=\u00a0\u00bb1\/3&Prime;][\/vc_column][\/vc_row][vc_row row_type=\u00a0\u00bbbg-solid\u00a0\u00bb row_bg_color=\u00a0\u00bbbg-lightgray\u00a0\u00bb full_width=\u00a0\u00bbstretch_row\u00a0\u00bb][vc_column]<div class='text-center'><h2 class='text-navyblue     ruled ' style='max-width: 100%; display:inline-block;' >Pourquoi travailler chez Owens &amp; Minor Halyard Health EMEA ?<\/h2><\/div>[\/vc_column][\/vc_row][vc_row row_type=\u00a0\u00bbbg-solid\u00a0\u00bb row_bg_color=\u00a0\u00bbbg-lightgray\u00a0\u00bb full_width=\u00a0\u00bbstretch_row\u00a0\u00bb equal_height=\u00a0\u00bbyes\u00a0\u00bb content_placement=\u00a0\u00bbmiddle\u00a0\u00bb][vc_column width=\u00a0\u00bb1\/2&Prime;]<div class=\"icon-card card-vertical  \" style=\"position:relative;\">\n    <div class=\"icon-container lazyload\" style=\"background-image:inherit\" data-bg-image=\"url(&#039;https:\/\/halyardhealth.eu\/wp-content\/uploads\/1-circle-150x150.png&#039;)\"><\/div>\n  <h3 class=\"card-title\">Parce que nous donnons \u00e0 nos clients les moyens de faire progresser les soins de sant\u00e9<\/h3>\n  <div class=\"card-description\"><\/div>\n<\/div>\n[\/vc_column][vc_column width=\u00a0\u00bb1\/2&Prime;]<div class=\"icon-card card-vertical  \" style=\"position:relative;\">\n    <div class=\"icon-container lazyload\" style=\"background-image:inherit\" data-bg-image=\"url(&#039;https:\/\/halyardhealth.eu\/wp-content\/uploads\/2-circle-150x150.png&#039;)\"><\/div>\n  <h3 class=\"card-title\">Parce que nous d\u00e9veloppons des produits essentiels et innovants<\/h3>\n  <div class=\"card-description\"><\/div>\n<\/div>\n[\/vc_column][\/vc_row][vc_row][vc_column]<div class='text-center'><h2 class='text-brightgreen     ruled ' style='max-width: 100%; display:inline-block;' >Rencontrez nos co\u00e9quipiers<\/h2><\/div>\t<div class=\"wistia-embed\">\n\t\t<div class=\"wistia-embed-wrapper mx-auto\"  style=\"max-width: 75%;\">\n      <script src=\"https:\/\/fast.wistia.com\/embed\/medias\/gb11bvuk7b.jsonp\" async><\/script>\n\t\t\t<script src=\"https:\/\/fast.wistia.com\/assets\/external\/E-v1.js\" async><\/script>\n\t\t\t<div class=\"wistia_responsive_padding wide\">\n\t\t\t\t<div class=\"wistia_responsive_wrapper\" style=\"height:100%;left:0;position:absolute;top:0;width:100%;\">\n\t\t\t\t\t<div class=\"wistia_embed wistia_async_gb11bvuk7b videoFoam=true? controlsVisibleOnLoad=false? \"\n\t\t\t\t\t\t style=\"height:100%;position:relative;width:100%\">\n\t\t\t\t\t\t<div class=\"wistia_swatch\"\n\t\t\t\t\t\t\t style=\"height:100%;left:0;opacity:0;overflow:hidden;position:absolute;top:0;transition:opacity 200ms;width:100%;\">\n\t\t\t\t\t\t\t<img decoding=\"async\" src=\"https:\/\/fast.wistia.com\/embed\/medias\/gb11bvuk7b\/swatch\"\n\t\t\t\t\t\t\t\t style=\"filter:blur(5px);height:100%;object-fit:contain;width:100%;\" alt=\"\"\n\t\t\t\t\t\t\t\t aria-hidden=\"true\" onload=\"this.parentNode.style.opacity=1;\"\/><\/div>\n\t\t\t\t\t<\/div>\n\t\t\t\t<\/div>\n\t\t\t<\/div>\n\n\t\t<\/div>\n\t<\/div>\n\t[\/vc_column][\/vc_row][vc_row row_type=\u00a0\u00bbbg-solid\u00a0\u00bb row_bg_color=\u00a0\u00bbbg-lightgray\u00a0\u00bb full_width=\u00a0\u00bbstretch_row\u00a0\u00bb][vc_column]<div class='text-center'><h2 class='     ruled ' style='max-width: 66%; display:inline-block;' >Vous souhaitez rejoindre une entreprise o\u00f9 vous pouvez faire la diff\u00e9rence ?<\/h2><\/div><div class='wpb_content_element text-center btn-container'>\n  <a class='btn btn-primary   '\n    href='https:\/\/www.linkedin.com\/company\/o-and-m-halyard-emea\/jobs\/?viewAsMember=true' target='_blank' data-toggle=''>\n    <span>Apply now<\/span>\n  <\/a><\/div>\n[\/vc_column][\/vc_row]<\/p>\n<\/div>","protected":false},"excerpt":{"rendered":"<p>[vc_row row_type=\u00a0\u00bbpage-hero\u00a0\u00bb full_width=\u00a0\u00bbstretch_row\u00a0\u00bb row_style=\u00a0\u00bbpage-hero\u00a0\u00bb css=\u00a0\u00bb.vc_custom_1619701004785{background-image: url(https:\/\/www.owens-minor.com\/wp-content\/uploads\/2021\/01\/bPSIUrGg-scaled.jpeg?id=733) !important;background-position: center !important;background-repeat: no-repeat !important;background-size: cover !important;}\u00a0\u00bb][vc_column width=\u00a0\u00bb2\/3&Prime;][\/vc_column][vc_column [&hellip;]<\/p>\n","protected":false},"author":2,"featured_media":232427,"parent":232403,"menu_order":69,"comment_status":"closed","ping_status":"closed","template":"","meta":{"_acf_changed":false,"inline_featured_image":false,"footnotes":""},"class_list":["post-232537","page","type-page","status-publish","has-post-thumbnail","hentry"],"acf":[],"publishpress_future_action":{"enabled":false,"date":"2026-05-08 17:15:42","action":"change-status","newStatus":"draft","terms":[],"taxonomy":"translation_priority","extraData":[]},"publishpress_future_workflow_manual_trigger":{"enabledWorkflows":[]},"_links":{"self":[{"href":"https:\/\/halyardhealth.eu\/fr\/wp-json\/wp\/v2\/pages\/232537","targetHints":{"allow":["GET"]}}],"collection":[{"href":"https:\/\/halyardhealth.eu\/fr\/wp-json\/wp\/v2\/pages"}],"about":[{"href":"https:\/\/halyardhealth.eu\/fr\/wp-json\/wp\/v2\/types\/page"}],"author":[{"embeddable":true,"href":"https:\/\/halyardhealth.eu\/fr\/wp-json\/wp\/v2\/users\/2"}],"replies":[{"embeddable":true,"href":"https:\/\/halyardhealth.eu\/fr\/wp-json\/wp\/v2\/comments?post=232537"}],"version-history":[{"count":0,"href":"https:\/\/halyardhealth.eu\/fr\/wp-json\/wp\/v2\/pages\/232537\/revisions"}],"up":[{"embeddable":true,"href":"https:\/\/halyardhealth.eu\/fr\/wp-json\/wp\/v2\/pages\/232403"}],"wp:featuredmedia":[{"embeddable":true,"href":"https:\/\/halyardhealth.eu\/fr\/wp-json\/wp\/v2\/media\/232427"}],"wp:attachment":[{"href":"https:\/\/halyardhealth.eu\/fr\/wp-json\/wp\/v2\/media?parent=232537"}],"curies":[{"name":"wp","href":"https:\/\/api.w.org\/{rel}","templated":true}]}}