{"id":232618,"date":"2020-08-05T19:40:44","date_gmt":"2020-08-05T17:40:44","guid":{"rendered":"https:\/\/halyarduk.wpengine.com\/valeur-totale-de-la-drisse\/standardisation\/"},"modified":"2025-11-18T09:40:39","modified_gmt":"2025-11-18T08:40:39","slug":"standardisation","status":"publish","type":"page","link":"https:\/\/halyardhealth.eu\/fr\/valeur-totale-de-la-drisse\/standardisation\/","title":{"rendered":"Standardisation"},"content":{"rendered":"<div class=\"wpb-content-wrapper\"><p>[vc_row row_type=\u00a0\u00bbbg-overlay\u00a0\u00bb row_text_color=\u00a0\u00bbtext-light\u00a0\u00bb full_width=\u00a0\u00bbstretch_row\u00a0\u00bb content_placement=\u00a0\u00bbmiddle\u00a0\u00bb css=\u00a0\u00bb.vc_custom_1608314511665{background-image: url(https:\/\/www.halyardhealth.eu\/wp-content\/uploads\/Hero-Image-Standardization-copy-scaled.jpg?id=5386) !important;}\u00a0\u00bb][vc_column width=\u00a0\u00bb2\/3&Prime;]<div class=''><h3 class='text-white  mt-4  h3  ' style='max-width: 100%; display:inline-block;' >Notre valeur totale<\/h3><\/div><div class=''><h1 class='text-white  pr-2  display-1  ' style='max-width: 100%; display:inline-block;' >Standardisation<\/h1><\/div>[vc_column_text]<\/p>\n<h5>Aujourd&rsquo;hui plus que jamais, les \u00e9tablissements de sant\u00e9 sont confront\u00e9s \u00e0 des pressions croissantes pour simplifier, normaliser et accro\u00eetre l&rsquo;efficacit\u00e9.<\/h5>\n<p>[\/vc_column_text]<div class='wpb_content_element text-left btn-container'>\n  <a class='btn btn-primary   '\n    href='https:\/\/halyardhealth.eu\/fr\/contacter-halyard\/' target='' data-toggle=''>\n    <span>Questions? Contact a Rep<\/span>\n  <\/a><\/div>\n[\/vc_column][vc_column width=\u00a0\u00bb1\/3&Prime;][\/vc_column][\/vc_row][vc_row row_type=\u00a0\u00bbsplit-row\u00a0\u00bb row_text_color=\u00a0\u00bbtext-dark\u00a0\u00bb full_width=\u00a0\u00bbstretch_row_content\u00a0\u00bb content_placement=\u00a0\u00bbmiddle\u00a0\u00bb css=\u00a0\u00bb.vc_custom_1593696051065{background-color: #f7f7f7 !important;}\u00a0\u00bb][vc_column width=\u00a0\u00bb1\/2&Prime; css=\u00a0\u00bb.vc_custom_1610128710416{background-image: url(https:\/\/www.halyardhealth.eu\/wp-content\/uploads\/om-halyard-standardization-1.jpg?id=5510) !important;}\u00a0\u00bb][\/vc_column][vc_column width=\u00a0\u00bb1\/2&Prime;][vc_column_text el_class=\u00a0\u00bbbullets-green\u00a0\u00bb]<\/p>\n<h3 style=\"text-align: center;\">Une bonne planification prend un temps et des ressources pr\u00e9cieux. Nous pouvons aider.<\/h3>\n<h5>Nous pouvons jeter un regard critique sur les mod\u00e8les d&rsquo;utilisation de vos produits pour identifier les moyens d&rsquo;am\u00e9liorer l&rsquo;efficacit\u00e9.<\/h5>\n<h5>Nous pouvons vous aider avec l&rsquo;utilisation des stocks gr\u00e2ce \u00e0 des solutions d&rsquo;inventaire standardis\u00e9es.<\/h5>\n<h5>Nous pouvons vous aider \u00e0 trouver des moyens d&rsquo;augmenter votre productivit\u00e9.<\/h5>\n<p>[\/vc_column_text][\/vc_column][\/vc_row][vc_row row_text_color=\u00a0\u00bbtext-dark\u00a0\u00bb full_width=\u00a0\u00bbstretch_row\u00a0\u00bb css=\u00a0\u00bb.vc_custom_1606852148901{background-color: #f7f7f7 !important;}\u00a0\u00bb el_class=\u00a0\u00bbpb-0&Prime;][vc_column el_class=\u00a0\u00bbpb-0&Prime;]<div class='text-center'><h2 class='text-navyblue    h2  ' style='max-width: 100%; display:inline-block;' >Owens &amp; Minor consacre le temps et les efforts n\u00e9cessaires pour vous aider.<\/h2><\/div>[\/vc_column][\/vc_row][vc_row row_text_color=\u00a0\u00bbtext-dark\u00a0\u00bb full_width=\u00a0\u00bbstretch_row\u00a0\u00bb css=\u00a0\u00bb.vc_custom_1636120566002{padding-bottom: 50px !important;background-color: #f7f7f7 !important;}\u00a0\u00bb el_class=\u00a0\u00bbpb-0&Prime;][vc_column width=\u00a0\u00bb1\/3&Prime;]<div class=''><h4 class='text-navyblue    h4  ' style='max-width: 100%; display:inline-block;' >Efficacit\u00e9 sur mesure<\/h4><\/div>[vc_column_text el_class=\u00a0\u00bbbullets-green\u00a0\u00bb]<\/p>\n<ul>\n<li>Utilisez les bons produits pour les bonnes proc\u00e9dures<\/li>\n<li>R\u00c9DUIRE les SKU et les stocks inutiles<\/li>\n<li>\u00c9LIMINER les d\u00e9chets<\/li>\n<li>GAGNEZ du temps et des ressources<\/li>\n<\/ul>\n<p>[\/vc_column_text][\/vc_column][vc_column width=\u00a0\u00bb1\/3&Prime;]<div class=''><h4 class='text-navyblue    h4  ' style='max-width: 100%; display:inline-block;' >Solutions standardis\u00e9es<\/h4><\/div>[vc_column_text el_class=\u00a0\u00bbbullets-green\u00a0\u00bb]<\/p>\n<ul>\n<li>Atteignez les m\u00eames objectifs avec la moiti\u00e9 des SKU<\/li>\n<li>R\u00e9duire les SKU de robes<\/li>\n<li>R\u00e9duire la confusion \u00e0 la table arri\u00e8re<\/li>\n<li>Faites plus de proc\u00e9dures avec moins de types de blouses<\/li>\n<\/ul>\n<p>[\/vc_column_text][\/vc_column][vc_column width=\u00a0\u00bb1\/3&Prime;]<div class=''><h4 class='text-navyblue    h4  ' style='max-width: 100%; display:inline-block;' >R\u00e9duction des temps d&#039;arr\u00eat<\/h4><\/div>[vc_column_text el_class=\u00a0\u00bbbullets-green\u00a0\u00bb]<\/p>\n<ul>\n<li>Examinez en d\u00e9tail les produits que vous utilisez et comment vous les utilisez<\/li>\n<li>Identifier des moyens d&rsquo;\u00eatre plus efficace et productif<\/li>\n<li>\u00c9conomisez du temps et de l&rsquo;argent en r\u00e9duisant les retards co\u00fbteux au bloc op\u00e9ratoire<\/li>\n<\/ul>\n<p>[\/vc_column_text][\/vc_column][\/vc_row]<\/p>\n<\/div>","protected":false},"excerpt":{"rendered":"<p>[vc_row row_type=\u00a0\u00bbbg-overlay\u00a0\u00bb row_text_color=\u00a0\u00bbtext-light\u00a0\u00bb full_width=\u00a0\u00bbstretch_row\u00a0\u00bb content_placement=\u00a0\u00bbmiddle\u00a0\u00bb css=\u00a0\u00bb.vc_custom_1608314511665{background-image: url(https:\/\/www.halyardhealth.eu\/wp-content\/uploads\/Hero-Image-Standardization-copy-scaled.jpg?id=5386) !important;}\u00a0\u00bb][vc_column width=\u00a0\u00bb2\/3&Prime;][vc_column_text] Aujourd&rsquo;hui plus que jamais, les [&hellip;]<\/p>\n","protected":false},"author":2,"featured_media":232619,"parent":232456,"menu_order":47,"comment_status":"closed","ping_status":"closed","template":"","meta":{"_acf_changed":false,"inline_featured_image":false,"footnotes":""},"class_list":["post-232618","page","type-page","status-publish","has-post-thumbnail","hentry"],"acf":[],"publishpress_future_action":{"enabled":false,"date":"2026-05-19 18:24:48","action":"change-status","newStatus":"draft","terms":[],"taxonomy":"translation_priority","extraData":[]},"publishpress_future_workflow_manual_trigger":{"enabledWorkflows":[]},"_links":{"self":[{"href":"https:\/\/halyardhealth.eu\/fr\/wp-json\/wp\/v2\/pages\/232618","targetHints":{"allow":["GET"]}}],"collection":[{"href":"https:\/\/halyardhealth.eu\/fr\/wp-json\/wp\/v2\/pages"}],"about":[{"href":"https:\/\/halyardhealth.eu\/fr\/wp-json\/wp\/v2\/types\/page"}],"author":[{"embeddable":true,"href":"https:\/\/halyardhealth.eu\/fr\/wp-json\/wp\/v2\/users\/2"}],"replies":[{"embeddable":true,"href":"https:\/\/halyardhealth.eu\/fr\/wp-json\/wp\/v2\/comments?post=232618"}],"version-history":[{"count":0,"href":"https:\/\/halyardhealth.eu\/fr\/wp-json\/wp\/v2\/pages\/232618\/revisions"}],"up":[{"embeddable":true,"href":"https:\/\/halyardhealth.eu\/fr\/wp-json\/wp\/v2\/pages\/232456"}],"wp:featuredmedia":[{"embeddable":true,"href":"https:\/\/halyardhealth.eu\/fr\/wp-json\/wp\/v2\/media\/232619"}],"wp:attachment":[{"href":"https:\/\/halyardhealth.eu\/fr\/wp-json\/wp\/v2\/media?parent=232618"}],"curies":[{"name":"wp","href":"https:\/\/api.w.org\/{rel}","templated":true}]}}