{"id":232711,"date":"2020-06-10T21:12:52","date_gmt":"2020-06-10T19:12:52","guid":{"rendered":"https:\/\/halyarduk.wpengine.com\/solutions-de-sante-innovantes\/"},"modified":"2026-04-15T08:16:53","modified_gmt":"2026-04-15T06:16:53","slug":"solutions-sante-innovantes","status":"publish","type":"page","link":"https:\/\/halyardhealth.eu\/fr\/","title":{"rendered":"Solutions de sant\u00e9 innovantes"},"content":{"rendered":"<div class=\"wpb-content-wrapper\"><p>[vc_row row_type=\u00a0\u00bbpage-hero\u00a0\u00bb full_width=\u00a0\u00bbstretch_row\u00a0\u00bb content_placement=\u00a0\u00bbmiddle\u00a0\u00bb bg_blur=\u00a0\u00bbtrue\u00a0\u00bb css=\u00a0\u00bb.vc_custom_1760017787850{background-image: url(https:\/\/halyardhealth.eu\/wp-content\/uploads\/Hero-Image-Knowledge-Experience-copy-scaled.jpg?id=5384) !important;}\u00a0\u00bb][vc_column][vc_single_image image=\u00a0\u00bb240103&Prime; img_size=\u00a0\u00bbfull\u00a0\u00bb alignment=\u00a0\u00bbcenter\u00a0\u00bb css=\u00a0\u00bb\u00a0\u00bb][\/vc_column][\/vc_row][vc_row full_width=\u00a0\u00bbstretch_row\u00a0\u00bb][vc_column][vc_column_text]    <div class=\"d-flex justify-content-between align-items-center mb-0 mb-md-3\">\n      <h2 class=\"ruled\">Solutions<\/h2>\n              <a class=\"d-none d-md-block btn btn-primary\" href=\"https:\/\/halyardhealth.eu\/solutions\/\">See All Solutions<\/a>\n          <\/div>\n\n\n<div class=\"solutions-slider\">\n    <div>\n\n    <div class=\"image-card lazyload\" style=\"background-image:inherit\" data-bg-image=\"url(&#039;https:\/\/halyardhealth.eu\/wp-content\/uploads\/Cleanroom.png&#039;)\">\n      <a class=\"full-link\" href=\"https:\/\/halyardhealth.eu\/fr\/salle-blanche\/\" aria-labelledby=\"label-69f36bda35ae8\" aria-describedby=\"description-69f36bda35ae8\"><\/a>\n      <div class=\"card-content\">\n        <div class=\"card-type\">\n                  <\/div>\n        <h3 class=\"card-title\" id=\"description-69f36bda35ae8\">Environnement contr\u00f4l\u00e9<\/h3>\n        <div class=\"card-description\">[vc_row row_type=\u00a0\u00bbpage-hero\u00a0\u00bb row_text_color=\u00a0\u00bbtext-light\u00a0\u00bb full_width=\u00a0\u00bbstretch_row\u00a0\u00bb content_placement=\u00a0\u00bbmiddle\u00a0\u00bb css=\u00a0\u00bb.vc_custom_1640254713959{background-image: url(https:\/\/www.halyardhealth.com\/wp-content\/uploads\/purezero-clearnroom-gloves-hdr.jpg?id=205503) !important;}\u00a0\u00bb][vc_column][vc_column_text] HALYARD* propose une gamme sans acc\u00e9l\u00e9rateur1 [&hellip;]<\/div>\n      <\/div>\n      <div class=\"read-more-link\">\n        <span class=\"link-text-auto-hide\" id=\"label-69f36bda35ae8\">READ MORE<\/span>&nbsp;<i class=\"fas fa-arrow-right\" aria-hidden=\"true\"><\/i>\n      <\/div>\n\n    <\/div>\n  <\/div>\n    <div>\n\n    <div class=\"image-card lazyload\" style=\"background-image:inherit\" data-bg-image=\"url(&#039;https:\/\/halyardhealth.eu\/wp-content\/uploads\/PPE-Preparedness-hero-image.png&#039;)\">\n      <a class=\"full-link\" href=\"https:\/\/halyardhealth.eu\/fr\/preparation-a-la-pandemie\/\" aria-labelledby=\"label-69f36bda3710c\" aria-describedby=\"description-69f36bda3710c\"><\/a>\n      <div class=\"card-content\">\n        <div class=\"card-type\">\n                  <\/div>\n        <h3 class=\"card-title\" id=\"description-69f36bda3710c\">Pr\u00e9paration \u00e0 une pand\u00e9mie<\/h3>\n        <div class=\"card-description\">La pand\u00e9mie de COVID-19 ne sera pas la derni\u00e8re \u00e9pid\u00e9mie \u00e0 laquelle votre h\u00f4pital devra faire face.Halyard a des produits...<\/div>\n      <\/div>\n      <div class=\"read-more-link\">\n        <span class=\"link-text-auto-hide\" id=\"label-69f36bda3710c\">READ MORE<\/span>&nbsp;<i class=\"fas fa-arrow-right\" aria-hidden=\"true\"><\/i>\n      <\/div>\n\n    <\/div>\n  <\/div>\n    <div>\n\n    <div class=\"image-card lazyload\" style=\"background-image:inherit\" data-bg-image=\"url(&#039;https:\/\/halyardhealth.eu\/wp-content\/uploads\/2020\/08\/OR-Delay-1-1024x614.jpg&#039;)\">\n      <a class=\"full-link\" href=\"https:\/\/halyardhealth.eu\/fr\/efficacite-de-la-salle-doperation\/\" aria-labelledby=\"label-69f36bda376fe\" aria-describedby=\"description-69f36bda376fe\"><\/a>\n      <div class=\"card-content\">\n        <div class=\"card-type\">\n                  <\/div>\n        <h3 class=\"card-title\" id=\"description-69f36bda376fe\">Efficacit\u00e9 de la salle d&rsquo;op\u00e9ration<\/h3>\n        <div class=\"card-description\">Dans le mod\u00e8le de remboursement bas\u00e9 sur la valeur d'aujourd'hui, comprendre et att\u00e9nuer les \u00ab&nbsp;fuites de co\u00fbts&nbsp;\u00bb dans votre salle...<\/div>\n      <\/div>\n      <div class=\"read-more-link\">\n        <span class=\"link-text-auto-hide\" id=\"label-69f36bda376fe\">READ MORE<\/span>&nbsp;<i class=\"fas fa-arrow-right\" aria-hidden=\"true\"><\/i>\n      <\/div>\n\n    <\/div>\n  <\/div>\n    <div>\n\n    <div class=\"image-card lazyload\" style=\"background-image:inherit\" data-bg-image=\"url(&#039;https:\/\/halyardhealth.eu\/wp-content\/uploads\/centrile-sterile-processing-1024x864.jpg&#039;)\">\n      <a class=\"full-link\" href=\"https:\/\/halyardhealth.eu\/fr\/solutions\/solutions-cliniques\/traitement-sterile-central\/\" aria-labelledby=\"label-69f36bda37d38\" aria-describedby=\"description-69f36bda37d38\"><\/a>\n      <div class=\"card-content\">\n        <div class=\"card-type\">\n                  <\/div>\n        <h3 class=\"card-title\" id=\"description-69f36bda37d38\">Traitement st\u00e9rile central<\/h3>\n        <div class=\"card-description\">D\u00e9couvrez comment l'approche holistique d'Halyard, de la st\u00e9rilisation centrale \u00e0 la salle d'op\u00e9ration, peut aider \u00e0 r\u00e9duire les co\u00fbts, \u00e0...<\/div>\n      <\/div>\n      <div class=\"read-more-link\">\n        <span class=\"link-text-auto-hide\" id=\"label-69f36bda37d38\">READ MORE<\/span>&nbsp;<i class=\"fas fa-arrow-right\" aria-hidden=\"true\"><\/i>\n      <\/div>\n\n    <\/div>\n  <\/div>\n    <div>\n\n    <div class=\"image-card lazyload\" style=\"background-image:inherit\" data-bg-image=\"url(&#039;https:\/\/halyardhealth.eu\/wp-content\/uploads\/55083_Long-silver-Nitrile-Xtra-Exam-Glove.psd-1024x1016.png&#039;)\">\n      <a class=\"full-link\" href=\"https:\/\/halyardhealth.eu\/fr\/solutions\/solutions-cliniques\/protection-contre-la-chimiotherapie-2\/\" aria-labelledby=\"label-69f36bda38345\" aria-describedby=\"description-69f36bda38345\"><\/a>\n      <div class=\"card-content\">\n        <div class=\"card-type\">\n                  <\/div>\n        <h3 class=\"card-title\" id=\"description-69f36bda38345\">Protection contre la chimioth\u00e9rapie<\/h3>\n        <div class=\"card-description\">[vc_row row_type=\u00a0\u00bbpage-hero\u00a0\u00bb row_text_color=\u00a0\u00bbtext-light\u00a0\u00bb hero_size=\u00a0\u00bbmedium\u00a0\u00bb row_padding_bottom=\u00a0\u00bbpb-1&Prime; full_width=\u00a0\u00bbstretch_row\u00a0\u00bb content_placement=\u00a0\u00bbmiddle\u00a0\u00bb video_bg=\u00a0\u00bbyes\u00a0\u00bb video_bg_url=\u00a0\u00bbhttps:\/\/www.youtube.com\/watch?v=k-OK8rHCkw8&Prime;][vc_column][vc_empty_space height=\u00a0\u00bb32&Prime;][vc_empty_space height=\u00a0\u00bb64&Prime;][\/vc_column][\/vc_row][vc_row row_padding_top=\u00a0\u00bbpt-1&Prime; row_padding_bottom=\u00a0\u00bbpb-2&Prime; full_width=\u00a0\u00bbstretch_row_content\u00a0\u00bb][vc_column][vc_empty_space [&hellip;]<\/div>\n      <\/div>\n      <div class=\"read-more-link\">\n        <span class=\"link-text-auto-hide\" id=\"label-69f36bda38345\">READ MORE<\/span>&nbsp;<i class=\"fas fa-arrow-right\" aria-hidden=\"true\"><\/i>\n      <\/div>\n\n    <\/div>\n  <\/div>\n  <\/div>\n  <a class=\"d-block d-md-none my-3 btn btn-primary\" href=\"https:\/\/halyardhealth.eu\/solutions\/\">See All Solutions<\/a>\n\n[\/vc_column_text][\/vc_column][\/vc_row][vc_row full_width=\u00a0\u00bbstretch_row\u00a0\u00bb css=\u00a0\u00bb.vc_custom_1713874227195{background-image: url(https:\/\/www.halyardhealth.eu\/wp-content\/uploads\/2020\/07\/blur-bg.jpg?id=260) !important;}\u00a0\u00bb][vc_column]<div class='text-center'><h2 class='  ruled-after    ' style='max-width: 100%; display:inline-block;' >Valeur totale<\/h2><\/div><div class='text-center'><p class='text-navyblue mb-3   lead  ' style='max-width: 66%; display:inline-block;' >Nous nous engageons \u00e0 \u00eatre le partenaire strat\u00e9gique qui vous aide \u00e0 fournir des soins pour construire un avenir meilleur et plus sain pour notre monde. Notre objectif est de vous aider \u00e0 faire face \u00e0 la complexit\u00e9 des soins de sant\u00e9 d&#039;aujourd&#039;hui et nous avons \u00e9t\u00e9 con\u00e7us \u00e0 cet effet.<\/p><\/div>[vc_row_inner equal_height=\u00a0\u00bbyes\u00a0\u00bb][vc_column_inner width=\u00a0\u00bb1\/3&Prime;]<div class=\"icon-card card-vertical card-max-height linked\" style=\"position:relative;\">\n    <a class=\"full-link\" href=\"https:\/\/www.halyardhealth.eu\/halyard-total-value\/reliability\/\" target=\"\"><span class=\"sr-only\">Fiabilit\u00e9<\/span><\/a>\n    <div class=\"icon-container shield\" style=\"background-image: url('')\"><\/div>\n  <h3 class=\"card-title\">Fiabilit\u00e9<\/h3>\n  <div class=\"card-description\">Les perturbations de la cha\u00eene d\u2019approvisionnement et les d\u00e9faillances des produits peuvent repr\u00e9senter de r\u00e9elles menaces pour la sant\u00e9 de votre organisation. Lorsque votre cha\u00eene d\u2019approvisionnement est peu fiable ou que vous connaissez de mauvaises performances produit, il existe des co\u00fbts mesurables \u2013 \u00e0 la fois humains et financiers.<\/div>\n<\/div>\n[\/vc_column_inner][vc_column_inner width=\u00a0\u00bb1\/3&Prime;]<div class=\"icon-card card-vertical card-max-height linked\" style=\"position:relative;\">\n    <a class=\"full-link\" href=\"https:\/\/www.halyardhealth.eu\/halyard-total-value\/standardization\/\" target=\"\"><span class=\"sr-only\">Normalisation<\/span><\/a>\n    <div class=\"icon-container clipboard\" style=\"background-image: url('')\"><\/div>\n  <h3 class=\"card-title\">Normalisation<\/h3>\n  <div class=\"card-description\">Aujourd&#039;hui plus que jamais, les \u00e9tablissements de soins de sant\u00e9 sont confront\u00e9s \u00e0 des pressions croissantes pour simplifier, standardiser et accro\u00eetre l&#039;efficacit\u00e9 afin d&#039;am\u00e9liorer la sant\u00e9 financi\u00e8re globale du syst\u00e8me hospitalier.<\/div>\n<\/div>\n[\/vc_column_inner][vc_column_inner width=\u00a0\u00bb1\/3&Prime;]<div class=\"icon-card card-vertical card-max-height linked\" style=\"position:relative;\">\n    <a class=\"full-link\" href=\"https:\/\/www.halyardhealth.eu\/halyard-total-value\/knowledge-and-expertise\/\" target=\"\"><span class=\"sr-only\">Connaissances et expertise<\/span><\/a>\n    <div class=\"icon-container graduation-cap\" style=\"background-image: url('')\"><\/div>\n  <h3 class=\"card-title\">Connaissances et expertise<\/h3>\n  <div class=\"card-description\">Nous sommes constamment en train d&#039;apprendre et d&#039;\u00e9largir notre base collective de connaissances. Lorsque nous partageons ces connaissances et cette expertise avec nos clients, nous apprenons et grandissons tous.<\/div>\n<\/div>\n[\/vc_column_inner][\/vc_row_inner][\/vc_column][\/vc_row][vc_row row_type=\u00a0\u00bbbg-solid\u00a0\u00bb row_bg_color=\u00a0\u00bbbg-lightgray\u00a0\u00bb full_width=\u00a0\u00bbstretch_row\u00a0\u00bb el_class=\u00a0\u00bbfull-width\u00a0\u00bb][vc_column]<div class='text-center'><h2 class='     ruled ' style='max-width: 100%; display:inline-block;' >Produits en vedette<\/h2><\/div>[vc_row_inner gap=\u00a0\u00bb1&Prime;][vc_column_inner width=\u00a0\u00bb1\/4&Prime;]<div class=\"product-card\">\n  <a class=\"full-link\"  href='https:\/\/halyardhealth.eu\/de\/products\/partikelfilter-respirator\/' target='_blank' aria-labelledby=\"label-69f36bda39eef\" aria-describedby=\"description-69f36bda39eef\"><span class=\"sr-only\" id=\"description-69f36bda39eef\">Respirateurs FFP2<\/span><\/a>\n  <div class=\"card-img lazyload\" style=\"background-image:inherit;\" data-bg-image=\"url(https:\/\/halyardhealth.eu\/wp-content\/uploads\/Respirator-pic-1.png)\">\n    <span class=\"sr-only\" role=\"img\" aria-label=\"Respirateurs FFP2 thumbnail\"> <\/span>\n\n  <\/div>\n  <div class=\"card-content\">\n    <h3 class=\"card-title\">Respirateurs FFP2<\/h3>\n    <div class=\"card-description\">\n      Les masques respiratoires HALYARD* FFP2 sont con\u00e7us pour offrir un ajustement facial efficace, comme l&#039;exige une protection respiratoire ad\u00e9quate contre les agents pathog\u00e8nes en suspension dans l&#039;air.    <\/div>\n  <\/div>\n  <div class=\"read-more-link text-uppercase\">\n    <span class=\"auto-hide-text\" id=\"label-69f36bda39eef\">More<\/span><i class=\"fas fa-arrow-right\" aria-hidden=\"true\"><\/i>\n  <\/div>\n<\/div>\n[\/vc_column_inner][vc_column_inner width=\u00a0\u00bb1\/4&Prime;]<div class=\"product-card\">\n  <a class=\"full-link\"  href='https:\/\/halyardhealth.eu\/de\/products\/smart-fold-sterilisationsfolie\/' target='_blank' aria-labelledby=\"label-69f36bda3a13f\" aria-describedby=\"description-69f36bda3a13f\"><span class=\"sr-only\" id=\"description-69f36bda3a13f\">SMART-FOLD<\/span><\/a>\n  <div class=\"card-img lazyload\" style=\"background-image:inherit;\" data-bg-image=\"url(https:\/\/halyardhealth.eu\/wp-content\/uploads\/SMART-FOLD-Sterilisation-Packaging-scaled.png)\">\n    <span class=\"sr-only\" role=\"img\" aria-label=\"SMART-FOLD thumbnail\"> <\/span>\n\n  <\/div>\n  <div class=\"card-content\">\n    <h3 class=\"card-title\">SMART-FOLD<\/h3>\n    <div class=\"card-description\">\n      L&#039;emballage haute performance SMART-FOLD* est 3 fois plus r\u00e9sistant \u00e0 la d\u00e9chirure avec des zones renforc\u00e9es autour des coins et des bords.    <\/div>\n  <\/div>\n  <div class=\"read-more-link text-uppercase\">\n    <span class=\"auto-hide-text\" id=\"label-69f36bda3a13f\">More<\/span><i class=\"fas fa-arrow-right\" aria-hidden=\"true\"><\/i>\n  <\/div>\n<\/div>\n[\/vc_column_inner][vc_column_inner width=\u00a0\u00bb1\/4&Prime;]<div class=\"product-card\">\n  <a class=\"full-link\"  href='https:\/\/halyardhealth.eu\/de\/products\/halyard-benutzerdefinierte-behandlungsschalen\/' target='_blank' aria-labelledby=\"label-69f36bda3a2e6\" aria-describedby=\"description-69f36bda3a2e6\"><span class=\"sr-only\" id=\"description-69f36bda3a2e6\">Blouses op\u00e9ratoires AERO CHROME* Breathable Performance<\/span><\/a>\n  <div class=\"card-img lazyload\" style=\"background-image:inherit;\" data-bg-image=\"url(https:\/\/halyardhealth.eu\/wp-content\/uploads\/AERO-CHROME-Select-Sell-Sheet-1-pdf-1-1.png)\">\n    <span class=\"sr-only\" role=\"img\" aria-label=\"Blouses op\u00e9ratoires AERO CHROME* Breathable Performance thumbnail\"> <\/span>\n\n  <\/div>\n  <div class=\"card-content\">\n    <h3 class=\"card-title\">Blouses op\u00e9ratoires AERO CHROME* Breathable Performance<\/h3>\n    <div class=\"card-description\">\n      Associez un confort, une douceur et une respirabilit\u00e9 sans pr\u00e9c\u00e9dent \u00e0 une protection maximale contre les fluides et les agents pathog\u00e8nes.    <\/div>\n  <\/div>\n  <div class=\"read-more-link text-uppercase\">\n    <span class=\"auto-hide-text\" id=\"label-69f36bda3a2e6\">More<\/span><i class=\"fas fa-arrow-right\" aria-hidden=\"true\"><\/i>\n  <\/div>\n<\/div>\n[\/vc_column_inner][vc_column_inner width=\u00a0\u00bb1\/4&Prime;]<div class=\"product-card\">\n  <a class=\"full-link\"  href='https:\/\/halyardhealth.eu\/fr\/nitrile-medical-exam-gloves\/' target='' aria-labelledby=\"label-69f36bda3a480\" aria-describedby=\"description-69f36bda3a480\"><span class=\"sr-only\" id=\"description-69f36bda3a480\">HALYARD* PURPLE NITRILE* Gants d&#039;examen<\/span><\/a>\n  <div class=\"card-img lazyload\" style=\"background-image:inherit;\" data-bg-image=\"url(https:\/\/halyardhealth.eu\/wp-content\/uploads\/Purple-nitrile.png)\">\n    <span class=\"sr-only\" role=\"img\" aria-label=\"HALYARD* PURPLE NITRILE* Gants d&#039;examen thumbnail\"> <\/span>\n\n  <\/div>\n  <div class=\"card-content\">\n    <h3 class=\"card-title\">HALYARD* PURPLE NITRILE* Gants d&#039;examen<\/h3>\n    <div class=\"card-description\">\n      Excellent choix pour les professionnels de la sant\u00e9, les ambulanciers et le personnel des urgences qui ont besoin d&#039;une protection \u00e9prouv\u00e9e contre les bact\u00e9ries, les virus transmissibles par le sang et les produits chimiques pendant les proc\u00e9dures o\u00f9 le risque d&#039;exposition aux fluides est mod\u00e9r\u00e9 \u00e0 \u00e9lev\u00e9.    <\/div>\n  <\/div>\n  <div class=\"read-more-link text-uppercase\">\n    <span class=\"auto-hide-text\" id=\"label-69f36bda3a480\">More<\/span><i class=\"fas fa-arrow-right\" aria-hidden=\"true\"><\/i>\n  <\/div>\n<\/div>\n[\/vc_column_inner][\/vc_row_inner][\/vc_column][\/vc_row]<\/p>\n<\/div>","protected":false},"excerpt":{"rendered":"<p>[vc_row row_type=\u00a0\u00bbpage-hero\u00a0\u00bb full_width=\u00a0\u00bbstretch_row\u00a0\u00bb content_placement=\u00a0\u00bbmiddle\u00a0\u00bb bg_blur=\u00a0\u00bbtrue\u00a0\u00bb css=\u00a0\u00bb.vc_custom_1760017787850{background-image: url(https:\/\/halyardhealth.eu\/wp-content\/uploads\/Hero-Image-Knowledge-Experience-copy-scaled.jpg?id=5384) !important;}\u00a0\u00bb][vc_column][vc_single_image image=\u00a0\u00bb240103&Prime; img_size=\u00a0\u00bbfull\u00a0\u00bb alignment=\u00a0\u00bbcenter\u00a0\u00bb css=\u00a0\u00bb\u00a0\u00bb][\/vc_column][\/vc_row][vc_row full_width=\u00a0\u00bbstretch_row\u00a0\u00bb][vc_column][vc_column_text][\/vc_column_text][\/vc_column][\/vc_row][vc_row full_width=\u00a0\u00bbstretch_row\u00a0\u00bb [&hellip;]<\/p>\n","protected":false},"author":2,"featured_media":234759,"parent":0,"menu_order":73,"comment_status":"closed","ping_status":"closed","template":"","meta":{"_acf_changed":false,"inline_featured_image":false,"footnotes":""},"class_list":["post-232711","page","type-page","status-publish","has-post-thumbnail","hentry"],"acf":[],"publishpress_future_action":{"enabled":false,"date":"2026-05-07 16:48:58","action":"change-status","newStatus":"draft","terms":[],"taxonomy":"translation_priority","extraData":[]},"publishpress_future_workflow_manual_trigger":{"enabledWorkflows":[]},"_links":{"self":[{"href":"https:\/\/halyardhealth.eu\/fr\/wp-json\/wp\/v2\/pages\/232711","targetHints":{"allow":["GET"]}}],"collection":[{"href":"https:\/\/halyardhealth.eu\/fr\/wp-json\/wp\/v2\/pages"}],"about":[{"href":"https:\/\/halyardhealth.eu\/fr\/wp-json\/wp\/v2\/types\/page"}],"author":[{"embeddable":true,"href":"https:\/\/halyardhealth.eu\/fr\/wp-json\/wp\/v2\/users\/2"}],"replies":[{"embeddable":true,"href":"https:\/\/halyardhealth.eu\/fr\/wp-json\/wp\/v2\/comments?post=232711"}],"version-history":[{"count":0,"href":"https:\/\/halyardhealth.eu\/fr\/wp-json\/wp\/v2\/pages\/232711\/revisions"}],"wp:featuredmedia":[{"embeddable":true,"href":"https:\/\/halyardhealth.eu\/fr\/wp-json\/wp\/v2\/media\/234759"}],"wp:attachment":[{"href":"https:\/\/halyardhealth.eu\/fr\/wp-json\/wp\/v2\/media?parent=232711"}],"curies":[{"name":"wp","href":"https:\/\/api.w.org\/{rel}","templated":true}]}}