{"id":232746,"date":"2020-08-05T19:38:31","date_gmt":"2020-08-05T17:38:31","guid":{"rendered":"https:\/\/halyarduk.wpengine.com\/valeur-totale-de-la-drisse\/savoir-expertise\/"},"modified":"2025-11-18T09:40:40","modified_gmt":"2025-11-18T08:40:40","slug":"savoir-expertise","status":"publish","type":"page","link":"https:\/\/halyardhealth.eu\/fr\/valeur-totale-de-la-drisse\/savoir-expertise\/","title":{"rendered":"Savoir &amp; Expertise"},"content":{"rendered":"<div class=\"wpb-content-wrapper\"><p>[vc_row row_type=\u00a0\u00bbbg-overlay\u00a0\u00bb row_text_color=\u00a0\u00bbtext-light\u00a0\u00bb full_width=\u00a0\u00bbstretch_row\u00a0\u00bb content_placement=\u00a0\u00bbmiddle\u00a0\u00bb css=\u00a0\u00bb.vc_custom_1646949547857{background-image: url(https:\/\/www.halyardhealth.eu\/wp-content\/uploads\/Hero-Image-Knowledge-Experience-copy-scaled.jpg?id=5384) !important;}\u00a0\u00bb][vc_column width=\u00a0\u00bb1\/2&Prime;]<div class=''><h3 class='text-white  mt-4  h3  ' style='max-width: 100%; display:inline-block;' >Notre valeur totale<\/h3><\/div><div class=''><h1 class='text-white    display-1  ' style='max-width: 100%; display:inline-block;' >Savoir &amp; Expertise<\/h1><\/div>[vc_column_text]<\/p>\n<div>Chez Owens &amp; Minor, nous sommes constamment impliqu\u00e9s dans l&rsquo;apprentissage et l&rsquo;\u00e9largissement de notre base collective de connaissances. Lorsque nous partageons ces connaissances et<\/div>\n<div>expertise avec nos clients, nous apprenons et grandissons tous.<\/div>\n<div><\/div>\n<p>[\/vc_column_text]<div class='wpb_content_element text-left btn-container'>\n  <a class='btn btn-primary   '\n    href='https:\/\/halyardhealth.eu\/fr\/contacter-halyard\/' target='' data-toggle=''>\n    <span>Questions? Contact a Rep<\/span>\n  <\/a><\/div>\n[\/vc_column][vc_column width=\u00a0\u00bb1\/2&Prime;][\/vc_column][\/vc_row][vc_row row_type=\u00a0\u00bbsplit-row\u00a0\u00bb row_text_color=\u00a0\u00bbtext-dark\u00a0\u00bb full_width=\u00a0\u00bbstretch_row_content\u00a0\u00bb content_placement=\u00a0\u00bbmiddle\u00a0\u00bb css=\u00a0\u00bb.vc_custom_1593696051065{background-color: #f7f7f7 !important;}\u00a0\u00bb][vc_column width=\u00a0\u00bb1\/2&Prime;]<div class=''><p class='text-navyblue   font-weight-bold lead  ' style='max-width: 100%; display:inline-block;' >L&#039;apprentissage est important lorsqu&#039;il s&#039;agit de pr\u00e9venir les infections.<\/p><\/div>[\/vc_column][vc_column width=\u00a0\u00bb1\/2&Prime; css=\u00a0\u00bb.vc_custom_1609525390530{background-image: url(https:\/\/www.halyardhealth.eu\/wp-content\/uploads\/2020\/12\/live-presentation.jpg?id=1887) !important;}\u00a0\u00bb][\/vc_column][\/vc_row][vc_section][vc_row row_text_color=\u00a0\u00bbtext-dark\u00a0\u00bb row_padding_top=\u00a0\u00bbpt-1&Prime; full_width=\u00a0\u00bbstretch_row\u00a0\u00bb content_placement=\u00a0\u00bbmiddle\u00a0\u00bb][vc_column column_type=\u00a0\u00bbbg-solid\u00a0\u00bb col_bg_color=\u00a0\u00bbbg-navyblue\u00a0\u00bb width=\u00a0\u00bb1\/2&Prime;]<div class='text-center'><h2 class='text-brightgreen    h2  ' style='max-width: 100%; display:inline-block;' >Owens &amp; Minor est bien plus qu&#039;un fournisseur<\/h2><\/div>[vc_column_text]<\/p>\n<h3>Nous nous engageons \u00e0 vous donner, \u00e0 vous et \u00e0 votre personnel, les moyens de r\u00e9duire et de pr\u00e9venir les infections tout au long du continuum de soins.<\/h3>\n<p>[\/vc_column_text][\/vc_column][vc_column width=\u00a0\u00bb1\/2&Prime;][vc_column_text el_class=\u00a0\u00bbbullets-green\u00a0\u00bb]<\/p>\n<div>HALYARD* &#8211; une recherche financ\u00e9e a r\u00e9v\u00e9l\u00e9 que 87&nbsp;% des conteneurs d&rsquo;instruments st\u00e9rilis\u00e9s ne maintiennent pas la st\u00e9rilit\u00e9 jusqu&rsquo;au point d&rsquo;utilisation, ce qui expose les patients chirurgicaux \u00e0 un risque d&rsquo;infection par des instruments contamin\u00e9s. (Les instruments emball\u00e9s dans l&#8217;emballage de st\u00e9rilisation HALYARD* sont rest\u00e9s 100&nbsp;% st\u00e9riles dans cette \u00e9tude.)<\/div>\n<p>&nbsp;<\/p>\n<div>Nos recherches ont \u00e9galement port\u00e9 sur les risques de contamination par les peluches en chirurgie. Passer du lin tiss\u00e9 et des tissus spunbond aux rideaux et blouses en polypropyl\u00e8ne est un moyen \u00e9prouv\u00e9 de r\u00e9duire ce risque.<\/div>\n<p>&nbsp;<\/p>\n<div>En attaquant les ISO sous plusieurs angles, nous pouvons vous aider \u00e0 vous doter des informations et de l&rsquo;expertise dont vous avez besoin pour r\u00e9duire les infections dans votre \u00e9tablissement.<\/div>\n<p>[\/vc_column_text][\/vc_column][\/vc_row][\/vc_section][vc_row full_width=\u00a0\u00bbstretch_row\u00a0\u00bb el_class=\u00a0\u00bbpb-0&Prime;][vc_column]<div class='text-center'><h2 class='text-navyblue    h2 ruled ' style='max-width: 100%; display:inline-block;' >Nos collaborateurs nous distinguent.<\/h2><\/div><div class='text-center'><h4 class='text-navyblue    h4  ' style='max-width: 100%; display:inline-block;' >Chez Owens &amp; Minor Halyard, notre \u00e9quipe est l\u00e0 pour vous accompagner et vous soutenir.<\/h4><\/div>[vc_empty_space][\/vc_column][\/vc_row][vc_row full_width=\u00a0\u00bbstretch_row\u00a0\u00bb el_class=\u00a0\u00bbpt-0&Prime;][vc_column width=\u00a0\u00bb1\/2&Prime;][vc_single_image image=\u00a0\u00bb232753&Prime; img_size=\u00a0\u00bblarge\u00a0\u00bb alignment=\u00a0\u00bbcenter\u00a0\u00bb][\/vc_column][vc_column width=\u00a0\u00bb1\/2&Prime;][vc_column_text]<\/p>\n<div class=\"\">\n<ul>\n<li class=\" \">Notre force de vente est exp\u00e9riment\u00e9e, form\u00e9e \u00e0 l&rsquo;h\u00f4pital et accr\u00e9dit\u00e9e<\/li>\n<li class=\" \">Notre personnel est titulaire. 30% de notre \u00e9quipe est avec nous depuis plus de 15 ans.<\/li>\n<li class=\" \">Nous proposons une formation continue et une assistance sur site<\/li>\n<li class=\" \">Notre personnel participe de mani\u00e8re proactive aux conversations sur l&rsquo;\u00e9volution des normes.<\/li>\n<\/ul>\n<\/div>\n<p>[\/vc_column_text][\/vc_column][\/vc_row]<\/p>\n<\/div>","protected":false},"excerpt":{"rendered":"<p>[vc_row row_type=\u00a0\u00bbbg-overlay\u00a0\u00bb row_text_color=\u00a0\u00bbtext-light\u00a0\u00bb full_width=\u00a0\u00bbstretch_row\u00a0\u00bb content_placement=\u00a0\u00bbmiddle\u00a0\u00bb css=\u00a0\u00bb.vc_custom_1646949547857{background-image: url(https:\/\/www.halyardhealth.eu\/wp-content\/uploads\/Hero-Image-Knowledge-Experience-copy-scaled.jpg?id=5384) !important;}\u00a0\u00bb][vc_column width=\u00a0\u00bb1\/2&Prime;][vc_column_text] Chez Owens &amp; Minor, nous [&hellip;]<\/p>\n","protected":false},"author":2,"featured_media":232749,"parent":232456,"menu_order":48,"comment_status":"closed","ping_status":"closed","template":"","meta":{"_acf_changed":false,"inline_featured_image":false,"footnotes":""},"class_list":["post-232746","page","type-page","status-publish","has-post-thumbnail","hentry"],"acf":[],"publishpress_future_action":{"enabled":false,"date":"2026-04-19 18:33:49","action":"change-status","newStatus":"draft","terms":[],"taxonomy":"translation_priority","extraData":[]},"publishpress_future_workflow_manual_trigger":{"enabledWorkflows":[]},"_links":{"self":[{"href":"https:\/\/halyardhealth.eu\/fr\/wp-json\/wp\/v2\/pages\/232746","targetHints":{"allow":["GET"]}}],"collection":[{"href":"https:\/\/halyardhealth.eu\/fr\/wp-json\/wp\/v2\/pages"}],"about":[{"href":"https:\/\/halyardhealth.eu\/fr\/wp-json\/wp\/v2\/types\/page"}],"author":[{"embeddable":true,"href":"https:\/\/halyardhealth.eu\/fr\/wp-json\/wp\/v2\/users\/2"}],"replies":[{"embeddable":true,"href":"https:\/\/halyardhealth.eu\/fr\/wp-json\/wp\/v2\/comments?post=232746"}],"version-history":[{"count":0,"href":"https:\/\/halyardhealth.eu\/fr\/wp-json\/wp\/v2\/pages\/232746\/revisions"}],"up":[{"embeddable":true,"href":"https:\/\/halyardhealth.eu\/fr\/wp-json\/wp\/v2\/pages\/232456"}],"wp:featuredmedia":[{"embeddable":true,"href":"https:\/\/halyardhealth.eu\/fr\/wp-json\/wp\/v2\/media\/232749"}],"wp:attachment":[{"href":"https:\/\/halyardhealth.eu\/fr\/wp-json\/wp\/v2\/media?parent=232746"}],"curies":[{"name":"wp","href":"https:\/\/api.w.org\/{rel}","templated":true}]}}