{"id":232983,"date":"2020-06-24T19:31:10","date_gmt":"2020-06-24T17:31:10","guid":{"rendered":"https:\/\/halyarduk.wpengine.com\/solutions\/"},"modified":"2025-11-18T09:40:51","modified_gmt":"2025-11-18T08:40:51","slug":"solutions","status":"publish","type":"page","link":"https:\/\/halyardhealth.eu\/fr\/solutions\/","title":{"rendered":"Solutions"},"content":{"rendered":"<div class=\"wpb-content-wrapper\"><p>[vc_row row_type=\u00a0\u00bbpage-hero\u00a0\u00bb hero_size=\u00a0\u00bbmedium\u00a0\u00bb full_width=\u00a0\u00bbstretch_row\u00a0\u00bb content_placement=\u00a0\u00bbmiddle\u00a0\u00bb css=\u00a0\u00bb.vc_custom_1608314417360{background-image: url(https:\/\/www.halyardhealth.eu\/wp-content\/uploads\/Hero-Image-Solutions-copy-scaled.jpg?id=5385) !important;background-position: center !important;background-repeat: no-repeat !important;background-size: cover !important;}\u00a0\u00bb][vc_column]<div class='text-center'><h1 class='split-whitegreen    display-1  ' style='max-width: 100%; display:inline-block;' >Solutions aux<br \/>\nd\u00e9fis d\u2019aujourd\u2019hui<\/h1><\/div>[\/vc_column][\/vc_row][vc_row full_width=\u00a0\u00bbstretch_row\u00a0\u00bb css=\u00a0\u00bb.vc_custom_1593550941636{background-position: 0 0 !important;background-repeat: no-repeat !important;}\u00a0\u00bb][vc_column][vc_column_text]    <div class=\"d-flex justify-content-between align-items-center mb-0 mb-md-3\">\n      <h2 class=\"ruled\">Solutions en vedette<\/h2>\n              <a class=\"d-none d-md-block btn btn-primary\" href=\"https:\/\/halyardhealth.eu\/solutions\/\">See All Solutions<\/a>\n          <\/div>\n\n\n<div class=\"solutions-slider\">\n    <div>\n\n    <div class=\"image-card lazyload\" style=\"background-image:inherit\" data-bg-image=\"url(&#039;https:\/\/halyardhealth.eu\/wp-content\/uploads\/Cleanroom.png&#039;)\">\n      <a class=\"full-link\" href=\"https:\/\/halyardhealth.eu\/fr\/salle-blanche\/\" aria-labelledby=\"label-69f3769bca031\" aria-describedby=\"description-69f3769bca031\"><\/a>\n      <div class=\"card-content\">\n        <div class=\"card-type\">\n                  <\/div>\n        <h3 class=\"card-title\" id=\"description-69f3769bca031\">Environnement contr\u00f4l\u00e9<\/h3>\n        <div class=\"card-description\">[vc_row row_type=\u00a0\u00bbpage-hero\u00a0\u00bb row_text_color=\u00a0\u00bbtext-light\u00a0\u00bb full_width=\u00a0\u00bbstretch_row\u00a0\u00bb content_placement=\u00a0\u00bbmiddle\u00a0\u00bb css=\u00a0\u00bb.vc_custom_1640254713959{background-image: url(https:\/\/www.halyardhealth.com\/wp-content\/uploads\/purezero-clearnroom-gloves-hdr.jpg?id=205503) !important;}\u00a0\u00bb][vc_column][vc_column_text] HALYARD* propose une gamme sans acc\u00e9l\u00e9rateur1 [&hellip;]<\/div>\n      <\/div>\n      <div class=\"read-more-link\">\n        <span class=\"link-text-auto-hide\" id=\"label-69f3769bca031\">READ MORE<\/span>&nbsp;<i class=\"fas fa-arrow-right\" aria-hidden=\"true\"><\/i>\n      <\/div>\n\n    <\/div>\n  <\/div>\n    <div>\n\n    <div class=\"image-card lazyload\" style=\"background-image:inherit\" data-bg-image=\"url(&#039;https:\/\/halyardhealth.eu\/wp-content\/uploads\/PPE-Preparedness-hero-image.png&#039;)\">\n      <a class=\"full-link\" href=\"https:\/\/halyardhealth.eu\/fr\/preparation-a-la-pandemie\/\" aria-labelledby=\"label-69f3769bcb837\" aria-describedby=\"description-69f3769bcb837\"><\/a>\n      <div class=\"card-content\">\n        <div class=\"card-type\">\n                  <\/div>\n        <h3 class=\"card-title\" id=\"description-69f3769bcb837\">Pr\u00e9paration \u00e0 une pand\u00e9mie<\/h3>\n        <div class=\"card-description\">La pand\u00e9mie de COVID-19 ne sera pas la derni\u00e8re \u00e9pid\u00e9mie \u00e0 laquelle votre h\u00f4pital devra faire face.Halyard a des produits...<\/div>\n      <\/div>\n      <div class=\"read-more-link\">\n        <span class=\"link-text-auto-hide\" id=\"label-69f3769bcb837\">READ MORE<\/span>&nbsp;<i class=\"fas fa-arrow-right\" aria-hidden=\"true\"><\/i>\n      <\/div>\n\n    <\/div>\n  <\/div>\n    <div>\n\n    <div class=\"image-card lazyload\" style=\"background-image:inherit\" data-bg-image=\"url(&#039;https:\/\/halyardhealth.eu\/wp-content\/uploads\/om2023_esg-report-thumb-1024x622.png&#039;)\">\n      <a class=\"full-link\" href=\"https:\/\/halyardhealth.eu\/fr\/?page_id=231955\" aria-labelledby=\"label-69f3769bcbec5\" aria-describedby=\"description-69f3769bcbec5\"><\/a>\n      <div class=\"card-content\">\n        <div class=\"card-type\">\n                  <\/div>\n        <h3 class=\"card-title\" id=\"description-69f3769bcbec5\">Priv\u00e9\u00a0: Rapport environnemental, social et de gouvernance<\/h3>\n        <div class=\"card-description\">5,9 millions de tonnes de d\u00e9chets sont g\u00e9n\u00e9r\u00e9s par les h\u00f4pitaux chaque ann\u00e9e dans plus de 5 000 h\u00f4pitaux aux...<\/div>\n      <\/div>\n      <div class=\"read-more-link\">\n        <span class=\"link-text-auto-hide\" id=\"label-69f3769bcbec5\">READ MORE<\/span>&nbsp;<i class=\"fas fa-arrow-right\" aria-hidden=\"true\"><\/i>\n      <\/div>\n\n    <\/div>\n  <\/div>\n    <div>\n\n    <div class=\"image-card lazyload\" style=\"background-image:inherit\" data-bg-image=\"url(&#039;https:\/\/halyardhealth.eu\/wp-content\/uploads\/2020\/08\/OR-Delay-1-1024x614.jpg&#039;)\">\n      <a class=\"full-link\" href=\"https:\/\/halyardhealth.eu\/fr\/efficacite-de-la-salle-doperation\/\" aria-labelledby=\"label-69f3769bcc9ab\" aria-describedby=\"description-69f3769bcc9ab\"><\/a>\n      <div class=\"card-content\">\n        <div class=\"card-type\">\n                  <\/div>\n        <h3 class=\"card-title\" id=\"description-69f3769bcc9ab\">Efficacit\u00e9 de la salle d&rsquo;op\u00e9ration<\/h3>\n        <div class=\"card-description\">Dans le mod\u00e8le de remboursement bas\u00e9 sur la valeur d'aujourd'hui, comprendre et att\u00e9nuer les \u00ab&nbsp;fuites de co\u00fbts&nbsp;\u00bb dans votre salle...<\/div>\n      <\/div>\n      <div class=\"read-more-link\">\n        <span class=\"link-text-auto-hide\" id=\"label-69f3769bcc9ab\">READ MORE<\/span>&nbsp;<i class=\"fas fa-arrow-right\" aria-hidden=\"true\"><\/i>\n      <\/div>\n\n    <\/div>\n  <\/div>\n    <div>\n\n    <div class=\"image-card lazyload\" style=\"background-image:inherit\" data-bg-image=\"url(&#039;https:\/\/halyardhealth.eu\/wp-content\/uploads\/chemotherapy-protection-1-1024x640.jpg&#039;)\">\n      <a class=\"full-link\" href=\"https:\/\/halyardhealth.eu\/fr\/?page_id=232925\" aria-labelledby=\"label-69f3769bcd077\" aria-describedby=\"description-69f3769bcd077\"><\/a>\n      <div class=\"card-content\">\n        <div class=\"card-type\">\n                  <\/div>\n        <h3 class=\"card-title\" id=\"description-69f3769bcd077\">Priv\u00e9\u00a0: Protection contre la chimioth\u00e9rapie<\/h3>\n        <div class=\"card-description\">L'exposition \u00e0 des agents chimioth\u00e9rapeutiques dangereux augmente le risque de l\u00e9sions chromosomiques, d'effets ind\u00e9sirables sur la reproduction et de cancers...<\/div>\n      <\/div>\n      <div class=\"read-more-link\">\n        <span class=\"link-text-auto-hide\" id=\"label-69f3769bcd077\">READ MORE<\/span>&nbsp;<i class=\"fas fa-arrow-right\" aria-hidden=\"true\"><\/i>\n      <\/div>\n\n    <\/div>\n  <\/div>\n    <div>\n\n    <div class=\"image-card lazyload\" style=\"background-image:inherit\" data-bg-image=\"url(&#039;https:\/\/halyardhealth.eu\/wp-content\/uploads\/centrile-sterile-processing-1024x864.jpg&#039;)\">\n      <a class=\"full-link\" href=\"https:\/\/halyardhealth.eu\/fr\/solutions\/solutions-cliniques\/traitement-sterile-central\/\" aria-labelledby=\"label-69f3769bcde15\" aria-describedby=\"description-69f3769bcde15\"><\/a>\n      <div class=\"card-content\">\n        <div class=\"card-type\">\n                  <\/div>\n        <h3 class=\"card-title\" id=\"description-69f3769bcde15\">Traitement st\u00e9rile central<\/h3>\n        <div class=\"card-description\">D\u00e9couvrez comment l'approche holistique d'Halyard, de la st\u00e9rilisation centrale \u00e0 la salle d'op\u00e9ration, peut aider \u00e0 r\u00e9duire les co\u00fbts, \u00e0...<\/div>\n      <\/div>\n      <div class=\"read-more-link\">\n        <span class=\"link-text-auto-hide\" id=\"label-69f3769bcde15\">READ MORE<\/span>&nbsp;<i class=\"fas fa-arrow-right\" aria-hidden=\"true\"><\/i>\n      <\/div>\n\n    <\/div>\n  <\/div>\n    <div>\n\n    <div class=\"image-card lazyload\" style=\"background-image:inherit\" data-bg-image=\"url(&#039;https:\/\/halyardhealth.eu\/wp-content\/uploads\/2020\/11\/Bedside-Nurse-Website-Image-1280px-1024x489.jpg&#039;)\">\n      <a class=\"full-link\" href=\"https:\/\/halyardhealth.eu\/fr\/solutions\/solutions-cliniques\/protection-du-personnel\/\" aria-labelledby=\"label-69f3769bce4ab\" aria-describedby=\"description-69f3769bce4ab\"><\/a>\n      <div class=\"card-content\">\n        <div class=\"card-type\">\n                  <\/div>\n        <h3 class=\"card-title\" id=\"description-69f3769bce4ab\">Protection du personnel<\/h3>\n        <div class=\"card-description\">Guides et produits d'\u00e9quipement de protection individuelle pour les travailleurs de premi\u00e8re ligne pour aider \u00e0 r\u00e9duire le risque d'infection....<\/div>\n      <\/div>\n      <div class=\"read-more-link\">\n        <span class=\"link-text-auto-hide\" id=\"label-69f3769bce4ab\">READ MORE<\/span>&nbsp;<i class=\"fas fa-arrow-right\" aria-hidden=\"true\"><\/i>\n      <\/div>\n\n    <\/div>\n  <\/div>\n  <\/div>\n  <a class=\"d-block d-md-none my-3 btn btn-primary\" href=\"https:\/\/halyardhealth.eu\/solutions\/\">See All Solutions<\/a>\n\n[\/vc_column_text][\/vc_column][\/vc_row][vc_row full_width=\u00a0\u00bbstretch_row\u00a0\u00bb css=\u00a0\u00bb.vc_custom_1593546690364{background-color: #f7f7f7 !important;}\u00a0\u00bb][vc_column][vc_column_text]    <div class=\"d-flex justify-content-between align-items-center mb-0 mb-md-3\">\n      <h2 class=\"ruled\">Toutes les solutions<\/h2>\n              <a class=\"d-none d-md-block btn btn-primary\" href=\"https:\/\/halyardhealth.eu\/solutions\/\">See All Solutions<\/a>\n          <\/div>\n\n\n<div class=\"solutions-slider\">\n    <div>\n\n    <div class=\"image-card lazyload\" style=\"background-image:inherit\" data-bg-image=\"url(&#039;https:\/\/halyardhealth.eu\/wp-content\/uploads\/Cleanroom.png&#039;)\">\n      <a class=\"full-link\" href=\"https:\/\/halyardhealth.eu\/fr\/salle-blanche\/\" aria-labelledby=\"label-69f3769bcf5d3\" aria-describedby=\"description-69f3769bcf5d3\"><\/a>\n      <div class=\"card-content\">\n        <div class=\"card-type\">\n                  <\/div>\n        <h3 class=\"card-title\" id=\"description-69f3769bcf5d3\">Environnement contr\u00f4l\u00e9<\/h3>\n        <div class=\"card-description\">[vc_row row_type=\u00a0\u00bbpage-hero\u00a0\u00bb row_text_color=\u00a0\u00bbtext-light\u00a0\u00bb full_width=\u00a0\u00bbstretch_row\u00a0\u00bb content_placement=\u00a0\u00bbmiddle\u00a0\u00bb css=\u00a0\u00bb.vc_custom_1640254713959{background-image: url(https:\/\/www.halyardhealth.com\/wp-content\/uploads\/purezero-clearnroom-gloves-hdr.jpg?id=205503) !important;}\u00a0\u00bb][vc_column][vc_column_text] HALYARD* propose une gamme sans acc\u00e9l\u00e9rateur1 [&hellip;]<\/div>\n      <\/div>\n      <div class=\"read-more-link\">\n        <span class=\"link-text-auto-hide\" id=\"label-69f3769bcf5d3\">READ MORE<\/span>&nbsp;<i class=\"fas fa-arrow-right\" aria-hidden=\"true\"><\/i>\n      <\/div>\n\n    <\/div>\n  <\/div>\n    <div>\n\n    <div class=\"image-card lazyload\" style=\"background-image:inherit\" data-bg-image=\"url(&#039;https:\/\/halyardhealth.eu\/wp-content\/uploads\/PPE-Preparedness-hero-image.png&#039;)\">\n      <a class=\"full-link\" href=\"https:\/\/halyardhealth.eu\/fr\/preparation-a-la-pandemie\/\" aria-labelledby=\"label-69f3769bd0307\" aria-describedby=\"description-69f3769bd0307\"><\/a>\n      <div class=\"card-content\">\n        <div class=\"card-type\">\n                  <\/div>\n        <h3 class=\"card-title\" id=\"description-69f3769bd0307\">Pr\u00e9paration \u00e0 une pand\u00e9mie<\/h3>\n        <div class=\"card-description\">La pand\u00e9mie de COVID-19 ne sera pas la derni\u00e8re \u00e9pid\u00e9mie \u00e0 laquelle votre h\u00f4pital devra faire face.Halyard a des produits...<\/div>\n      <\/div>\n      <div class=\"read-more-link\">\n        <span class=\"link-text-auto-hide\" id=\"label-69f3769bd0307\">READ MORE<\/span>&nbsp;<i class=\"fas fa-arrow-right\" aria-hidden=\"true\"><\/i>\n      <\/div>\n\n    <\/div>\n  <\/div>\n    <div>\n\n    <div class=\"image-card lazyload\" style=\"background-image:inherit\" data-bg-image=\"url(&#039;https:\/\/halyardhealth.eu\/wp-content\/uploads\/om2023_esg-report-thumb-1024x622.png&#039;)\">\n      <a class=\"full-link\" href=\"https:\/\/halyardhealth.eu\/fr\/?page_id=231955\" aria-labelledby=\"label-69f3769bd071f\" aria-describedby=\"description-69f3769bd071f\"><\/a>\n      <div class=\"card-content\">\n        <div class=\"card-type\">\n                  <\/div>\n        <h3 class=\"card-title\" id=\"description-69f3769bd071f\">Priv\u00e9\u00a0: Rapport environnemental, social et de gouvernance<\/h3>\n        <div class=\"card-description\">5,9 millions de tonnes de d\u00e9chets sont g\u00e9n\u00e9r\u00e9s par les h\u00f4pitaux chaque ann\u00e9e dans plus de 5 000 h\u00f4pitaux aux...<\/div>\n      <\/div>\n      <div class=\"read-more-link\">\n        <span class=\"link-text-auto-hide\" id=\"label-69f3769bd071f\">READ MORE<\/span>&nbsp;<i class=\"fas fa-arrow-right\" aria-hidden=\"true\"><\/i>\n      <\/div>\n\n    <\/div>\n  <\/div>\n    <div>\n\n    <div class=\"image-card lazyload\" style=\"background-image:inherit\" data-bg-image=\"url(&#039;https:\/\/halyardhealth.eu\/wp-content\/uploads\/2020\/08\/OR-Delay-1-1024x614.jpg&#039;)\">\n      <a class=\"full-link\" href=\"https:\/\/halyardhealth.eu\/fr\/efficacite-de-la-salle-doperation\/\" aria-labelledby=\"label-69f3769bd0ba7\" aria-describedby=\"description-69f3769bd0ba7\"><\/a>\n      <div class=\"card-content\">\n        <div class=\"card-type\">\n                  <\/div>\n        <h3 class=\"card-title\" id=\"description-69f3769bd0ba7\">Efficacit\u00e9 de la salle d&rsquo;op\u00e9ration<\/h3>\n        <div class=\"card-description\">Dans le mod\u00e8le de remboursement bas\u00e9 sur la valeur d'aujourd'hui, comprendre et att\u00e9nuer les \u00ab&nbsp;fuites de co\u00fbts&nbsp;\u00bb dans votre salle...<\/div>\n      <\/div>\n      <div class=\"read-more-link\">\n        <span class=\"link-text-auto-hide\" id=\"label-69f3769bd0ba7\">READ MORE<\/span>&nbsp;<i class=\"fas fa-arrow-right\" aria-hidden=\"true\"><\/i>\n      <\/div>\n\n    <\/div>\n  <\/div>\n    <div>\n\n    <div class=\"image-card lazyload\" style=\"background-image:inherit\" data-bg-image=\"url(&#039;https:\/\/halyardhealth.eu\/wp-content\/uploads\/chemotherapy-protection-1-1024x640.jpg&#039;)\">\n      <a class=\"full-link\" href=\"https:\/\/halyardhealth.eu\/fr\/?page_id=232925\" aria-labelledby=\"label-69f3769bd0f68\" aria-describedby=\"description-69f3769bd0f68\"><\/a>\n      <div class=\"card-content\">\n        <div class=\"card-type\">\n                  <\/div>\n        <h3 class=\"card-title\" id=\"description-69f3769bd0f68\">Priv\u00e9\u00a0: Protection contre la chimioth\u00e9rapie<\/h3>\n        <div class=\"card-description\">L'exposition \u00e0 des agents chimioth\u00e9rapeutiques dangereux augmente le risque de l\u00e9sions chromosomiques, d'effets ind\u00e9sirables sur la reproduction et de cancers...<\/div>\n      <\/div>\n      <div class=\"read-more-link\">\n        <span class=\"link-text-auto-hide\" id=\"label-69f3769bd0f68\">READ MORE<\/span>&nbsp;<i class=\"fas fa-arrow-right\" aria-hidden=\"true\"><\/i>\n      <\/div>\n\n    <\/div>\n  <\/div>\n    <div>\n\n    <div class=\"image-card lazyload\" style=\"background-image:inherit\" data-bg-image=\"url(&#039;https:\/\/halyardhealth.eu\/wp-content\/uploads\/centrile-sterile-processing-1024x864.jpg&#039;)\">\n      <a class=\"full-link\" href=\"https:\/\/halyardhealth.eu\/fr\/solutions\/solutions-cliniques\/traitement-sterile-central\/\" aria-labelledby=\"label-69f3769bd136e\" aria-describedby=\"description-69f3769bd136e\"><\/a>\n      <div class=\"card-content\">\n        <div class=\"card-type\">\n                  <\/div>\n        <h3 class=\"card-title\" id=\"description-69f3769bd136e\">Traitement st\u00e9rile central<\/h3>\n        <div class=\"card-description\">D\u00e9couvrez comment l'approche holistique d'Halyard, de la st\u00e9rilisation centrale \u00e0 la salle d'op\u00e9ration, peut aider \u00e0 r\u00e9duire les co\u00fbts, \u00e0...<\/div>\n      <\/div>\n      <div class=\"read-more-link\">\n        <span class=\"link-text-auto-hide\" id=\"label-69f3769bd136e\">READ MORE<\/span>&nbsp;<i class=\"fas fa-arrow-right\" aria-hidden=\"true\"><\/i>\n      <\/div>\n\n    <\/div>\n  <\/div>\n    <div>\n\n    <div class=\"image-card lazyload\" style=\"background-image:inherit\" data-bg-image=\"url(&#039;https:\/\/halyardhealth.eu\/wp-content\/uploads\/2020\/11\/Bedside-Nurse-Website-Image-1280px-1024x489.jpg&#039;)\">\n      <a class=\"full-link\" href=\"https:\/\/halyardhealth.eu\/fr\/solutions\/solutions-cliniques\/protection-du-personnel\/\" aria-labelledby=\"label-69f3769bd16f6\" aria-describedby=\"description-69f3769bd16f6\"><\/a>\n      <div class=\"card-content\">\n        <div class=\"card-type\">\n                  <\/div>\n        <h3 class=\"card-title\" id=\"description-69f3769bd16f6\">Protection du personnel<\/h3>\n        <div class=\"card-description\">Guides et produits d'\u00e9quipement de protection individuelle pour les travailleurs de premi\u00e8re ligne pour aider \u00e0 r\u00e9duire le risque d'infection....<\/div>\n      <\/div>\n      <div class=\"read-more-link\">\n        <span class=\"link-text-auto-hide\" id=\"label-69f3769bd16f6\">READ MORE<\/span>&nbsp;<i class=\"fas fa-arrow-right\" aria-hidden=\"true\"><\/i>\n      <\/div>\n\n    <\/div>\n  <\/div>\n  <\/div>\n  <a class=\"d-block d-md-none my-3 btn btn-primary\" href=\"https:\/\/halyardhealth.eu\/solutions\/\">See All Solutions<\/a>\n\n[\/vc_column_text][\/vc_column][\/vc_row][vc_row row_type=\u00a0\u00bbbg-overlay\u00a0\u00bb row_text_color=\u00a0\u00bbtext-light\u00a0\u00bb full_width=\u00a0\u00bbstretch_row\u00a0\u00bb content_placement=\u00a0\u00bbmiddle\u00a0\u00bb css=\u00a0\u00bb.vc_custom_1593688269292{background-image: url(https:\/\/www.halyardhealth.eu\/wp-content\/uploads\/2020\/07\/HYH_83403926_20_HCW.png?id=133) !important;}\u00a0\u00bb][vc_column width=\u00a0\u00bb1\/6&Prime;][\/vc_column][vc_column width=\u00a0\u00bb1\/6&Prime;][\/vc_column][\/vc_row]<\/p>\n<\/div>","protected":false},"excerpt":{"rendered":"<p>[vc_row row_type=\u00a0\u00bbpage-hero\u00a0\u00bb hero_size=\u00a0\u00bbmedium\u00a0\u00bb full_width=\u00a0\u00bbstretch_row\u00a0\u00bb content_placement=\u00a0\u00bbmiddle\u00a0\u00bb css=\u00a0\u00bb.vc_custom_1608314417360{background-image: url(https:\/\/www.halyardhealth.eu\/wp-content\/uploads\/Hero-Image-Solutions-copy-scaled.jpg?id=5385) !important;background-position: center !important;background-repeat: no-repeat !important;background-size: cover !important;}\u00a0\u00bb][vc_column][\/vc_column][\/vc_row][vc_row [&hellip;]<\/p>\n","protected":false},"author":2,"featured_media":0,"parent":0,"menu_order":72,"comment_status":"closed","ping_status":"closed","template":"","meta":{"_acf_changed":false,"inline_featured_image":false,"footnotes":""},"class_list":["post-232983","page","type-page","status-publish","hentry"],"acf":[],"publishpress_future_action":{"enabled":false,"date":"2026-05-07 17:34:51","action":"change-status","newStatus":"draft","terms":[],"taxonomy":"translation_priority","extraData":[]},"publishpress_future_workflow_manual_trigger":{"enabledWorkflows":[]},"_links":{"self":[{"href":"https:\/\/halyardhealth.eu\/fr\/wp-json\/wp\/v2\/pages\/232983","targetHints":{"allow":["GET"]}}],"collection":[{"href":"https:\/\/halyardhealth.eu\/fr\/wp-json\/wp\/v2\/pages"}],"about":[{"href":"https:\/\/halyardhealth.eu\/fr\/wp-json\/wp\/v2\/types\/page"}],"author":[{"embeddable":true,"href":"https:\/\/halyardhealth.eu\/fr\/wp-json\/wp\/v2\/users\/2"}],"replies":[{"embeddable":true,"href":"https:\/\/halyardhealth.eu\/fr\/wp-json\/wp\/v2\/comments?post=232983"}],"version-history":[{"count":0,"href":"https:\/\/halyardhealth.eu\/fr\/wp-json\/wp\/v2\/pages\/232983\/revisions"}],"wp:attachment":[{"href":"https:\/\/halyardhealth.eu\/fr\/wp-json\/wp\/v2\/media?parent=232983"}],"curies":[{"name":"wp","href":"https:\/\/api.w.org\/{rel}","templated":true}]}}