{"id":233185,"date":"2020-11-23T14:13:15","date_gmt":"2020-11-23T13:13:15","guid":{"rendered":"https:\/\/halyarduk.wpengine.com\/solutions\/solutions-de-chaine-dapprovisionnement\/"},"modified":"2025-11-18T09:40:29","modified_gmt":"2025-11-18T08:40:29","slug":"solutions-de-chaine-dapprovisionnement","status":"publish","type":"page","link":"https:\/\/halyardhealth.eu\/fr\/solutions\/solutions-de-chaine-dapprovisionnement\/","title":{"rendered":"Solutions de cha\u00eene d&rsquo;approvisionnement"},"content":{"rendered":"<div class=\"wpb-content-wrapper\"><p>[vc_row row_type=\u00a0\u00bbpage-hero\u00a0\u00bb full_width=\u00a0\u00bbstretch_row\u00a0\u00bb content_placement=\u00a0\u00bbmiddle\u00a0\u00bb css=\u00a0\u00bb.vc_custom_1611325724085{background-image: url(https:\/\/www.halyardhealth.eu\/wp-content\/uploads\/om-halyard-supply-chain.jpg?id=5602) !important;background-position: center !important;background-repeat: no-repeat !important;background-size: cover !important;}\u00a0\u00bb][vc_column width=\u00a0\u00bb2\/3&Prime;]<div class=''><h1 class='text-white    display-1  ' style='max-width: 100%; display:inline-block;' >Optimiser<br \/>\nvotre h\u00f4pital<br \/>\ncha\u00eene d'approvisionnement<\/h1><\/div><div class=''><p class='text-white    lead  ' style='max-width: 100%; display:inline-block;' >La r\u00e9duction des co\u00fbts et l'augmentation de l'efficacit\u00e9 de la cha\u00eene d'approvisionnement de votre h\u00f4pital sont essentielles pour garantir des soins de qualit\u00e9 centr\u00e9s sur le patient. D\u00e9couvrez comment HALYARD* peut vous aider.<\/p><\/div><div class='wpb_content_element text-left btn-container'>\n  <a class='btn btn-primary   '\n    href='https:\/\/www.halyardhealth.fr\/contacter-halyard\/' target='' data-toggle=''>\n    <span>Des questions? Contactez-nous<\/span>\n  <\/a><\/div>\n[\/vc_column][vc_column width=\u00a0\u00bb1\/3&Prime;][\/vc_column][\/vc_row][vc_section][vc_row row_padding_bottom=\u00a0\u00bbpb-3&Prime; full_width=\u00a0\u00bbstretch_row\u00a0\u00bb][vc_column width=\u00a0\u00bb1\/6&Prime;][\/vc_column][vc_column width=\u00a0\u00bb2\/3&Prime;]<div class='text-center'><h2 class='     ruled ' style='max-width: 100%; display:inline-block;' >Garantir les ressources dont vos travailleurs de la sant\u00e9 ont besoin pour faire leur travail<\/h2><\/div>[vc_column_text]<\/p>\n<p style=\"text-align: center;\">L&rsquo;augmentation de l&rsquo;efficacit\u00e9 et la r\u00e9duction des co\u00fbts dans les cha\u00eenes d&rsquo;approvisionnement des h\u00f4pitaux permettent aux travailleurs de la sant\u00e9 de passer plus de temps avec les patients et de fournir des soins de meilleure qualit\u00e9. Les bonnes strat\u00e9gies de cha\u00eene d&rsquo;approvisionnement et les s\u00e9lections de produits deviennent de plus en plus essentielles pour maximiser les ressources, r\u00e9duire les retards et am\u00e9liorer la rentabilit\u00e9.<\/p>\n<p style=\"text-align: center;\"><strong>Obtenez les bons produits au bon moment avec les solutions de cha\u00eene d&rsquo;approvisionnement HALYARD*.<\/strong><\/p>\n<p>[\/vc_column_text][\/vc_column][vc_column width=\u00a0\u00bb1\/6&Prime;][\/vc_column][\/vc_row][vc_row][vc_column width=\u00a0\u00bb1\/3&Prime;]<div class=\"product-card\">\n  <a class=\"full-link\"  href='\/solutions\/health-care-supply-chain\/or-efficiency\/' target='' aria-labelledby=\"label-69f4ced0c9f4c\" aria-describedby=\"description-69f4ced0c9f4c\"><span class=\"sr-only\" id=\"description-69f4ced0c9f4c\">Efficacit\u00e9 de la salle d'op\u00e9ration<\/span><\/a>\n  <div class=\"card-img lazyload\" style=\"background-image:inherit;\" data-bg-image=\"url(https:\/\/halyardhealth.eu\/wp-content\/uploads\/2020\/08\/OR-Delay-1.jpg)\">\n    <span class=\"sr-only\" role=\"img\" aria-label=\"Efficacit\u00e9 de la salle d'op\u00e9ration thumbnail\"> <\/span>\n\n  <\/div>\n  <div class=\"card-content\">\n    <h3 class=\"card-title\">Efficacit\u00e9 de la salle d'op\u00e9ration<\/h3>\n    <div class=\"card-description\">\n      La salle d'op\u00e9ration rec\u00e8le de nombreuses possibilit\u00e9s de mesures d'\u00e9conomie pour les h\u00f4pitaux. D\u00e9couvrez comment Halyard peut vous aider.    <\/div>\n  <\/div>\n  <div class=\"read-more-link text-uppercase\">\n    <span class=\"auto-hide-text\" id=\"label-69f4ced0c9f4c\">Learn More<\/span><i class=\"fas fa-arrow-right\" aria-hidden=\"true\"><\/i>\n  <\/div>\n<\/div>\n[\/vc_column][vc_column width=\u00a0\u00bb1\/3&Prime;]<div class=\"product-card\">\n  <a class=\"full-link\"  href='\/solutions\/health-care-supply-chain\/pandemic-preparedness\/' target='' aria-labelledby=\"label-69f4ced0ca54b\" aria-describedby=\"description-69f4ced0ca54b\"><span class=\"sr-only\" id=\"description-69f4ced0ca54b\">Pr\u00e9paration \u00e0 la pand\u00e9mie<\/span><\/a>\n  <div class=\"card-img lazyload\" style=\"background-image:inherit;\" data-bg-image=\"url(https:\/\/halyardhealth.eu\/wp-content\/uploads\/2020\/11\/106495168-1587230386433gettyimages-1219387859.jpeg)\">\n    <span class=\"sr-only\" role=\"img\" aria-label=\"Pr\u00e9paration \u00e0 la pand\u00e9mie thumbnail\"> <\/span>\n\n  <\/div>\n  <div class=\"card-content\">\n    <h3 class=\"card-title\">Pr\u00e9paration \u00e0 la pand\u00e9mie<\/h3>\n    <div class=\"card-description\">\n      Notre pr\u00e9sence sur le continent am\u00e9ricain nous permet de garantir un approvisionnement fiable en EPI essentiels, m\u00eame en temps de crise.    <\/div>\n  <\/div>\n  <div class=\"read-more-link text-uppercase\">\n    <span class=\"auto-hide-text\" id=\"label-69f4ced0ca54b\">Learn More<\/span><i class=\"fas fa-arrow-right\" aria-hidden=\"true\"><\/i>\n  <\/div>\n<\/div>\n[\/vc_column][vc_column width=\u00a0\u00bb1\/3&Prime;]<div class=\"product-card\">\n  <a class=\"full-link\"  href='\/solutions\/health-care-supply-chain\/sustainability\/' target='' aria-labelledby=\"label-69f4ced0caa72\" aria-describedby=\"description-69f4ced0caa72\"><span class=\"sr-only\" id=\"description-69f4ced0caa72\">Durabilit\u00e9<\/span><\/a>\n  <div class=\"card-img lazyload\" style=\"background-image:inherit;\" data-bg-image=\"url(https:\/\/halyardhealth.eu\/wp-content\/uploads\/Belintra_Shelves_1280.jpg)\">\n    <span class=\"sr-only\" role=\"img\" aria-label=\"Durabilit\u00e9 thumbnail\"> <\/span>\n\n  <\/div>\n  <div class=\"card-content\">\n    <h3 class=\"card-title\">Durabilit\u00e9<\/h3>\n    <div class=\"card-description\">\n      Les \u00e9tablissements m\u00e9dicaux de tous les \u00c9tats-Unis recyclent leurs emballages HALYARD* propres et usag\u00e9s. D\u00e9couvrez comment Halyard peut vous aider \u00e0 atteindre vos objectifs de durabilit\u00e9 avec BLUE RENEW*.    <\/div>\n  <\/div>\n  <div class=\"read-more-link text-uppercase\">\n    <span class=\"auto-hide-text\" id=\"label-69f4ced0caa72\">Learn More<\/span><i class=\"fas fa-arrow-right\" aria-hidden=\"true\"><\/i>\n  <\/div>\n<\/div>\n[\/vc_column][\/vc_row][\/vc_section][vc_row row_type=\u00a0\u00bbsplit-row\u00a0\u00bb full_width=\u00a0\u00bbstretch_row_content\u00a0\u00bb content_placement=\u00a0\u00bbmiddle\u00a0\u00bb][vc_column column_type=\u00a0\u00bbbg-solid\u00a0\u00bb col_bg_color=\u00a0\u00bbbg-navyblue\u00a0\u00bb width=\u00a0\u00bb1\/2&Prime; col_padding_left=\u00a0\u00bbpl-0&Prime; col_padding_right=\u00a0\u00bbpr-0&Prime; css=\u00a0\u00bb.vc_custom_1611326376934{background-image: url(https:\/\/www.halyardhealth.eu\/wp-content\/uploads\/om-halyard-sales-team.jpg?id=5605) !important;}\u00a0\u00bb]<div class='text-center'><p class='text-navyblue  mt-4  h3  ' style='max-width: 100%; display:inline-block;' >Exp\u00e9riment\u00e9, form\u00e9 \u00e0 l'h\u00f4pital et dipl\u00f4m\u00e9<\/p><\/div><div class='text-center'><h2 class='text-navyblue    display-1  ' style='max-width: 100%; display:inline-block;' >15 ans<\/h2><\/div><div class='text-center'><h5 class='text-navyblue      ' style='max-width: 100%; display:inline-block;' >30 % des membres de l'\u00e9quipe de vente de produits globaux d'Owens &amp; Minor travaillent dans l'entreprise depuis plus de 15 ans.<\/h5><\/div><div class='wpb_content_element text-center btn-container'>\n  <a class='btn btn-secondary   '\n    href='https:\/\/www.halyardhealth.eu\/contact-a-sales-rep\/' target='_blank' data-toggle=''>\n    <span>Contact A Sales Rep<\/span>\n  <\/a><\/div>\n[\/vc_column][vc_column width=\u00a0\u00bb1\/2&Prime; el_class=\u00a0\u00bbbg-lightgray\u00a0\u00bb]<div class='text-center'><h2 class='     ruled ' style='max-width: 100%; display:inline-block;' >Produits<\/h2><\/div><div class='text-center'><p class='text-navyblue    lead  ' style='max-width: 100%; display:inline-block;' >Avec plus de 5 000 produits de Halyard, MediChoice et Medical Action, Owens &amp; Minor Global Products dispose des fournitures et services dont vous avez besoin pour assurer la protection de votre personnel et le bon fonctionnement de votre entreprise.<\/p><\/div><div class='wpb_content_element text-center btn-container'>\n  <a class='btn btn-primary   '\n    href='https:\/\/products.halyardhealth.com\/' target='_blank' data-toggle=''>\n    <span>View Product Catalog<\/span>\n  <\/a><\/div>\n[\/vc_column][\/vc_row][vc_row full_width=\u00a0\u00bbstretch_row\u00a0\u00bb][vc_column width=\u00a0\u00bb2\/3&Prime;]<div class=''><h2 class='     ruled ' style='max-width: 100%; display:inline-block;' >Articles et ressources r\u00e9cents<\/h2><\/div><div class=\"links-list post-list\">\n    <div class=\"post-list-item\">\n      <a class=\"full-link\" href=\"\/articles\/supply-chain\/dig-deeper-into-your-gpo-relationship\/\" target=\"\"><\/a>\n      <div class=\"py-2\">\n        <div class=\"post-title h3 mb-0\">Dig Deeper Into Your GPO Relationship: 8 Tips To Maximize Your Contract<\/div>\n      <\/div>\n      <div class=\"read-more-link\">\n        <i class=\"fas fa-arrow-right\" aria-hidden=\"true\"><\/i>\n      <\/div>\n    <\/div>\n\n  \n    <div class=\"post-list-item\">\n      <a class=\"full-link\" href=\"\/articles\/or-efficiency\/how-to-operate-a-more-profitable-or\/\" target=\"\"><\/a>\n      <div class=\"py-2\">\n        <div class=\"post-title h3 mb-0\">How to Operate a More Profitable O.R.<\/div>\n      <\/div>\n      <div class=\"read-more-link\">\n        <i class=\"fas fa-arrow-right\" aria-hidden=\"true\"><\/i>\n      <\/div>\n    <\/div>\n\n  <\/div>[\/vc_column][vc_column width=\u00a0\u00bb1\/3&Prime;]<div class=\"image-link-card\">\n  <a class=\"full-link\" href=\"https:\/\/www.cdc.gov\/cpr\/readiness\/healthcare\/SupplyChainDisasterPreparednessManual.htm\" target=\"_blank\"><\/a>\n  <div class=\"card-image lazyload\" style=\"background-image:inherit\" data-bg-image=\"url(https:\/\/halyardhealth.eu\/wp-content\/uploads\/2020\/11\/SupplyChain-200x180.jpg)\"><\/div>\n  <div class=\"d-flex align-items-center justify-content-between pt-1\">\n  <div class=\"h6 card-title my-0\">Supply Chain Disaster Preparedness Manual<\/div>\n  <div class=\"read-more-link text-brightblue\">\n    <i class=\"fas fa-arrow-right\" aria-hidden=\"true\"><\/i>\n  <\/div>\n  <\/div>\n<\/div>\n[\/vc_column][\/vc_row][vc_row row_type=\u00a0\u00bbbg-solid\u00a0\u00bb row_bg_color=\u00a0\u00bbbg-marks\u00a0\u00bb full_width=\u00a0\u00bbstretch_row\u00a0\u00bb el_class=\u00a0\u00bbbg-navyblue\u00a0\u00bb][vc_column]<div class='text-center'><h2 class='     ruled ' style='max-width: 100%; display:inline-block;' >Produits en vedette<\/h2><\/div>[vc_row_inner equal_height=\u00a0\u00bbyes\u00a0\u00bb][vc_column_inner width=\u00a0\u00bb1\/4&Prime;]<div class=\"product-card\">\n  <a class=\"full-link\"  href='https:\/\/products.halyardhealth.com\/surgical-solutions\/sterilization-solutions\/sterilization-wraps\/halyard-smart-fold-sterilization-wrap.html' target='_blank' aria-labelledby=\"label-69f4ced0cb668\" aria-describedby=\"description-69f4ced0cb668\"><span class=\"sr-only\" id=\"description-69f4ced0cb668\">Enveloppe de st\u00e9rilisation SMART-FOLD*.<\/span><\/a>\n  <div class=\"card-img lazyload\" style=\"background-image:inherit;\" data-bg-image=\"url(https:\/\/halyardhealth.eu\/wp-content\/uploads\/2020\/11\/14271_kimguard_smart-fold_4-2.jpg)\">\n    <span class=\"sr-only\" role=\"img\" aria-label=\"Enveloppe de st\u00e9rilisation SMART-FOLD*. thumbnail\"> <\/span>\n\n  <\/div>\n  <div class=\"card-content\">\n    <h3 class=\"card-title\">Enveloppe de st\u00e9rilisation SMART-FOLD*.<\/h3>\n    <div class=\"card-description\">\n      Dot\u00e9 de la technologie POWERGUARD*, pour le plus haut niveau d'efficacit\u00e9 de filtration bact\u00e9rienne-99,9%.    <\/div>\n  <\/div>\n  <div class=\"read-more-link text-uppercase\">\n    <span class=\"auto-hide-text\" id=\"label-69f4ced0cb668\">View Product<\/span><i class=\"fas fa-arrow-right\" aria-hidden=\"true\"><\/i>\n  <\/div>\n<\/div>\n[\/vc_column_inner][vc_column_inner width=\u00a0\u00bb1\/4&Prime;]<div class=\"product-card\">\n  <a class=\"full-link\"  href='https:\/\/products.halyardhealth.com\/infection-prevention\/facial-respiratory-protection\/masks-respirators\/fluidshield-n95-particulate-filter-respirator-and-surgical-mask.html' target='_blank' aria-labelledby=\"label-69f4ced0cbac9\" aria-describedby=\"description-69f4ced0cbac9\"><span class=\"sr-only\" id=\"description-69f4ced0cbac9\">Masque respiratoire chirurgical FLUIDSHIELD* N95<\/span><\/a>\n  <div class=\"card-img lazyload\" style=\"background-image:inherit;\" data-bg-image=\"url(https:\/\/halyardhealth.eu\/wp-content\/uploads\/2020\/11\/fluidshield__n95_particulate_filter_respirator_and_surgical_mask.jpg)\">\n    <span class=\"sr-only\" role=\"img\" aria-label=\"Masque respiratoire chirurgical FLUIDSHIELD* N95 thumbnail\"> <\/span>\n\n  <\/div>\n  <div class=\"card-content\">\n    <h3 class=\"card-title\">Masque respiratoire chirurgical FLUIDSHIELD* N95<\/h3>\n    <div class=\"card-description\">\n      La plus haute r\u00e9sistance aux \u00e9claboussures disponible, efficacit\u00e9 de filtration bact\u00e9rienne de ? 99%.    <\/div>\n  <\/div>\n  <div class=\"read-more-link text-uppercase\">\n    <span class=\"auto-hide-text\" id=\"label-69f4ced0cbac9\">View Product<\/span><i class=\"fas fa-arrow-right\" aria-hidden=\"true\"><\/i>\n  <\/div>\n<\/div>\n[\/vc_column_inner][vc_column_inner width=\u00a0\u00bb1\/4&Prime;]<div class=\"product-card\">\n  <a class=\"full-link\"  href='https:\/\/products.halyardhealth.com\/infection-prevention\/protective-apparel\/protective-gowns\/halyard-basics-tri-layer-aami2-over-the-head-isolation-gown.html?sku=43008' target='_blank' aria-labelledby=\"label-69f4ced0cbe77\" aria-describedby=\"description-69f4ced0cbe77\"><span class=\"sr-only\" id=\"description-69f4ced0cbe77\">HALYARD* BASICS* Blouse d'isolation au-dessus de la t\u00eate \u00e0 trois couches AAMI2<\/span><\/a>\n  <div class=\"card-img lazyload\" style=\"background-image:inherit;\" data-bg-image=\"url(https:\/\/halyardhealth.eu\/wp-content\/uploads\/2020\/11\/halyard__basics__tri-layer_aami2_over-the-head_isolation_gown_1_2.jpg)\">\n    <span class=\"sr-only\" role=\"img\" aria-label=\"HALYARD* BASICS* Blouse d'isolation au-dessus de la t\u00eate \u00e0 trois couches AAMI2 thumbnail\"> <\/span>\n\n  <\/div>\n  <div class=\"card-content\">\n    <h3 class=\"card-title\">HALYARD* BASICS* Blouse d'isolation au-dessus de la t\u00eate \u00e0 trois couches AAMI2<\/h3>\n    <div class=\"card-description\">\n      Offre aux cliniciens la protection et le confort dont ils ont besoin pour prodiguer les meilleurs soins possibles aux patients.    <\/div>\n  <\/div>\n  <div class=\"read-more-link text-uppercase\">\n    <span class=\"auto-hide-text\" id=\"label-69f4ced0cbe77\">View Product<\/span><i class=\"fas fa-arrow-right\" aria-hidden=\"true\"><\/i>\n  <\/div>\n<\/div>\n[\/vc_column_inner][vc_column_inner width=\u00a0\u00bb1\/4&Prime;]<div class=\"product-card\">\n  <a class=\"full-link\"  href='https:\/\/products.halyardhealth.com\/infection-prevention\/medical-exam-gloves\/nitrile\/purple-nitrile-xtra-exam-glove.html' target='_blank' aria-labelledby=\"label-69f4ced0cc543\" aria-describedby=\"description-69f4ced0cc543\"><span class=\"sr-only\" id=\"description-69f4ced0cc543\">Gant d'examen NITRILE-XTRA* VIOLET<\/span><\/a>\n  <div class=\"card-img lazyload\" style=\"background-image:inherit;\" data-bg-image=\"url(https:\/\/halyardhealth.eu\/wp-content\/uploads\/Untitled-design-1.png)\">\n    <span class=\"sr-only\" role=\"img\" aria-label=\"Gant d'examen NITRILE-XTRA* VIOLET thumbnail\"> <\/span>\n\n  <\/div>\n  <div class=\"card-content\">\n    <h3 class=\"card-title\">Gant d'examen NITRILE-XTRA* VIOLET<\/h3>\n    <div class=\"card-description\">\n      C'est souvent le gant de choix pour les travailleurs de la sant\u00e9 qui ont besoin d'une protection exceptionnelle.    <\/div>\n  <\/div>\n  <div class=\"read-more-link text-uppercase\">\n    <span class=\"auto-hide-text\" id=\"label-69f4ced0cc543\">View Product<\/span><i class=\"fas fa-arrow-right\" aria-hidden=\"true\"><\/i>\n  <\/div>\n<\/div>\n[\/vc_column_inner][\/vc_row_inner][\/vc_column][\/vc_row][vc_row full_width=\u00a0\u00bbstretch_row\u00a0\u00bb][vc_column]<div class='text-center mx-auto'><h2 class='     ruled ' style='max-width: 100%; display:inline-block;' >Vous avez des questions ?<\/h2><\/div>[vc_column_text]<\/p>\n<p style=\"text-align: center;\">Un de nos repr\u00e9sentants se fera un plaisir de vous aider \u00e0 commencer \u00e0 r\u00e9soudre vos besoins en mati\u00e8re de cha\u00eene d&rsquo;approvisionnement d\u00e8s aujourd&rsquo;hui.<\/p>\n<p>[\/vc_column_text]<div class='wpb_content_element text-center btn-container'>\n  <a class='btn btn-primary   '\n    href='https:\/\/www.halyardhealth.fr\/contacter-halyard\/' target='' data-toggle=''>\n    <span>Prendre contact<\/span>\n  <\/a><\/div>\n[\/vc_column][\/vc_row][vc_row disable_element=\u00a0\u00bbyes\u00a0\u00bb css=\u00a0\u00bb.vc_custom_1606146961207{background-color: #ebebef !important;}\u00a0\u00bb][vc_column]<div class=''><h2 class='     ruled ' style='max-width: 100%; display:inline-block;' >Sources<\/h2><\/div>[\/vc_column][\/vc_row]<\/p>\n<\/div>","protected":false},"excerpt":{"rendered":"<p>Extrait du Lorem IIpusm<\/p>\n","protected":false},"author":2,"featured_media":0,"parent":232983,"menu_order":0,"comment_status":"closed","ping_status":"closed","template":"","meta":{"_acf_changed":false,"inline_featured_image":false,"footnotes":""},"class_list":["post-233185","page","type-page","status-publish","hentry"],"acf":[],"publishpress_future_action":{"enabled":false,"date":"2026-05-08 18:03:28","action":"change-status","newStatus":"draft","terms":[],"taxonomy":"translation_priority","extraData":[]},"publishpress_future_workflow_manual_trigger":{"enabledWorkflows":[]},"_links":{"self":[{"href":"https:\/\/halyardhealth.eu\/fr\/wp-json\/wp\/v2\/pages\/233185","targetHints":{"allow":["GET"]}}],"collection":[{"href":"https:\/\/halyardhealth.eu\/fr\/wp-json\/wp\/v2\/pages"}],"about":[{"href":"https:\/\/halyardhealth.eu\/fr\/wp-json\/wp\/v2\/types\/page"}],"author":[{"embeddable":true,"href":"https:\/\/halyardhealth.eu\/fr\/wp-json\/wp\/v2\/users\/2"}],"replies":[{"embeddable":true,"href":"https:\/\/halyardhealth.eu\/fr\/wp-json\/wp\/v2\/comments?post=233185"}],"version-history":[{"count":0,"href":"https:\/\/halyardhealth.eu\/fr\/wp-json\/wp\/v2\/pages\/233185\/revisions"}],"up":[{"embeddable":true,"href":"https:\/\/halyardhealth.eu\/fr\/wp-json\/wp\/v2\/pages\/232983"}],"wp:attachment":[{"href":"https:\/\/halyardhealth.eu\/fr\/wp-json\/wp\/v2\/media?parent=233185"}],"curies":[{"name":"wp","href":"https:\/\/api.w.org\/{rel}","templated":true}]}}