{"id":233205,"date":"2020-07-02T15:03:04","date_gmt":"2020-07-02T13:03:04","guid":{"rendered":"https:\/\/halyarduk.wpengine.com\/valeur-totale-de-la-drisse\/fiabilite\/"},"modified":"2025-11-18T09:40:46","modified_gmt":"2025-11-18T08:40:46","slug":"fiabilite","status":"publish","type":"page","link":"https:\/\/halyardhealth.eu\/fr\/valeur-totale-de-la-drisse\/fiabilite\/","title":{"rendered":"Fiabilit\u00e9"},"content":{"rendered":"<div class=\"wpb-content-wrapper\"><p>[vc_row row_type=\u00a0\u00bbbg-overlay\u00a0\u00bb row_text_color=\u00a0\u00bbtext-light\u00a0\u00bb full_width=\u00a0\u00bbstretch_row\u00a0\u00bb content_placement=\u00a0\u00bbmiddle\u00a0\u00bb css=\u00a0\u00bb.vc_custom_1610128041187{background-image: url(https:\/\/www.halyardhealth.eu\/wp-content\/uploads\/om-halyard-reliability.jpg?id=5507) !important;}\u00a0\u00bb][vc_column]<div class=''><h3 class='text-white  mt-4  h3  ' style='max-width: 100%; display:inline-block;' >Notre valeur totale<\/h3><\/div><div class=''><h1 class='text-white    display-1  ' style='max-width: 100%; display:inline-block;' >FIABILIT\u00c9<\/h1><\/div>[vc_column_text]<\/p>\n<h5>Les perturbations de la cha\u00eene d&rsquo;approvisionnement et les d\u00e9faillances des produits peuvent pr\u00e9senter de r\u00e9elles menaces pour la sant\u00e9 de votre organisation. Lorsque votre cha\u00eene d&rsquo;approvisionnement n&rsquo;est pas fiable ou que les performances de vos produits sont m\u00e9diocres, il y a des co\u00fbts mesurables, \u00e0 la fois humains et financiers.<\/h5>\n<p>[\/vc_column_text]<div class='wpb_content_element text-left btn-container'>\n  <a class='btn btn-primary   '\n    href='https:\/\/halyardhealth.eu\/fr\/contacter-halyard\/' target='' data-toggle=''>\n    <span>Questions? Contact a Rep<\/span>\n  <\/a><\/div>\n[\/vc_column][\/vc_row][vc_section][vc_row row_text_color=\u00a0\u00bbtext-dark\u00a0\u00bb full_width=\u00a0\u00bbstretch_row\u00a0\u00bb content_placement=\u00a0\u00bbmiddle\u00a0\u00bb][vc_column width=\u00a0\u00bb1\/2&Prime;]<div class=''><h2 class='text-navyblue    h2  ' style='max-width: 100%; display:inline-block;' >Notre cha\u00eene d\u2019approvisionnement int\u00e9gr\u00e9e<br \/>\nverticalement am\u00e9liore notre<br \/>\nprocessus.<\/h2><\/div>[\/vc_column][vc_column width=\u00a0\u00bb1\/2&Prime;][vc_column_text el_class=\u00a0\u00bbbullets-green\u00a0\u00bb]<\/p>\n<ul>\n<li>Concevoir des produits et leurs sp\u00e9cifications pour garantir leur ad\u00e9quation \u00e0 l&rsquo;utilisation<\/li>\n<li>S\u00e9lectionner les meilleures mati\u00e8res premi\u00e8res<\/li>\n<li>Fabriquer soi-m\u00eame la plupart de nos produits<\/li>\n<li>Appliquer des normes de qualit\u00e9 \u00e9lev\u00e9es<\/li>\n<li>Avoir des centres de distribution strat\u00e9giquement situ\u00e9s dans la r\u00e9gion EMEA pour un d\u00e9ploiement rapide<\/li>\n<\/ul>\n<p>[\/vc_column_text][\/vc_column][\/vc_row][vc_row row_padding_bottom=\u00a0\u00bbpb-0&Prime; full_width=\u00a0\u00bbstretch_row\u00a0\u00bb][vc_column][vc_single_image image=\u00a0\u00bb233231&Prime; img_size=\u00a0\u00bbfull\u00a0\u00bb alignment=\u00a0\u00bbcenter\u00a0\u00bb][\/vc_column][\/vc_row][\/vc_section][vc_row row_type=\u00a0\u00bbsplit-row\u00a0\u00bb row_padding_top=\u00a0\u00bbpt-0&Prime; full_width=\u00a0\u00bbstretch_row\u00a0\u00bb content_placement=\u00a0\u00bbmiddle\u00a0\u00bb css=\u00a0\u00bb.vc_custom_1646949487927{background-color: #f7f7f7 !important;}\u00a0\u00bb][vc_column width=\u00a0\u00bb1\/2&Prime;]<div class=''><h2 class='text-navyblue    h2  ' style='max-width: 100%; display:inline-block;' >Nous pouvons vous aider \u00e0 vous pr\u00e9parer \u00e0 l&#039;inattendu<\/h2><\/div><div class=''><p class='text-navyblue    lead  ' style='max-width: 100%; display:inline-block;' >La fiabilit\u00e9 signifie \u00eatre pr\u00eat \u00e0 mieux r\u00e9agir aux<br \/>\nchoses que nous ne pouvons pas contr\u00f4ler.<\/p><\/div>[\/vc_column][vc_column width=\u00a0\u00bb1\/2&Prime;][vc_single_image image=\u00a0\u00bb233223&Prime; img_size=\u00a0\u00bbfull\u00a0\u00bb el_class=\u00a0\u00bbpt-3 pb-4&Prime;][\/vc_column][\/vc_row][vc_row full_width=\u00a0\u00bbstretch_row\u00a0\u00bb disable_element=\u00a0\u00bbyes\u00a0\u00bb el_class=\u00a0\u00bbpb-0&Prime;][vc_column]<div class='text-center'><h2 class='text-navyblue    h2  ' style='max-width: 100%; display:inline-block;' >Nous nous imposons des normes plus strictes.<\/h2><\/div><div class='text-center'><h5 class='text-navyblue    h5  ' style='max-width: 100%; display:inline-block;' >La fiabilit\u00e9 signifie faire plus que &quot;bien&quot;.<\/h5><\/div>[\/vc_column][\/vc_row][vc_row full_width=\u00a0\u00bbstretch_row\u00a0\u00bb el_class=\u00a0\u00bbpb-0&Prime;][vc_column el_class=\u00a0\u00bbpb-0&Prime;]<div class=''><h2 class='text-navyblue    h2  ' style='max-width: 100%; display:inline-block;' >La fiabilit\u00e9 commence par une fabrication soign\u00e9e.<\/h2><\/div>[\/vc_column][\/vc_row][vc_row full_width=\u00a0\u00bbstretch_row\u00a0\u00bb el_class=\u00a0\u00bbpt-0&Prime;][vc_column width=\u00a0\u00bb1\/3&Prime;]<div class=''><h2 class='text-brightgreen    h4  ' style='max-width: 100%; display:inline-block;' >Des installations fiables<\/h2><\/div>[vc_column_text el_class=\u00a0\u00bbbullets-green\u00a0\u00bb]<\/p>\n<ul>\n<li>Processus standardis\u00e9s et propri\u00e9taires<\/li>\n<li>Fiabilit\u00e9 sur tous les sites<\/li>\n<\/ul>\n<p>[\/vc_column_text][\/vc_column][vc_column width=\u00a0\u00bb1\/3&Prime;]<div class=''><h2 class='text-brightgreen    h4  ' style='max-width: 100%; display:inline-block;' >Produits cliniquement sup\u00e9rieurs<\/h2><\/div>[vc_column_text el_class=\u00a0\u00bbbullets-green\u00a0\u00bb]<\/p>\n<ul>\n<li>Produits brevet\u00e9s et exclusifs<\/li>\n<li>Contr\u00f4le de la s\u00e9lection des mati\u00e8res premi\u00e8res<\/li>\n<li>De nombreux points de contr\u00f4le qualit\u00e9<\/li>\n<li>Fiabilit\u00e9 dans chaque cat\u00e9gorie de produits<\/li>\n<\/ul>\n<p>[\/vc_column_text][\/vc_column][vc_column width=\u00a0\u00bb1\/3&Prime;]<div class=''><h2 class='text-brightgreen    h4  ' style='max-width: 100%; display:inline-block;' >Une main-d&#039;\u0153uvre engag\u00e9e<\/h2><\/div>[vc_column_text el_class=\u00a0\u00bbbullets-green\u00a0\u00bb]<\/p>\n<ul>\n<li>Main-d&rsquo;\u0153uvre interne<\/li>\n<li>Initiatives de la main-d&rsquo;\u0153uvre ax\u00e9es sur la s\u00e9curit\u00e9, la durabilit\u00e9 et l&rsquo;engagement communautaire<\/li>\n<li>Fiabilit\u00e9 gr\u00e2ce \u00e0 une main-d&rsquo;\u0153uvre stable<\/li>\n<\/ul>\n<p>[\/vc_column_text][\/vc_column][\/vc_row][vc_row full_width=\u00a0\u00bbstretch_row\u00a0\u00bb el_class=\u00a0\u00bbpb-0&Prime;][vc_column]<div class='text-center'><h2 class='text-navyblue    h2  ' style='max-width: 100%; display:inline-block;' >La fiabilit\u00e9 d\u2019O&amp;M Global Products vous offre une tranquillit\u00e9<br \/>\nd\u2019esprit totale sans vous co\u00fbter plus cher.<\/h2><\/div>[\/vc_column][\/vc_row]<\/p>\n<\/div>","protected":false},"excerpt":{"rendered":"<p>[vc_row row_type=\u00a0\u00bbbg-overlay\u00a0\u00bb row_text_color=\u00a0\u00bbtext-light\u00a0\u00bb full_width=\u00a0\u00bbstretch_row\u00a0\u00bb content_placement=\u00a0\u00bbmiddle\u00a0\u00bb css=\u00a0\u00bb.vc_custom_1610128041187{background-image: url(https:\/\/www.halyardhealth.eu\/wp-content\/uploads\/om-halyard-reliability.jpg?id=5507) !important;}\u00a0\u00bb][vc_column][vc_column_text] Les perturbations de la cha\u00eene d&rsquo;approvisionnement [&hellip;]<\/p>\n","protected":false},"author":2,"featured_media":233241,"parent":232456,"menu_order":68,"comment_status":"closed","ping_status":"closed","template":"","meta":{"_acf_changed":false,"inline_featured_image":false,"footnotes":""},"class_list":["post-233205","page","type-page","status-publish","has-post-thumbnail","hentry"],"acf":[],"publishpress_future_action":{"enabled":false,"date":"2026-04-21 15:21:17","action":"change-status","newStatus":"draft","terms":[],"taxonomy":"translation_priority","extraData":[]},"publishpress_future_workflow_manual_trigger":{"enabledWorkflows":[]},"_links":{"self":[{"href":"https:\/\/halyardhealth.eu\/fr\/wp-json\/wp\/v2\/pages\/233205","targetHints":{"allow":["GET"]}}],"collection":[{"href":"https:\/\/halyardhealth.eu\/fr\/wp-json\/wp\/v2\/pages"}],"about":[{"href":"https:\/\/halyardhealth.eu\/fr\/wp-json\/wp\/v2\/types\/page"}],"author":[{"embeddable":true,"href":"https:\/\/halyardhealth.eu\/fr\/wp-json\/wp\/v2\/users\/2"}],"replies":[{"embeddable":true,"href":"https:\/\/halyardhealth.eu\/fr\/wp-json\/wp\/v2\/comments?post=233205"}],"version-history":[{"count":0,"href":"https:\/\/halyardhealth.eu\/fr\/wp-json\/wp\/v2\/pages\/233205\/revisions"}],"up":[{"embeddable":true,"href":"https:\/\/halyardhealth.eu\/fr\/wp-json\/wp\/v2\/pages\/232456"}],"wp:featuredmedia":[{"embeddable":true,"href":"https:\/\/halyardhealth.eu\/fr\/wp-json\/wp\/v2\/media\/233241"}],"wp:attachment":[{"href":"https:\/\/halyardhealth.eu\/fr\/wp-json\/wp\/v2\/media?parent=233205"}],"curies":[{"name":"wp","href":"https:\/\/api.w.org\/{rel}","templated":true}]}}