{"id":239282,"date":"2024-04-23T14:51:13","date_gmt":"2024-04-23T12:51:13","guid":{"rendered":"https:\/\/halyardhealth.eu\/arcroyal\/"},"modified":"2026-04-21T12:43:22","modified_gmt":"2026-04-21T10:43:22","slug":"arcroyal","status":"publish","type":"page","link":"https:\/\/halyardhealth.eu\/fr\/arcroyal\/","title":{"rendered":"ArcRoyal"},"content":{"rendered":"<div class=\"wpb-content-wrapper\"><p>[vc_row row_type=\u00a0\u00bbpage-hero\u00a0\u00bb full_width=\u00a0\u00bbstretch_row\u00a0\u00bb css=\u00a0\u00bb.vc_custom_1713873931654{background-image: url(https:\/\/halyardhealth.eu\/wp-content\/uploads\/CPT_logo.png?id=239265) !important;}\u00a0\u00bb][vc_column]<div class='text-center'><h1 class='    display-1  ' style='max-width: 100%; display:inline-block;' >ArcRoyal<\/h1><\/div><div class='text-center'><h1 class='    display-1  ' style='max-width: 100%; display:inline-block;' >Offrir l\u2019excellence dans les solutions personnalis\u00e9es<\/h1><\/div>[\/vc_column][\/vc_row][vc_row][vc_column]<div class=''><h1 class='      ' style='max-width: 100%; display:inline-block;' >ArcRoyal&amp;nbsp;: qui nous sommes<\/h1><\/div>[vc_column_text css=\u00a0\u00bb\u00a0\u00bb]ArcRoyal, une soci\u00e9t\u00e9 Owens &amp; Minor, est un leader du march\u00e9 dans la fourniture de plateaux d&rsquo;intervention personnalis\u00e9s et d&rsquo;une gamme diversifi\u00e9e de produits chirurgicaux essentiels. Situ\u00e9 au sein d&rsquo;un cluster qui abrite huit des dix plus grandes soci\u00e9t\u00e9s de dispositifs m\u00e9dicaux au monde, l&#8217;emplacement strat\u00e9gique de nos installations de 14 000 m\u00b2 dans les Midlands irlandais nous permet d&rsquo;exp\u00e9dier des produits dans plus de 30 pays.<\/p>\n<p>Les produits et services d&rsquo;ArcRoyal atteignent chaque jour des centaines d&rsquo;h\u00f4pitaux \u00e0 travers l&rsquo;Europe, via nos entreprises partenaires, nos distributeurs et nos agents. Nos plateaux de proc\u00e9dure personnalis\u00e9s sont fabriqu\u00e9s dans une salle blanche ISO Classe 8 et certifi\u00e9s selon la norme de qualit\u00e9 ISO&nbsp;:13485.[\/vc_column_text][\/vc_column][\/vc_row][vc_row disable_element=\u00a0\u00bbyes\u00a0\u00bb][vc_column width=\u00a0\u00bb1\/6&Prime;][\/vc_column][vc_column width=\u00a0\u00bb2\/3&Prime;]<div class=''><h1 class='      ' style='max-width: 100%; display:inline-block;' >Produits ArcRoyal<\/h1><\/div><div class=\"product-card\">\n  <a class=\"full-link\"  href='https:\/\/halyardhealth.eu\/fr\/documents\/catalogue-de-produits-arcroyal\/' target='_blank' aria-labelledby=\"label-69f2fc79d590f\" aria-describedby=\"description-69f2fc79d590f\"><span class=\"sr-only\" id=\"description-69f2fc79d590f\">Catalogue des produits<\/span><\/a>\n  <div class=\"card-img lazyload\" style=\"background-image:inherit;\" data-bg-image=\"url(https:\/\/halyardhealth.eu\/wp-content\/uploads\/Product-Catalogue-preview.jpg)\">\n    <span class=\"sr-only\" role=\"img\" aria-label=\"Catalogue des produits thumbnail\"> <\/span>\n\n  <\/div>\n  <div class=\"card-content\">\n    <h3 class=\"card-title\">Catalogue des produits<\/h3>\n    <div class=\"card-description\">\n      Produits de solutions chirurgicales    <\/div>\n  <\/div>\n  <div class=\"read-more-link text-uppercase\">\n    <span class=\"auto-hide-text\" id=\"label-69f2fc79d590f\">Catalogue des produits<\/span><i class=\"fas fa-arrow-right\" aria-hidden=\"true\"><\/i>\n  <\/div>\n<\/div>\n[\/vc_column][vc_column width=\u00a0\u00bb1\/6&Prime;][\/vc_column][\/vc_row][vc_row][vc_column]<div class=''><h1 class='      ' style='max-width: 100%; display:inline-block;' >Qualit\u00e9<\/h1><\/div>[vc_column_text css=\u00a0\u00bb\u00a0\u00bb]Chez ArcRoyal, nous nous engageons \u00e0 fournir \u00e0 nos clients des produits et services de qualit\u00e9 en temps opportun et de mani\u00e8re rentable. Pour y parvenir, nous nous effor\u00e7ons constamment de mesurer, d&rsquo;analyser et d&rsquo;am\u00e9liorer la qualit\u00e9 dans tous les aspects de notre activit\u00e9, gr\u00e2ce \u00e0 la mise en \u0153uvre, au fonctionnement, \u00e0 l&rsquo;\u00e9valuation et \u00e0 l&rsquo;am\u00e9lioration continue efficaces d&rsquo;un syst\u00e8me complet de gestion de la qualit\u00e9 d\u00e9velopp\u00e9 pour se conformer aux exigences de la norme ISO\/EN 13485&nbsp;: Normes 2016.<\/p>\n<p>ArcRoyal s\u2019engage \u00e0 maintenir une norme de qualit\u00e9 et de s\u00e9curit\u00e9 dans toute son entreprise, conforme \u00e0 la directive sur les dispositifs m\u00e9dicaux 93\/42\/CEE et au r\u00e8glement sur les dispositifs m\u00e9dicaux 2017\/745.<\/p>\n<p>Tous les employ\u00e9s d&rsquo;ArcRoyal sont li\u00e9s par un engagement s\u00e9rieux envers les objectifs de qualit\u00e9 \u00e9nonc\u00e9s qui sont d\u00e9velopp\u00e9s conform\u00e9ment \u00e0 cette politique de qualit\u00e9 et aux exigences d\u00e9crites dans le Manuel Qualit\u00e9, qui doivent \u00eatre respect\u00e9es \u00e0 tout moment. Nos certificats de qualit\u00e9 peuvent \u00eatre t\u00e9l\u00e9charg\u00e9s ci-dessous.[\/vc_column_text][\/vc_column][\/vc_row][vc_row][vc_column width=\u00a0\u00bb1\/2&Prime;]<div class='wpb_content_element text-left btn-container'>\n  <a class='btn btn-primary   '\n    href='https:\/\/halyardhealth.eu\/fr\/documents\/certificat-ce-mdd\/' target='_blank' data-toggle=''>\n    <span>Certificat CE MDD<\/span>\n  <\/a><\/div>\n<div class='wpb_content_element text-left btn-container'>\n  <a class='btn btn-primary   '\n    href='https:\/\/halyardhealth.eu\/fr\/documents\/oin-13485\/' target='_blank' data-toggle=''>\n    <span>OIN 13485<\/span>\n  <\/a><\/div>\n<div class='wpb_content_element text-left btn-container'>\n  <a class='btn btn-primary   '\n    href='https:\/\/halyardhealth.eu\/fr\/documents\/conditions-generales-dachat\/' target='_blank' data-toggle=''>\n    <span>Conditions g\u00e9n\u00e9rales d'achat<\/span>\n  <\/a><\/div>\n<div class='wpb_content_element text-left btn-container'>\n  <a class='btn btn-primary   '\n    href='https:\/\/halyardhealth.eu\/documents\/arcroyal-ifu-guidewire-introducer-needle\/' target='_blank' data-toggle=''>\n    <span>Aiguille introductrice de fil guide IFU ArcRoyal<\/span>\n  <\/a><\/div>\n[\/vc_column][vc_column width=\u00a0\u00bb1\/2&Prime;]<div class='wpb_content_element text-left btn-container'>\n  <a class='btn btn-primary   '\n    href='https:\/\/halyardhealth.eu\/fr\/documents\/lettre-de-confirmation-de-lorganisme-notifie\/' target='_blank' data-toggle=''>\n    <span>Lettre de confirmation de l'organisme notifi\u00e9<\/span>\n  <\/a><\/div>\n<div class='wpb_content_element text-left btn-container'>\n  <a class='btn btn-primary   '\n    href='https:\/\/halyardhealth.eu\/fr\/documents\/rapport-arcroyal-sur-lecart-de-remuneration-entre-les-sexes-2024\/' target='_blank' data-toggle=''>\n    <span>Rapport ArcRoyal sur l\u2019\u00e9cart de r\u00e9mun\u00e9ration entre les sexes 2024<\/span>\n  <\/a><\/div>\n<div class='wpb_content_element text-left btn-container'>\n  <a class='btn btn-primary   '\n    href='https:\/\/halyardhealth.eu\/fr\/documents\/rapport-arcroyal-sur-lecart-salarial-entre-les-sexes-2025\/' target='_blank' data-toggle=''>\n    <span>Rapport ArcRoyal sur l\u2019\u00e9cart salarial entre les sexes 2025<\/span>\n  <\/a><\/div>\n<div class='wpb_content_element text-left btn-container'>\n  <a class='btn btn-primary   '\n    href='https:\/\/halyardhealth.eu\/fr\/documents\/instruction-de-sterilisation-electronique\/' target='_blank' data-toggle=''>\n    <span>Instruction de st\u00e9rilisation \u00e9lectronique<\/span>\n  <\/a><\/div>\n[\/vc_column][\/vc_row]<\/p>\n<\/div>","protected":false},"excerpt":{"rendered":"<p>[vc_row row_type=\u00a0\u00bbpage-hero\u00a0\u00bb full_width=\u00a0\u00bbstretch_row\u00a0\u00bb css=\u00a0\u00bb.vc_custom_1713873931654{background-image: url(https:\/\/halyardhealth.eu\/wp-content\/uploads\/CPT_logo.png?id=239265) !important;}\u00a0\u00bb][vc_column][\/vc_column][\/vc_row][vc_row][vc_column][vc_column_text css=\u00a0\u00bb\u00a0\u00bb]ArcRoyal, une soci\u00e9t\u00e9 Owens &amp; Minor, est un [&hellip;]<\/p>\n","protected":false},"author":9,"featured_media":0,"parent":0,"menu_order":0,"comment_status":"closed","ping_status":"closed","template":"","meta":{"_acf_changed":false,"inline_featured_image":false,"footnotes":""},"class_list":["post-239282","page","type-page","status-publish","hentry"],"acf":[],"publishpress_future_action":{"enabled":false,"date":"2026-05-07 08:53:45","action":"change-status","newStatus":"draft","terms":[],"taxonomy":"translation_priority","extraData":[]},"publishpress_future_workflow_manual_trigger":{"enabledWorkflows":[]},"_links":{"self":[{"href":"https:\/\/halyardhealth.eu\/fr\/wp-json\/wp\/v2\/pages\/239282","targetHints":{"allow":["GET"]}}],"collection":[{"href":"https:\/\/halyardhealth.eu\/fr\/wp-json\/wp\/v2\/pages"}],"about":[{"href":"https:\/\/halyardhealth.eu\/fr\/wp-json\/wp\/v2\/types\/page"}],"author":[{"embeddable":true,"href":"https:\/\/halyardhealth.eu\/fr\/wp-json\/wp\/v2\/users\/9"}],"replies":[{"embeddable":true,"href":"https:\/\/halyardhealth.eu\/fr\/wp-json\/wp\/v2\/comments?post=239282"}],"version-history":[{"count":0,"href":"https:\/\/halyardhealth.eu\/fr\/wp-json\/wp\/v2\/pages\/239282\/revisions"}],"wp:attachment":[{"href":"https:\/\/halyardhealth.eu\/fr\/wp-json\/wp\/v2\/media?parent=239282"}],"curies":[{"name":"wp","href":"https:\/\/api.w.org\/{rel}","templated":true}]}}