{"id":239582,"date":"2024-08-19T14:12:17","date_gmt":"2024-08-19T12:12:17","guid":{"rendered":"https:\/\/halyardhealth.eu\/draps-chirurgicaux\/"},"modified":"2024-08-19T14:12:26","modified_gmt":"2024-08-19T12:12:26","slug":"draps-chirurgicaux","status":"publish","type":"page","link":"https:\/\/halyardhealth.eu\/fr\/draps-chirurgicaux\/","title":{"rendered":"Draps chirurgicaux"},"content":{"rendered":"<div class=\"wpb-content-wrapper\"><p>[vc_row row_type=\u00a0\u00bbpage-hero\u00a0\u00bb hero_size=\u00a0\u00bbmedium\u00a0\u00bb][vc_column]<div class=''><h1 class='      ' style='max-width: 100%; display:inline-block;' >D\u00e9couvrez la diff\u00e9rence<\/h1><\/div><div class=''><h1 class='      ' style='max-width: 100%; display:inline-block;' >Avec les champs chirurgicaux Halyard<\/h1><\/div>[\/vc_column][\/vc_row][vc_row][vc_column]<div class='wpb_content_element text-left btn-container'>\n  <a class='btn btn-primary   '\n    href='https:\/\/owensandminor.showpad.com\/share\/CohLzk6dq8nw8JyYk6vSL' target='_blank' data-toggle=''>\n    <span>D\u00e9couvrez la diff\u00e9rence<\/span>\n  <\/a><\/div>\n<div class=''><h3 class='      ' style='max-width: 100%; display:inline-block;' >Naviguez \u00e0 travers les diff\u00e9rentes caract\u00e9ristiques de nos rideaux et d\u00e9couvrez la diff\u00e9rence !  <\/h3><\/div>[\/vc_column][\/vc_row]<\/p>\n<\/div>","protected":false},"excerpt":{"rendered":"<p>[vc_row row_type=\u00a0\u00bbpage-hero\u00a0\u00bb hero_size=\u00a0\u00bbmedium\u00a0\u00bb][vc_column][\/vc_column][\/vc_row][vc_row][vc_column][\/vc_column][\/vc_row]<\/p>\n","protected":false},"author":9,"featured_media":0,"parent":0,"menu_order":0,"comment_status":"closed","ping_status":"closed","template":"","meta":{"_acf_changed":false,"inline_featured_image":false,"footnotes":""},"class_list":["post-239582","page","type-page","status-publish","hentry"],"acf":[],"publishpress_future_action":{"enabled":false,"date":"2026-04-21 12:44:34","action":"change-status","newStatus":"draft","terms":[],"taxonomy":"translation_priority","extraData":[]},"publishpress_future_workflow_manual_trigger":{"enabledWorkflows":[]},"_links":{"self":[{"href":"https:\/\/halyardhealth.eu\/fr\/wp-json\/wp\/v2\/pages\/239582","targetHints":{"allow":["GET"]}}],"collection":[{"href":"https:\/\/halyardhealth.eu\/fr\/wp-json\/wp\/v2\/pages"}],"about":[{"href":"https:\/\/halyardhealth.eu\/fr\/wp-json\/wp\/v2\/types\/page"}],"author":[{"embeddable":true,"href":"https:\/\/halyardhealth.eu\/fr\/wp-json\/wp\/v2\/users\/9"}],"replies":[{"embeddable":true,"href":"https:\/\/halyardhealth.eu\/fr\/wp-json\/wp\/v2\/comments?post=239582"}],"version-history":[{"count":0,"href":"https:\/\/halyardhealth.eu\/fr\/wp-json\/wp\/v2\/pages\/239582\/revisions"}],"wp:attachment":[{"href":"https:\/\/halyardhealth.eu\/fr\/wp-json\/wp\/v2\/media?parent=239582"}],"curies":[{"name":"wp","href":"https:\/\/api.w.org\/{rel}","templated":true}]}}