{"id":239755,"date":"2024-11-25T13:48:01","date_gmt":"2024-11-25T12:48:01","guid":{"rendered":"https:\/\/halyardhealth.eu\/fermeture-dune-entite-sud-africaine\/"},"modified":"2025-11-18T10:47:44","modified_gmt":"2025-11-18T09:47:44","slug":"fermeture-dune-entite-sud-africaine","status":"publish","type":"page","link":"https:\/\/halyardhealth.eu\/fr\/fermeture-dune-entite-sud-africaine\/","title":{"rendered":"Fermeture d&rsquo;une entit\u00e9 sud-africaine"},"content":{"rendered":"<div class=\"wpb-content-wrapper\"><p>[vc_row row_type=\u00a0\u00bbpage-hero\u00a0\u00bb full_width=\u00a0\u00bbstretch_row_content\u00a0\u00bb][vc_column]<div class=''><h1 class='      ' style='max-width: 100%; display:inline-block;' >Fermeture de l&#039;entit\u00e9 O&amp;M Halyard SA<\/h1><\/div><div class=''><h2 class='      ' style='max-width: 100%; display:inline-block;' >du 28 mars 2025<\/h2><\/div><div class='wpb_content_element text-left btn-container'>\n  <a class='btn btn-primary   '\n    href='https:\/\/halyardhealth.eu\/documents\/om-halyard-paia-manual\/' target='_blank' data-toggle=''>\n    <span>Manuel O&amp;M Halyard PAIA<\/span>\n  <\/a><\/div>\n[\/vc_column][\/vc_row][vc_row][vc_column]<div class=''><h3 class='      ' style='max-width: 100%; display:inline-block;' >Communication 26 novembre 2024<\/h3><\/div>[vc_column_text css=\u00a0\u00bb\u00a0\u00bb]Cher client,<\/p>\n<p>Nous vous informons de la fermeture de l&rsquo;entit\u00e9 O&amp;M Halyard en Afrique du Sud, effective \u00e0 compter du 28 mars 2025. Cette lettre fait suite \u00e0 notre communication initiale dat\u00e9e du 23 octobre (voir ci-dessous). <\/p>\n<p>Nous avons le plaisir de vous informer qu&rsquo;un distributeur local a \u00e9t\u00e9 identifi\u00e9 pour reprendre notre activit\u00e9 de protection faciale, blouses chirurgicales, soins aux patients, gants d&rsquo;examen et gants pour salles blanches. A partir du 1er mars 2025, les agences PTA seront votre nouveau partenaire pour ces produits. <\/p>\n<p>Nous regrettons toutefois de vous informer qu&rsquo;aucun distributeur n&rsquo;a pu \u00eatre trouv\u00e9 pour les champs chirurgicaux, les trousses chirurgicales, les v\u00eatements et les emballages de st\u00e9rilisation Halyard. Par cons\u00e9quent, ces articles ne seront plus disponibles apr\u00e8s le 28 mars 2025. <\/p>\n<p>Cette lettre est la deuxi\u00e8me d\u2019une s\u00e9rie de communications destin\u00e9es \u00e0 clarifier les d\u00e9tails pratiques concernant la commande, la livraison et la facturation.<\/p>\n<p><strong>Informations cl\u00e9s :<\/strong><\/p>\n<ul>\n<li><strong>Disponibilit\u00e9 des produits :<\/strong> Nous continuerons \u00e0 vous fournir nos produits de confiance dans les mois \u00e0 venir et visons \u00e0 avoir des produits disponibles pour livraison jusqu&rsquo;\u00e0 fin mars 2025.<\/li>\n<li><strong>Date limite de commande :<\/strong> Nous accepterons vos commandes jusqu&rsquo;au 28 f\u00e9vrier 2025, pour une livraison en mars 2025.<\/li>\n<li><strong>Nouveau distributeur \u00e0 compter du 1er mars 2025 :<\/strong> PTA Agencies, Unit 4 Tygerberg Station Park, Railway Street, Parrow, 7500. Si vous souhaitez acheter nos produits aupr\u00e8s des agences PTA (soins de sant\u00e9) \u00e0 l&rsquo;avenir, veuillez contacter <span data-teams=\"true\"><a id=\"menurshb\" class=\"fui-Link ___1q1shib f2hkw1w f3rmtva f1ewtqcl fyind8e f1k6fduh f1w7gpdv fk6fouc fjoy568 figsok6 f1s184ao f1mk8lai fnbmjn9 f1o700av f13mvf36 f1cmlufx f9n3di6 f1ids18y f1tx3yz7 f1deo86v f1eh06m1 f1iescvh fhgqx19 f1olyrje f1p93eir f1nev41a f1h8hb77 f1lqvz6u f10aw75t fsle3fq f17ae5zn\" title=\"mailto:admin@ptaagencies.com\" href=\"mailto:admin@ptaagencies.com\" target=\"_blank\" rel=\"noreferrer noopener\" aria-label=\"Link admin@ptaagencies.com\"><\/a>Nolene Mollentze<\/span> <span data-teams=\"true\"><a id=\"menurshb\" class=\"fui-Link ___1q1shib f2hkw1w f3rmtva f1ewtqcl fyind8e f1k6fduh f1w7gpdv fk6fouc fjoy568 figsok6 f1s184ao f1mk8lai fnbmjn9 f1o700av f13mvf36 f1cmlufx f9n3di6 f1ids18y f1tx3yz7 f1deo86v f1eh06m1 f1iescvh fhgqx19 f1olyrje f1p93eir f1nev41a f1h8hb77 f1lqvz6u f10aw75t fsle3fq f17ae5zn\" title=\"mailto:admin@ptaagencies.com\" href=\"mailto:admin@ptaagencies.com\" target=\"_blank\" rel=\"noreferrer noopener\" aria-label=\"Link admin@ptaagencies.com\">admin@ptaagencies.com<\/a><\/span> <span data-teams=\"true\"><a id=\"menurshm\" class=\"fui-Link ___1q1shib f2hkw1w f3rmtva f1ewtqcl fyind8e f1k6fduh f1w7gpdv fk6fouc fjoy568 figsok6 f1s184ao f1mk8lai fnbmjn9 f1o700av f13mvf36 f1cmlufx f9n3di6 f1ids18y f1tx3yz7 f1deo86v f1eh06m1 f1iescvh fhgqx19 f1olyrje f1p93eir f1nev41a f1h8hb77 f1lqvz6u f10aw75t fsle3fq f17ae5zn\" title=\"mailto:customerservice@ptaagencies.com\" href=\"mailto:customerservice@ptaagencies.com\" target=\"_blank\" rel=\"noreferrer noopener\" aria-label=\"Link customerservice@ptaagencies.com\">customerservice@ptaagencies.com<\/a><\/span> ou au <span data-teams=\"true\">076 958 4041 \/ 021 939 7635<\/span> . <\/li>\n<\/ul>\n<p>Nous vous remercions de votre soutien continu pendant cette p\u00e9riode de transition. Notre \u00e9quipe sera disponible pour vous aider \u00e0 r\u00e9pondre \u00e0 toutes vos questions ou pr\u00e9occupations pendant cette p\u00e9riode. <\/p>\n<p>Cordialement,<\/p>\n<p>Pierre Deschamps<\/p>\n<p>Vice-pr\u00e9sident et directeur g\u00e9n\u00e9ral EMEA<br \/>\n Owens &amp; Minor Produits et services de sant\u00e9[\/vc_column_text][\/vc_column][\/vc_row][vc_row][vc_column]<div class=''><h3 class='      ' style='max-width: 100%; display:inline-block;' >Communication 23 octobre 2024<\/h3><\/div>[vc_column_text css=\u00a0\u00bb\u00a0\u00bb]Cher client,<\/p>\n<p>Nous vous \u00e9crivons pour vous annoncer la fermeture de l&rsquo;activit\u00e9 chirurgicale et de pr\u00e9vention des infections d&rsquo;O&amp;M Halyard en Afrique du Sud \u00e0 compter du 28 mars 2025. Cette d\u00e9cision n&rsquo;a pas \u00e9t\u00e9 prise \u00e0 la l\u00e9g\u00e8re et nous regrettons profond\u00e9ment tout inconv\u00e9nient qu&rsquo;elle pourrait vous causer.<\/p>\n<p>Au fil des ann\u00e9es, nous avons eu le privil\u00e8ge de vous servir et nous tenons \u00e0 vous exprimer notre plus profonde gratitude pour la confiance que vous avez accord\u00e9e \u00e0 nos solutions de protection faciale, de gants, de champs chirurgicaux et de blouses Halyard.<\/p>\n<p>Cette lettre est la premi\u00e8re d\u2019une s\u00e9rie de communications destin\u00e9es \u00e0 clarifier les d\u00e9tails pratiques concernant la commande, la livraison et la facturation.<\/p>\n<p><strong>Informations cl\u00e9s :<\/strong><\/p>\n<ul>\n<li><strong>Disponibilit\u00e9 des produits :<\/strong> Nous continuerons \u00e0 vous fournir nos produits de confiance dans les mois \u00e0 venir et visons \u00e0 avoir des produits disponibles pour livraison jusqu&rsquo;\u00e0 fin mars 2025.<\/li>\n<li><strong>Date limite de commande :<\/strong> Nous accepterons vos commandes jusqu&rsquo;au 28 f\u00e9vrier 2025, pour une livraison en mars 2025.<\/li>\n<li>Approvisionnement alternatif : Si un distributeur local peut \u00eatre identifi\u00e9 pour reprendre l&rsquo;activit\u00e9 O&amp;M Halyard ou une partie de celle-ci, nous vous en informerons d\u00e8s que possible.<\/li>\n<\/ul>\n<p>Nous comprenons que les nouvelles peuvent \u00eatre inattendues et nous nous engageons \u00e0 rendre cette transition aussi fluide que possible pour vous. Notre \u00e9quipe sera disponible pour vous aider \u00e0 r\u00e9pondre \u00e0 toutes vos questions ou pr\u00e9occupations pendant cette p\u00e9riode. <\/p>\n<p>Nous vous remercions de votre fid\u00e9lit\u00e9. Nous vous souhaitons bonne chance dans vos projets futurs. <\/p>\n<p>Cordialement,<\/p>\n<p>Pierre Deschamps<\/p>\n<p>Vice-pr\u00e9sident et directeur g\u00e9n\u00e9ral EMEA<br \/>\n Owens &amp; Minor Produits et services de sant\u00e9[\/vc_column_text][\/vc_column][\/vc_row]<\/p>\n<\/div>","protected":false},"excerpt":{"rendered":"<p>[vc_row row_type=\u00a0\u00bbpage-hero\u00a0\u00bb full_width=\u00a0\u00bbstretch_row_content\u00a0\u00bb][vc_column][\/vc_column][\/vc_row][vc_row][vc_column][vc_column_text css=\u00a0\u00bb\u00a0\u00bb]Cher client, Nous vous informons de la fermeture de l&rsquo;entit\u00e9 O&amp;M [&hellip;]<\/p>\n","protected":false},"author":9,"featured_media":0,"parent":0,"menu_order":0,"comment_status":"closed","ping_status":"closed","template":"","meta":{"_acf_changed":false,"inline_featured_image":false,"footnotes":""},"class_list":["post-239755","page","type-page","status-publish","hentry"],"acf":[],"publishpress_future_action":{"enabled":false,"date":"2026-04-13 15:07:49","action":"change-status","newStatus":"draft","terms":[],"taxonomy":"translation_priority","extraData":[]},"publishpress_future_workflow_manual_trigger":{"enabledWorkflows":[]},"_links":{"self":[{"href":"https:\/\/halyardhealth.eu\/fr\/wp-json\/wp\/v2\/pages\/239755","targetHints":{"allow":["GET"]}}],"collection":[{"href":"https:\/\/halyardhealth.eu\/fr\/wp-json\/wp\/v2\/pages"}],"about":[{"href":"https:\/\/halyardhealth.eu\/fr\/wp-json\/wp\/v2\/types\/page"}],"author":[{"embeddable":true,"href":"https:\/\/halyardhealth.eu\/fr\/wp-json\/wp\/v2\/users\/9"}],"replies":[{"embeddable":true,"href":"https:\/\/halyardhealth.eu\/fr\/wp-json\/wp\/v2\/comments?post=239755"}],"version-history":[{"count":0,"href":"https:\/\/halyardhealth.eu\/fr\/wp-json\/wp\/v2\/pages\/239755\/revisions"}],"wp:attachment":[{"href":"https:\/\/halyardhealth.eu\/fr\/wp-json\/wp\/v2\/media?parent=239755"}],"curies":[{"name":"wp","href":"https:\/\/api.w.org\/{rel}","templated":true}]}}