{"id":239910,"date":"2025-04-16T15:35:54","date_gmt":"2025-04-16T13:35:54","guid":{"rendered":"https:\/\/halyardhealth.eu\/newsletter-chirurgicale\/"},"modified":"2025-04-18T16:56:08","modified_gmt":"2025-04-18T14:56:08","slug":"newsletter-chirurgicale","status":"publish","type":"page","link":"https:\/\/halyardhealth.eu\/fr\/newsletter-chirurgicale\/","title":{"rendered":"Newsletter chirurgicale"},"content":{"rendered":"<div class=\"wpb-content-wrapper\"><p>[vc_row row_type=\u00a0\u00bbpage-hero\u00a0\u00bb full_width=\u00a0\u00bbstretch_row\u00a0\u00bb css=\u00a0\u00bb.vc_custom_1744810526108{background-image: url(https:\/\/halyardhealth.eu\/wp-content\/uploads\/Gowns.png?id=239802) !important;}\u00a0\u00bb][vc_column]<div class=''><h1 class='    display-1  ' style='max-width: 100%; display:inline-block;' >Nouveaux ajouts \u00e0 la gamme chirurgicale HALYARD*<\/h1><\/div><div class=''><p class='    h3  ' style='max-width: 100%; display:inline-block;' >Am\u00e9liorez la s\u00e9curit\u00e9 et l'efficacit\u00e9 chirurgicales gr\u00e2ce \u00e0 ces derniers ajouts<\/p><\/div>[\/vc_column][\/vc_row][vc_row][vc_column]<div class=''><p class='    h3  ' style='max-width: 100%; display:inline-block;' >T\u00e9l\u00e9chargez les derniers catalogues de notre nouvelle gamme de produits chirurgicaux :<\/p><\/div><div class='wpb_content_element text-left btn-container'>\n  <a class='btn btn-primary   '\n    href='https:\/\/halyardhealth.eu\/documents\/clear-drapes-brochure-2\/' target='_blank' data-toggle=''>\n    <span>Clear Drapes Brochure<\/span>\n  <\/a><\/div>\n<div class='wpb_content_element text-left btn-container'>\n  <a class='btn btn-primary   '\n    href='https:\/\/halyardhealth.eu\/fr\/documents\/brochure-casaques-chirurgicales\/' target='_blank' data-toggle=''>\n    <span>Brochure des casaques chirurgicales<\/span>\n  <\/a><\/div>\n<div class='wpb_content_element text-left btn-container'>\n  <a class='btn btn-primary   '\n    href='https:\/\/halyardhealth.eu\/fr\/documents\/champs-contre-le-rayonnement-de-dispersion\/' target='_blank' data-toggle=''>\n    <span>Brochure des draps de protection contre les rayonnements diffus\u00e9s<\/span>\n  <\/a><\/div>\n<div class='wpb_content_element text-left btn-container'>\n  <a class='btn btn-primary   '\n    href='https:\/\/halyardhealth.eu\/fr\/documents\/kits-de-protection-de-table-doperation\/' target='_blank' data-toggle=''>\n    <span>Brochure des Kits de protection de table d'op\u00e9ration<\/span>\n  <\/a><\/div>\n[\/vc_column][\/vc_row]<\/p>\n<\/div>","protected":false},"excerpt":{"rendered":"<p>[vc_row row_type=\u00a0\u00bbpage-hero\u00a0\u00bb full_width=\u00a0\u00bbstretch_row\u00a0\u00bb css=\u00a0\u00bb.vc_custom_1744810526108{background-image: url(https:\/\/halyardhealth.eu\/wp-content\/uploads\/Gowns.png?id=239802) !important;}\u00a0\u00bb][vc_column][\/vc_column][\/vc_row][vc_row][vc_column][\/vc_column][\/vc_row]<\/p>\n","protected":false},"author":9,"featured_media":0,"parent":0,"menu_order":0,"comment_status":"closed","ping_status":"closed","template":"","meta":{"_acf_changed":false,"inline_featured_image":false,"footnotes":""},"class_list":["post-239910","page","type-page","status-publish","hentry"],"acf":[],"publishpress_future_action":{"enabled":false,"date":"2026-05-08 07:58:12","action":"change-status","newStatus":"draft","terms":[],"taxonomy":"translation_priority","extraData":[]},"publishpress_future_workflow_manual_trigger":{"enabledWorkflows":[]},"_links":{"self":[{"href":"https:\/\/halyardhealth.eu\/fr\/wp-json\/wp\/v2\/pages\/239910","targetHints":{"allow":["GET"]}}],"collection":[{"href":"https:\/\/halyardhealth.eu\/fr\/wp-json\/wp\/v2\/pages"}],"about":[{"href":"https:\/\/halyardhealth.eu\/fr\/wp-json\/wp\/v2\/types\/page"}],"author":[{"embeddable":true,"href":"https:\/\/halyardhealth.eu\/fr\/wp-json\/wp\/v2\/users\/9"}],"replies":[{"embeddable":true,"href":"https:\/\/halyardhealth.eu\/fr\/wp-json\/wp\/v2\/comments?post=239910"}],"version-history":[{"count":0,"href":"https:\/\/halyardhealth.eu\/fr\/wp-json\/wp\/v2\/pages\/239910\/revisions"}],"wp:attachment":[{"href":"https:\/\/halyardhealth.eu\/fr\/wp-json\/wp\/v2\/media?parent=239910"}],"curies":[{"name":"wp","href":"https:\/\/api.w.org\/{rel}","templated":true}]}}