{"id":246636,"date":"2026-03-31T11:47:04","date_gmt":"2026-03-31T09:47:04","guid":{"rendered":"https:\/\/halyardhealth.eu\/246636-2\/"},"modified":"2026-04-10T09:23:35","modified_gmt":"2026-04-10T07:23:35","slug":"246636-2","status":"publish","type":"page","link":"https:\/\/halyardhealth.eu\/fr\/246636-2\/","title":{"rendered":"HALYARD_CNSA_ISNCC WEBINAIRE SUR LA CHIMIO"},"content":{"rendered":"<div class=\"wpb-content-wrapper\"><p>[vc_row row_type=\u00a0\u00bbpage-hero\u00a0\u00bb hero_size=\u00a0\u00bbmedium\u00a0\u00bb][vc_column]<div class=''><h1 class='   font-weight-bold   ' style='max-width: 100%; display:inline-block;' >Meilleures pratiques infirmi\u00e8res pour<br \/>\nla s\u00e9curit\u00e9 des m\u00e9dicaments dangereux<\/h1><\/div><div class=''><h1 class='      ' style='max-width: 100%; display:inline-block;' >Webinaire<br \/>\n\u00e0 la demande avec Seth Eisenberg<\/h1><\/div>[\/vc_column][\/vc_row][vc_row row_padding_top=\u00a0\u00bbpt-3&Prime; row_padding_bottom=\u00a0\u00bbpb-1&Prime;][vc_column]<div class=''><p class='text-navyblue   font-weight-bold lead  ' style='max-width: 100%; display:inline-block;' >SUJET DU WEBINAIRE : Meilleures pratiques infirmi\u00e8res pour la s\u00e9curit\u00e9 des m\u00e9dicaments dangereux<\/p><\/div>[vc_column_text css=\u00a0\u00bb\u00a0\u00bb]Con\u00e7ue pour les infirmiers en oncologie et les professionnels de sant\u00e9 engag\u00e9s \u00e0 promouvoir la s\u00e9curit\u00e9 dans la gestion des m\u00e9dicaments dangereux, cette session est anim\u00e9e par l\u2019expert renomm\u00e9 Seth Eisenberg, RN, OCN\u00ae, BMTCN\u00ae ; cette session fournira des analyses fond\u00e9es sur des preuves et des strat\u00e9gies pratiques pour renforcer la s\u00e9curit\u00e9 infirmi\u00e8re et promouvoir une culture de protection dans les milieux cliniques.[\/vc_column_text][vc_separator color=\u00a0\u00bbgreen\u00a0\u00bb align=\u00a0\u00bbalign_left\u00a0\u00bb border_width=\u00a0\u00bb3&Prime; el_width=\u00a0\u00bb30&Prime; css=\u00a0\u00bb\u00a0\u00bb]<div class=''><p class='text-navyblue   font-weight-bold lead  ' style='max-width: 100%; display:inline-block;' >OBJECTIFS CL\u00c9S DE L\u2019APPRENTISSAGE<\/p><\/div>[vc_column_text css=\u00a0\u00bb\u00a0\u00bb]<\/p>\n<ol>\n<li>Discutez des risques pour la sant\u00e9 li\u00e9s \u00e0 l\u2019exposition \u00e0 des drogues dangereuses.<\/li>\n<li>R\u00e9sum\u00e9 des points cl\u00e9s des lignes directrices et normes de manipulation s\u00fbre et comparez leur application selon les r\u00e9gions.<\/li>\n<li>Examinez les recherches actuelles sur la contamination environnementale et les pratiques infirmi\u00e8res li\u00e9es au risque d\u2019exposition.<\/li>\n<li>D\u00e9crivez les interventions visant \u00e0 promouvoir la s\u00e9curit\u00e9 infirmi\u00e8re, y compris l\u2019importance de la culture du lieu de travail.<\/li>\n<\/ol>\n<p>[\/vc_column_text][\/vc_column][\/vc_row][vc_row row_padding_top=\u00a0\u00bbpt-0&Prime;][vc_column width=\u00a0\u00bb2\/3&Prime;][vc_row_inner equal_height=\u00a0\u00bbyes\u00a0\u00bb][vc_column_inner width=\u00a0\u00bb1\/2&Prime;][vc_single_image image=\u00a0\u00bb246641&Prime; img_size=\u00a0\u00bblarge\u00a0\u00bb css=\u00a0\u00bb\u00a0\u00bb][\/vc_column_inner][vc_column_inner width=\u00a0\u00bb1\/2&Prime;][vc_column_text css=\u00a0\u00bb\u00a0\u00bb]Seth Eisenberg est infirmier en oncologie depuis 1983. Son exp\u00e9rience comprend 36 ans en transplantation de moelle osseuse au Fred Hutchinson Cancer Center \u00e0 Seattle, Washington, dont 25 ans en perfusion oncologique ambulatoire. <\/p>\n<p>Il est l\u2019auteur de nombreux articles \u00e9valu\u00e9s par des pairs et de plusieurs chapitres de livres, dont deux inclus dans le programme ONS 2024 sur la manipulation s\u00fbre des drogues dangereuses. En tant qu\u2019expert reconnu en s\u00e9curit\u00e9 des m\u00e9dicaments dangereux et chercheur principal de trois \u00e9tudes publi\u00e9es en sciences infirmi\u00e8res, il a eu le privil\u00e8ge de voyager au Canada, au Mexique, en Europe, \u00e0 Ta\u00efwan et aux \u00c9mirats arabes unis pour partager directement ses connaissances avec ses pairs en oncologie \u00e0 travers le monde.[\/vc_column_text][\/vc_column_inner][\/vc_row_inner][vc_column_text css=\u00a0\u00bb\u00a0\u00bb]Parmi les distinctions figurent le March of Dimes Research Advancement Award 2017, le Susan Baird Excellence in Clinical Writing Award, et le Distinguished Award 2021 pour la contribution constante \u00e0 la litt\u00e9rature infirmi\u00e8re.<\/p>\n<p>Bien qu\u2019officiellement \u00e0 la retraite, il continue de conseiller et de d\u00e9fendre les soins infirmiers et la s\u00e9curit\u00e9 des patients[\/vc_column_text][\/vc_column][vc_column width=\u00a0\u00bb1\/3&Prime;][vc_empty_space]<script type=\"text\/javascript\">\n\/* <![CDATA[ *\/\nvar gform;gform||(document.addEventListener(\"gform_main_scripts_loaded\",function(){gform.scriptsLoaded=!0}),document.addEventListener(\"gform\/theme\/scripts_loaded\",function(){gform.themeScriptsLoaded=!0}),window.addEventListener(\"DOMContentLoaded\",function(){gform.domLoaded=!0}),gform={domLoaded:!1,scriptsLoaded:!1,themeScriptsLoaded:!1,isFormEditor:()=>\"function\"==typeof InitializeEditor,callIfLoaded:function(o){return!(!gform.domLoaded||!gform.scriptsLoaded||!gform.themeScriptsLoaded&&!gform.isFormEditor()||(gform.isFormEditor()&&console.warn(\"The use of gform.initializeOnLoaded() is deprecated in the form editor context and will be removed in Gravity Forms 3.1.\"),o(),0))},initializeOnLoaded:function(o){gform.callIfLoaded(o)||(document.addEventListener(\"gform_main_scripts_loaded\",()=>{gform.scriptsLoaded=!0,gform.callIfLoaded(o)}),document.addEventListener(\"gform\/theme\/scripts_loaded\",()=>{gform.themeScriptsLoaded=!0,gform.callIfLoaded(o)}),window.addEventListener(\"DOMContentLoaded\",()=>{gform.domLoaded=!0,gform.callIfLoaded(o)}))},hooks:{action:{},filter:{}},addAction:function(o,r,e,t){gform.addHook(\"action\",o,r,e,t)},addFilter:function(o,r,e,t){gform.addHook(\"filter\",o,r,e,t)},doAction:function(o){gform.doHook(\"action\",o,arguments)},applyFilters:function(o){return gform.doHook(\"filter\",o,arguments)},removeAction:function(o,r){gform.removeHook(\"action\",o,r)},removeFilter:function(o,r,e){gform.removeHook(\"filter\",o,r,e)},addHook:function(o,r,e,t,n){null==gform.hooks[o][r]&&(gform.hooks[o][r]=[]);var d=gform.hooks[o][r];null==n&&(n=r+\"_\"+d.length),gform.hooks[o][r].push({tag:n,callable:e,priority:t=null==t?10:t})},doHook:function(r,o,e){var t;if(e=Array.prototype.slice.call(e,1),null!=gform.hooks[r][o]&&((o=gform.hooks[r][o]).sort(function(o,r){return o.priority-r.priority}),o.forEach(function(o){\"function\"!=typeof(t=o.callable)&&(t=window[t]),\"action\"==r?t.apply(null,e):e[0]=t.apply(null,e)})),\"filter\"==r)return e[0]},removeHook:function(o,r,t,n){var e;null!=gform.hooks[o][r]&&(e=(e=gform.hooks[o][r]).filter(function(o,r,e){return!!(null!=n&&n!=o.tag||null!=t&&t!=o.priority)}),gform.hooks[o][r]=e)}});\n\/* ]]> *\/\n<\/script>\n\n                <div class='gf_browser_gecko gform_wrapper gravity-theme gform-theme--no-framework' data-form-theme='gravity-theme' data-form-index='0' id='gform_wrapper_9' ><div id='gf_9' class='gform_anchor' tabindex='-1'><\/div><form method='post' enctype='multipart\/form-data' target='gform_ajax_frame_9' id='gform_9'  action='\/fr\/wp-json\/wp\/v2\/pages\/246636#gf_9' data-formid='9' novalidate>\n                        <div class='gform-body gform_body'><div id='gform_fields_9' class='gform_fields top_label form_sublabel_below description_below validation_below'><fieldset id=\"field_9_3\" class=\"gfield gfield--type-name gfield--input-type-name gfield--width-full gfield_contains_required field_sublabel_below gfield--no-description field_description_below field_validation_below gfield_visibility_visible\"  ><legend class='gfield_label gform-field-label gfield_label_before_complex' >Nom<span class=\"gfield_required\"><span class=\"gfield_required gfield_required_text\">(N\u00e9cessaire)<\/span><\/span><\/legend><div class='ginput_complex ginput_container ginput_container--name no_prefix has_first_name no_middle_name has_last_name no_suffix gf_name_has_2 ginput_container_name gform-grid-row' id='input_9_3'>\n                            \n                            <span id='input_9_3_3_container' class='name_first gform-grid-col gform-grid-col--size-auto' >\n                                                    <input type='text' name='input_3.3' id='input_9_3_3' value=''   aria-required='true'     \/>\n                                                    <label for='input_9_3_3' class='gform-field-label gform-field-label--type-sub '>Pr\u00e9nom<\/label>\n                                                <\/span>\n                            \n                            <span id='input_9_3_6_container' class='name_last gform-grid-col gform-grid-col--size-auto' >\n                                                    <input type='text' name='input_3.6' id='input_9_3_6' value=''   aria-required='true'     \/>\n                                                    <label for='input_9_3_6' class='gform-field-label gform-field-label--type-sub '>Nom<\/label>\n                                                <\/span>\n                            \n                        <\/div><\/fieldset><div id=\"field_9_1\" class=\"gfield gfield--type-text gfield--input-type-text gfield_contains_required field_sublabel_below gfield--no-description field_description_below field_validation_below gfield_visibility_visible\"  ><label class='gfield_label gform-field-label' for='input_9_1'>Titre du poste<span class=\"gfield_required\"><span class=\"gfield_required gfield_required_text\">(N\u00e9cessaire)<\/span><\/span><\/label><div class='ginput_container ginput_container_text'><input name='input_1' id='input_9_1' type='text' value='' class='large'     aria-required=\"true\" aria-invalid=\"false\"   \/><\/div><\/div><div id=\"field_9_4\" class=\"gfield gfield--type-text gfield--input-type-text gfield--width-full gfield_contains_required field_sublabel_below gfield--no-description field_description_below field_validation_below gfield_visibility_visible\"  ><label class='gfield_label gform-field-label' for='input_9_4'>Nom de la soci\u00e9t\u00e9\/h\u00f4pital<span class=\"gfield_required\"><span class=\"gfield_required gfield_required_text\">(N\u00e9cessaire)<\/span><\/span><\/label><div class='ginput_container ginput_container_text'><input name='input_4' id='input_9_4' type='text' value='' class='large'     aria-required=\"true\" aria-invalid=\"false\"   \/><\/div><\/div><fieldset id=\"field_9_6\" class=\"gfield gfield--type-consent gfield--type-choice gfield--input-type-consent gfield_contains_required field_sublabel_below gfield--has-description field_description_below field_validation_below gfield_visibility_visible\"  ><legend class='gfield_label gform-field-label gfield_label_before_complex' >Consentement<span class=\"gfield_required\"><span class=\"gfield_required gfield_required_text\">(N\u00e9cessaire)<\/span><\/span><\/legend><div class='ginput_container ginput_container_consent'><input name='input_6.1' id='input_9_6_1' type='checkbox' value='1'  aria-describedby=\"gfield_consent_description_9_6\" aria-required=\"true\" aria-invalid=\"false\"   \/> <label class=\"gform-field-label gform-field-label--type-inline gfield_consent_label\" for='input_9_6_1' >J\u2019accepte la politique de confidentialit\u00e9.<\/label><input type='hidden' name='input_6.2' value='J\u2019accepte la politique de confidentialit\u00e9.' class='gform_hidden' \/><input type='hidden' name='input_6.3' value='7' class='gform_hidden' \/><\/div><div class='gfield_description gfield_consent_description' id='gfield_consent_description_9_6' tabindex='0'>https:\/\/www.owens-minor.com\/privacy-policy\/<br \/>\n<\/div><\/fieldset><\/div><\/div>\n        <div class='gform-footer gform_footer top_label'> <input type='submit' id='gform_submit_button_9' class='gform_button button' onclick='gform.submission.handleButtonClick(this);' data-submission-type='submit' value='Soumettre'  \/> <input type='hidden' name='gform_ajax' value='form_id=9&amp;title=&amp;description=&amp;tabindex=0&amp;theme=gravity-theme&amp;styles=[]&amp;hash=2dfb91b0a6a49805a71a442c50111837' \/>\n            <input type='hidden' class='gform_hidden' name='gform_submission_method' data-js='gform_submission_method_9' value='iframe' \/>\n            <input type='hidden' class='gform_hidden' name='gform_theme' data-js='gform_theme_9' id='gform_theme_9' value='gravity-theme' \/>\n            <input type='hidden' class='gform_hidden' name='gform_style_settings' data-js='gform_style_settings_9' id='gform_style_settings_9' value='[]' \/>\n            <input type='hidden' class='gform_hidden' name='is_submit_9' value='1' \/>\n            <input type='hidden' class='gform_hidden' name='gform_submit' value='9' \/>\n            \n            <input type='hidden' class='gform_hidden' name='gform_currency' data-currency='USD' value='fh7ylPzFSXncPzMhKdfOsdMzHWieV7D5reeytPpAIo2t+exHjoDqeZD7vaDS+iuY5xrQichoINsCSRSr0gtRlCJang7SioJz6tNaDkBBS3CaWb0=' \/>\n            <input type='hidden' class='gform_hidden' name='gform_unique_id' value='' \/>\n            <input type='hidden' class='gform_hidden' name='state_9' value='WyJ7XCI2LjFcIjpcIjU1MjMzNmNmMDJmYWU2NjhmY2QwNTA3NTU5Y2RlMDBlXCIsXCI2LjJcIjpcIjEwNjg3MGE3YjhkYzE5ZjY2OTk0ZWQ3YjM5NjYyYzE2XCIsXCI2LjNcIjpcImU4MTk5Yjc1NTlmMjU4MjY2ZDAxYzFiMjliODk1NjkxXCJ9IiwiMzU2ODQ2ODA1YjA5YzlhNGEzNGFiNTYzOGI0MTg1OTciXQ==' \/>\n            <input type='hidden' autocomplete='off' class='gform_hidden' name='gform_target_page_number_9' id='gform_target_page_number_9' value='0' \/>\n            <input type='hidden' autocomplete='off' class='gform_hidden' name='gform_source_page_number_9' id='gform_source_page_number_9' value='1' \/>\n            <input type='hidden' name='gform_field_values' value='' \/>\n            \n        <\/div>\n                        <\/form>\n                        <\/div>\n\t\t                <iframe style='display:none;width:0px;height:0px;' src='about:blank' name='gform_ajax_frame_9' id='gform_ajax_frame_9' title='Cette iframe contient la logique n\u00e9cessaire pour manipuler Gravity Forms avec Ajax.'><\/iframe>\n\t\t                <script type=\"text\/javascript\">\n\/* <![CDATA[ *\/\n gform.initializeOnLoaded( function() {gformInitSpinner( 9, 'https:\/\/halyardhealth.eu\/wp-content\/plugins\/gravityforms\/images\/spinner.svg', true );jQuery('#gform_ajax_frame_9').on('load',function(){var contents = jQuery(this).contents().find('*').html();var is_postback = contents.indexOf('GF_AJAX_POSTBACK') >= 0;if(!is_postback){return;}var form_content = jQuery(this).contents().find('#gform_wrapper_9');var is_confirmation = jQuery(this).contents().find('#gform_confirmation_wrapper_9').length > 0;var is_redirect = contents.indexOf('gformRedirect(){') >= 0;var is_form = form_content.length > 0 && ! is_redirect && ! is_confirmation;var mt = parseInt(jQuery('html').css('margin-top'), 10) + parseInt(jQuery('body').css('margin-top'), 10) + 100;if(is_form){jQuery('#gform_wrapper_9').html(form_content.html());if(form_content.hasClass('gform_validation_error')){jQuery('#gform_wrapper_9').addClass('gform_validation_error');} else {jQuery('#gform_wrapper_9').removeClass('gform_validation_error');}setTimeout( function() { \/* delay the scroll by 50 milliseconds to fix a bug in chrome *\/ jQuery(document).scrollTop(jQuery('#gform_wrapper_9').offset().top - mt); }, 50 );if(window['gformInitDatepicker']) {gformInitDatepicker();}if(window['gformInitPriceFields']) {gformInitPriceFields();}var current_page = jQuery('#gform_source_page_number_9').val();gformInitSpinner( 9, 'https:\/\/halyardhealth.eu\/wp-content\/plugins\/gravityforms\/images\/spinner.svg', true );jQuery(document).trigger('gform_page_loaded', [9, current_page]);window['gf_submitting_9'] = false;}else if(!is_redirect){var confirmation_content = jQuery(this).contents().find('.GF_AJAX_POSTBACK').html();if(!confirmation_content){confirmation_content = contents;}jQuery('#gform_wrapper_9').replaceWith(confirmation_content);jQuery(document).scrollTop(jQuery('#gf_9').offset().top - mt);jQuery(document).trigger('gform_confirmation_loaded', [9]);window['gf_submitting_9'] = false;wp.a11y.speak(jQuery('#gform_confirmation_message_9').text());}else{jQuery('#gform_9').append(contents);if(window['gformRedirect']) {gformRedirect();}}jQuery(document).trigger(\"gform_pre_post_render\", [{ formId: \"9\", currentPage: \"current_page\", abort: function() { this.preventDefault(); } }]);        if (event && event.defaultPrevented) {                return;        }        const gformWrapperDiv = document.getElementById( \"gform_wrapper_9\" );        if ( gformWrapperDiv ) {            const visibilitySpan = document.createElement( \"span\" );            visibilitySpan.id = \"gform_visibility_test_9\";            gformWrapperDiv.insertAdjacentElement( \"afterend\", visibilitySpan );        }        const visibilityTestDiv = document.getElementById( \"gform_visibility_test_9\" );        let postRenderFired = false;        function triggerPostRender() {            if ( postRenderFired ) {                return;            }            postRenderFired = true;            gform.core.triggerPostRenderEvents( 9, current_page );            if ( visibilityTestDiv ) {                visibilityTestDiv.parentNode.removeChild( visibilityTestDiv );            }        }        function debounce( func, wait, immediate ) {            var timeout;            return function() {                var context = this, args = arguments;                var later = function() {                    timeout = null;                    if ( !immediate ) func.apply( context, args );                };                var callNow = immediate && !timeout;                clearTimeout( timeout );                timeout = setTimeout( later, wait );                if ( callNow ) func.apply( context, args );            };        }        const debouncedTriggerPostRender = debounce( function() {            triggerPostRender();        }, 200 );        if ( visibilityTestDiv && visibilityTestDiv.offsetParent === null ) {            const observer = new MutationObserver( ( mutations ) => {                mutations.forEach( ( mutation ) => {                    if ( mutation.type === 'attributes' && visibilityTestDiv.offsetParent !== null ) {                        debouncedTriggerPostRender();                        observer.disconnect();                    }                });            });            observer.observe( document.body, {                attributes: true,                childList: false,                subtree: true,                attributeFilter: [ 'style', 'class' ],            });        } else {            triggerPostRender();        }    } );} ); \n\/* ]]> *\/\n<\/script>\n[\/vc_column][\/vc_row]<\/p>\n<\/div>","protected":false},"excerpt":{"rendered":"<p>[vc_row row_type=\u00a0\u00bbpage-hero\u00a0\u00bb hero_size=\u00a0\u00bbmedium\u00a0\u00bb][vc_column][\/vc_column][\/vc_row][vc_row row_padding_top=\u00a0\u00bbpt-3&Prime; row_padding_bottom=\u00a0\u00bbpb-1&Prime;][vc_column][vc_column_text css=\u00a0\u00bb\u00a0\u00bb]Con\u00e7ue pour les infirmiers en oncologie et les professionnels [&hellip;]<\/p>\n","protected":false},"author":16,"featured_media":0,"parent":0,"menu_order":0,"comment_status":"closed","ping_status":"closed","template":"","meta":{"_acf_changed":false,"inline_featured_image":false,"footnotes":""},"class_list":["post-246636","page","type-page","status-publish","hentry"],"acf":[],"publishpress_future_action":{"enabled":false,"date":"2026-05-10 10:23:56","action":"change-status","newStatus":"draft","terms":[],"taxonomy":"translation_priority","extraData":[]},"publishpress_future_workflow_manual_trigger":{"enabledWorkflows":[]},"_links":{"self":[{"href":"https:\/\/halyardhealth.eu\/fr\/wp-json\/wp\/v2\/pages\/246636","targetHints":{"allow":["GET"]}}],"collection":[{"href":"https:\/\/halyardhealth.eu\/fr\/wp-json\/wp\/v2\/pages"}],"about":[{"href":"https:\/\/halyardhealth.eu\/fr\/wp-json\/wp\/v2\/types\/page"}],"author":[{"embeddable":true,"href":"https:\/\/halyardhealth.eu\/fr\/wp-json\/wp\/v2\/users\/16"}],"replies":[{"embeddable":true,"href":"https:\/\/halyardhealth.eu\/fr\/wp-json\/wp\/v2\/comments?post=246636"}],"version-history":[{"count":0,"href":"https:\/\/halyardhealth.eu\/fr\/wp-json\/wp\/v2\/pages\/246636\/revisions"}],"wp:attachment":[{"href":"https:\/\/halyardhealth.eu\/fr\/wp-json\/wp\/v2\/media?parent=246636"}],"curies":[{"name":"wp","href":"https:\/\/api.w.org\/{rel}","templated":true}]}}