{"id":232741,"date":"2020-06-10T21:12:52","date_gmt":"2020-06-10T19:12:52","guid":{"rendered":"https:\/\/halyarduk.wpengine.com\/innovatieve-oplossingen-voor-de-gezondheidszorg\/"},"modified":"2026-04-15T08:16:53","modified_gmt":"2026-04-15T06:16:53","slug":"innovatieve-oplossingen-voor-de-gezondheidszorg","status":"publish","type":"page","link":"https:\/\/halyardhealth.eu\/nl\/","title":{"rendered":"Innovatieve oplossingen voor de gezondheidszorg"},"content":{"rendered":"<div class=\"wpb-content-wrapper\"><p>[vc_row row_type=&#8221;page-hero&#8221; full_width=&#8221;stretch_row&#8221; content_placement=&#8221;middle&#8221; bg_blur=&#8221;true&#8221; css=&#8221;.vc_custom_1760017789861{background-image: url(https:\/\/halyardhealth.eu\/wp-content\/uploads\/Hero-Image-Knowledge-Experience-copy-scaled.jpg?id=232786) !important;}&#8221;][vc_column][vc_single_image image=&#8221;240102&#8243; img_size=&#8221;full&#8221; alignment=&#8221;center&#8221; css=&#8221;&#8221;][\/vc_column][\/vc_row][vc_row full_width=&#8221;stretch_row&#8221;][vc_column][vc_column_text]    <div class=\"d-flex justify-content-between align-items-center mb-0 mb-md-3\">\n      <h2 class=\"ruled\">Oplossingen<\/h2>\n              <a class=\"d-none d-md-block btn btn-primary\" href=\"https:\/\/halyardhealth.eu\/solutions\/\">See All Solutions<\/a>\n          <\/div>\n\n\n<div class=\"solutions-slider\">\n    <div>\n\n    <div class=\"image-card lazyload\" style=\"background-image:inherit\" data-bg-image=\"url(&#039;https:\/\/halyardhealth.eu\/wp-content\/uploads\/Cleanroom.png&#039;)\">\n      <a class=\"full-link\" href=\"https:\/\/halyardhealth.eu\/nl\/gecontroleerde-omgeving\/\" aria-labelledby=\"label-6a04b81454c48\" aria-describedby=\"description-6a04b81454c48\"><\/a>\n      <div class=\"card-content\">\n        <div class=\"card-type\">\n                  <\/div>\n        <h3 class=\"card-title\" id=\"description-6a04b81454c48\">Gecontroleerde omgeving<\/h3>\n        <div class=\"card-description\">[vc_row row_type=&#8221;page-hero&#8221; row_text_color=&#8221;text-light&#8221; full_width=&#8221;stretch_row&#8221; content_placement=&#8221;middle&#8221; css=&#8221;.vc_custom_1640254713959{background-image: url(https:\/\/www.halyardhealth.com\/wp-content\/uploads\/purezero-clearnroom-gloves-hdr.jpg?id=205503) !important;}&#8221;][vc_column][vc_column_text] HALYARD* biedt een versnellervrij assortiment van1 [&hellip;]<\/div>\n      <\/div>\n      <div class=\"read-more-link\">\n        <span class=\"link-text-auto-hide\" id=\"label-6a04b81454c48\">READ MORE<\/span>&nbsp;<i class=\"fas fa-arrow-right\" aria-hidden=\"true\"><\/i>\n      <\/div>\n\n    <\/div>\n  <\/div>\n    <div>\n\n    <div class=\"image-card lazyload\" style=\"background-image:inherit\" data-bg-image=\"url(&#039;https:\/\/halyardhealth.eu\/wp-content\/uploads\/PPE-Preparedness-hero-image.png&#039;)\">\n      <a class=\"full-link\" href=\"https:\/\/halyardhealth.eu\/nl\/pandemische-paraatheid\/\" aria-labelledby=\"label-6a04b81455dc0\" aria-describedby=\"description-6a04b81455dc0\"><\/a>\n      <div class=\"card-content\">\n        <div class=\"card-type\">\n                  <\/div>\n        <h3 class=\"card-title\" id=\"description-6a04b81455dc0\">Pandemische paraatheid<\/h3>\n        <div class=\"card-description\">De COVID-19-pandemie zal niet de laatste uitbraak zijn waarmee uw ziekenhuis te maken krijgt. Halyard heeft pandemische benodigdheden klaarliggen van...<\/div>\n      <\/div>\n      <div class=\"read-more-link\">\n        <span class=\"link-text-auto-hide\" id=\"label-6a04b81455dc0\">READ MORE<\/span>&nbsp;<i class=\"fas fa-arrow-right\" aria-hidden=\"true\"><\/i>\n      <\/div>\n\n    <\/div>\n  <\/div>\n    <div>\n\n    <div class=\"image-card lazyload\" style=\"background-image:inherit\" data-bg-image=\"url(&#039;https:\/\/halyardhealth.eu\/wp-content\/uploads\/2020\/08\/OR-Delay-1-1024x614.jpg&#039;)\">\n      <a class=\"full-link\" href=\"https:\/\/halyardhealth.eu\/nl\/efficientie-in-de-operatiekamer\/\" aria-labelledby=\"label-6a04b814562d5\" aria-describedby=\"description-6a04b814562d5\"><\/a>\n      <div class=\"card-content\">\n        <div class=\"card-type\">\n                  <\/div>\n        <h3 class=\"card-title\" id=\"description-6a04b814562d5\">Effici\u00ebntie van de operatiekamer<\/h3>\n        <div class=\"card-description\">In het huidige Value-based Reimbursement-model is het begrijpen en verminderen van \"kostenlekken\" in uw OK een goed renderende plek om...<\/div>\n      <\/div>\n      <div class=\"read-more-link\">\n        <span class=\"link-text-auto-hide\" id=\"label-6a04b814562d5\">READ MORE<\/span>&nbsp;<i class=\"fas fa-arrow-right\" aria-hidden=\"true\"><\/i>\n      <\/div>\n\n    <\/div>\n  <\/div>\n    <div>\n\n    <div class=\"image-card lazyload\" style=\"background-image:inherit\" data-bg-image=\"url(&#039;https:\/\/halyardhealth.eu\/wp-content\/uploads\/centrile-sterile-processing-1024x864.jpg&#039;)\">\n      <a class=\"full-link\" href=\"https:\/\/halyardhealth.eu\/nl\/oplossingen\/klinische-oplossingen\/centrale-steriele-verwerking\/\" aria-labelledby=\"label-6a04b814567a9\" aria-describedby=\"description-6a04b814567a9\"><\/a>\n      <div class=\"card-content\">\n        <div class=\"card-type\">\n                  <\/div>\n        <h3 class=\"card-title\" id=\"description-6a04b814567a9\">Centrale sterilisatie  afdeling<\/h3>\n        <div class=\"card-description\">Ontdek hoe de holistische benadering van Halyard, van centraal steriel tot de operatiekamer, kan helpen de kosten te verlagen, een...<\/div>\n      <\/div>\n      <div class=\"read-more-link\">\n        <span class=\"link-text-auto-hide\" id=\"label-6a04b814567a9\">READ MORE<\/span>&nbsp;<i class=\"fas fa-arrow-right\" aria-hidden=\"true\"><\/i>\n      <\/div>\n\n    <\/div>\n  <\/div>\n    <div>\n\n    <div class=\"image-card lazyload\" style=\"background-image:inherit\" data-bg-image=\"url(&#039;https:\/\/halyardhealth.eu\/wp-content\/uploads\/55083_Long-silver-Nitrile-Xtra-Exam-Glove.psd-1024x1016.png&#039;)\">\n      <a class=\"full-link\" href=\"https:\/\/halyardhealth.eu\/nl\/oplossingen\/klinische-oplossingen\/chemotherapie-bescherming-2\/\" aria-labelledby=\"label-6a04b81456d2d\" aria-describedby=\"description-6a04b81456d2d\"><\/a>\n      <div class=\"card-content\">\n        <div class=\"card-type\">\n                  <\/div>\n        <h3 class=\"card-title\" id=\"description-6a04b81456d2d\">Chemotherapie bescherming<\/h3>\n        <div class=\"card-description\">[vc_row row_type=&#8221;page-hero&#8221; row_text_color=&#8221;text-light&#8221; hero_size=&#8221;medium&#8221; row_padding_bottom=&#8221;pb-1&#8243; full_width=&#8221;stretch_row&#8221; content_placement=&#8221;middle&#8221; video_bg=&#8221;yes&#8221; video_bg_url=&#8221;https:\/\/www.youtube.com\/watch?v=k-OK8rHCkw8&#8243;][vc_column][vc_empty_space height=&#8221;32&#8243;][vc_empty_space height=&#8221;64&#8243;][\/vc_column][\/vc_row][vc_row row_padding_top=&#8221;pt-1&#8243; row_padding_bottom=&#8221;pb-2&#8243; full_width=&#8221;stretch_row_content&#8221;][vc_column][vc_empty_space [&hellip;]<\/div>\n      <\/div>\n      <div class=\"read-more-link\">\n        <span class=\"link-text-auto-hide\" id=\"label-6a04b81456d2d\">READ MORE<\/span>&nbsp;<i class=\"fas fa-arrow-right\" aria-hidden=\"true\"><\/i>\n      <\/div>\n\n    <\/div>\n  <\/div>\n  <\/div>\n  <a class=\"d-block d-md-none my-3 btn btn-primary\" href=\"https:\/\/halyardhealth.eu\/solutions\/\">See All Solutions<\/a>\n\n[\/vc_column_text][\/vc_column][\/vc_row][vc_row full_width=&#8221;stretch_row&#8221; css=&#8221;.vc_custom_1596642230822{background-image: url(https:\/\/www.halyardhealth.eu\/wp-content\/uploads\/2020\/07\/blur-bg.jpg?id=260) !important;}&#8221;][vc_column]<div class='text-center'><h2 class='  ruled-after    ' style='max-width: 100%; display:inline-block;' >Totale Waarde<\/h2><\/div><div class='text-center'><p class='text-navyblue mb-3   lead  ' style='max-width: 66%; display:inline-block;' >Wij streven ernaar de strategische partner te zijn die u helpt zorg te verlenen om een betere, gezondere toekomst voor onze wereld op te bouwen. Wij zijn gericht op en speciaal gebouwd om u te helpen de complexiteit van de gezondheidszorg van vandaag het hoofd te bieden.<\/p><\/div>[vc_row_inner equal_height=&#8221;yes&#8221;][vc_column_inner width=&#8221;1\/3&#8243;]<div class=\"icon-card card-vertical card-max-height linked\" style=\"position:relative;\">\n    <a class=\"full-link\" href=\"https:\/\/www.halyardhealth.eu\/halyard-total-value\/reliability\/\" target=\"\"><span class=\"sr-only\">Betrouwbaarheid<\/span><\/a>\n    <div class=\"icon-container shield\" style=\"background-image: url('')\"><\/div>\n  <h3 class=\"card-title\">Betrouwbaarheid<\/h3>\n  <div class=\"card-description\">Verstoringen van de toeleveringsketen en productstoringen kunnen een re\u00eble bedreiging vormen voor de gezondheid van uw organisatie. Wanneer uw toeleveringsketen onbetrouwbaar is of u slechte productprestaties ervaart, zijn er meetbare kosten - zowel menselijk als financieel.<\/div>\n<\/div>\n[\/vc_column_inner][vc_column_inner width=&#8221;1\/3&#8243;]<div class=\"icon-card card-vertical card-max-height linked\" style=\"position:relative;\">\n    <a class=\"full-link\" href=\"https:\/\/www.halyardhealth.eu\/halyard-total-value\/standardization\/\" target=\"\"><span class=\"sr-only\">Standaardisatie<\/span><\/a>\n    <div class=\"icon-container clipboard\" style=\"background-image: url('')\"><\/div>\n  <h3 class=\"card-title\">Standaardisatie<\/h3>\n  <div class=\"card-description\">Meer dan ooit worden zorginstellingen geconfronteerd met een toenemende druk om te vereenvoudigen, te standaardiseren en effici\u00ebnter te werken teneinde de algemene financi\u00eble gezondheid van het ziekenhuissysteem te verbeteren.<\/div>\n<\/div>\n[\/vc_column_inner][vc_column_inner width=&#8221;1\/3&#8243;]<div class=\"icon-card card-vertical card-max-height linked\" style=\"position:relative;\">\n    <a class=\"full-link\" href=\"https:\/\/www.halyardhealth.eu\/halyard-total-value\/knowledge-and-expertise\/\" target=\"\"><span class=\"sr-only\">Kennis &amp; Expertise<\/span><\/a>\n    <div class=\"icon-container graduation-cap\" style=\"background-image: url('')\"><\/div>\n  <h3 class=\"card-title\">Kennis &amp; Expertise<\/h3>\n  <div class=\"card-description\">Wij zijn voortdurend bezig te leren en onze collectieve kennisbasis uit te breiden. Als we die kennis en expertise delen met onze klanten, leren en groeien we allemaal.<\/div>\n<\/div>\n[\/vc_column_inner][\/vc_row_inner][\/vc_column][\/vc_row][vc_row row_type=&#8221;bg-solid&#8221; row_bg_color=&#8221;bg-lightgray&#8221; full_width=&#8221;stretch_row&#8221; el_class=&#8221;full-width&#8221;][vc_column]<div class='text-center'><h2 class='     ruled ' style='max-width: 100%; display:inline-block;' >Aanbevolen producten<\/h2><\/div>[vc_row_inner gap=&#8221;1&#8243;][vc_column_inner width=&#8221;1\/4&#8243;]<div class=\"product-card\">\n  <a class=\"full-link\"  href='https:\/\/halyardhealth.eu\/nl\/products\/stof-filter-respirator\/' target='_blank' aria-labelledby=\"label-6a04b81457cb7\" aria-describedby=\"description-6a04b81457cb7\"><span class=\"sr-only\" id=\"description-6a04b81457cb7\">FFP2 Ademhalingsmaskers<\/span><\/a>\n  <div class=\"card-img lazyload\" style=\"background-image:inherit;\" data-bg-image=\"url(https:\/\/halyardhealth.eu\/wp-content\/uploads\/Respirator-pic-1.png)\">\n    <span class=\"sr-only\" role=\"img\" aria-label=\"FFP2 Ademhalingsmaskers thumbnail\"> <\/span>\n\n  <\/div>\n  <div class=\"card-content\">\n    <h3 class=\"card-title\">FFP2 Ademhalingsmaskers<\/h3>\n    <div class=\"card-description\">\n      HALYARD* FFP2 ademhalingsmaskers zijn ontworpen om een effectieve gezichtsmasker te bieden, zoals vereist voor een goede ademhalingsbescherming tegen ziekteverwekkers in de lucht.    <\/div>\n  <\/div>\n  <div class=\"read-more-link text-uppercase\">\n    <span class=\"auto-hide-text\" id=\"label-6a04b81457cb7\">Meer<\/span><i class=\"fas fa-arrow-right\" aria-hidden=\"true\"><\/i>\n  <\/div>\n<\/div>\n[\/vc_column_inner][vc_column_inner width=&#8221;1\/4&#8243;]<div class=\"product-card\">\n  <a class=\"full-link\"  href='https:\/\/halyardhealth.eu\/nl\/products\/smart-fold-sterilisatie-wikkel\/' target='_blank' aria-labelledby=\"label-6a04b81457e2a\" aria-describedby=\"description-6a04b81457e2a\"><span class=\"sr-only\" id=\"description-6a04b81457e2a\">SMART-FOLD<\/span><\/a>\n  <div class=\"card-img lazyload\" style=\"background-image:inherit;\" data-bg-image=\"url(https:\/\/halyardhealth.eu\/wp-content\/uploads\/SMART-FOLD-Sterilisation-Packaging-scaled.png)\">\n    <span class=\"sr-only\" role=\"img\" aria-label=\"SMART-FOLD thumbnail\"> <\/span>\n\n  <\/div>\n  <div class=\"card-content\">\n    <h3 class=\"card-title\">SMART-FOLD<\/h3>\n    <div class=\"card-description\">\n      SMART-FOLD* high performance Sterilisatieverpakkingsmateriaal is 3 keer scheurbestendiger met versterkte zones rond hoeken en randen.    <\/div>\n  <\/div>\n  <div class=\"read-more-link text-uppercase\">\n    <span class=\"auto-hide-text\" id=\"label-6a04b81457e2a\">Meer<\/span><i class=\"fas fa-arrow-right\" aria-hidden=\"true\"><\/i>\n  <\/div>\n<\/div>\n[\/vc_column_inner][vc_column_inner width=&#8221;1\/4&#8243;]<div class=\"product-card\">\n  <a class=\"full-link\"  href='https:\/\/halyardhealth.eu\/nl\/products\/halyard-trays-op-maat\/' target='_blank' aria-labelledby=\"label-6a04b81457fae\" aria-describedby=\"description-6a04b81457fae\"><span class=\"sr-only\" id=\"description-6a04b81457fae\">AERO CHROME* Ademende OK jassen<\/span><\/a>\n  <div class=\"card-img lazyload\" style=\"background-image:inherit;\" data-bg-image=\"url(https:\/\/halyardhealth.eu\/wp-content\/uploads\/AERO-CHROME-Select-Sell-Sheet-1-pdf-1-1.png)\">\n    <span class=\"sr-only\" role=\"img\" aria-label=\"AERO CHROME* Ademende OK jassen thumbnail\"> <\/span>\n\n  <\/div>\n  <div class=\"card-content\">\n    <h3 class=\"card-title\">AERO CHROME* Ademende OK jassen<\/h3>\n    <div class=\"card-description\">\n      Combineer ongekend comfort, zachtheid en ademend vermogen met maximale bescherming tegen vloeistoffen en ziekteverwekkers.    <\/div>\n  <\/div>\n  <div class=\"read-more-link text-uppercase\">\n    <span class=\"auto-hide-text\" id=\"label-6a04b81457fae\">Meer<\/span><i class=\"fas fa-arrow-right\" aria-hidden=\"true\"><\/i>\n  <\/div>\n<\/div>\n[\/vc_column_inner][vc_column_inner width=&#8221;1\/4&#8243;]<div class=\"product-card\">\n  <a class=\"full-link\"  href='https:\/\/halyardhealth.eu\/nl\/nitrile-medische-onderzoekshandschoenen\/' target='' aria-labelledby=\"label-6a04b81458150\" aria-describedby=\"description-6a04b81458150\"><span class=\"sr-only\" id=\"description-6a04b81458150\">HALYARD* PURPLE NITRILE* Onderzoekshandschoenen<\/span><\/a>\n  <div class=\"card-img lazyload\" style=\"background-image:inherit;\" data-bg-image=\"url(https:\/\/halyardhealth.eu\/wp-content\/uploads\/Purple-nitrile.png)\">\n    <span class=\"sr-only\" role=\"img\" aria-label=\"HALYARD* PURPLE NITRILE* Onderzoekshandschoenen thumbnail\"> <\/span>\n\n  <\/div>\n  <div class=\"card-content\">\n    <h3 class=\"card-title\">HALYARD* PURPLE NITRILE* Onderzoekshandschoenen<\/h3>\n    <div class=\"card-description\">\n      Uitstekende keuze voor zorgverleners, EMS en ER-personeel die bewezen barri\u00e8rebescherming nodig hebben tegen bacteri\u00ebn, door bloed overgedragen virussen en chemicali\u00ebn tijdens procedures waarbij het risico op blootstelling aan vloeistoffen matig tot hoog is.    <\/div>\n  <\/div>\n  <div class=\"read-more-link text-uppercase\">\n    <span class=\"auto-hide-text\" id=\"label-6a04b81458150\">Meer<\/span><i class=\"fas fa-arrow-right\" aria-hidden=\"true\"><\/i>\n  <\/div>\n<\/div>\n[\/vc_column_inner][\/vc_row_inner][\/vc_column][\/vc_row]<\/p>\n<\/div>","protected":false},"excerpt":{"rendered":"<p>[vc_row row_type=&#8221;page-hero&#8221; full_width=&#8221;stretch_row&#8221; content_placement=&#8221;middle&#8221; bg_blur=&#8221;true&#8221; css=&#8221;.vc_custom_1760017789861{background-image: url(https:\/\/halyardhealth.eu\/wp-content\/uploads\/Hero-Image-Knowledge-Experience-copy-scaled.jpg?id=232786) !important;}&#8221;][vc_column][vc_single_image image=&#8221;240102&#8243; img_size=&#8221;full&#8221; alignment=&#8221;center&#8221; css=&#8221;&#8221;][\/vc_column][\/vc_row][vc_row full_width=&#8221;stretch_row&#8221;][vc_column][vc_column_text][\/vc_column_text][\/vc_column][\/vc_row][vc_row full_width=&#8221;stretch_row&#8221; [&hellip;]<\/p>\n","protected":false},"author":2,"featured_media":232786,"parent":0,"menu_order":73,"comment_status":"closed","ping_status":"closed","template":"","meta":{"_acf_changed":false,"inline_featured_image":false,"footnotes":""},"class_list":["post-232741","page","type-page","status-publish","has-post-thumbnail","hentry"],"acf":[],"publishpress_future_action":{"enabled":false,"date":"2026-05-20 19:42:44","action":"change-status","newStatus":"draft","terms":[],"taxonomy":"translation_priority","extraData":[]},"publishpress_future_workflow_manual_trigger":{"enabledWorkflows":[]},"_links":{"self":[{"href":"https:\/\/halyardhealth.eu\/nl\/wp-json\/wp\/v2\/pages\/232741","targetHints":{"allow":["GET"]}}],"collection":[{"href":"https:\/\/halyardhealth.eu\/nl\/wp-json\/wp\/v2\/pages"}],"about":[{"href":"https:\/\/halyardhealth.eu\/nl\/wp-json\/wp\/v2\/types\/page"}],"author":[{"embeddable":true,"href":"https:\/\/halyardhealth.eu\/nl\/wp-json\/wp\/v2\/users\/2"}],"replies":[{"embeddable":true,"href":"https:\/\/halyardhealth.eu\/nl\/wp-json\/wp\/v2\/comments?post=232741"}],"version-history":[{"count":0,"href":"https:\/\/halyardhealth.eu\/nl\/wp-json\/wp\/v2\/pages\/232741\/revisions"}],"wp:featuredmedia":[{"embeddable":true,"href":"https:\/\/halyardhealth.eu\/nl\/wp-json\/wp\/v2\/media\/232786"}],"wp:attachment":[{"href":"https:\/\/halyardhealth.eu\/nl\/wp-json\/wp\/v2\/media?parent=232741"}],"curies":[{"name":"wp","href":"https:\/\/api.w.org\/{rel}","templated":true}]}}